{"id":6081,"date":"2022-09-07T12:02:43","date_gmt":"2022-09-07T10:02:43","guid":{"rendered":"https:\/\/occhio-instruments.com\/?page_id=6081"},"modified":"2023-01-27T10:24:16","modified_gmt":"2023-01-27T09:24:16","slug":"analyse-image","status":"publish","type":"page","link":"https:\/\/occhio-instruments.com\/fr\/analyse-granulometrique\/analyse-image\/","title":{"rendered":"Analyse d&rsquo;image"},"content":{"rendered":"<p>[et_pb_section fb_built=\u00a0\u00bb1&Prime; module_id=\u00a0\u00bbbanner\u00a0\u00bb _builder_version=\u00a0\u00bb4.15&Prime; background_image=\u00a0\u00bbhttps:\/\/occhio-instruments.com\/wp-content\/uploads\/2020\/04\/banner-bg.png\u00a0\u00bb global_colors_info=\u00a0\u00bb{}\u00a0\u00bb][et_pb_row _builder_version=\u00a0\u00bb4.15&Prime; background_size=\u00a0\u00bbinitial\u00a0\u00bb background_position=\u00a0\u00bbtop_left\u00a0\u00bb background_repeat=\u00a0\u00bbrepeat\u00a0\u00bb global_colors_info=\u00a0\u00bb{}\u00a0\u00bb][et_pb_column type=\u00a0\u00bb4_4&Prime; _builder_version=\u00a0\u00bb4.15&Prime; custom_padding=\u00a0\u00bb|||\u00a0\u00bb global_colors_info=\u00a0\u00bb{}\u00a0\u00bb custom_padding__hover=\u00a0\u00bb|||\u00a0\u00bb][et_pb_text _builder_version=\u00a0\u00bb4.15.1&Prime; global_colors_info=\u00a0\u00bb{}\u00a0\u00bb]<\/p>\n<p style=\"text-align: center;\">Analyse d&rsquo;image<\/p>\n<p>[\/et_pb_text][\/et_pb_column][\/et_pb_row][\/et_pb_section][et_pb_section fb_built=\u00a0\u00bb1&Prime; _builder_version=\u00a0\u00bb4.15&Prime; global_colors_info=\u00a0\u00bb{}\u00a0\u00bb][et_pb_row column_structure=\u00a0\u00bb2_3,1_3&Prime; _builder_version=\u00a0\u00bb4.15&Prime; global_colors_info=\u00a0\u00bb{}\u00a0\u00bb][et_pb_column type=\u00a0\u00bb2_3&Prime; _builder_version=\u00a0\u00bb4.15&Prime; global_colors_info=\u00a0\u00bb{}\u00a0\u00bb][et_pb_text _builder_version=\u00a0\u00bb4.15.1&Prime; global_colors_info=\u00a0\u00bb{}\u00a0\u00bb]<\/p>\n<h1 style=\"text-align: left;\">Analyse d&rsquo;image<br \/><strong>L&rsquo;analyse granulom\u00e9trique par analyse d&rsquo;image<\/strong><\/h1>\n<p>L&rsquo;<a href=\"https:\/\/occhio-instruments.com\/fr\/analyse-granulometrique\/\"><strong>analyse granulom\u00e9trique<\/strong><\/a> permet de mesurer la <strong>taille<\/strong> et la <strong>forme<\/strong> de <strong>particules<\/strong> gr\u00e2ce \u00e0 diff\u00e9rents proc\u00e9d\u00e9s tels que la<a href=\"https:\/\/occhio-instruments.com\/fr\/granulometrie-laser\/\"><strong> diffraction laser,<\/strong><\/a> le <a href=\"https:\/\/occhio-instruments.com\/fr\/tamisage-humide\/\"><strong>tamisage<\/strong> <\/a>ainsi que l&rsquo;<a href=\"https:\/\/occhio-instruments.com\/fr\/analyse-granulometrique\/analyse-image\/\"><strong>analyse d&rsquo;image<\/strong><\/a>.<\/p>\n<p>Vous souhaitez r\u00e9aliser une analyse de <strong>taille<\/strong>, de <strong>forme<\/strong>, de <strong>couleur<\/strong> de particules de <strong>poudres<\/strong>, <strong>d&rsquo;agr\u00e9gats<\/strong>, <strong>d&rsquo;\u00e9mulsions<\/strong> ou encore de <strong>suspensions<\/strong> ? Vous \u00eates \u00e0 la recherche de l&rsquo;instrument de laboratoire qui vous permettra de r\u00e9aliser ces analyses de mani\u00e8re <strong>pr\u00e9cise<\/strong> et <strong>rapide<\/strong> ? Que ce soit en voie <strong>s\u00e8che<\/strong> ou <strong>humide<\/strong> ?<\/p>\n<p>Alors, d\u00e9couvrez les instruments de laboratoire par analyse d&rsquo;image que nous proposons chez Occhio ! Nous proposons une <strong>large gamme d&rsquo;instruments de laboratoire par analyse d&rsquo;image<\/strong> afin que chacun trouve le produit qui r\u00e9pondra \u00e0 ses besoins !<\/p>\n<p>Chez Occhio, vous trouverez des instruments de laboratoire par analyse d&rsquo;images compos\u00e9s de <strong>capteurs<\/strong> <strong>ultra haute r\u00e9solution<\/strong> pour des images de haute qualit\u00e9 et une analyse pr\u00e9cise de vos particules. Des instruments proposant <strong>diverses fonctionnalit\u00e9s<\/strong> selon vos besoins mais aussi des <strong>logiciels<\/strong>\u00a0qui permettent une analyse <strong>compl\u00e8te<\/strong> et <strong>d\u00e9taill\u00e9e<\/strong> de votre projet !<\/p>\n<h3>Faites appel \u00e0 Occhio pour en savoir plus sur nos instruments de laboratoire par analyse d&rsquo;image<\/h3>\n<p>Vous \u00eates int\u00e9ress\u00e9 par nos instruments de laboratoire par analyse d&rsquo;image ? Vous souhaitez en savoir plus sur les instruments de laboratoire, trouver celui qui correspondra parfaitement \u00e0 votre projet ? Alors, <a href=\"https:\/\/occhio-instruments.com\/fr\/contact\/\"><strong>n&rsquo;h\u00e9sitez pas \u00e0 contacter Occhio-Instruments, sp\u00e9cialiste en instruments de laboratoire par analyse d&rsquo;image<\/strong>\u00a0<\/a>!<\/p>\n<p>Vous \u00eates \u00e0 la recherche d&rsquo;un <a href=\"https:\/\/occhio-instruments.com\/fr\/instruments\/applications\/developpement-sur-mesure\/\"><strong>instrument de laboratoire sur mesure<\/strong><\/a> pour r\u00e9aliser votre projet ? Vous pouvez \u00e9galement faire appel \u00e0 Occhio ! Notre \u00e9quipe d&rsquo;ing\u00e9nieurs exp\u00e9riment\u00e9e et comp\u00e9tente vous accompagnera dans ce projet d&rsquo;envergure !<\/p>\n<p>[\/et_pb_text][et_pb_button button_url=\u00a0\u00bbhttps:\/\/occhio-instruments.com\/fr\/contact\/\u00a0\u00bb button_text=\u00a0\u00bbContactez-nous pour en savoir + sur nos instruments par analyse d&rsquo;image\u00a0\u00bb _builder_version=\u00a0\u00bb4.15.1&Prime; global_colors_info=\u00a0\u00bb{}\u00a0\u00bb][\/et_pb_button][\/et_pb_column][et_pb_column type=\u00a0\u00bb1_3&Prime; _builder_version=\u00a0\u00bb4.15&Prime; global_colors_info=\u00a0\u00bb{}\u00a0\u00bb][et_pb_blurb title=\u00a0\u00bb  500 Nano XY\u00a0\u00bb image=\u00a0\u00bbhttps:\/\/occhio-instruments.com\/wp-content\/uploads\/2020\/06\/500nano-XY-1.jpg\u00a0\u00bb alt=\u00a0\u00bb500nano XY, analyse de la taille de particules par analyse d&rsquo;image\u00a0\u00bb disabled_on=\u00a0\u00bboff|off|off\u00a0\u00bb _builder_version=\u00a0\u00bb4.15.1&Prime; header_text_align=\u00a0\u00bbcenter\u00a0\u00bb text_orientation=\u00a0\u00bbcenter\u00a0\u00bb link_option_url=\u00a0\u00bbhttps:\/\/occhio-instruments.com\/fr\/instruments\/nos-produits\/dispersion-voie-seche\/500-nano-xy\/\u00a0\u00bb hover_enabled=\u00a0\u00bb0&Prime; global_colors_info=\u00a0\u00bb{}\u00a0\u00bb sticky_enabled=\u00a0\u00bb0&Prime;][\/et_pb_blurb][et_pb_blurb title=\u00a0\u00bb500 Nano\u00a0\u00bb image=\u00a0\u00bbhttps:\/\/occhio-instruments.com\/wp-content\/uploads\/2020\/06\/500nano-1.jpg\u00a0\u00bb alt=\u00a0\u00bb500nano &#8211; Analyse de la taille et de la forme de particules par analyse d&rsquo;image\u00a0\u00bb disabled_on=\u00a0\u00bboff|off|off\u00a0\u00bb _builder_version=\u00a0\u00bb4.15.1&Prime; header_text_align=\u00a0\u00bbcenter\u00a0\u00bb text_orientation=\u00a0\u00bbcenter\u00a0\u00bb link_option_url=\u00a0\u00bbhttps:\/\/occhio-instruments.com\/fr\/instruments\/nos-produits\/dispersion-voie-seche\/500-nano\/\u00a0\u00bb hover_enabled=\u00a0\u00bb0&Prime; global_colors_info=\u00a0\u00bb{}\u00a0\u00bb sticky_enabled=\u00a0\u00bb0&Prime;][\/et_pb_blurb][et_pb_blurb title=\u00a0\u00bbFC200TC\u00a0\u00bb image=\u00a0\u00bbhttps:\/\/occhio-instruments.com\/wp-content\/uploads\/2020\/06\/fc200tc.png\u00a0\u00bb alt=\u00a0\u00bbFC200TC &#8211; Comptage de particules\u00a0\u00bb disabled_on=\u00a0\u00bbon|on|on\u00a0\u00bb _builder_version=\u00a0\u00bb4.15&Prime; header_text_align=\u00a0\u00bbcenter\u00a0\u00bb link_option_url=\u00a0\u00bb\/fr\/instruments\/nos-produits\/dispersion-voie-liquide\/fc200tc\/\u00a0\u00bb disabled=\u00a0\u00bbon\u00a0\u00bb global_colors_info=\u00a0\u00bb{}\u00a0\u00bb][\/et_pb_blurb][\/et_pb_column][\/et_pb_row][\/et_pb_section][et_pb_section fb_built=\u00a0\u00bb1&Prime; _builder_version=\u00a0\u00bb4.15&Prime; saved_tabs=\u00a0\u00bball\u00a0\u00bb global_colors_info=\u00a0\u00bb{}\u00a0\u00bb][et_pb_row _builder_version=\u00a0\u00bb4.15&Prime; custom_padding=\u00a0\u00bb||0px||false|false\u00a0\u00bb global_colors_info=\u00a0\u00bb{}\u00a0\u00bb][et_pb_column type=\u00a0\u00bb4_4&Prime; _builder_version=\u00a0\u00bb4.15&Prime; global_colors_info=\u00a0\u00bb{}\u00a0\u00bb][et_pb_text _builder_version=\u00a0\u00bb4.15&Prime; global_colors_info=\u00a0\u00bb{}\u00a0\u00bb]<\/p>\n<h2 style=\"text-align: center;\">Diverses applications<br \/><strong>Avec Occhio, vous pouvez mesurer<\/strong><\/h2>\n<p>[\/et_pb_text][\/et_pb_column][\/et_pb_row][et_pb_row module_id=\u00a0\u00bbhomeParts\u00a0\u00bb _builder_version=\u00a0\u00bb4.15&Prime; global_colors_info=\u00a0\u00bb{}\u00a0\u00bb][et_pb_column type=\u00a0\u00bb4_4&Prime; _builder_version=\u00a0\u00bb4.15&Prime; global_colors_info=\u00a0\u00bb{}\u00a0\u00bb][et_pb_image src=\u00a0\u00bbhttps:\/\/occhio-instruments.com\/wp-content\/uploads\/2020\/04\/Particle-3D.jpg\u00a0\u00bb alt=\u00a0\u00bbParticules 3D\u00a0\u00bb title_text=\u00a0\u00bbParticules 3D\u00a0\u00bb _builder_version=\u00a0\u00bb4.15&Prime; global_colors_info=\u00a0\u00bb{}\u00a0\u00bb][\/et_pb_image][et_pb_image src=\u00a0\u00bbhttps:\/\/occhio-instruments.com\/wp-content\/uploads\/2020\/04\/Particle-Size.jpg\u00a0\u00bb alt=\u00a0\u00bbTaille de particules\u00a0\u00bb title_text=\u00a0\u00bbTaille de particules\u00a0\u00bb _builder_version=\u00a0\u00bb4.15&Prime; global_colors_info=\u00a0\u00bb{}\u00a0\u00bb][\/et_pb_image][et_pb_image src=\u00a0\u00bbhttps:\/\/occhio-instruments.com\/wp-content\/uploads\/2020\/04\/Liquid-Dispersion.jpg\u00a0\u00bb alt=\u00a0\u00bbDispersion liquide\u00a0\u00bb title_text=\u00a0\u00bbDispersion liquide\u00a0\u00bb _builder_version=\u00a0\u00bb4.15&Prime; global_colors_info=\u00a0\u00bb{}\u00a0\u00bb][\/et_pb_image][et_pb_image src=\u00a0\u00bbhttps:\/\/occhio-instruments.com\/wp-content\/uploads\/2020\/04\/Dry-Dispersion.jpg\u00a0\u00bb alt=\u00a0\u00bbDispersion s\u00e8che\u00a0\u00bb title_text=\u00a0\u00bbDispersion s\u00e8che\u00a0\u00bb _builder_version=\u00a0\u00bb4.15&Prime; global_colors_info=\u00a0\u00bb{}\u00a0\u00bb][\/et_pb_image][et_pb_image src=\u00a0\u00bbhttps:\/\/occhio-instruments.com\/wp-content\/uploads\/2020\/04\/Particle-Shape.jpg\u00a0\u00bb alt=\u00a0\u00bbForme de particules\u00a0\u00bb title_text=\u00a0\u00bbForme de particules\u00a0\u00bb _builder_version=\u00a0\u00bb4.15&Prime; global_colors_info=\u00a0\u00bb{}\u00a0\u00bb][\/et_pb_image][et_pb_image src=\u00a0\u00bbhttps:\/\/occhio-instruments.com\/wp-content\/uploads\/2020\/04\/Particle-counting.jpg\u00a0\u00bb alt=\u00a0\u00bbComptage de particules\u00a0\u00bb title_text=\u00a0\u00bbComptage de particules\u00a0\u00bb _builder_version=\u00a0\u00bb4.15&Prime; global_colors_info=\u00a0\u00bb{}\u00a0\u00bb][\/et_pb_image][et_pb_image src=\u00a0\u00bbhttps:\/\/occhio-instruments.com\/wp-content\/uploads\/2020\/04\/Particle-Color.jpg\u00a0\u00bb alt=\u00a0\u00bbCouleur de particules\u00a0\u00bb title_text=\u00a0\u00bbCouleur de particules\u00a0\u00bb _builder_version=\u00a0\u00bb4.15&Prime; global_colors_info=\u00a0\u00bb{}\u00a0\u00bb][\/et_pb_image][\/et_pb_column][\/et_pb_row][\/et_pb_section][et_pb_section fb_built=\u00a0\u00bb1&Prime; module_id=\u00a0\u00bbcta-bottom\u00a0\u00bb _builder_version=\u00a0\u00bb4.4.3&Prime; background_color=\u00a0\u00bb#51595D\u00a0\u00bb custom_padding=\u00a0\u00bb30px||30px||false|false\u00a0\u00bb global_module=\u00a0\u00bb89&Prime; saved_tabs=\u00a0\u00bball\u00a0\u00bb global_colors_info=\u00a0\u00bb{}\u00a0\u00bb][et_pb_row column_structure=\u00a0\u00bb2_3,1_3&Prime; _builder_version=\u00a0\u00bb4.15&Prime; global_colors_info=\u00a0\u00bb{}\u00a0\u00bb][et_pb_column type=\u00a0\u00bb2_3&Prime; _builder_version=\u00a0\u00bb4.15&Prime; global_colors_info=\u00a0\u00bb{}\u00a0\u00bb][et_pb_text _builder_version=\u00a0\u00bb4.15&Prime; text_text_color=\u00a0\u00bb#ffffff\u00a0\u00bb header_text_color=\u00a0\u00bb#ffffff\u00a0\u00bb global_colors_info=\u00a0\u00bb{}\u00a0\u00bb]<\/p>\n<h2>Vous souhaitez recevoir plus d&rsquo;infos ?<br \/><strong>Contactez-nous !<\/strong><\/h2>\n<p>[\/et_pb_text][\/et_pb_column][et_pb_column type=\u00a0\u00bb1_3&Prime; _builder_version=\u00a0\u00bb4.15&Prime; global_colors_info=\u00a0\u00bb{}\u00a0\u00bb][et_pb_button button_url=\u00a0\u00bb\/fr\/contact\/\u00a0\u00bb button_text=\u00a0\u00bbContactez-nous !\u00a0\u00bb _builder_version=\u00a0\u00bb4.4.3&Prime; global_colors_info=\u00a0\u00bb{}\u00a0\u00bb][\/et_pb_button][\/et_pb_column][\/et_pb_row][\/et_pb_section]<\/p>\n","protected":false},"excerpt":{"rendered":"<p>Analyse d&rsquo;imageAnalyse d&rsquo;imageL&rsquo;analyse granulom\u00e9trique par analyse d&rsquo;image L&rsquo;analyse granulom\u00e9trique permet de mesurer la taille et la forme de particules gr\u00e2ce \u00e0 diff\u00e9rents proc\u00e9d\u00e9s tels que la diffraction laser, le tamisage ainsi que l&rsquo;analyse d&rsquo;image. Vous souhaitez r\u00e9aliser une analyse de taille, de forme, de couleur de particules de poudres, d&rsquo;agr\u00e9gats, d&rsquo;\u00e9mulsions ou encore de suspensions [&hellip;]<\/p>\n","protected":false},"author":1,"featured_media":0,"parent":4033,"menu_order":0,"comment_status":"closed","ping_status":"closed","template":"","meta":{"_et_pb_use_builder":"on","_et_pb_old_content":"","_et_gb_content_width":"","footnotes":""},"yoast_head":"<!-- This site is optimized with the Yoast SEO plugin v22.9 - https:\/\/yoast.com\/wordpress\/plugins\/seo\/ -->\n<title>Analyse d&#039;image - Occhio, instruments de labo par analyse d&#039;image<\/title>\n<meta name=\"description\" content=\"Analyse d&#039;image : d\u00e9couvrez nos nombreux instruments de laboratoire pour l&#039;analyse granulom\u00e9trique par analyse d&#039;image chez Occhio !\" \/>\n<meta name=\"robots\" content=\"index, follow, max-snippet:-1, max-image-preview:large, max-video-preview:-1\" \/>\n<link rel=\"canonical\" href=\"https:\/\/occhio-instruments.com\/fr\/analyse-granulometrique\/analyse-image\/\" \/>\n<meta property=\"og:locale\" content=\"fr_FR\" \/>\n<meta property=\"og:type\" content=\"article\" \/>\n<meta property=\"og:title\" content=\"Analyse d&#039;image - Occhio, instruments de labo par analyse d&#039;image\" \/>\n<meta property=\"og:description\" content=\"Analyse d&#039;image : d\u00e9couvrez nos nombreux instruments de laboratoire pour l&#039;analyse granulom\u00e9trique par analyse d&#039;image chez Occhio !\" \/>\n<meta property=\"og:url\" content=\"https:\/\/occhio-instruments.com\/fr\/analyse-granulometrique\/analyse-image\/\" \/>\n<meta property=\"og:site_name\" content=\"Occhio\" \/>\n<meta property=\"article:modified_time\" content=\"2023-01-27T09:24:16+00:00\" \/>\n<meta property=\"og:image\" content=\"https:\/\/occhio-instruments.com\/wp-content\/uploads\/2021\/12\/occhio-instruments.jpg\" \/>\n\t<meta property=\"og:image:width\" content=\"1200\" \/>\n\t<meta property=\"og:image:height\" content=\"630\" \/>\n\t<meta property=\"og:image:type\" content=\"image\/jpeg\" \/>\n<meta name=\"twitter:card\" content=\"summary_large_image\" \/>\n<meta name=\"twitter:label1\" content=\"Dur\u00e9e de lecture estim\u00e9e\" \/>\n\t<meta name=\"twitter:data1\" content=\"3 minutes\" \/>\n<script type=\"application\/ld+json\" class=\"yoast-schema-graph\">{\"@context\":\"https:\/\/schema.org\",\"@graph\":[{\"@type\":\"WebPage\",\"@id\":\"https:\/\/occhio-instruments.com\/fr\/analyse-granulometrique\/analyse-image\/\",\"url\":\"https:\/\/occhio-instruments.com\/fr\/analyse-granulometrique\/analyse-image\/\",\"name\":\"Analyse d'image - Occhio, instruments de labo par analyse d'image\",\"isPartOf\":{\"@id\":\"https:\/\/occhio-instruments.com\/#website\"},\"datePublished\":\"2022-09-07T10:02:43+00:00\",\"dateModified\":\"2023-01-27T09:24:16+00:00\",\"description\":\"Analyse d'image : d\u00e9couvrez nos nombreux instruments de laboratoire pour l'analyse granulom\u00e9trique par analyse d'image chez Occhio !\",\"breadcrumb\":{\"@id\":\"https:\/\/occhio-instruments.com\/fr\/analyse-granulometrique\/analyse-image\/#breadcrumb\"},\"inLanguage\":\"fr-FR\",\"potentialAction\":[{\"@type\":\"ReadAction\",\"target\":[\"https:\/\/occhio-instruments.com\/fr\/analyse-granulometrique\/analyse-image\/\"]}]},{\"@type\":\"BreadcrumbList\",\"@id\":\"https:\/\/occhio-instruments.com\/fr\/analyse-granulometrique\/analyse-image\/#breadcrumb\",\"itemListElement\":[{\"@type\":\"ListItem\",\"position\":1,\"name\":\"Analyse granulom\u00e9trique\",\"item\":\"https:\/\/occhio-instruments.com\/fr\/analyse-granulometrique\/\"},{\"@type\":\"ListItem\",\"position\":2,\"name\":\"Analyse d&#8217;image\"}]},{\"@type\":\"WebSite\",\"@id\":\"https:\/\/occhio-instruments.com\/#website\",\"url\":\"https:\/\/occhio-instruments.com\/\",\"name\":\"Occhio\",\"description\":\"Un site utilisant WordPress\",\"potentialAction\":[{\"@type\":\"SearchAction\",\"target\":{\"@type\":\"EntryPoint\",\"urlTemplate\":\"https:\/\/occhio-instruments.com\/?s={search_term_string}\"},\"query-input\":\"required name=search_term_string\"}],\"inLanguage\":\"fr-FR\"}]}<\/script>\n<!-- \/ Yoast SEO plugin. -->","yoast_head_json":{"title":"Analyse d'image - Occhio, instruments de labo par analyse d'image","description":"Analyse d'image : d\u00e9couvrez nos nombreux instruments de laboratoire pour l'analyse granulom\u00e9trique par analyse d'image chez Occhio !","robots":{"index":"index","follow":"follow","max-snippet":"max-snippet:-1","max-image-preview":"max-image-preview:large","max-video-preview":"max-video-preview:-1"},"canonical":"https:\/\/occhio-instruments.com\/fr\/analyse-granulometrique\/analyse-image\/","og_locale":"fr_FR","og_type":"article","og_title":"Analyse d'image - Occhio, instruments de labo par analyse d'image","og_description":"Analyse d'image : d\u00e9couvrez nos nombreux instruments de laboratoire pour l'analyse granulom\u00e9trique par analyse d'image chez Occhio !","og_url":"https:\/\/occhio-instruments.com\/fr\/analyse-granulometrique\/analyse-image\/","og_site_name":"Occhio","article_modified_time":"2023-01-27T09:24:16+00:00","og_image":[{"width":1200,"height":630,"url":"https:\/\/occhio-instruments.com\/wp-content\/uploads\/2021\/12\/occhio-instruments.jpg","type":"image\/jpeg"}],"twitter_card":"summary_large_image","twitter_misc":{"Dur\u00e9e de lecture estim\u00e9e":"3 minutes"},"schema":{"@context":"https:\/\/schema.org","@graph":[{"@type":"WebPage","@id":"https:\/\/occhio-instruments.com\/fr\/analyse-granulometrique\/analyse-image\/","url":"https:\/\/occhio-instruments.com\/fr\/analyse-granulometrique\/analyse-image\/","name":"Analyse d'image - Occhio, instruments de labo par analyse d'image","isPartOf":{"@id":"https:\/\/occhio-instruments.com\/#website"},"datePublished":"2022-09-07T10:02:43+00:00","dateModified":"2023-01-27T09:24:16+00:00","description":"Analyse d'image : d\u00e9couvrez nos nombreux instruments de laboratoire pour l'analyse granulom\u00e9trique par analyse d'image chez Occhio !","breadcrumb":{"@id":"https:\/\/occhio-instruments.com\/fr\/analyse-granulometrique\/analyse-image\/#breadcrumb"},"inLanguage":"fr-FR","potentialAction":[{"@type":"ReadAction","target":["https:\/\/occhio-instruments.com\/fr\/analyse-granulometrique\/analyse-image\/"]}]},{"@type":"BreadcrumbList","@id":"https:\/\/occhio-instruments.com\/fr\/analyse-granulometrique\/analyse-image\/#breadcrumb","itemListElement":[{"@type":"ListItem","position":1,"name":"Analyse granulom\u00e9trique","item":"https:\/\/occhio-instruments.com\/fr\/analyse-granulometrique\/"},{"@type":"ListItem","position":2,"name":"Analyse d&#8217;image"}]},{"@type":"WebSite","@id":"https:\/\/occhio-instruments.com\/#website","url":"https:\/\/occhio-instruments.com\/","name":"Occhio","description":"Un site utilisant WordPress","potentialAction":[{"@type":"SearchAction","target":{"@type":"EntryPoint","urlTemplate":"https:\/\/occhio-instruments.com\/?s={search_term_string}"},"query-input":"required name=search_term_string"}],"inLanguage":"fr-FR"}]}},"_links":{"self":[{"href":"https:\/\/occhio-instruments.com\/fr\/wp-json\/wp\/v2\/pages\/6081"}],"collection":[{"href":"https:\/\/occhio-instruments.com\/fr\/wp-json\/wp\/v2\/pages"}],"about":[{"href":"https:\/\/occhio-instruments.com\/fr\/wp-json\/wp\/v2\/types\/page"}],"author":[{"embeddable":true,"href":"https:\/\/occhio-instruments.com\/fr\/wp-json\/wp\/v2\/users\/1"}],"replies":[{"embeddable":true,"href":"https:\/\/occhio-instruments.com\/fr\/wp-json\/wp\/v2\/comments?post=6081"}],"version-history":[{"count":15,"href":"https:\/\/occhio-instruments.com\/fr\/wp-json\/wp\/v2\/pages\/6081\/revisions"}],"predecessor-version":[{"id":9179,"href":"https:\/\/occhio-instruments.com\/fr\/wp-json\/wp\/v2\/pages\/6081\/revisions\/9179"}],"up":[{"embeddable":true,"href":"https:\/\/occhio-instruments.com\/fr\/wp-json\/wp\/v2\/pages\/4033"}],"wp:attachment":[{"href":"https:\/\/occhio-instruments.com\/fr\/wp-json\/wp\/v2\/media?parent=6081"}],"curies":[{"name":"wp","href":"https:\/\/api.w.org\/{rel}","templated":true}]}}