{"id":6060,"date":"2022-07-07T12:19:48","date_gmt":"2022-07-07T10:19:48","guid":{"rendered":"https:\/\/occhio-instruments.com\/?page_id=6060"},"modified":"2023-01-27T10:32:17","modified_gmt":"2023-01-27T09:32:17","slug":"granulometrie-de-poudres","status":"publish","type":"page","link":"https:\/\/occhio-instruments.com\/fr\/analyse-granulometrique\/granulometrie-de-poudres\/","title":{"rendered":"Granulom\u00e9trie de poudres"},"content":{"rendered":"<p>[et_pb_section fb_built=\u00a0\u00bb1&Prime; module_id=\u00a0\u00bbbanner\u00a0\u00bb _builder_version=\u00a0\u00bb4.15&Prime; background_image=\u00a0\u00bbhttps:\/\/occhio-instruments.com\/wp-content\/uploads\/2020\/04\/banner-bg.png\u00a0\u00bb global_colors_info=\u00a0\u00bb{}\u00a0\u00bb][et_pb_row _builder_version=\u00a0\u00bb4.15&Prime; background_size=\u00a0\u00bbinitial\u00a0\u00bb background_position=\u00a0\u00bbtop_left\u00a0\u00bb background_repeat=\u00a0\u00bbrepeat\u00a0\u00bb global_colors_info=\u00a0\u00bb{}\u00a0\u00bb][et_pb_column type=\u00a0\u00bb4_4&Prime; _builder_version=\u00a0\u00bb4.15&Prime; custom_padding=\u00a0\u00bb|||\u00a0\u00bb global_colors_info=\u00a0\u00bb{}\u00a0\u00bb custom_padding__hover=\u00a0\u00bb|||\u00a0\u00bb][et_pb_text _builder_version=\u00a0\u00bb4.15.1&Prime; global_colors_info=\u00a0\u00bb{}\u00a0\u00bb]<\/p>\n<p style=\"text-align: center;\">Granulom\u00e9trie de poudres<\/p>\n<p>[\/et_pb_text][\/et_pb_column][\/et_pb_row][\/et_pb_section][et_pb_section fb_built=\u00a0\u00bb1&Prime; _builder_version=\u00a0\u00bb4.15&Prime; global_colors_info=\u00a0\u00bb{}\u00a0\u00bb][et_pb_row column_structure=\u00a0\u00bb2_3,1_3&Prime; _builder_version=\u00a0\u00bb4.15&Prime; global_colors_info=\u00a0\u00bb{}\u00a0\u00bb][et_pb_column type=\u00a0\u00bb2_3&Prime; _builder_version=\u00a0\u00bb4.15&Prime; global_colors_info=\u00a0\u00bb{}\u00a0\u00bb][et_pb_text _builder_version=\u00a0\u00bb4.15.1&Prime; global_colors_info=\u00a0\u00bb{}\u00a0\u00bb]<\/p>\n<h1>Granulom\u00e9trie de poudres<\/h1>\n<h2>Comment mesurer la granulom\u00e9trie de poudres ?<\/h2>\n<p>L<a href=\"https:\/\/occhio-instruments.com\/fr\/analyse-granulometrique\/\">&lsquo;<\/a><strong>analyse granulom\u00e9trique de poudres<\/strong> consiste en l&rsquo;\u00e9tude de la <strong>taille<\/strong> et de la <strong>forme<\/strong> des <strong>poudres<\/strong>.<\/p>\n<p>Cette analyse de poudres peut \u00eatre r\u00e9alis\u00e9e par diff\u00e9rents proc\u00e9d\u00e9s comme l&rsquo;analyse par <a href=\"https:\/\/occhio-instruments.com\/fr\/granulometrie-laser\/\"><strong>diffraction laser<\/strong><\/a>, par <a title=\"tamisage\" href=\"https:\/\/occhio-instruments.com\/fr\/tamisage-humide\/\"><strong>tamisage<\/strong> <\/a>ou encore par <a href=\"https:\/\/occhio-instruments.com\/fr\/analyse-granulometrique\/analyse-image\/\"><strong>analyse d&rsquo;image<\/strong><\/a>.<\/p>\n<p>La <strong>diffraction laser<\/strong> utilise un <strong>faisceau lumineux<\/strong> pour d\u00e9terminer la taille et la forme des poudres, le <strong>tamisage<\/strong> recourt \u00e0 l&rsquo;utilisation de <strong>tamis<\/strong> de diff\u00e9rentes dimensions afin de r\u00e9aliser la caract\u00e9risation de la taille et de la forme des poudres.<\/p>\n<p>Chez Occhio, nous proposons une vaste gamme d&rsquo;instruments de laboratoire par <strong>analyse d&rsquo;image<\/strong> qui vous permettront d&rsquo;obtenir des <strong>images<\/strong> de <strong>grande<\/strong> <strong>qualit\u00e9<\/strong>, <strong>pr\u00e9cises<\/strong> et <strong>rapides<\/strong> pour la <strong>caract\u00e9risation de vos poudres<\/strong>.<\/p>\n<p>Selon vos <strong>besoins<\/strong>, selon les <strong>tailles<\/strong> des poudres analys\u00e9es et votre <strong>budget<\/strong>, vous trouverez certainement les <a href=\"https:\/\/occhio-instruments.com\/fr\/instruments\/\"><strong>instruments de <\/strong><\/a><b>laboratoire <\/b>qui r\u00e9pondront \u00e0 vos attentes !<\/p>\n<p>D\u00e9couvrez nos instruments de laboratoire pour la granulom\u00e9trie de poudres avec Occhio-Instruments !<\/p>\n<h2>Quel est le but de la granulom\u00e9trie de poudres ?<\/h2>\n<p>La granulom\u00e9trie de poudres permet ainsi d&rsquo;<strong>analyser la taille et la forme des poudres<\/strong> pour de <strong>nombreux secteurs d&rsquo;activit\u00e9<\/strong> comme le secteur de <strong>l&rsquo;agro<\/strong>&#8211;<strong>alimentaire<\/strong>, <strong>l&rsquo;environnement <\/strong>ou encore pour<strong> l&rsquo;analyse de poudres pharmaceutiques<\/strong>.<\/p>\n<p>En effet, dans de nombreux domaines, conna\u00eetre pr\u00e9cis\u00e9ment la taille et la forme des particules est une \u00e9tape essentielle au bon d\u00e9roulement de leur projet.<\/p>\n<p>D\u00e9couvrez <a href=\"https:\/\/occhio-instruments.com\/fr\/instruments\/applications\/\">quelques exemples d&rsquo;applications<\/a> que permettent nos instruments de laboratoire pour l&rsquo;analyse de poudres !<\/p>\n<h3>Contactez Occhio pour en savoir plus sur la granulom\u00e9trie de poudres !<\/h3>\n<p>Occhio-Instruments, c&rsquo;est votre <strong>sp\u00e9cialiste en d\u00e9veloppement et vente d&rsquo;instruments<\/strong> de laboratoire en Belgique mais nous sommes \u00e9galement pr\u00e9sents un partout dans le monde, de Londres \u00e0 P\u00e9kin en passant par New York !<\/p>\n<p><a href=\"https:\/\/occhio-instruments.com\/fr\/contact\/\"><strong>N&rsquo;h\u00e9sitez pas \u00e0 nous contacter pour en savoir davantage sur la granulom\u00e9trie de poudres et nos autres services<\/strong><\/a> !<\/p>\n<p>Vous avez besoin d&rsquo;un instrument de laboratoire sur mesure pour l&rsquo;un ou l&rsquo;autre de vos projets ? Alors, faites confiance \u00e0 notre \u00e9quipe d&rsquo;ing\u00e9nieurs et d\u00e9couvrez notre <a href=\"https:\/\/occhio-instruments.com\/fr\/instruments\/applications\/developpement-sur-mesure\/\"><strong>service de d\u00e9veloppement sur mesure<\/strong><\/a> !<\/p>\n<p>&nbsp;<\/p>\n<p>[\/et_pb_text][\/et_pb_column][et_pb_column type=\u00a0\u00bb1_3&Prime; _builder_version=\u00a0\u00bb4.15&Prime; global_colors_info=\u00a0\u00bb{}\u00a0\u00bb][et_pb_blurb title=\u00a0\u00bb500 NANO XY\u00a0\u00bb image=\u00a0\u00bbhttps:\/\/occhio-instruments.com\/wp-content\/uploads\/2020\/06\/500nano-XY-1.jpg\u00a0\u00bb alt=\u00a0\u00bb500nano XY &#8211; Analyse de poudres par analyse d&rsquo;image\u00a0\u00bb _builder_version=\u00a0\u00bb4.15.1&Prime; header_text_align=\u00a0\u00bbcenter\u00a0\u00bb link_option_url=\u00a0\u00bbhttps:\/\/occhio-instruments.com\/fr\/instruments\/nos-produits\/dispersion-voie-seche\/500-nano-xy\/\u00a0\u00bb hover_enabled=\u00a0\u00bb0&Prime; global_colors_info=\u00a0\u00bb{}\u00a0\u00bb sticky_enabled=\u00a0\u00bb0&Prime;][\/et_pb_blurb][et_pb_blurb title=\u00a0\u00bbMorpho 3D\u00a0\u00bb image=\u00a0\u00bbhttps:\/\/occhio-instruments.com\/wp-content\/uploads\/2020\/08\/occhio-morpho-3d.jpg\u00a0\u00bb alt=\u00a0\u00bbMorpho 3D &#8211; Mesure de la taille et de la forme des poudres\u00a0\u00bb _builder_version=\u00a0\u00bb4.15.1&Prime; header_text_align=\u00a0\u00bbcenter\u00a0\u00bb link_option_url=\u00a0\u00bbhttps:\/\/occhio-instruments.com\/fr\/instruments\/nos-produits\/dispersion-voie-seche\/morpho-3d\/\u00a0\u00bb hover_enabled=\u00a0\u00bb0&Prime; global_colors_info=\u00a0\u00bb{}\u00a0\u00bb sticky_enabled=\u00a0\u00bb0&Prime;][\/et_pb_blurb][\/et_pb_column][\/et_pb_row][\/et_pb_section][et_pb_section fb_built=\u00a0\u00bb1&Prime; _builder_version=\u00a0\u00bb4.15&Prime; saved_tabs=\u00a0\u00bball\u00a0\u00bb global_colors_info=\u00a0\u00bb{}\u00a0\u00bb][et_pb_row _builder_version=\u00a0\u00bb4.15&Prime; custom_padding=\u00a0\u00bb||0px||false|false\u00a0\u00bb global_colors_info=\u00a0\u00bb{}\u00a0\u00bb][et_pb_column type=\u00a0\u00bb4_4&Prime; _builder_version=\u00a0\u00bb4.15&Prime; global_colors_info=\u00a0\u00bb{}\u00a0\u00bb][et_pb_text _builder_version=\u00a0\u00bb4.15&Prime; global_colors_info=\u00a0\u00bb{}\u00a0\u00bb]<\/p>\n<h2 style=\"text-align: center;\">Diverses applications<br \/><strong>Avec Occhio, vous pouvez mesurer<\/strong><\/h2>\n<p>[\/et_pb_text][\/et_pb_column][\/et_pb_row][et_pb_row module_id=\u00a0\u00bbhomeParts\u00a0\u00bb _builder_version=\u00a0\u00bb4.15&Prime; global_colors_info=\u00a0\u00bb{}\u00a0\u00bb][et_pb_column type=\u00a0\u00bb4_4&Prime; _builder_version=\u00a0\u00bb4.15&Prime; global_colors_info=\u00a0\u00bb{}\u00a0\u00bb][et_pb_image src=\u00a0\u00bbhttps:\/\/occhio-instruments.com\/wp-content\/uploads\/2020\/04\/Particle-3D.jpg\u00a0\u00bb alt=\u00a0\u00bbParticules 3D\u00a0\u00bb title_text=\u00a0\u00bbParticules 3D\u00a0\u00bb _builder_version=\u00a0\u00bb4.15&Prime; global_colors_info=\u00a0\u00bb{}\u00a0\u00bb][\/et_pb_image][et_pb_image src=\u00a0\u00bbhttps:\/\/occhio-instruments.com\/wp-content\/uploads\/2020\/04\/Particle-Size.jpg\u00a0\u00bb alt=\u00a0\u00bbTaille de particules\u00a0\u00bb title_text=\u00a0\u00bbTaille de particules\u00a0\u00bb _builder_version=\u00a0\u00bb4.15&Prime; global_colors_info=\u00a0\u00bb{}\u00a0\u00bb][\/et_pb_image][et_pb_image src=\u00a0\u00bbhttps:\/\/occhio-instruments.com\/wp-content\/uploads\/2020\/04\/Liquid-Dispersion.jpg\u00a0\u00bb alt=\u00a0\u00bbDispersion liquide\u00a0\u00bb title_text=\u00a0\u00bbDispersion liquide\u00a0\u00bb _builder_version=\u00a0\u00bb4.15&Prime; global_colors_info=\u00a0\u00bb{}\u00a0\u00bb][\/et_pb_image][et_pb_image src=\u00a0\u00bbhttps:\/\/occhio-instruments.com\/wp-content\/uploads\/2020\/04\/Dry-Dispersion.jpg\u00a0\u00bb alt=\u00a0\u00bbDispersion s\u00e8che\u00a0\u00bb title_text=\u00a0\u00bbDispersion s\u00e8che\u00a0\u00bb _builder_version=\u00a0\u00bb4.15&Prime; global_colors_info=\u00a0\u00bb{}\u00a0\u00bb][\/et_pb_image][et_pb_image src=\u00a0\u00bbhttps:\/\/occhio-instruments.com\/wp-content\/uploads\/2020\/04\/Particle-Shape.jpg\u00a0\u00bb alt=\u00a0\u00bbForme de particules\u00a0\u00bb title_text=\u00a0\u00bbForme de particules\u00a0\u00bb _builder_version=\u00a0\u00bb4.15&Prime; global_colors_info=\u00a0\u00bb{}\u00a0\u00bb][\/et_pb_image][et_pb_image src=\u00a0\u00bbhttps:\/\/occhio-instruments.com\/wp-content\/uploads\/2020\/04\/Particle-counting.jpg\u00a0\u00bb alt=\u00a0\u00bbComptage de particules\u00a0\u00bb title_text=\u00a0\u00bbComptage de particules\u00a0\u00bb _builder_version=\u00a0\u00bb4.15&Prime; global_colors_info=\u00a0\u00bb{}\u00a0\u00bb][\/et_pb_image][et_pb_image src=\u00a0\u00bbhttps:\/\/occhio-instruments.com\/wp-content\/uploads\/2020\/04\/Particle-Color.jpg\u00a0\u00bb alt=\u00a0\u00bbCouleur de particules\u00a0\u00bb title_text=\u00a0\u00bbCouleur de particules\u00a0\u00bb _builder_version=\u00a0\u00bb4.15&Prime; global_colors_info=\u00a0\u00bb{}\u00a0\u00bb][\/et_pb_image][\/et_pb_column][\/et_pb_row][\/et_pb_section][et_pb_section fb_built=\u00a0\u00bb1&Prime; module_id=\u00a0\u00bbcta-bottom\u00a0\u00bb _builder_version=\u00a0\u00bb4.4.3&Prime; background_color=\u00a0\u00bb#51595D\u00a0\u00bb custom_padding=\u00a0\u00bb30px||30px||false|false\u00a0\u00bb global_module=\u00a0\u00bb89&Prime; saved_tabs=\u00a0\u00bball\u00a0\u00bb global_colors_info=\u00a0\u00bb{}\u00a0\u00bb][et_pb_row column_structure=\u00a0\u00bb2_3,1_3&Prime; _builder_version=\u00a0\u00bb4.15&Prime; global_colors_info=\u00a0\u00bb{}\u00a0\u00bb][et_pb_column type=\u00a0\u00bb2_3&Prime; _builder_version=\u00a0\u00bb4.15&Prime; global_colors_info=\u00a0\u00bb{}\u00a0\u00bb][et_pb_text _builder_version=\u00a0\u00bb4.15&Prime; text_text_color=\u00a0\u00bb#ffffff\u00a0\u00bb header_text_color=\u00a0\u00bb#ffffff\u00a0\u00bb global_colors_info=\u00a0\u00bb{}\u00a0\u00bb]<\/p>\n<h2>Vous souhaitez recevoir plus d&rsquo;infos ?<br \/><strong>Contactez-nous !<\/strong><\/h2>\n<p>[\/et_pb_text][\/et_pb_column][et_pb_column type=\u00a0\u00bb1_3&Prime; _builder_version=\u00a0\u00bb4.15&Prime; global_colors_info=\u00a0\u00bb{}\u00a0\u00bb][et_pb_button button_url=\u00a0\u00bb\/fr\/contact\/\u00a0\u00bb button_text=\u00a0\u00bbContactez-nous !\u00a0\u00bb _builder_version=\u00a0\u00bb4.4.3&Prime; global_colors_info=\u00a0\u00bb{}\u00a0\u00bb][\/et_pb_button][\/et_pb_column][\/et_pb_row][\/et_pb_section]<\/p>\n","protected":false},"excerpt":{"rendered":"<p>Granulom\u00e9trie de poudresGranulom\u00e9trie de poudres Comment mesurer la granulom\u00e9trie de poudres ? L&rsquo;analyse granulom\u00e9trique de poudres consiste en l&rsquo;\u00e9tude de la taille et de la forme des poudres. Cette analyse de poudres peut \u00eatre r\u00e9alis\u00e9e par diff\u00e9rents proc\u00e9d\u00e9s comme l&rsquo;analyse par diffraction laser, par tamisage ou encore par analyse d&rsquo;image. La diffraction laser utilise un [&hellip;]<\/p>\n","protected":false},"author":1,"featured_media":0,"parent":4033,"menu_order":0,"comment_status":"closed","ping_status":"closed","template":"","meta":{"_et_pb_use_builder":"on","_et_pb_old_content":"","_et_gb_content_width":"","footnotes":""},"yoast_head":"<!-- This site is optimized with the Yoast SEO plugin v22.9 - https:\/\/yoast.com\/wordpress\/plugins\/seo\/ -->\n<title>Granulom\u00e9trie de poudres - Analyse granulom\u00e9trique de poudres<\/title>\n<meta name=\"description\" content=\"Granulom\u00e9trie de poudres - Analyse de la taille et de la formes de particules de poudres gr\u00e2ce \u00e0 l&#039;analyse d&#039;image par Occhio !\" \/>\n<meta name=\"robots\" content=\"index, follow, max-snippet:-1, max-image-preview:large, max-video-preview:-1\" \/>\n<link rel=\"canonical\" href=\"https:\/\/occhio-instruments.com\/fr\/analyse-granulometrique\/granulometrie-de-poudres\/\" \/>\n<meta property=\"og:locale\" content=\"fr_FR\" \/>\n<meta property=\"og:type\" content=\"article\" \/>\n<meta property=\"og:title\" content=\"Granulom\u00e9trie de poudres - Analyse granulom\u00e9trique de poudres\" \/>\n<meta property=\"og:description\" content=\"Granulom\u00e9trie de poudres - Analyse de la taille et de la formes de particules de poudres gr\u00e2ce \u00e0 l&#039;analyse d&#039;image par Occhio !\" \/>\n<meta property=\"og:url\" content=\"https:\/\/occhio-instruments.com\/fr\/analyse-granulometrique\/granulometrie-de-poudres\/\" \/>\n<meta property=\"og:site_name\" content=\"Occhio\" \/>\n<meta property=\"article:modified_time\" content=\"2023-01-27T09:32:17+00:00\" \/>\n<meta property=\"og:image\" content=\"https:\/\/occhio-instruments.com\/wp-content\/uploads\/2021\/12\/occhio-instruments.jpg\" \/>\n\t<meta property=\"og:image:width\" content=\"1200\" \/>\n\t<meta property=\"og:image:height\" content=\"630\" \/>\n\t<meta property=\"og:image:type\" content=\"image\/jpeg\" \/>\n<meta name=\"twitter:card\" content=\"summary_large_image\" \/>\n<meta name=\"twitter:label1\" content=\"Dur\u00e9e de lecture estim\u00e9e\" \/>\n\t<meta name=\"twitter:data1\" content=\"3 minutes\" \/>\n<script type=\"application\/ld+json\" class=\"yoast-schema-graph\">{\"@context\":\"https:\/\/schema.org\",\"@graph\":[{\"@type\":\"WebPage\",\"@id\":\"https:\/\/occhio-instruments.com\/fr\/analyse-granulometrique\/granulometrie-de-poudres\/\",\"url\":\"https:\/\/occhio-instruments.com\/fr\/analyse-granulometrique\/granulometrie-de-poudres\/\",\"name\":\"Granulom\u00e9trie de poudres - Analyse granulom\u00e9trique de poudres\",\"isPartOf\":{\"@id\":\"https:\/\/occhio-instruments.com\/#website\"},\"datePublished\":\"2022-07-07T10:19:48+00:00\",\"dateModified\":\"2023-01-27T09:32:17+00:00\",\"description\":\"Granulom\u00e9trie de poudres - Analyse de la taille et de la formes de particules de poudres gr\u00e2ce \u00e0 l'analyse d'image par Occhio !\",\"breadcrumb\":{\"@id\":\"https:\/\/occhio-instruments.com\/fr\/analyse-granulometrique\/granulometrie-de-poudres\/#breadcrumb\"},\"inLanguage\":\"fr-FR\",\"potentialAction\":[{\"@type\":\"ReadAction\",\"target\":[\"https:\/\/occhio-instruments.com\/fr\/analyse-granulometrique\/granulometrie-de-poudres\/\"]}]},{\"@type\":\"BreadcrumbList\",\"@id\":\"https:\/\/occhio-instruments.com\/fr\/analyse-granulometrique\/granulometrie-de-poudres\/#breadcrumb\",\"itemListElement\":[{\"@type\":\"ListItem\",\"position\":1,\"name\":\"Analyse granulom\u00e9trique\",\"item\":\"https:\/\/occhio-instruments.com\/fr\/analyse-granulometrique\/\"},{\"@type\":\"ListItem\",\"position\":2,\"name\":\"Granulom\u00e9trie de poudres\"}]},{\"@type\":\"WebSite\",\"@id\":\"https:\/\/occhio-instruments.com\/#website\",\"url\":\"https:\/\/occhio-instruments.com\/\",\"name\":\"Occhio\",\"description\":\"Un site utilisant WordPress\",\"potentialAction\":[{\"@type\":\"SearchAction\",\"target\":{\"@type\":\"EntryPoint\",\"urlTemplate\":\"https:\/\/occhio-instruments.com\/?s={search_term_string}\"},\"query-input\":\"required name=search_term_string\"}],\"inLanguage\":\"fr-FR\"}]}<\/script>\n<!-- \/ Yoast SEO plugin. -->","yoast_head_json":{"title":"Granulom\u00e9trie de poudres - Analyse granulom\u00e9trique de poudres","description":"Granulom\u00e9trie de poudres - Analyse de la taille et de la formes de particules de poudres gr\u00e2ce \u00e0 l'analyse d'image par Occhio !","robots":{"index":"index","follow":"follow","max-snippet":"max-snippet:-1","max-image-preview":"max-image-preview:large","max-video-preview":"max-video-preview:-1"},"canonical":"https:\/\/occhio-instruments.com\/fr\/analyse-granulometrique\/granulometrie-de-poudres\/","og_locale":"fr_FR","og_type":"article","og_title":"Granulom\u00e9trie de poudres - Analyse granulom\u00e9trique de poudres","og_description":"Granulom\u00e9trie de poudres - Analyse de la taille et de la formes de particules de poudres gr\u00e2ce \u00e0 l'analyse d'image par Occhio !","og_url":"https:\/\/occhio-instruments.com\/fr\/analyse-granulometrique\/granulometrie-de-poudres\/","og_site_name":"Occhio","article_modified_time":"2023-01-27T09:32:17+00:00","og_image":[{"width":1200,"height":630,"url":"https:\/\/occhio-instruments.com\/wp-content\/uploads\/2021\/12\/occhio-instruments.jpg","type":"image\/jpeg"}],"twitter_card":"summary_large_image","twitter_misc":{"Dur\u00e9e de lecture estim\u00e9e":"3 minutes"},"schema":{"@context":"https:\/\/schema.org","@graph":[{"@type":"WebPage","@id":"https:\/\/occhio-instruments.com\/fr\/analyse-granulometrique\/granulometrie-de-poudres\/","url":"https:\/\/occhio-instruments.com\/fr\/analyse-granulometrique\/granulometrie-de-poudres\/","name":"Granulom\u00e9trie de poudres - Analyse granulom\u00e9trique de poudres","isPartOf":{"@id":"https:\/\/occhio-instruments.com\/#website"},"datePublished":"2022-07-07T10:19:48+00:00","dateModified":"2023-01-27T09:32:17+00:00","description":"Granulom\u00e9trie de poudres - Analyse de la taille et de la formes de particules de poudres gr\u00e2ce \u00e0 l'analyse d'image par Occhio !","breadcrumb":{"@id":"https:\/\/occhio-instruments.com\/fr\/analyse-granulometrique\/granulometrie-de-poudres\/#breadcrumb"},"inLanguage":"fr-FR","potentialAction":[{"@type":"ReadAction","target":["https:\/\/occhio-instruments.com\/fr\/analyse-granulometrique\/granulometrie-de-poudres\/"]}]},{"@type":"BreadcrumbList","@id":"https:\/\/occhio-instruments.com\/fr\/analyse-granulometrique\/granulometrie-de-poudres\/#breadcrumb","itemListElement":[{"@type":"ListItem","position":1,"name":"Analyse granulom\u00e9trique","item":"https:\/\/occhio-instruments.com\/fr\/analyse-granulometrique\/"},{"@type":"ListItem","position":2,"name":"Granulom\u00e9trie de poudres"}]},{"@type":"WebSite","@id":"https:\/\/occhio-instruments.com\/#website","url":"https:\/\/occhio-instruments.com\/","name":"Occhio","description":"Un site utilisant WordPress","potentialAction":[{"@type":"SearchAction","target":{"@type":"EntryPoint","urlTemplate":"https:\/\/occhio-instruments.com\/?s={search_term_string}"},"query-input":"required name=search_term_string"}],"inLanguage":"fr-FR"}]}},"_links":{"self":[{"href":"https:\/\/occhio-instruments.com\/fr\/wp-json\/wp\/v2\/pages\/6060"}],"collection":[{"href":"https:\/\/occhio-instruments.com\/fr\/wp-json\/wp\/v2\/pages"}],"about":[{"href":"https:\/\/occhio-instruments.com\/fr\/wp-json\/wp\/v2\/types\/page"}],"author":[{"embeddable":true,"href":"https:\/\/occhio-instruments.com\/fr\/wp-json\/wp\/v2\/users\/1"}],"replies":[{"embeddable":true,"href":"https:\/\/occhio-instruments.com\/fr\/wp-json\/wp\/v2\/comments?post=6060"}],"version-history":[{"count":10,"href":"https:\/\/occhio-instruments.com\/fr\/wp-json\/wp\/v2\/pages\/6060\/revisions"}],"predecessor-version":[{"id":9186,"href":"https:\/\/occhio-instruments.com\/fr\/wp-json\/wp\/v2\/pages\/6060\/revisions\/9186"}],"up":[{"embeddable":true,"href":"https:\/\/occhio-instruments.com\/fr\/wp-json\/wp\/v2\/pages\/4033"}],"wp:attachment":[{"href":"https:\/\/occhio-instruments.com\/fr\/wp-json\/wp\/v2\/media?parent=6060"}],"curies":[{"name":"wp","href":"https:\/\/api.w.org\/{rel}","templated":true}]}}