{"id":6056,"date":"2022-07-07T12:52:54","date_gmt":"2022-07-07T10:52:54","guid":{"rendered":"https:\/\/occhio-instruments.com\/?page_id=6056"},"modified":"2023-02-02T12:58:51","modified_gmt":"2023-02-02T11:58:51","slug":"taille-des-particules","status":"publish","type":"page","link":"https:\/\/occhio-instruments.com\/fr\/taille-des-particules\/","title":{"rendered":"Taille des particules"},"content":{"rendered":"<p>[et_pb_section fb_built=\u00a0\u00bb1&Prime; module_id=\u00a0\u00bbbanner\u00a0\u00bb _builder_version=\u00a0\u00bb4.15&Prime; background_image=\u00a0\u00bbhttps:\/\/occhio-instruments.com\/wp-content\/uploads\/2020\/04\/banner-bg.png\u00a0\u00bb global_colors_info=\u00a0\u00bb{}\u00a0\u00bb][et_pb_row _builder_version=\u00a0\u00bb4.15&Prime; background_size=\u00a0\u00bbinitial\u00a0\u00bb background_position=\u00a0\u00bbtop_left\u00a0\u00bb background_repeat=\u00a0\u00bbrepeat\u00a0\u00bb global_colors_info=\u00a0\u00bb{}\u00a0\u00bb][et_pb_column type=\u00a0\u00bb4_4&Prime; _builder_version=\u00a0\u00bb4.15&Prime; custom_padding=\u00a0\u00bb|||\u00a0\u00bb global_colors_info=\u00a0\u00bb{}\u00a0\u00bb custom_padding__hover=\u00a0\u00bb|||\u00a0\u00bb][et_pb_text _builder_version=\u00a0\u00bb4.15.1&Prime; global_colors_info=\u00a0\u00bb{}\u00a0\u00bb]<\/p>\n<p style=\"text-align: center;\">Taille de particules<\/p>\n<p>[\/et_pb_text][\/et_pb_column][\/et_pb_row][\/et_pb_section][et_pb_section fb_built=\u00a0\u00bb1&Prime; _builder_version=\u00a0\u00bb4.15&Prime; global_colors_info=\u00a0\u00bb{}\u00a0\u00bb][et_pb_row column_structure=\u00a0\u00bb2_3,1_3&Prime; _builder_version=\u00a0\u00bb4.15&Prime; global_colors_info=\u00a0\u00bb{}\u00a0\u00bb][et_pb_column type=\u00a0\u00bb2_3&Prime; _builder_version=\u00a0\u00bb4.15&Prime; global_colors_info=\u00a0\u00bb{}\u00a0\u00bb][et_pb_text _builder_version=\u00a0\u00bb4.15.1&Prime; global_colors_info=\u00a0\u00bb{}\u00a0\u00bb]<\/p>\n<h1 style=\"text-align: justify;\">Taille de particules<\/h1>\n<h2>L&rsquo;analyse de la taille de particules avec Occhio<\/h2>\n<p><strong>Analyser la taille de particules s\u00e8ches ou humides<\/strong> est une \u00e9tape primordiale dans bon nombre d&rsquo;industries. En effet, nombreux sont les secteurs d&rsquo;activit\u00e9 qui n\u00e9cessitent une <strong><a href=\"https:\/\/occhio-instruments.com\/fr\/analyse-granulometrique\/\">analyse granulom\u00e9trique<\/a> r\u00e9guli\u00e8re l<\/strong>ors du d\u00e9veloppement et de la fabrication de leurs produits.<\/p>\n<p>Chez Occhio, nous proposons un large \u00e9ventail d&rsquo;instruments de laboratoire permettant la caract\u00e9risation de la taille et de la forme de particules. Que ce soit pour la <strong><a href=\"https:\/\/occhio-instruments.com\/fr\/granulometrie-de-poudres\/\">granulom\u00e9trie de poudres<\/a><\/strong>, pour des <strong>suspensions<\/strong>, des <strong>agr\u00e9gats<\/strong> ou des <strong>\u00e9mulsions<\/strong>, nos instruments de mesure sont capables de mesurer des particules allant du nanom\u00e8tre au millim\u00e8tre.<\/p>\n<p>L&rsquo;analyse de la <strong>taille de particules<\/strong> peut se faire via <strong>diff\u00e9rents<\/strong> <strong>proc\u00e9d\u00e9s<\/strong> comme la <a href=\"https:\/\/occhio-instruments.com\/fr\/granulometrie-laser\/\"><strong>diffraction<\/strong> <strong>laser<\/strong><\/a>, le <a href=\"https:\/\/occhio-instruments.com\/fr\/tamisage-humide\/\"><strong>tamisage<\/strong> <\/a>ou encore l&rsquo;analyse d&rsquo;image. Chez Occhio, vous trouverez une large vari\u00e9t\u00e9 d&rsquo;instruments de laboratoire d&rsquo;analyse d&rsquo;image pour vos projets ! N&rsquo;h\u00e9sitez pas \u00e0 contacter Occhio afin d&rsquo;en savoir davantage sur les diff\u00e9rents produits que nous proposons !<\/p>\n<h2 style=\"text-align: justify;\">Faites confiance \u00e0 Occhio pour l&rsquo;analyse de la taille de particules<\/h2>\n<p>Vous \u00eates \u00e0 la recherche d&rsquo;un <strong>instrument de laboratoire de haute pr\u00e9cision<\/strong> pour la mesure de la<strong> taille de particules<\/strong> ?<a href=\"https:\/\/occhio-instruments.com\/fr\/contact\/\"><strong> N&rsquo;h\u00e9sitez pas \u00e0 faire confiance \u00e0 Occhio<\/strong><\/a>, votre sp\u00e9cialiste en d\u00e9veloppement et vente d&rsquo;instruments de laboratoire pour de nombreuses applications et dans de nombreux secteurs d&rsquo;activit\u00e9 ! Nous sommes pr\u00e9sents en Belgique mais aussi partout dans le monde, de Londres \u00e0 P\u00e9kin en passant par New York !<\/p>\n<p>Vous ne trouvez pas l&rsquo;instrument de laboratoire qui r\u00e9pond \u00e0 vos besoins ? Alors, n&rsquo;h\u00e9sitez pas \u00e0 venir discuter de votre projet avec notre \u00e9quipe d&rsquo;ing\u00e9nieurs ! Nous trouverons une solution ensemble et d\u00e9velopperons l&rsquo;instrument qui sera \u00e0 la hauteur de vos attentes ! D\u00e9couvrez notre service de d\u00e9veloppement sur mesure chez Occhio-Instruments !<\/p>\n<p>&nbsp;<\/p>\n<p>[\/et_pb_text][\/et_pb_column][et_pb_column type=\u00a0\u00bb1_3&Prime; _builder_version=\u00a0\u00bb4.15&Prime; global_colors_info=\u00a0\u00bb{}\u00a0\u00bb][et_pb_blurb title=\u00a0\u00bbIpac 1&Prime; image=\u00a0\u00bbhttps:\/\/occhio-instruments.com\/wp-content\/uploads\/2020\/06\/FC200SHR.jpg\u00a0\u00bb alt=\u00a0\u00bbIpac 1 &#8211; Analyse des agr\u00e9gations de prot\u00e9ines par analyse d&rsquo;image avec Occhio\u00a0\u00bb _builder_version=\u00a0\u00bb4.15.1&Prime; header_text_align=\u00a0\u00bbcenter\u00a0\u00bb link_option_url=\u00a0\u00bb\/fr\/ipac-1\/\u00a0\u00bb hover_enabled=\u00a0\u00bb0&Prime; global_colors_info=\u00a0\u00bb{}\u00a0\u00bb sticky_enabled=\u00a0\u00bb0&Prime;]<\/p>\n<p style=\"text-align: center;\">Port\u00e9e de 400 nm \u00e0 mm, surface de dispersion de 140 mm<\/p>\n<p>[\/et_pb_blurb][et_pb_blurb title=\u00a0\u00bbIpac 2&Prime; image=\u00a0\u00bbhttps:\/\/occhio-instruments.com\/wp-content\/uploads\/2020\/06\/ipac-2-2.png\u00a0\u00bb alt=\u00a0\u00bbIpac 2 &#8211; Analyse d&rsquo;agr\u00e9gations de prot\u00e9ines par l\u2019analyse d\u2019image plus performant\u00a0\u00bb _builder_version=\u00a0\u00bb4.15.1&Prime; header_text_align=\u00a0\u00bbcenter\u00a0\u00bb link_option_url=\u00a0\u00bb\/fr\/instruments\/nos-produits\/dispersion-voie-liquide\/ipac-2-analyseur-de-particules\/\u00a0\u00bb hover_enabled=\u00a0\u00bb0&Prime; global_colors_info=\u00a0\u00bb{}\u00a0\u00bb sticky_enabled=\u00a0\u00bb0&Prime;]<\/p>\n<p style=\"text-align: center;\">Port\u00e9e de 400 nm \u00e0 mm, surface de dispersion de 140 mm<\/p>\n<p>[\/et_pb_blurb][\/et_pb_column][\/et_pb_row][\/et_pb_section][et_pb_section fb_built=\u00a0\u00bb1&Prime; _builder_version=\u00a0\u00bb4.15&Prime; saved_tabs=\u00a0\u00bball\u00a0\u00bb global_colors_info=\u00a0\u00bb{}\u00a0\u00bb][et_pb_row _builder_version=\u00a0\u00bb4.15&Prime; custom_padding=\u00a0\u00bb||0px||false|false\u00a0\u00bb global_colors_info=\u00a0\u00bb{}\u00a0\u00bb][et_pb_column type=\u00a0\u00bb4_4&Prime; _builder_version=\u00a0\u00bb4.15&Prime; global_colors_info=\u00a0\u00bb{}\u00a0\u00bb][et_pb_text _builder_version=\u00a0\u00bb4.15.1&Prime; global_colors_info=\u00a0\u00bb{}\u00a0\u00bb]<\/p>\n<h2 style=\"text-align: center;\">Diverses applications<br \/><strong>Avec Occhio, vous pouvez mesurer<\/strong><\/h2>\n<p>[\/et_pb_text][\/et_pb_column][\/et_pb_row][et_pb_row module_id=\u00a0\u00bbhomeParts\u00a0\u00bb _builder_version=\u00a0\u00bb4.15&Prime; global_colors_info=\u00a0\u00bb{}\u00a0\u00bb][et_pb_column type=\u00a0\u00bb4_4&Prime; _builder_version=\u00a0\u00bb4.15&Prime; global_colors_info=\u00a0\u00bb{}\u00a0\u00bb][et_pb_image src=\u00a0\u00bbhttps:\/\/occhio-instruments.com\/wp-content\/uploads\/2020\/04\/Particle-3D.jpg\u00a0\u00bb alt=\u00a0\u00bbParticules 3D\u00a0\u00bb title_text=\u00a0\u00bbParticules 3D\u00a0\u00bb _builder_version=\u00a0\u00bb4.15&Prime; global_colors_info=\u00a0\u00bb{}\u00a0\u00bb][\/et_pb_image][et_pb_image src=\u00a0\u00bbhttps:\/\/occhio-instruments.com\/wp-content\/uploads\/2020\/04\/Particle-Size.jpg\u00a0\u00bb alt=\u00a0\u00bbTaille de particules\u00a0\u00bb title_text=\u00a0\u00bbTaille de particules\u00a0\u00bb _builder_version=\u00a0\u00bb4.15&Prime; global_colors_info=\u00a0\u00bb{}\u00a0\u00bb][\/et_pb_image][et_pb_image src=\u00a0\u00bbhttps:\/\/occhio-instruments.com\/wp-content\/uploads\/2020\/04\/Liquid-Dispersion.jpg\u00a0\u00bb alt=\u00a0\u00bbDispersion liquide\u00a0\u00bb title_text=\u00a0\u00bbDispersion liquide\u00a0\u00bb _builder_version=\u00a0\u00bb4.15&Prime; global_colors_info=\u00a0\u00bb{}\u00a0\u00bb][\/et_pb_image][et_pb_image src=\u00a0\u00bbhttps:\/\/occhio-instruments.com\/wp-content\/uploads\/2020\/04\/Dry-Dispersion.jpg\u00a0\u00bb alt=\u00a0\u00bbDispersion s\u00e8che\u00a0\u00bb title_text=\u00a0\u00bbDispersion s\u00e8che\u00a0\u00bb _builder_version=\u00a0\u00bb4.15&Prime; global_colors_info=\u00a0\u00bb{}\u00a0\u00bb][\/et_pb_image][et_pb_image src=\u00a0\u00bbhttps:\/\/occhio-instruments.com\/wp-content\/uploads\/2020\/04\/Particle-Shape.jpg\u00a0\u00bb alt=\u00a0\u00bbForme de particules\u00a0\u00bb title_text=\u00a0\u00bbForme de particules\u00a0\u00bb _builder_version=\u00a0\u00bb4.15&Prime; global_colors_info=\u00a0\u00bb{}\u00a0\u00bb][\/et_pb_image][et_pb_image src=\u00a0\u00bbhttps:\/\/occhio-instruments.com\/wp-content\/uploads\/2020\/04\/Particle-counting.jpg\u00a0\u00bb alt=\u00a0\u00bbComptage de particules\u00a0\u00bb title_text=\u00a0\u00bbComptage de particules\u00a0\u00bb _builder_version=\u00a0\u00bb4.15&Prime; global_colors_info=\u00a0\u00bb{}\u00a0\u00bb][\/et_pb_image][et_pb_image src=\u00a0\u00bbhttps:\/\/occhio-instruments.com\/wp-content\/uploads\/2020\/04\/Particle-Color.jpg\u00a0\u00bb alt=\u00a0\u00bbCouleur de particules\u00a0\u00bb title_text=\u00a0\u00bbCouleur de particules\u00a0\u00bb _builder_version=\u00a0\u00bb4.15&Prime; global_colors_info=\u00a0\u00bb{}\u00a0\u00bb][\/et_pb_image][\/et_pb_column][\/et_pb_row][\/et_pb_section][et_pb_section fb_built=\u00a0\u00bb1&Prime; module_id=\u00a0\u00bbcta-bottom\u00a0\u00bb _builder_version=\u00a0\u00bb4.4.3&Prime; background_color=\u00a0\u00bb#51595D\u00a0\u00bb custom_padding=\u00a0\u00bb30px||30px||false|false\u00a0\u00bb global_module=\u00a0\u00bb89&Prime; saved_tabs=\u00a0\u00bball\u00a0\u00bb global_colors_info=\u00a0\u00bb{}\u00a0\u00bb][et_pb_row column_structure=\u00a0\u00bb2_3,1_3&Prime; _builder_version=\u00a0\u00bb4.15&Prime; global_colors_info=\u00a0\u00bb{}\u00a0\u00bb][et_pb_column type=\u00a0\u00bb2_3&Prime; _builder_version=\u00a0\u00bb4.15&Prime; global_colors_info=\u00a0\u00bb{}\u00a0\u00bb][et_pb_text _builder_version=\u00a0\u00bb4.15&Prime; text_text_color=\u00a0\u00bb#ffffff\u00a0\u00bb header_text_color=\u00a0\u00bb#ffffff\u00a0\u00bb global_colors_info=\u00a0\u00bb{}\u00a0\u00bb]<\/p>\n<h2>Vous souhaitez recevoir plus d&rsquo;infos ?<br \/><strong>Contactez-nous !<\/strong><\/h2>\n<p>[\/et_pb_text][\/et_pb_column][et_pb_column type=\u00a0\u00bb1_3&Prime; _builder_version=\u00a0\u00bb4.15&Prime; global_colors_info=\u00a0\u00bb{}\u00a0\u00bb][et_pb_button button_url=\u00a0\u00bb\/fr\/contact\/\u00a0\u00bb button_text=\u00a0\u00bbContactez-nous !\u00a0\u00bb _builder_version=\u00a0\u00bb4.4.3&Prime; global_colors_info=\u00a0\u00bb{}\u00a0\u00bb][\/et_pb_button][\/et_pb_column][\/et_pb_row][\/et_pb_section]<\/p>\n","protected":false},"excerpt":{"rendered":"<p>Taille de particulesTaille de particules L&rsquo;analyse de la taille de particules avec Occhio Analyser la taille de particules s\u00e8ches ou humides est une \u00e9tape primordiale dans bon nombre d&rsquo;industries. En effet, nombreux sont les secteurs d&rsquo;activit\u00e9 qui n\u00e9cessitent une analyse granulom\u00e9trique r\u00e9guli\u00e8re lors du d\u00e9veloppement et de la fabrication de leurs produits. Chez Occhio, nous [&hellip;]<\/p>\n","protected":false},"author":1,"featured_media":0,"parent":0,"menu_order":0,"comment_status":"closed","ping_status":"closed","template":"","meta":{"_et_pb_use_builder":"on","_et_pb_old_content":"","_et_gb_content_width":"","footnotes":""},"yoast_head":"<!-- This site is optimized with the Yoast SEO plugin v22.9 - https:\/\/yoast.com\/wordpress\/plugins\/seo\/ -->\n<title>Taille des particules - Occhio, instruments de laboratoire<\/title>\n<meta name=\"description\" content=\"Taille de particules - D\u00e9couvrez tous nos instruments de laboratoire pour l&#039;analyse de la taille de particules avec Occhio !\" \/>\n<meta name=\"robots\" content=\"index, follow, max-snippet:-1, max-image-preview:large, max-video-preview:-1\" \/>\n<link rel=\"canonical\" href=\"https:\/\/occhio-instruments.com\/fr\/taille-des-particules\/\" \/>\n<meta property=\"og:locale\" content=\"fr_FR\" \/>\n<meta property=\"og:type\" content=\"article\" \/>\n<meta property=\"og:title\" content=\"Taille des particules - Occhio, instruments de laboratoire\" \/>\n<meta property=\"og:description\" content=\"Taille de particules - D\u00e9couvrez tous nos instruments de laboratoire pour l&#039;analyse de la taille de particules avec Occhio !\" \/>\n<meta property=\"og:url\" content=\"https:\/\/occhio-instruments.com\/fr\/taille-des-particules\/\" \/>\n<meta property=\"og:site_name\" content=\"Occhio\" \/>\n<meta property=\"article:modified_time\" content=\"2023-02-02T11:58:51+00:00\" \/>\n<meta property=\"og:image\" content=\"https:\/\/occhio-instruments.com\/wp-content\/uploads\/2021\/12\/occhio-instruments.jpg\" \/>\n\t<meta property=\"og:image:width\" content=\"1200\" \/>\n\t<meta property=\"og:image:height\" content=\"630\" \/>\n\t<meta property=\"og:image:type\" content=\"image\/jpeg\" \/>\n<meta name=\"twitter:card\" content=\"summary_large_image\" \/>\n<meta name=\"twitter:label1\" content=\"Dur\u00e9e de lecture estim\u00e9e\" \/>\n\t<meta name=\"twitter:data1\" content=\"3 minutes\" \/>\n<script type=\"application\/ld+json\" class=\"yoast-schema-graph\">{\"@context\":\"https:\/\/schema.org\",\"@graph\":[{\"@type\":\"WebPage\",\"@id\":\"https:\/\/occhio-instruments.com\/fr\/taille-des-particules\/\",\"url\":\"https:\/\/occhio-instruments.com\/fr\/taille-des-particules\/\",\"name\":\"Taille des particules - Occhio, instruments de laboratoire\",\"isPartOf\":{\"@id\":\"https:\/\/occhio-instruments.com\/#website\"},\"datePublished\":\"2022-07-07T10:52:54+00:00\",\"dateModified\":\"2023-02-02T11:58:51+00:00\",\"description\":\"Taille de particules - D\u00e9couvrez tous nos instruments de laboratoire pour l'analyse de la taille de particules avec Occhio !\",\"inLanguage\":\"fr-FR\",\"potentialAction\":[{\"@type\":\"ReadAction\",\"target\":[\"https:\/\/occhio-instruments.com\/fr\/taille-des-particules\/\"]}]},{\"@type\":\"WebSite\",\"@id\":\"https:\/\/occhio-instruments.com\/#website\",\"url\":\"https:\/\/occhio-instruments.com\/\",\"name\":\"Occhio\",\"description\":\"Un site utilisant WordPress\",\"potentialAction\":[{\"@type\":\"SearchAction\",\"target\":{\"@type\":\"EntryPoint\",\"urlTemplate\":\"https:\/\/occhio-instruments.com\/?s={search_term_string}\"},\"query-input\":\"required name=search_term_string\"}],\"inLanguage\":\"fr-FR\"}]}<\/script>\n<!-- \/ Yoast SEO plugin. -->","yoast_head_json":{"title":"Taille des particules - Occhio, instruments de laboratoire","description":"Taille de particules - D\u00e9couvrez tous nos instruments de laboratoire pour l'analyse de la taille de particules avec Occhio !","robots":{"index":"index","follow":"follow","max-snippet":"max-snippet:-1","max-image-preview":"max-image-preview:large","max-video-preview":"max-video-preview:-1"},"canonical":"https:\/\/occhio-instruments.com\/fr\/taille-des-particules\/","og_locale":"fr_FR","og_type":"article","og_title":"Taille des particules - Occhio, instruments de laboratoire","og_description":"Taille de particules - D\u00e9couvrez tous nos instruments de laboratoire pour l'analyse de la taille de particules avec Occhio !","og_url":"https:\/\/occhio-instruments.com\/fr\/taille-des-particules\/","og_site_name":"Occhio","article_modified_time":"2023-02-02T11:58:51+00:00","og_image":[{"width":1200,"height":630,"url":"https:\/\/occhio-instruments.com\/wp-content\/uploads\/2021\/12\/occhio-instruments.jpg","type":"image\/jpeg"}],"twitter_card":"summary_large_image","twitter_misc":{"Dur\u00e9e de lecture estim\u00e9e":"3 minutes"},"schema":{"@context":"https:\/\/schema.org","@graph":[{"@type":"WebPage","@id":"https:\/\/occhio-instruments.com\/fr\/taille-des-particules\/","url":"https:\/\/occhio-instruments.com\/fr\/taille-des-particules\/","name":"Taille des particules - Occhio, instruments de laboratoire","isPartOf":{"@id":"https:\/\/occhio-instruments.com\/#website"},"datePublished":"2022-07-07T10:52:54+00:00","dateModified":"2023-02-02T11:58:51+00:00","description":"Taille de particules - D\u00e9couvrez tous nos instruments de laboratoire pour l'analyse de la taille de particules avec Occhio !","inLanguage":"fr-FR","potentialAction":[{"@type":"ReadAction","target":["https:\/\/occhio-instruments.com\/fr\/taille-des-particules\/"]}]},{"@type":"WebSite","@id":"https:\/\/occhio-instruments.com\/#website","url":"https:\/\/occhio-instruments.com\/","name":"Occhio","description":"Un site utilisant WordPress","potentialAction":[{"@type":"SearchAction","target":{"@type":"EntryPoint","urlTemplate":"https:\/\/occhio-instruments.com\/?s={search_term_string}"},"query-input":"required name=search_term_string"}],"inLanguage":"fr-FR"}]}},"_links":{"self":[{"href":"https:\/\/occhio-instruments.com\/fr\/wp-json\/wp\/v2\/pages\/6056"}],"collection":[{"href":"https:\/\/occhio-instruments.com\/fr\/wp-json\/wp\/v2\/pages"}],"about":[{"href":"https:\/\/occhio-instruments.com\/fr\/wp-json\/wp\/v2\/types\/page"}],"author":[{"embeddable":true,"href":"https:\/\/occhio-instruments.com\/fr\/wp-json\/wp\/v2\/users\/1"}],"replies":[{"embeddable":true,"href":"https:\/\/occhio-instruments.com\/fr\/wp-json\/wp\/v2\/comments?post=6056"}],"version-history":[{"count":6,"href":"https:\/\/occhio-instruments.com\/fr\/wp-json\/wp\/v2\/pages\/6056\/revisions"}],"predecessor-version":[{"id":9517,"href":"https:\/\/occhio-instruments.com\/fr\/wp-json\/wp\/v2\/pages\/6056\/revisions\/9517"}],"wp:attachment":[{"href":"https:\/\/occhio-instruments.com\/fr\/wp-json\/wp\/v2\/media?parent=6056"}],"curies":[{"name":"wp","href":"https:\/\/api.w.org\/{rel}","templated":true}]}}