{"id":4074,"date":"2021-11-05T12:45:35","date_gmt":"2021-11-05T11:45:35","guid":{"rendered":"https:\/\/occhio-instruments.com\/?page_id=4074"},"modified":"2023-02-02T13:04:52","modified_gmt":"2023-02-02T12:04:52","slug":"tamisage-humide","status":"publish","type":"page","link":"https:\/\/occhio-instruments.com\/fr\/tamisage-humide\/","title":{"rendered":"Tamisage humide"},"content":{"rendered":"<p>[et_pb_section fb_built=\u00a0\u00bb1&Prime; module_id=\u00a0\u00bbbanner\u00a0\u00bb _builder_version=\u00a0\u00bb4.15&Prime; background_image=\u00a0\u00bbhttps:\/\/occhio-instruments.com\/wp-content\/uploads\/2020\/04\/banner-bg.png\u00a0\u00bb global_colors_info=\u00a0\u00bb{}\u00a0\u00bb][et_pb_row _builder_version=\u00a0\u00bb4.15&Prime; background_size=\u00a0\u00bbinitial\u00a0\u00bb background_position=\u00a0\u00bbtop_left\u00a0\u00bb background_repeat=\u00a0\u00bbrepeat\u00a0\u00bb global_colors_info=\u00a0\u00bb{}\u00a0\u00bb][et_pb_column type=\u00a0\u00bb4_4&Prime; _builder_version=\u00a0\u00bb4.15&Prime; custom_padding=\u00a0\u00bb|||\u00a0\u00bb global_colors_info=\u00a0\u00bb{}\u00a0\u00bb custom_padding__hover=\u00a0\u00bb|||\u00a0\u00bb][et_pb_text _builder_version=\u00a0\u00bb4.15&Prime; global_colors_info=\u00a0\u00bb{}\u00a0\u00bb]<\/p>\n<p style=\"text-align: center;\">Tamisage humide<\/p>\n<p>[\/et_pb_text][\/et_pb_column][\/et_pb_row][\/et_pb_section][et_pb_section fb_built=\u00a0\u00bb1&Prime; _builder_version=\u00a0\u00bb4.15&Prime; global_colors_info=\u00a0\u00bb{}\u00a0\u00bb][et_pb_row column_structure=\u00a0\u00bb2_3,1_3&Prime; _builder_version=\u00a0\u00bb4.15&Prime; global_colors_info=\u00a0\u00bb{}\u00a0\u00bb][et_pb_column type=\u00a0\u00bb2_3&Prime; _builder_version=\u00a0\u00bb4.15&Prime; global_colors_info=\u00a0\u00bb{}\u00a0\u00bb][et_pb_text _builder_version=\u00a0\u00bb4.15.1&Prime; global_colors_info=\u00a0\u00bb{}\u00a0\u00bb]<\/p>\n<h1 style=\"text-align: justify;\">Tamisage humide<br \/><strong>Le tamisage de particules en voie humide<\/strong><\/h1>\n<p>L&rsquo;<strong>analyse granulom\u00e9trique<\/strong> permet d&rsquo;analyser et de d\u00e9terminer la<strong> taille de poudres<\/strong>, <strong>d&rsquo;agr\u00e9gats<\/strong>, de <strong>suspensions<\/strong> ou encore <strong>d&rsquo;\u00e9mulsions<\/strong>. L&rsquo;analyse granulom\u00e9trique peut \u00eatre r\u00e9alis\u00e9e \u00e0 partir de diff\u00e9rentes m\u00e9thodes. On peut citer notamment l&rsquo;analyse granulom\u00e9trique par<a href=\"https:\/\/occhio-instruments.com\/fr\/analyse-granulometrique\/analyse-image\/\"><strong> analyse d&rsquo;image<\/strong><\/a>, par <a href=\"https:\/\/occhio-instruments.com\/fr\/granulometrie-laser\/\"><strong>diffraction<\/strong> <strong>laser<\/strong> <\/a>ou encore par <strong>tamisage<\/strong>.<\/p>\n<p>La m\u00e9thode de l&rsquo;analyse granulom\u00e9trique par tamisage classique se compose de plusieurs tamis qui permettent de cat\u00e9goriser les diff\u00e9rentes particules selon leur dimension. Chez Occhio, nous proposons ainsi des instruments de laboratoire, le <a href=\"https:\/\/occhio-instruments.com\/fr\/instruments\/nos-produits\/dispersion-voie-seche\/zephyr-esr-2\/\"><strong>Zephyr ESR2<\/strong><\/a> et le <a href=\"https:\/\/occhio-instruments.com\/fr\/instruments\/nos-produits\/dispersion-voie-seche\/zephyr-lda\/\"><strong>Zephyr LDA,<\/strong><\/a> qui remplacent la m\u00e9thode du tamisage et permettent une <strong>analyse<\/strong> <strong>efficace<\/strong>, l&rsquo;obtention d&rsquo;une<strong> image rapide<\/strong> et de <strong>grande qualit\u00e9<\/strong>.<\/p>\n<p>L&rsquo;analyse granulom\u00e9trique peut se faire <strong>en voie s\u00e8che<\/strong> avec des <strong>poudres <\/strong>notamment mais \u00e9galement en <strong>voie humide<\/strong>.<\/p>\n<h3>Trouvez votre instrument de tamisage de particules chez Occhio<\/h3>\n<p>Vous souhaitez obtenir plus d&rsquo;informations sur le tamisage humide ? Vous souhaitez de plus amples informations sur nos divers<a href=\"https:\/\/occhio-instruments.com\/fr\/instruments\/\"><strong> instruments de laboratoire<\/strong><\/a> et <strong><a href=\"https:\/\/occhio-instruments.com\/fr\/biotechnologie-pharmaceutique\/produits\/logiciels\/\">logiciels<\/a> <\/strong>pour votre projet d&rsquo;<a href=\"https:\/\/occhio-instruments.com\/fr\/analyse-granulometrique\/\">analyse granulom\u00e9trique<\/a> par tamisage humide ? Alors,<strong> contactez Occhio-Instruments<\/strong> !<\/p>\n<p>[\/et_pb_text][et_pb_button button_url=\u00a0\u00bbhttps:\/\/occhio-instruments.com\/fr\/contact\/\u00a0\u00bb button_text=\u00a0\u00bbContactez-nous pour + d&rsquo;infos sur le tamisage humide\u00a0\u00bb _builder_version=\u00a0\u00bb4.4.3&Prime; global_colors_info=\u00a0\u00bb{}\u00a0\u00bb][\/et_pb_button][\/et_pb_column][et_pb_column type=\u00a0\u00bb1_3&Prime; _builder_version=\u00a0\u00bb4.15&Prime; global_colors_info=\u00a0\u00bb{}\u00a0\u00bb][et_pb_blurb title=\u00a0\u00bbZephyr ESR 2&Prime; image=\u00a0\u00bbhttps:\/\/occhio-instruments.com\/wp-content\/uploads\/2020\/06\/Zephyr-ESR2-1.jpg\u00a0\u00bb alt=\u00a0\u00bbZephyr ESR2 &#8211; Caract\u00e9risation de particules par analyse d&rsquo;image\u00a0\u00bb disabled_on=\u00a0\u00bboff|off|off\u00a0\u00bb _builder_version=\u00a0\u00bb4.15.1&Prime; header_text_align=\u00a0\u00bbcenter\u00a0\u00bb link_option_url=\u00a0\u00bb\/fr\/instruments\/nos-produits\/dispersion-voie-liquide\/fc200shr\/\u00a0\u00bb hover_enabled=\u00a0\u00bb0&Prime; global_colors_info=\u00a0\u00bb{}\u00a0\u00bb title_text=\u00a0\u00bbZephyr ESR2 &#8211; Analyse de la taille et de la forme de particules s\u00e8ches\u00a0\u00bb sticky_enabled=\u00a0\u00bb0&Prime;][\/et_pb_blurb][et_pb_blurb title=\u00a0\u00bbZephyr LDA\u00a0\u00bb image=\u00a0\u00bbhttps:\/\/occhio-instruments.com\/wp-content\/uploads\/2020\/06\/Zephyr-LDA-1.jpg\u00a0\u00bb alt=\u00a0\u00bbZephyr LDA &#8211; Analyse de particules par analyse d&rsquo;image\u00a0\u00bb disabled_on=\u00a0\u00bboff|off|off\u00a0\u00bb _builder_version=\u00a0\u00bb4.15.1&Prime; header_text_align=\u00a0\u00bbcenter\u00a0\u00bb link_option_url=\u00a0\u00bb\/fr\/instruments\/nos-produits\/dispersion-voie-liquide\/fc200mhr-comptage-particules\/\u00a0\u00bb hover_enabled=\u00a0\u00bb0&Prime; global_colors_info=\u00a0\u00bb{}\u00a0\u00bb title_text=\u00a0\u00bbZephyr LDA &#8211; Analyse de la taille et de la forme de particules s\u00e8ches\u00a0\u00bb sticky_enabled=\u00a0\u00bb0&Prime;][\/et_pb_blurb][et_pb_blurb title=\u00a0\u00bbFC200TC\u00a0\u00bb image=\u00a0\u00bbhttps:\/\/occhio-instruments.com\/wp-content\/uploads\/2020\/06\/fc200tc.png\u00a0\u00bb alt=\u00a0\u00bbFC200TC &#8211; Comptage de particules\u00a0\u00bb disabled_on=\u00a0\u00bbon|on|on\u00a0\u00bb _builder_version=\u00a0\u00bb4.15&Prime; header_text_align=\u00a0\u00bbcenter\u00a0\u00bb link_option_url=\u00a0\u00bb\/fr\/instruments\/nos-produits\/dispersion-voie-liquide\/fc200tc\/\u00a0\u00bb hover_enabled=\u00a0\u00bb0&Prime; disabled=\u00a0\u00bbon\u00a0\u00bb global_colors_info=\u00a0\u00bb{}\u00a0\u00bb sticky_enabled=\u00a0\u00bb0&Prime;][\/et_pb_blurb][\/et_pb_column][\/et_pb_row][\/et_pb_section][et_pb_section fb_built=\u00a0\u00bb1&Prime; _builder_version=\u00a0\u00bb4.15&Prime; saved_tabs=\u00a0\u00bball\u00a0\u00bb global_colors_info=\u00a0\u00bb{}\u00a0\u00bb][et_pb_row _builder_version=\u00a0\u00bb4.15&Prime; custom_padding=\u00a0\u00bb||0px||false|false\u00a0\u00bb global_colors_info=\u00a0\u00bb{}\u00a0\u00bb][et_pb_column type=\u00a0\u00bb4_4&Prime; _builder_version=\u00a0\u00bb4.15&Prime; global_colors_info=\u00a0\u00bb{}\u00a0\u00bb][et_pb_text _builder_version=\u00a0\u00bb4.15&Prime; global_colors_info=\u00a0\u00bb{}\u00a0\u00bb]<\/p>\n<h2 style=\"text-align: center;\">Diverses applications<br \/><strong>Avec Occhio, vous pouvez mesurer<\/strong><\/h2>\n<p>[\/et_pb_text][\/et_pb_column][\/et_pb_row][et_pb_row module_id=\u00a0\u00bbhomeParts\u00a0\u00bb _builder_version=\u00a0\u00bb4.15&Prime; global_colors_info=\u00a0\u00bb{}\u00a0\u00bb][et_pb_column type=\u00a0\u00bb4_4&Prime; _builder_version=\u00a0\u00bb4.15&Prime; global_colors_info=\u00a0\u00bb{}\u00a0\u00bb][et_pb_image src=\u00a0\u00bbhttps:\/\/occhio-instruments.com\/wp-content\/uploads\/2020\/04\/Particle-3D.jpg\u00a0\u00bb alt=\u00a0\u00bbParticules 3D\u00a0\u00bb title_text=\u00a0\u00bbParticules 3D\u00a0\u00bb _builder_version=\u00a0\u00bb4.15&Prime; global_colors_info=\u00a0\u00bb{}\u00a0\u00bb][\/et_pb_image][et_pb_image src=\u00a0\u00bbhttps:\/\/occhio-instruments.com\/wp-content\/uploads\/2020\/04\/Particle-Size.jpg\u00a0\u00bb alt=\u00a0\u00bbTaille de particules\u00a0\u00bb title_text=\u00a0\u00bbTaille de particules\u00a0\u00bb _builder_version=\u00a0\u00bb4.15&Prime; global_colors_info=\u00a0\u00bb{}\u00a0\u00bb][\/et_pb_image][et_pb_image src=\u00a0\u00bbhttps:\/\/occhio-instruments.com\/wp-content\/uploads\/2020\/04\/Liquid-Dispersion.jpg\u00a0\u00bb alt=\u00a0\u00bbDispersion liquide\u00a0\u00bb title_text=\u00a0\u00bbDispersion liquide\u00a0\u00bb _builder_version=\u00a0\u00bb4.15&Prime; global_colors_info=\u00a0\u00bb{}\u00a0\u00bb][\/et_pb_image][et_pb_image src=\u00a0\u00bbhttps:\/\/occhio-instruments.com\/wp-content\/uploads\/2020\/04\/Dry-Dispersion.jpg\u00a0\u00bb alt=\u00a0\u00bbDispersion s\u00e8che\u00a0\u00bb title_text=\u00a0\u00bbDispersion s\u00e8che\u00a0\u00bb _builder_version=\u00a0\u00bb4.15&Prime; global_colors_info=\u00a0\u00bb{}\u00a0\u00bb][\/et_pb_image][et_pb_image src=\u00a0\u00bbhttps:\/\/occhio-instruments.com\/wp-content\/uploads\/2020\/04\/Particle-Shape.jpg\u00a0\u00bb alt=\u00a0\u00bbForme de particules\u00a0\u00bb title_text=\u00a0\u00bbForme de particules\u00a0\u00bb _builder_version=\u00a0\u00bb4.15&Prime; global_colors_info=\u00a0\u00bb{}\u00a0\u00bb][\/et_pb_image][et_pb_image src=\u00a0\u00bbhttps:\/\/occhio-instruments.com\/wp-content\/uploads\/2020\/04\/Particle-counting.jpg\u00a0\u00bb alt=\u00a0\u00bbComptage de particules\u00a0\u00bb title_text=\u00a0\u00bbComptage de particules\u00a0\u00bb _builder_version=\u00a0\u00bb4.15&Prime; global_colors_info=\u00a0\u00bb{}\u00a0\u00bb][\/et_pb_image][et_pb_image src=\u00a0\u00bbhttps:\/\/occhio-instruments.com\/wp-content\/uploads\/2020\/04\/Particle-Color.jpg\u00a0\u00bb alt=\u00a0\u00bbCouleur de particules\u00a0\u00bb title_text=\u00a0\u00bbCouleur de particules\u00a0\u00bb _builder_version=\u00a0\u00bb4.15&Prime; global_colors_info=\u00a0\u00bb{}\u00a0\u00bb][\/et_pb_image][\/et_pb_column][\/et_pb_row][\/et_pb_section][et_pb_section fb_built=\u00a0\u00bb1&Prime; module_id=\u00a0\u00bbcta-bottom\u00a0\u00bb _builder_version=\u00a0\u00bb4.4.3&Prime; background_color=\u00a0\u00bb#51595D\u00a0\u00bb custom_padding=\u00a0\u00bb30px||30px||false|false\u00a0\u00bb global_module=\u00a0\u00bb89&Prime; saved_tabs=\u00a0\u00bball\u00a0\u00bb global_colors_info=\u00a0\u00bb{}\u00a0\u00bb][et_pb_row column_structure=\u00a0\u00bb2_3,1_3&Prime; _builder_version=\u00a0\u00bb4.15&Prime; global_colors_info=\u00a0\u00bb{}\u00a0\u00bb][et_pb_column type=\u00a0\u00bb2_3&Prime; _builder_version=\u00a0\u00bb4.15&Prime; global_colors_info=\u00a0\u00bb{}\u00a0\u00bb][et_pb_text _builder_version=\u00a0\u00bb4.15&Prime; text_text_color=\u00a0\u00bb#ffffff\u00a0\u00bb header_text_color=\u00a0\u00bb#ffffff\u00a0\u00bb global_colors_info=\u00a0\u00bb{}\u00a0\u00bb]<\/p>\n<h2>Vous souhaitez recevoir plus d&rsquo;infos ?<br \/><strong>Contactez-nous !<\/strong><\/h2>\n<p>[\/et_pb_text][\/et_pb_column][et_pb_column type=\u00a0\u00bb1_3&Prime; _builder_version=\u00a0\u00bb4.15&Prime; global_colors_info=\u00a0\u00bb{}\u00a0\u00bb][et_pb_button button_url=\u00a0\u00bb\/fr\/contact\/\u00a0\u00bb button_text=\u00a0\u00bbContactez-nous !\u00a0\u00bb _builder_version=\u00a0\u00bb4.4.3&Prime; global_colors_info=\u00a0\u00bb{}\u00a0\u00bb][\/et_pb_button][\/et_pb_column][\/et_pb_row][\/et_pb_section]<\/p>\n","protected":false},"excerpt":{"rendered":"<p>Tamisage humideTamisage humideLe tamisage de particules en voie humide L&rsquo;analyse granulom\u00e9trique permet d&rsquo;analyser et de d\u00e9terminer la taille de poudres, d&rsquo;agr\u00e9gats, de suspensions ou encore d&rsquo;\u00e9mulsions. L&rsquo;analyse granulom\u00e9trique peut \u00eatre r\u00e9alis\u00e9e \u00e0 partir de diff\u00e9rentes m\u00e9thodes. On peut citer notamment l&rsquo;analyse granulom\u00e9trique par analyse d&rsquo;image, par diffraction laser ou encore par tamisage. La m\u00e9thode de [&hellip;]<\/p>\n","protected":false},"author":1,"featured_media":0,"parent":0,"menu_order":0,"comment_status":"closed","ping_status":"closed","template":"","meta":{"_et_pb_use_builder":"on","_et_pb_old_content":"","_et_gb_content_width":"","footnotes":""},"yoast_head":"<!-- This site is optimized with the Yoast SEO plugin v22.9 - https:\/\/yoast.com\/wordpress\/plugins\/seo\/ -->\n<title>Tamisage en voie humide par Occhio - Instruments d&#039;analyse par tamisage<\/title>\n<meta name=\"description\" content=\"Tamisage humide : d\u00e9couvre le tamisage en voie humide pour l&#039;analyse granulom\u00e9trique de particules avec Occhio ! Analyse par tamisage.\" \/>\n<meta name=\"robots\" content=\"index, follow, max-snippet:-1, max-image-preview:large, max-video-preview:-1\" \/>\n<link rel=\"canonical\" href=\"https:\/\/occhio-instruments.com\/fr\/tamisage-humide\/\" \/>\n<meta property=\"og:locale\" content=\"fr_FR\" \/>\n<meta property=\"og:type\" content=\"article\" \/>\n<meta property=\"og:title\" content=\"Tamisage en voie humide par Occhio - Instruments d&#039;analyse par tamisage\" \/>\n<meta property=\"og:description\" content=\"Tamisage humide : d\u00e9couvre le tamisage en voie humide pour l&#039;analyse granulom\u00e9trique de particules avec Occhio ! Analyse par tamisage.\" \/>\n<meta property=\"og:url\" content=\"https:\/\/occhio-instruments.com\/fr\/tamisage-humide\/\" \/>\n<meta property=\"og:site_name\" content=\"Occhio\" \/>\n<meta property=\"article:modified_time\" content=\"2023-02-02T12:04:52+00:00\" \/>\n<meta property=\"og:image\" content=\"https:\/\/occhio-instruments.com\/wp-content\/uploads\/2021\/12\/occhio-instruments.jpg\" \/>\n\t<meta property=\"og:image:width\" content=\"1200\" \/>\n\t<meta property=\"og:image:height\" content=\"630\" \/>\n\t<meta property=\"og:image:type\" content=\"image\/jpeg\" \/>\n<meta name=\"twitter:card\" content=\"summary_large_image\" \/>\n<meta name=\"twitter:label1\" content=\"Dur\u00e9e de lecture estim\u00e9e\" \/>\n\t<meta name=\"twitter:data1\" content=\"2 minutes\" \/>\n<script type=\"application\/ld+json\" class=\"yoast-schema-graph\">{\"@context\":\"https:\/\/schema.org\",\"@graph\":[{\"@type\":\"WebPage\",\"@id\":\"https:\/\/occhio-instruments.com\/fr\/tamisage-humide\/\",\"url\":\"https:\/\/occhio-instruments.com\/fr\/tamisage-humide\/\",\"name\":\"Tamisage en voie humide par Occhio - Instruments d'analyse par tamisage\",\"isPartOf\":{\"@id\":\"https:\/\/occhio-instruments.com\/#website\"},\"datePublished\":\"2021-11-05T11:45:35+00:00\",\"dateModified\":\"2023-02-02T12:04:52+00:00\",\"description\":\"Tamisage humide : d\u00e9couvre le tamisage en voie humide pour l'analyse granulom\u00e9trique de particules avec Occhio ! Analyse par tamisage.\",\"inLanguage\":\"fr-FR\",\"potentialAction\":[{\"@type\":\"ReadAction\",\"target\":[\"https:\/\/occhio-instruments.com\/fr\/tamisage-humide\/\"]}]},{\"@type\":\"WebSite\",\"@id\":\"https:\/\/occhio-instruments.com\/#website\",\"url\":\"https:\/\/occhio-instruments.com\/\",\"name\":\"Occhio\",\"description\":\"Un site utilisant WordPress\",\"potentialAction\":[{\"@type\":\"SearchAction\",\"target\":{\"@type\":\"EntryPoint\",\"urlTemplate\":\"https:\/\/occhio-instruments.com\/?s={search_term_string}\"},\"query-input\":\"required name=search_term_string\"}],\"inLanguage\":\"fr-FR\"}]}<\/script>\n<!-- \/ Yoast SEO plugin. -->","yoast_head_json":{"title":"Tamisage en voie humide par Occhio - Instruments d'analyse par tamisage","description":"Tamisage humide : d\u00e9couvre le tamisage en voie humide pour l'analyse granulom\u00e9trique de particules avec Occhio ! Analyse par tamisage.","robots":{"index":"index","follow":"follow","max-snippet":"max-snippet:-1","max-image-preview":"max-image-preview:large","max-video-preview":"max-video-preview:-1"},"canonical":"https:\/\/occhio-instruments.com\/fr\/tamisage-humide\/","og_locale":"fr_FR","og_type":"article","og_title":"Tamisage en voie humide par Occhio - Instruments d'analyse par tamisage","og_description":"Tamisage humide : d\u00e9couvre le tamisage en voie humide pour l'analyse granulom\u00e9trique de particules avec Occhio ! Analyse par tamisage.","og_url":"https:\/\/occhio-instruments.com\/fr\/tamisage-humide\/","og_site_name":"Occhio","article_modified_time":"2023-02-02T12:04:52+00:00","og_image":[{"width":1200,"height":630,"url":"https:\/\/occhio-instruments.com\/wp-content\/uploads\/2021\/12\/occhio-instruments.jpg","type":"image\/jpeg"}],"twitter_card":"summary_large_image","twitter_misc":{"Dur\u00e9e de lecture estim\u00e9e":"2 minutes"},"schema":{"@context":"https:\/\/schema.org","@graph":[{"@type":"WebPage","@id":"https:\/\/occhio-instruments.com\/fr\/tamisage-humide\/","url":"https:\/\/occhio-instruments.com\/fr\/tamisage-humide\/","name":"Tamisage en voie humide par Occhio - Instruments d'analyse par tamisage","isPartOf":{"@id":"https:\/\/occhio-instruments.com\/#website"},"datePublished":"2021-11-05T11:45:35+00:00","dateModified":"2023-02-02T12:04:52+00:00","description":"Tamisage humide : d\u00e9couvre le tamisage en voie humide pour l'analyse granulom\u00e9trique de particules avec Occhio ! Analyse par tamisage.","inLanguage":"fr-FR","potentialAction":[{"@type":"ReadAction","target":["https:\/\/occhio-instruments.com\/fr\/tamisage-humide\/"]}]},{"@type":"WebSite","@id":"https:\/\/occhio-instruments.com\/#website","url":"https:\/\/occhio-instruments.com\/","name":"Occhio","description":"Un site utilisant WordPress","potentialAction":[{"@type":"SearchAction","target":{"@type":"EntryPoint","urlTemplate":"https:\/\/occhio-instruments.com\/?s={search_term_string}"},"query-input":"required name=search_term_string"}],"inLanguage":"fr-FR"}]}},"_links":{"self":[{"href":"https:\/\/occhio-instruments.com\/fr\/wp-json\/wp\/v2\/pages\/4074"}],"collection":[{"href":"https:\/\/occhio-instruments.com\/fr\/wp-json\/wp\/v2\/pages"}],"about":[{"href":"https:\/\/occhio-instruments.com\/fr\/wp-json\/wp\/v2\/types\/page"}],"author":[{"embeddable":true,"href":"https:\/\/occhio-instruments.com\/fr\/wp-json\/wp\/v2\/users\/1"}],"replies":[{"embeddable":true,"href":"https:\/\/occhio-instruments.com\/fr\/wp-json\/wp\/v2\/comments?post=4074"}],"version-history":[{"count":11,"href":"https:\/\/occhio-instruments.com\/fr\/wp-json\/wp\/v2\/pages\/4074\/revisions"}],"predecessor-version":[{"id":9522,"href":"https:\/\/occhio-instruments.com\/fr\/wp-json\/wp\/v2\/pages\/4074\/revisions\/9522"}],"wp:attachment":[{"href":"https:\/\/occhio-instruments.com\/fr\/wp-json\/wp\/v2\/media?parent=4074"}],"curies":[{"name":"wp","href":"https:\/\/api.w.org\/{rel}","templated":true}]}}