{"id":4033,"date":"2021-11-05T14:12:47","date_gmt":"2021-11-05T13:12:47","guid":{"rendered":"https:\/\/occhio-instruments.com\/?page_id=4033"},"modified":"2023-01-27T10:18:44","modified_gmt":"2023-01-27T09:18:44","slug":"analyse-granulometrique","status":"publish","type":"page","link":"https:\/\/occhio-instruments.com\/fr\/analyse-granulometrique\/","title":{"rendered":"Analyse granulom\u00e9trique"},"content":{"rendered":"<p>[et_pb_section fb_built=\u00a0\u00bb1&Prime; module_id=\u00a0\u00bbbanner\u00a0\u00bb _builder_version=\u00a0\u00bb4.15&Prime; background_image=\u00a0\u00bbhttps:\/\/occhio-instruments.com\/wp-content\/uploads\/2020\/04\/banner-bg.png\u00a0\u00bb global_colors_info=\u00a0\u00bb{}\u00a0\u00bb][et_pb_row _builder_version=\u00a0\u00bb4.15&Prime; background_size=\u00a0\u00bbinitial\u00a0\u00bb background_position=\u00a0\u00bbtop_left\u00a0\u00bb background_repeat=\u00a0\u00bbrepeat\u00a0\u00bb global_colors_info=\u00a0\u00bb{}\u00a0\u00bb][et_pb_column type=\u00a0\u00bb4_4&Prime; _builder_version=\u00a0\u00bb4.15&Prime; custom_padding=\u00a0\u00bb|||\u00a0\u00bb global_colors_info=\u00a0\u00bb{}\u00a0\u00bb custom_padding__hover=\u00a0\u00bb|||\u00a0\u00bb][et_pb_text _builder_version=\u00a0\u00bb4.15&Prime; global_colors_info=\u00a0\u00bb{}\u00a0\u00bb]<\/p>\n<p style=\"text-align: center;\">Analyse granulom\u00e9trique<\/p>\n<p>[\/et_pb_text][\/et_pb_column][\/et_pb_row][\/et_pb_section][et_pb_section fb_built=\u00a0\u00bb1&Prime; _builder_version=\u00a0\u00bb4.15&Prime; global_colors_info=\u00a0\u00bb{}\u00a0\u00bb][et_pb_row column_structure=\u00a0\u00bb2_3,1_3&Prime; _builder_version=\u00a0\u00bb4.15&Prime; global_colors_info=\u00a0\u00bb{}\u00a0\u00bb][et_pb_column type=\u00a0\u00bb2_3&Prime; _builder_version=\u00a0\u00bb4.15&Prime; global_colors_info=\u00a0\u00bb{}\u00a0\u00bb][et_pb_text _builder_version=\u00a0\u00bb4.15.1&Prime; global_colors_info=\u00a0\u00bb{}\u00a0\u00bb]<\/p>\n<h1 style=\"text-align: justify;\">Analyse granulom\u00e9trique<br \/><strong>Analyse de la dimension de particules avec l&rsquo;analyse granulom\u00e9trique<\/strong><\/h1>\n<p>L&rsquo;<strong>analyse granulom\u00e9trique<\/strong> est un proc\u00e9d\u00e9 qui permet d&rsquo;\u00e9tudier la <strong>r\u00e9partition de particules selon leur dimension<\/strong>. Cette op\u00e9ration peut \u00eatre r\u00e9alis\u00e9e gr\u00e2ce \u00e0 diff\u00e9rentes m\u00e9thodes qui sont choisies selon le format des particules \u00e0 analyser.<\/p>\n<p>L&rsquo;analyse granulom\u00e9trique peut ainsi \u00eatre effectu\u00e9e par <strong>tamisage \u00e0 sec<\/strong>, par <a href=\"https:\/\/occhio-instruments.com\/fr\/tamisage-humide\/\"><strong>tamisage humide<\/strong><\/a>, par<a href=\"https:\/\/occhio-instruments.com\/fr\/granulometrie-laser\/\"><strong> diffraction laser<\/strong><\/a> ou encore par <a href=\"https:\/\/occhio-instruments.com\/fr\/analyse-granulometrique\/analyse-image\/\"><strong>analyse d&rsquo;image<\/strong><\/a>.<\/p>\n<p>Chez Occhio-Instruments, vous trouverez ainsi les instruments qui vous permettront de r\u00e9aliser cette analyse granulom\u00e9trique.<\/p>\n<p>Nous proposons \u00e9galement plusieurs <strong>logiciels<\/strong> qui vous permettront de r\u00e9aliser l&rsquo;analyse granulom\u00e9trique avec, notamment, le<a href=\"https:\/\/occhio-instruments.com\/fr\/instruments\/nos-produits\/dispersion-voie-seche\/zephyr-esr-2\/\"><strong> Zephyr ESR 2<\/strong><\/a> qui mesure la taille et la forme des particules par <strong>analyse d&rsquo;image<\/strong> mais uniquement pour des particules s\u00e8ches. Le Zephyr ESR 2 est ainsi l&rsquo;instrument qu&rsquo;il vous faut si vous cherchez \u00e0 analyser des<strong> \u00e9chantillons tamisables<\/strong>.<\/p>\n<p>Vous pouvez \u00e9galement opter pour le logiciel <a href=\"https:\/\/occhio-instruments.com\/fr\/instruments\/nos-produits\/logiciels\/callisto-3d\/\"><strong>Callisto<\/strong> <\/a>qui permet de r\u00e9aliser l<strong>&lsquo;analyse granulom\u00e9trique de poudres, de suspensions et d&rsquo;\u00e9mulsions<\/strong>.<\/p>\n<h3>Faites appel \u00e0 Occhio Instruments pour votre analyse granulom\u00e9trique<\/h3>\n<p>Vous d\u00e9sirez obtenir <strong>plus d&rsquo;informations sur nos <a href=\"https:\/\/occhio-instruments.com\/fr\/instruments\/\">instruments<\/a> et <a href=\"https:\/\/occhio-instruments.com\/fr\/instruments\/nos-produits\/logiciels\/\">logiciels<\/a><\/strong> qui vous permettront de r\u00e9aliser efficacement l&rsquo;analyse granulom\u00e9trique de vos <strong>poudres<\/strong>, d&rsquo;<strong>agr\u00e9gats<\/strong> mais aussi l&rsquo;<strong>analyse d&rsquo;\u00e9mulsions et de<\/strong> <strong>suspensions<\/strong>\u00a0? Alors n&rsquo;h\u00e9sitez pas \u00e0 contacter Occhio !<\/p>\n<p>Notre \u00e9quipe est \u00e0 votre enti\u00e8re disposition pour vous aider \u00e0 r\u00e9aliser votre projet d&rsquo;analyse granulom\u00e9trique mais aussi pour tous vos autres projets d&rsquo;analyse de particules.<\/p>\n<p>Nous proposons \u00e9galement un service de <a href=\"https:\/\/occhio-instruments.com\/fr\/instruments\/applications\/developpement-sur-mesure\/\">d\u00e9veloppement d&rsquo;instruments sur mesure<\/a> afin que l&rsquo;instrument de laboratoire corresponde parfaitement \u00e0 vos besoins. Nos ing\u00e9nieurs <strong>exp\u00e9riment\u00e9s<\/strong> et <strong>comp\u00e9tents<\/strong> se tiennent \u00e0 vos c\u00f4t\u00e9s, sont \u00e0 votre \u00e9coute afin de<strong> comprendre au mieux vos besoins<\/strong> et de vous accompagner dans le <strong>d\u00e9veloppement sur mesure<\/strong> de votre instrument de laboratoire pour l&rsquo;analyse granulom\u00e9trique.<\/p>\n<p>[\/et_pb_text][et_pb_button button_url=\u00a0\u00bbhttps:\/\/occhio-instruments.com\/fr\/contact\/\u00a0\u00bb button_text=\u00a0\u00bbContactez-nous pour plus d&rsquo;infos sur l&rsquo;analyse granulom\u00e9trique\u00a0\u00bb _builder_version=\u00a0\u00bb4.4.3&Prime; global_colors_info=\u00a0\u00bb{}\u00a0\u00bb][\/et_pb_button][\/et_pb_column][et_pb_column type=\u00a0\u00bb1_3&Prime; _builder_version=\u00a0\u00bb4.15&Prime; global_colors_info=\u00a0\u00bb{}\u00a0\u00bb][et_pb_blurb title=\u00a0\u00bbZephyr ESR 2&Prime; image=\u00a0\u00bbhttps:\/\/occhio-instruments.com\/wp-content\/uploads\/2020\/06\/Zephyr-ESR2-1.jpg\u00a0\u00bb alt=\u00a0\u00bbLogiciel Zephyr ESR 2 &#8211; Analyse de la taille et la forme des particules par analyse d&rsquo;image\u00a0\u00bb disabled_on=\u00a0\u00bboff|off|off\u00a0\u00bb _builder_version=\u00a0\u00bb4.15&Prime; header_text_align=\u00a0\u00bbcenter\u00a0\u00bb link_option_url=\u00a0\u00bbhttps:\/\/occhio-instruments.com\/fr\/instruments\/nos-produits\/dispersion-voie-seche\/zephyr-esr-2\/\u00a0\u00bb hover_enabled=\u00a0\u00bb0&Prime; global_colors_info=\u00a0\u00bb{}\u00a0\u00bb sticky_enabled=\u00a0\u00bb0&Prime;][\/et_pb_blurb][et_pb_blurb title=\u00a0\u00bbCallisto\u00a0\u00bb image=\u00a0\u00bbhttps:\/\/occhio-instruments.com\/wp-content\/uploads\/2020\/06\/occhio-calisto-3d.png\u00a0\u00bb alt=\u00a0\u00bbCallisto, logiciel pour analyse granulom\u00e9trique &#8211; Analyse de la taille des particules\u00a0\u00bb disabled_on=\u00a0\u00bboff|off|off\u00a0\u00bb _builder_version=\u00a0\u00bb4.15.1&Prime; header_text_align=\u00a0\u00bbcenter\u00a0\u00bb link_option_url=\u00a0\u00bbhttps:\/\/occhio-instruments.com\/fr\/instruments\/nos-produits\/logiciels\/callisto-3d\/\u00a0\u00bb hover_enabled=\u00a0\u00bb0&Prime; global_colors_info=\u00a0\u00bb{}\u00a0\u00bb sticky_enabled=\u00a0\u00bb0&Prime;][\/et_pb_blurb][et_pb_blurb title=\u00a0\u00bbFC200TC\u00a0\u00bb image=\u00a0\u00bbhttps:\/\/occhio-instruments.com\/wp-content\/uploads\/2020\/06\/fc200tc.png\u00a0\u00bb alt=\u00a0\u00bbFC200TC &#8211; Comptage de particules\u00a0\u00bb disabled_on=\u00a0\u00bbon|on|on\u00a0\u00bb _builder_version=\u00a0\u00bb4.15&Prime; header_text_align=\u00a0\u00bbcenter\u00a0\u00bb link_option_url=\u00a0\u00bb\/fr\/instruments\/nos-produits\/dispersion-voie-liquide\/fc200tc\/\u00a0\u00bb disabled=\u00a0\u00bbon\u00a0\u00bb global_colors_info=\u00a0\u00bb{}\u00a0\u00bb][\/et_pb_blurb][\/et_pb_column][\/et_pb_row][\/et_pb_section][et_pb_section fb_built=\u00a0\u00bb1&Prime; _builder_version=\u00a0\u00bb4.15&Prime; saved_tabs=\u00a0\u00bball\u00a0\u00bb global_colors_info=\u00a0\u00bb{}\u00a0\u00bb][et_pb_row _builder_version=\u00a0\u00bb4.15&Prime; custom_padding=\u00a0\u00bb||0px||false|false\u00a0\u00bb global_colors_info=\u00a0\u00bb{}\u00a0\u00bb][et_pb_column type=\u00a0\u00bb4_4&Prime; _builder_version=\u00a0\u00bb4.15&Prime; global_colors_info=\u00a0\u00bb{}\u00a0\u00bb][et_pb_text _builder_version=\u00a0\u00bb4.15&Prime; global_colors_info=\u00a0\u00bb{}\u00a0\u00bb]<\/p>\n<h2 style=\"text-align: center;\">Diverses applications<br \/><strong>Avec Occhio, vous pouvez mesurer<\/strong><\/h2>\n<p>[\/et_pb_text][\/et_pb_column][\/et_pb_row][et_pb_row module_id=\u00a0\u00bbhomeParts\u00a0\u00bb _builder_version=\u00a0\u00bb4.15&Prime; global_colors_info=\u00a0\u00bb{}\u00a0\u00bb][et_pb_column type=\u00a0\u00bb4_4&Prime; _builder_version=\u00a0\u00bb4.15&Prime; global_colors_info=\u00a0\u00bb{}\u00a0\u00bb][et_pb_image src=\u00a0\u00bbhttps:\/\/occhio-instruments.com\/wp-content\/uploads\/2020\/04\/Particle-3D.jpg\u00a0\u00bb alt=\u00a0\u00bbParticules 3D\u00a0\u00bb title_text=\u00a0\u00bbParticules 3D\u00a0\u00bb _builder_version=\u00a0\u00bb4.15&Prime; global_colors_info=\u00a0\u00bb{}\u00a0\u00bb][\/et_pb_image][et_pb_image src=\u00a0\u00bbhttps:\/\/occhio-instruments.com\/wp-content\/uploads\/2020\/04\/Particle-Size.jpg\u00a0\u00bb alt=\u00a0\u00bbTaille de particules\u00a0\u00bb title_text=\u00a0\u00bbTaille de particules\u00a0\u00bb _builder_version=\u00a0\u00bb4.15&Prime; global_colors_info=\u00a0\u00bb{}\u00a0\u00bb][\/et_pb_image][et_pb_image src=\u00a0\u00bbhttps:\/\/occhio-instruments.com\/wp-content\/uploads\/2020\/04\/Liquid-Dispersion.jpg\u00a0\u00bb alt=\u00a0\u00bbDispersion liquide\u00a0\u00bb title_text=\u00a0\u00bbDispersion liquide\u00a0\u00bb _builder_version=\u00a0\u00bb4.15&Prime; global_colors_info=\u00a0\u00bb{}\u00a0\u00bb][\/et_pb_image][et_pb_image src=\u00a0\u00bbhttps:\/\/occhio-instruments.com\/wp-content\/uploads\/2020\/04\/Dry-Dispersion.jpg\u00a0\u00bb alt=\u00a0\u00bbDispersion s\u00e8che\u00a0\u00bb title_text=\u00a0\u00bbDispersion s\u00e8che\u00a0\u00bb _builder_version=\u00a0\u00bb4.15&Prime; global_colors_info=\u00a0\u00bb{}\u00a0\u00bb][\/et_pb_image][et_pb_image src=\u00a0\u00bbhttps:\/\/occhio-instruments.com\/wp-content\/uploads\/2020\/04\/Particle-Shape.jpg\u00a0\u00bb alt=\u00a0\u00bbForme de particules\u00a0\u00bb title_text=\u00a0\u00bbForme de particules\u00a0\u00bb _builder_version=\u00a0\u00bb4.15&Prime; global_colors_info=\u00a0\u00bb{}\u00a0\u00bb][\/et_pb_image][et_pb_image src=\u00a0\u00bbhttps:\/\/occhio-instruments.com\/wp-content\/uploads\/2020\/04\/Particle-counting.jpg\u00a0\u00bb alt=\u00a0\u00bbComptage de particules\u00a0\u00bb title_text=\u00a0\u00bbComptage de particules\u00a0\u00bb _builder_version=\u00a0\u00bb4.15&Prime; global_colors_info=\u00a0\u00bb{}\u00a0\u00bb][\/et_pb_image][et_pb_image src=\u00a0\u00bbhttps:\/\/occhio-instruments.com\/wp-content\/uploads\/2020\/04\/Particle-Color.jpg\u00a0\u00bb alt=\u00a0\u00bbCouleur de particules\u00a0\u00bb title_text=\u00a0\u00bbCouleur de particules\u00a0\u00bb _builder_version=\u00a0\u00bb4.15&Prime; global_colors_info=\u00a0\u00bb{}\u00a0\u00bb][\/et_pb_image][\/et_pb_column][\/et_pb_row][\/et_pb_section][et_pb_section fb_built=\u00a0\u00bb1&Prime; module_id=\u00a0\u00bbcta-bottom\u00a0\u00bb _builder_version=\u00a0\u00bb4.4.3&Prime; background_color=\u00a0\u00bb#51595D\u00a0\u00bb custom_padding=\u00a0\u00bb30px||30px||false|false\u00a0\u00bb global_module=\u00a0\u00bb89&Prime; saved_tabs=\u00a0\u00bball\u00a0\u00bb global_colors_info=\u00a0\u00bb{}\u00a0\u00bb][et_pb_row column_structure=\u00a0\u00bb2_3,1_3&Prime; _builder_version=\u00a0\u00bb4.15&Prime; global_colors_info=\u00a0\u00bb{}\u00a0\u00bb][et_pb_column type=\u00a0\u00bb2_3&Prime; _builder_version=\u00a0\u00bb4.15&Prime; global_colors_info=\u00a0\u00bb{}\u00a0\u00bb][et_pb_text _builder_version=\u00a0\u00bb4.15&Prime; text_text_color=\u00a0\u00bb#ffffff\u00a0\u00bb header_text_color=\u00a0\u00bb#ffffff\u00a0\u00bb global_colors_info=\u00a0\u00bb{}\u00a0\u00bb]<\/p>\n<h2>Vous souhaitez recevoir plus d&rsquo;infos ?<br \/><strong>Contactez-nous !<\/strong><\/h2>\n<p>[\/et_pb_text][\/et_pb_column][et_pb_column type=\u00a0\u00bb1_3&Prime; _builder_version=\u00a0\u00bb4.15&Prime; global_colors_info=\u00a0\u00bb{}\u00a0\u00bb][et_pb_button button_url=\u00a0\u00bb\/fr\/contact\/\u00a0\u00bb button_text=\u00a0\u00bbContactez-nous !\u00a0\u00bb _builder_version=\u00a0\u00bb4.4.3&Prime; global_colors_info=\u00a0\u00bb{}\u00a0\u00bb][\/et_pb_button][\/et_pb_column][\/et_pb_row][\/et_pb_section]<\/p>\n","protected":false},"excerpt":{"rendered":"<p>Analyse granulom\u00e9triqueAnalyse granulom\u00e9triqueAnalyse de la dimension de particules avec l&rsquo;analyse granulom\u00e9trique L&rsquo;analyse granulom\u00e9trique est un proc\u00e9d\u00e9 qui permet d&rsquo;\u00e9tudier la r\u00e9partition de particules selon leur dimension. Cette op\u00e9ration peut \u00eatre r\u00e9alis\u00e9e gr\u00e2ce \u00e0 diff\u00e9rentes m\u00e9thodes qui sont choisies selon le format des particules \u00e0 analyser. L&rsquo;analyse granulom\u00e9trique peut ainsi \u00eatre effectu\u00e9e par tamisage \u00e0 sec, [&hellip;]<\/p>\n","protected":false},"author":1,"featured_media":0,"parent":0,"menu_order":0,"comment_status":"closed","ping_status":"closed","template":"","meta":{"_et_pb_use_builder":"on","_et_pb_old_content":"","_et_gb_content_width":"","footnotes":""},"yoast_head":"<!-- This site is optimized with the Yoast SEO plugin v22.9 - https:\/\/yoast.com\/wordpress\/plugins\/seo\/ -->\n<title>Analyse granulom\u00e9trique par Occhio: Analyse de taille de particules<\/title>\n<meta name=\"description\" content=\"Analyse granulom\u00e9trique : pour la granulom\u00e9trie de vos poudres, suspensions, \u00e9mulsions et agr\u00e9gats, faites confiance \u00e0 Occhio \u00e0 Li\u00e8ge.\" \/>\n<meta name=\"robots\" content=\"index, follow, max-snippet:-1, max-image-preview:large, max-video-preview:-1\" \/>\n<link rel=\"canonical\" href=\"https:\/\/occhio-instruments.com\/fr\/analyse-granulometrique\/\" \/>\n<meta property=\"og:locale\" content=\"fr_FR\" \/>\n<meta property=\"og:type\" content=\"article\" \/>\n<meta property=\"og:title\" content=\"Analyse granulom\u00e9trique par Occhio: Analyse de taille de particules\" \/>\n<meta property=\"og:description\" content=\"Analyse granulom\u00e9trique : pour la granulom\u00e9trie de vos poudres, suspensions, \u00e9mulsions et agr\u00e9gats, faites confiance \u00e0 Occhio \u00e0 Li\u00e8ge.\" \/>\n<meta property=\"og:url\" content=\"https:\/\/occhio-instruments.com\/fr\/analyse-granulometrique\/\" \/>\n<meta property=\"og:site_name\" content=\"Occhio\" \/>\n<meta property=\"article:modified_time\" content=\"2023-01-27T09:18:44+00:00\" \/>\n<meta property=\"og:image\" content=\"https:\/\/occhio-instruments.com\/wp-content\/uploads\/2021\/12\/occhio-instruments.jpg\" \/>\n\t<meta property=\"og:image:width\" content=\"1200\" \/>\n\t<meta property=\"og:image:height\" content=\"630\" \/>\n\t<meta property=\"og:image:type\" content=\"image\/jpeg\" \/>\n<meta name=\"twitter:card\" content=\"summary_large_image\" \/>\n<meta name=\"twitter:label1\" content=\"Dur\u00e9e de lecture estim\u00e9e\" \/>\n\t<meta name=\"twitter:data1\" content=\"3 minutes\" \/>\n<script type=\"application\/ld+json\" class=\"yoast-schema-graph\">{\"@context\":\"https:\/\/schema.org\",\"@graph\":[{\"@type\":\"WebPage\",\"@id\":\"https:\/\/occhio-instruments.com\/fr\/analyse-granulometrique\/\",\"url\":\"https:\/\/occhio-instruments.com\/fr\/analyse-granulometrique\/\",\"name\":\"Analyse granulom\u00e9trique par Occhio: Analyse de taille de particules\",\"isPartOf\":{\"@id\":\"https:\/\/occhio-instruments.com\/#website\"},\"datePublished\":\"2021-11-05T13:12:47+00:00\",\"dateModified\":\"2023-01-27T09:18:44+00:00\",\"description\":\"Analyse granulom\u00e9trique : pour la granulom\u00e9trie de vos poudres, suspensions, \u00e9mulsions et agr\u00e9gats, faites confiance \u00e0 Occhio \u00e0 Li\u00e8ge.\",\"inLanguage\":\"fr-FR\",\"potentialAction\":[{\"@type\":\"ReadAction\",\"target\":[\"https:\/\/occhio-instruments.com\/fr\/analyse-granulometrique\/\"]}]},{\"@type\":\"WebSite\",\"@id\":\"https:\/\/occhio-instruments.com\/#website\",\"url\":\"https:\/\/occhio-instruments.com\/\",\"name\":\"Occhio\",\"description\":\"Un site utilisant WordPress\",\"potentialAction\":[{\"@type\":\"SearchAction\",\"target\":{\"@type\":\"EntryPoint\",\"urlTemplate\":\"https:\/\/occhio-instruments.com\/?s={search_term_string}\"},\"query-input\":\"required name=search_term_string\"}],\"inLanguage\":\"fr-FR\"}]}<\/script>\n<!-- \/ Yoast SEO plugin. -->","yoast_head_json":{"title":"Analyse granulom\u00e9trique par Occhio: Analyse de taille de particules","description":"Analyse granulom\u00e9trique : pour la granulom\u00e9trie de vos poudres, suspensions, \u00e9mulsions et agr\u00e9gats, faites confiance \u00e0 Occhio \u00e0 Li\u00e8ge.","robots":{"index":"index","follow":"follow","max-snippet":"max-snippet:-1","max-image-preview":"max-image-preview:large","max-video-preview":"max-video-preview:-1"},"canonical":"https:\/\/occhio-instruments.com\/fr\/analyse-granulometrique\/","og_locale":"fr_FR","og_type":"article","og_title":"Analyse granulom\u00e9trique par Occhio: Analyse de taille de particules","og_description":"Analyse granulom\u00e9trique : pour la granulom\u00e9trie de vos poudres, suspensions, \u00e9mulsions et agr\u00e9gats, faites confiance \u00e0 Occhio \u00e0 Li\u00e8ge.","og_url":"https:\/\/occhio-instruments.com\/fr\/analyse-granulometrique\/","og_site_name":"Occhio","article_modified_time":"2023-01-27T09:18:44+00:00","og_image":[{"width":1200,"height":630,"url":"https:\/\/occhio-instruments.com\/wp-content\/uploads\/2021\/12\/occhio-instruments.jpg","type":"image\/jpeg"}],"twitter_card":"summary_large_image","twitter_misc":{"Dur\u00e9e de lecture estim\u00e9e":"3 minutes"},"schema":{"@context":"https:\/\/schema.org","@graph":[{"@type":"WebPage","@id":"https:\/\/occhio-instruments.com\/fr\/analyse-granulometrique\/","url":"https:\/\/occhio-instruments.com\/fr\/analyse-granulometrique\/","name":"Analyse granulom\u00e9trique par Occhio: Analyse de taille de particules","isPartOf":{"@id":"https:\/\/occhio-instruments.com\/#website"},"datePublished":"2021-11-05T13:12:47+00:00","dateModified":"2023-01-27T09:18:44+00:00","description":"Analyse granulom\u00e9trique : pour la granulom\u00e9trie de vos poudres, suspensions, \u00e9mulsions et agr\u00e9gats, faites confiance \u00e0 Occhio \u00e0 Li\u00e8ge.","inLanguage":"fr-FR","potentialAction":[{"@type":"ReadAction","target":["https:\/\/occhio-instruments.com\/fr\/analyse-granulometrique\/"]}]},{"@type":"WebSite","@id":"https:\/\/occhio-instruments.com\/#website","url":"https:\/\/occhio-instruments.com\/","name":"Occhio","description":"Un site utilisant WordPress","potentialAction":[{"@type":"SearchAction","target":{"@type":"EntryPoint","urlTemplate":"https:\/\/occhio-instruments.com\/?s={search_term_string}"},"query-input":"required name=search_term_string"}],"inLanguage":"fr-FR"}]}},"_links":{"self":[{"href":"https:\/\/occhio-instruments.com\/fr\/wp-json\/wp\/v2\/pages\/4033"}],"collection":[{"href":"https:\/\/occhio-instruments.com\/fr\/wp-json\/wp\/v2\/pages"}],"about":[{"href":"https:\/\/occhio-instruments.com\/fr\/wp-json\/wp\/v2\/types\/page"}],"author":[{"embeddable":true,"href":"https:\/\/occhio-instruments.com\/fr\/wp-json\/wp\/v2\/users\/1"}],"replies":[{"embeddable":true,"href":"https:\/\/occhio-instruments.com\/fr\/wp-json\/wp\/v2\/comments?post=4033"}],"version-history":[{"count":24,"href":"https:\/\/occhio-instruments.com\/fr\/wp-json\/wp\/v2\/pages\/4033\/revisions"}],"predecessor-version":[{"id":9173,"href":"https:\/\/occhio-instruments.com\/fr\/wp-json\/wp\/v2\/pages\/4033\/revisions\/9173"}],"wp:attachment":[{"href":"https:\/\/occhio-instruments.com\/fr\/wp-json\/wp\/v2\/media?parent=4033"}],"curies":[{"name":"wp","href":"https:\/\/api.w.org\/{rel}","templated":true}]}}