{"id":2821,"date":"2020-06-16T12:57:06","date_gmt":"2020-06-16T10:57:06","guid":{"rendered":"https:\/\/occhio-instruments.com\/biotechnologie-pharmaceutique\/applications\/three-dimensional-particle-characterization\/"},"modified":"2023-07-25T15:21:01","modified_gmt":"2023-07-25T13:21:01","slug":"caracterisation-tridimensionnelle-particules","status":"publish","type":"page","link":"https:\/\/occhio-instruments.com\/fr\/biotechnologie-pharmaceutique\/applications\/caracterisation-tridimensionnelle-particules\/","title":{"rendered":"Caract\u00e9risation tridimensionnelle des particules"},"content":{"rendered":"<p>[et_pb_section fb_built=\u00a0\u00bb1&Prime; module_id=\u00a0\u00bbbanner\u00a0\u00bb _builder_version=\u00a0\u00bb4.15&Prime; background_image=\u00a0\u00bbhttps:\/\/occhio-instruments.com\/wp-content\/uploads\/2020\/04\/banner-bg.png\u00a0\u00bb global_colors_info=\u00a0\u00bb{}\u00a0\u00bb][et_pb_row _builder_version=\u00a0\u00bb4.15&Prime; background_size=\u00a0\u00bbinitial\u00a0\u00bb background_position=\u00a0\u00bbtop_left\u00a0\u00bb background_repeat=\u00a0\u00bbrepeat\u00a0\u00bb global_colors_info=\u00a0\u00bb{}\u00a0\u00bb][et_pb_column type=\u00a0\u00bb4_4&Prime; _builder_version=\u00a0\u00bb4.15&Prime; custom_padding=\u00a0\u00bb|||\u00a0\u00bb global_colors_info=\u00a0\u00bb{}\u00a0\u00bb custom_padding__hover=\u00a0\u00bb|||\u00a0\u00bb][et_pb_text _builder_version=\u00a0\u00bb4.15&Prime; global_colors_info=\u00a0\u00bb{}\u00a0\u00bb]<\/p>\n<p style=\"text-align: center;\">Caract\u00e9risation tridimensionnelle des particules<\/p>\n<p>[\/et_pb_text][\/et_pb_column][\/et_pb_row][\/et_pb_section][et_pb_section fb_built=\u00a0\u00bb1&Prime; _builder_version=\u00a0\u00bb4.15&Prime; global_colors_info=\u00a0\u00bb{}\u00a0\u00bb][et_pb_row column_structure=\u00a0\u00bb2_3,1_3&Prime; _builder_version=\u00a0\u00bb4.15&Prime; global_colors_info=\u00a0\u00bb{}\u00a0\u00bb][et_pb_column type=\u00a0\u00bb2_3&Prime; _builder_version=\u00a0\u00bb4.15&Prime; global_colors_info=\u00a0\u00bb{}\u00a0\u00bb][et_pb_text _builder_version=\u00a0\u00bb4.15.1&Prime; global_colors_info=\u00a0\u00bb{}\u00a0\u00bb]<\/p>\n<h2>CARACTERISATION TRIDIMENSIONNELLE DES PARTICULES<br \/><strong>CARACT\u00c9RISATION AVANC\u00c9E DE PARTICULES PAR ANALYSE D&rsquo;IMAGE : MESURER LES DIMENSIONS R\u00c9ELLES DES PARTICULES<br \/><\/strong><\/h2>\n<p>Occhio propose d\u00e9sormais un<strong> syst\u00e8me de mesure enti\u00e8rement automatis\u00e9 capable de mesurer des milliers de particules en 3D<\/strong> ! A partir de 500\u00b5m et jusqu&rsquo;\u00e0 plusieurs millim\u00e8tres, le <a href=\"https:\/\/occhio-instruments.com\/fr\/morpho-3d\/\"><strong>Morpho 3D<\/strong> <\/a>effectue une analyse pr\u00e9cise et en temps r\u00e9el de chaque particule et enregistre les caract\u00e9ristiques de taille et de forme ainsi qu&rsquo;une image 3D de la particule.<\/p>\n<p>En utilisant une cam\u00e9ra st\u00e9r\u00e9oscopique et un objectif, le Morpho 3D peut \u00e9galement <strong>mesurer la couleur<\/strong> de chaque particule. Le principe de fonctionnement combine un <strong>\u00e9clairage par r\u00e9flexion<\/strong> avec un <strong>syst\u00e8me optique sp\u00e9cialis\u00e9<\/strong> pour capturer la r\u00e9flexion de l&rsquo;image.<\/p>\n<p>Les principales <a href=\"https:\/\/occhio-instruments.com\/fr\/biotechnologie-pharmaceutique\/application-notes\/\">applications<\/a> sont les suivantes : semences, granul\u00e9s g\u00e9n\u00e9riques (par exemple, plastique, bois, produits chimiques, compos\u00e9s pharmaceutiques), \u00e9chantillons granulaires, sables, macro et microfibres.<\/p>\n<h2>Contactez Occhio et trouvez l&rsquo;instrument de laboratoire pour la caract\u00e9risation tridimensionnelle de particules<\/h2>\n<p>Pour en savoir davantage sur les instruments de laboratoire et les services que nous proposons chez Occhio, <a href=\"https:\/\/occhio-instruments.com\/fr\/contact\/\"><strong>n&rsquo;h\u00e9sitez pas \u00e0 nous contacter<\/strong><\/a> !<\/p>\n<p>Notre \u00e9quipe sera \u00e0 votre disposition pour vous aider \u00e0 trouver l&rsquo;instrument de laboratoire parfaitement adapt\u00e9 \u00e0 votre projet mais plus encore puisque nous proposons \u00e9galement un service de <a href=\"https:\/\/occhio-instruments.com\/fr\/biotechnologie-pharmaceutique\/applications\/developpement-special-clients\/\"><strong>d\u00e9veloppement d&rsquo;instrument de laboratoire<\/strong> <\/a>sur mesure ! Vous trouverez sans nul doute l&rsquo;instrument de mesure par analyse d&rsquo;image qu&rsquo;il vous faut avec Occhio-Instruments !<\/p>\n<p>[\/et_pb_text][\/et_pb_column][et_pb_column type=\u00a0\u00bb1_3&Prime; _builder_version=\u00a0\u00bb4.15&Prime; global_colors_info=\u00a0\u00bb{}\u00a0\u00bb][et_pb_blurb title=\u00a0\u00bbMorpho 3D\u00a0\u00bb image=\u00a0\u00bbhttps:\/\/occhio-instruments.com\/wp-content\/uploads\/2020\/06\/morpho3d.png\u00a0\u00bb alt=\u00a0\u00bbMorpho 3D &#8211; Mesure de la taille, de la forme et de la couleur de particules par l\u2019analyse d\u2019image avec la mesure pr\u00e9cise de la troisi\u00e8me dimension\u00a0\u00bb _builder_version=\u00a0\u00bb4.15&Prime; header_text_align=\u00a0\u00bbcenter\u00a0\u00bb link_option_url=\u00a0\u00bb\/fr\/instruments\/nos-produits\/dispersion-voie-seche\/morpho-3d\/\u00a0\u00bb global_colors_info=\u00a0\u00bb{}\u00a0\u00bb][\/et_pb_blurb][\/et_pb_column][\/et_pb_row][et_pb_row _builder_version=\u00a0\u00bb4.15&Prime; global_colors_info=\u00a0\u00bb{}\u00a0\u00bb][et_pb_column type=\u00a0\u00bb4_4&Prime; _builder_version=\u00a0\u00bb4.15&Prime; global_colors_info=\u00a0\u00bb{}\u00a0\u00bb][et_pb_text _builder_version=\u00a0\u00bb4.15&Prime; global_colors_info=\u00a0\u00bb{}\u00a0\u00bb]<\/p>\n<h3><strong>D\u00e9couvrez nos autres applications \u2013 Biotechnologie &amp; pharmaceutique<\/strong><\/h3>\n<p>[\/et_pb_text][\/et_pb_column][\/et_pb_row][et_pb_row column_structure=\u00a0\u00bb1_4,1_4,1_4,1_4&Prime; _builder_version=\u00a0\u00bb4.15&Prime; global_colors_info=\u00a0\u00bb{}\u00a0\u00bb][et_pb_column type=\u00a0\u00bb1_4&Prime; _builder_version=\u00a0\u00bb4.15&Prime; global_colors_info=\u00a0\u00bb{}\u00a0\u00bb][et_pb_button button_url=\u00a0\u00bbhttps:\/\/occhio-instruments.com\/fr\/biotechnologie-pharmaceutique\/applications\/agregation-proteines\/\u00a0\u00bb button_text=\u00a0\u00bbAgr\u00e9gation des prot\u00e9ines\u00a0\u00bb button_alignment=\u00a0\u00bbcenter\u00a0\u00bb admin_label=\u00a0\u00bbAgr\u00e9gation des prot\u00e9ines\u00a0\u00bb _builder_version=\u00a0\u00bb4.4.3&Prime; custom_margin=\u00a0\u00bb|3px||5px|false|false\u00a0\u00bb custom_padding=\u00a0\u00bb|3px||3px|false|false\u00a0\u00bb global_colors_info=\u00a0\u00bb{}\u00a0\u00bb][\/et_pb_button][et_pb_button button_url=\u00a0\u00bbhttps:\/\/occhio-instruments.com\/fr\/biotechnologie-pharmaceutique\/applications\/analyse-forme-suspension-liquide\/\u00a0\u00bb button_text=\u00a0\u00bbAnalyse de la forme d\u2019une suspension liquide\u00a0\u00bb button_alignment=\u00a0\u00bbcenter\u00a0\u00bb admin_label=\u00a0\u00bbAnalyse de la forme d\u2019une suspension liquide\u00a0\u00bb _builder_version=\u00a0\u00bb4.4.3&Prime; global_colors_info=\u00a0\u00bb{}\u00a0\u00bb][\/et_pb_button][\/et_pb_column][et_pb_column type=\u00a0\u00bb1_4&Prime; _builder_version=\u00a0\u00bb4.15&Prime; global_colors_info=\u00a0\u00bb{}\u00a0\u00bb][et_pb_button button_text=\u00a0\u00bbAnalyse des poudres pharmaceutiques s\u00e8ches\u00a0\u00bb button_alignment=\u00a0\u00bbcenter\u00a0\u00bb admin_label=\u00a0\u00bbAnalyse des poudres pharmaceutiques s\u00e8ches\u00a0\u00bb _builder_version=\u00a0\u00bb4.4.3&Prime; global_colors_info=\u00a0\u00bb{}\u00a0\u00bb][\/et_pb_button][et_pb_button button_url=\u00a0\u00bbhttps:\/\/occhio-instruments.com\/fr\/biotechnologie-pharmaceutique\/applications\/analyse-emulsions\/\u00a0\u00bb button_text=\u00a0\u00bbAnalyse de taille et forme des \u00e9mulsions\u00a0\u00bb button_alignment=\u00a0\u00bbcenter\u00a0\u00bb admin_label=\u00a0\u00bbAnalyse des \u00e9mulsions\u00a0\u00bb _builder_version=\u00a0\u00bb4.4.3&Prime; global_colors_info=\u00a0\u00bb{}\u00a0\u00bb][\/et_pb_button][\/et_pb_column][et_pb_column type=\u00a0\u00bb1_4&Prime; _builder_version=\u00a0\u00bb4.15&Prime; global_colors_info=\u00a0\u00bb{}\u00a0\u00bb][et_pb_button button_url=\u00a0\u00bbhttps:\/\/occhio-instruments.com\/fr\/biotechnologie-pharmaceutique\/applications\/concentration-particule\/\u00a0\u00bb button_text=\u00a0\u00bbConcentration en particules\u00a0\u00bb button_alignment=\u00a0\u00bbcenter\u00a0\u00bb admin_label=\u00a0\u00bbConcentration en particules\u00a0\u00bb _builder_version=\u00a0\u00bb4.4.3&Prime; global_colors_info=\u00a0\u00bb{}\u00a0\u00bb][\/et_pb_button][et_pb_button button_url=\u00a0\u00bbhttps:\/\/occhio-instruments.com\/fr\/biotechnologie-pharmaceutique\/applications\/analyse-couleur-particule\/\u00a0\u00bb button_text=\u00a0\u00bbAnalyse de la couleur des particules\u00a0\u00bb button_alignment=\u00a0\u00bbcenter\u00a0\u00bb admin_label=\u00a0\u00bbAnalyse de la couleur des particules\u00a0\u00bb _builder_version=\u00a0\u00bb4.4.3&Prime; global_colors_info=\u00a0\u00bb{}\u00a0\u00bb][\/et_pb_button][\/et_pb_column][et_pb_column type=\u00a0\u00bb1_4&Prime; _builder_version=\u00a0\u00bb4.15&Prime; global_colors_info=\u00a0\u00bb{}\u00a0\u00bb][et_pb_button button_url=\u00a0\u00bbhttps:\/\/occhio-instruments.com\/fr\/biotechnologie-pharmaceutique\/applications\/analyse-forme-poudres-seches\/\u00a0\u00bb button_text=\u00a0\u00bbAnalyse de forme pour la poudre s\u00e8che\u00a0\u00bb button_alignment=\u00a0\u00bbcenter\u00a0\u00bb admin_label=\u00a0\u00bbAnalyse de forme pour la poudre s\u00e8che\u00a0\u00bb _builder_version=\u00a0\u00bb4.4.3&Prime; global_colors_info=\u00a0\u00bb{}\u00a0\u00bb][\/et_pb_button][et_pb_button button_url=\u00a0\u00bbhttps:\/\/occhio-instruments.com\/fr\/biotechnologie-pharmaceutique\/applications\/developpement-special-clients\/\u00a0\u00bb button_text=\u00a0\u00bbD\u00e9veloppement sp\u00e9cial pour les clients\u00a0\u00bb button_alignment=\u00a0\u00bbcenter\u00a0\u00bb admin_label=\u00a0\u00bbD\u00e9veloppement sp\u00e9cial pour les clients\u00a0\u00bb _builder_version=\u00a0\u00bb4.4.3&Prime; global_colors_info=\u00a0\u00bb{}\u00a0\u00bb][\/et_pb_button][\/et_pb_column][\/et_pb_row][\/et_pb_section][et_pb_section fb_built=\u00a0\u00bb1&Prime; module_id=\u00a0\u00bbcta-bottom\u00a0\u00bb _builder_version=\u00a0\u00bb4.4.3&Prime; background_color=\u00a0\u00bb#51595D\u00a0\u00bb custom_padding=\u00a0\u00bb30px||30px||false|false\u00a0\u00bb global_module=\u00a0\u00bb89&Prime; saved_tabs=\u00a0\u00bball\u00a0\u00bb global_colors_info=\u00a0\u00bb{}\u00a0\u00bb][et_pb_row column_structure=\u00a0\u00bb2_3,1_3&Prime; _builder_version=\u00a0\u00bb4.15&Prime; global_colors_info=\u00a0\u00bb{}\u00a0\u00bb][et_pb_column type=\u00a0\u00bb2_3&Prime; _builder_version=\u00a0\u00bb4.15&Prime; global_colors_info=\u00a0\u00bb{}\u00a0\u00bb][et_pb_text _builder_version=\u00a0\u00bb4.15&Prime; text_text_color=\u00a0\u00bb#ffffff\u00a0\u00bb header_text_color=\u00a0\u00bb#ffffff\u00a0\u00bb global_colors_info=\u00a0\u00bb{}\u00a0\u00bb]<\/p>\n<h2>Vous souhaitez recevoir plus d&rsquo;infos ?<br \/><strong>Contactez-nous !<\/strong><\/h2>\n<p>[\/et_pb_text][\/et_pb_column][et_pb_column type=\u00a0\u00bb1_3&Prime; _builder_version=\u00a0\u00bb4.15&Prime; global_colors_info=\u00a0\u00bb{}\u00a0\u00bb][et_pb_button button_url=\u00a0\u00bb\/fr\/contact\/\u00a0\u00bb button_text=\u00a0\u00bbContactez-nous !\u00a0\u00bb _builder_version=\u00a0\u00bb4.4.3&Prime; global_colors_info=\u00a0\u00bb{}\u00a0\u00bb][\/et_pb_button][\/et_pb_column][\/et_pb_row][\/et_pb_section]<\/p>\n","protected":false},"excerpt":{"rendered":"<p>Caract\u00e9risation tridimensionnelle des particulesCARACTERISATION TRIDIMENSIONNELLE DES PARTICULESCARACT\u00c9RISATION AVANC\u00c9E DE PARTICULES PAR ANALYSE D&rsquo;IMAGE : MESURER LES DIMENSIONS R\u00c9ELLES DES PARTICULES Occhio propose d\u00e9sormais un syst\u00e8me de mesure enti\u00e8rement automatis\u00e9 capable de mesurer des milliers de particules en 3D ! A partir de 500\u00b5m et jusqu&rsquo;\u00e0 plusieurs millim\u00e8tres, le Morpho 3D effectue une analyse pr\u00e9cise et [&hellip;]<\/p>\n","protected":false},"author":1,"featured_media":0,"parent":2762,"menu_order":0,"comment_status":"closed","ping_status":"closed","template":"","meta":{"_et_pb_use_builder":"on","_et_pb_old_content":"","_et_gb_content_width":"","footnotes":""},"yoast_head":"<!-- This site is optimized with the Yoast SEO plugin v22.9 - https:\/\/yoast.com\/wordpress\/plugins\/seo\/ -->\n<title>Caract\u00e9risation tridimensionnelle des particules - Occhio<\/title>\n<meta name=\"description\" content=\"Caract\u00e9risation tridimensionnelle pour mesurer les dimensions r\u00e9elles des particules. Analyse de forme, de taille et de couleur avec Occhio.\" \/>\n<meta name=\"robots\" content=\"index, follow, max-snippet:-1, max-image-preview:large, max-video-preview:-1\" \/>\n<link rel=\"canonical\" href=\"https:\/\/occhio-instruments.com\/fr\/biotechnologie-pharmaceutique\/applications\/caracterisation-tridimensionnelle-particules\/\" \/>\n<meta property=\"og:locale\" content=\"fr_FR\" \/>\n<meta property=\"og:type\" content=\"article\" \/>\n<meta property=\"og:title\" content=\"Caract\u00e9risation tridimensionnelle des particules - Occhio\" \/>\n<meta property=\"og:description\" content=\"Caract\u00e9risation tridimensionnelle pour mesurer les dimensions r\u00e9elles des particules. Analyse de forme, de taille et de couleur avec Occhio.\" \/>\n<meta property=\"og:url\" content=\"https:\/\/occhio-instruments.com\/fr\/biotechnologie-pharmaceutique\/applications\/caracterisation-tridimensionnelle-particules\/\" \/>\n<meta property=\"og:site_name\" content=\"Occhio\" \/>\n<meta property=\"article:modified_time\" content=\"2023-07-25T13:21:01+00:00\" \/>\n<meta property=\"og:image\" content=\"https:\/\/occhio-instruments.com\/wp-content\/uploads\/2021\/12\/occhio-instruments.jpg\" \/>\n\t<meta property=\"og:image:width\" content=\"1200\" \/>\n\t<meta property=\"og:image:height\" content=\"630\" \/>\n\t<meta property=\"og:image:type\" content=\"image\/jpeg\" \/>\n<meta name=\"twitter:card\" content=\"summary_large_image\" \/>\n<meta name=\"twitter:label1\" content=\"Dur\u00e9e de lecture estim\u00e9e\" \/>\n\t<meta name=\"twitter:data1\" content=\"3 minutes\" \/>\n<script type=\"application\/ld+json\" class=\"yoast-schema-graph\">{\"@context\":\"https:\/\/schema.org\",\"@graph\":[{\"@type\":\"WebPage\",\"@id\":\"https:\/\/occhio-instruments.com\/fr\/biotechnologie-pharmaceutique\/applications\/caracterisation-tridimensionnelle-particules\/\",\"url\":\"https:\/\/occhio-instruments.com\/fr\/biotechnologie-pharmaceutique\/applications\/caracterisation-tridimensionnelle-particules\/\",\"name\":\"Caract\u00e9risation tridimensionnelle des particules - Occhio\",\"isPartOf\":{\"@id\":\"https:\/\/occhio-instruments.com\/#website\"},\"datePublished\":\"2020-06-16T10:57:06+00:00\",\"dateModified\":\"2023-07-25T13:21:01+00:00\",\"description\":\"Caract\u00e9risation tridimensionnelle pour mesurer les dimensions r\u00e9elles des particules. Analyse de forme, de taille et de couleur avec Occhio.\",\"breadcrumb\":{\"@id\":\"https:\/\/occhio-instruments.com\/fr\/biotechnologie-pharmaceutique\/applications\/caracterisation-tridimensionnelle-particules\/#breadcrumb\"},\"inLanguage\":\"fr-FR\",\"potentialAction\":[{\"@type\":\"ReadAction\",\"target\":[\"https:\/\/occhio-instruments.com\/fr\/biotechnologie-pharmaceutique\/applications\/caracterisation-tridimensionnelle-particules\/\"]}]},{\"@type\":\"BreadcrumbList\",\"@id\":\"https:\/\/occhio-instruments.com\/fr\/biotechnologie-pharmaceutique\/applications\/caracterisation-tridimensionnelle-particules\/#breadcrumb\",\"itemListElement\":[{\"@type\":\"ListItem\",\"position\":1,\"name\":\"Biotechnologie &#038; Pharmaceutique FR\",\"item\":\"https:\/\/occhio-instruments.com\/fr\/biotechnologie-pharmaceutique\/\"},{\"@type\":\"ListItem\",\"position\":2,\"name\":\"Applications FR\",\"item\":\"https:\/\/occhio-instruments.com\/fr\/biotechnologie-pharmaceutique\/applications\/\"},{\"@type\":\"ListItem\",\"position\":3,\"name\":\"Caract\u00e9risation tridimensionnelle des particules\"}]},{\"@type\":\"WebSite\",\"@id\":\"https:\/\/occhio-instruments.com\/#website\",\"url\":\"https:\/\/occhio-instruments.com\/\",\"name\":\"Occhio\",\"description\":\"Un site utilisant WordPress\",\"potentialAction\":[{\"@type\":\"SearchAction\",\"target\":{\"@type\":\"EntryPoint\",\"urlTemplate\":\"https:\/\/occhio-instruments.com\/?s={search_term_string}\"},\"query-input\":\"required name=search_term_string\"}],\"inLanguage\":\"fr-FR\"}]}<\/script>\n<!-- \/ Yoast SEO plugin. -->","yoast_head_json":{"title":"Caract\u00e9risation tridimensionnelle des particules - Occhio","description":"Caract\u00e9risation tridimensionnelle pour mesurer les dimensions r\u00e9elles des particules. Analyse de forme, de taille et de couleur avec Occhio.","robots":{"index":"index","follow":"follow","max-snippet":"max-snippet:-1","max-image-preview":"max-image-preview:large","max-video-preview":"max-video-preview:-1"},"canonical":"https:\/\/occhio-instruments.com\/fr\/biotechnologie-pharmaceutique\/applications\/caracterisation-tridimensionnelle-particules\/","og_locale":"fr_FR","og_type":"article","og_title":"Caract\u00e9risation tridimensionnelle des particules - Occhio","og_description":"Caract\u00e9risation tridimensionnelle pour mesurer les dimensions r\u00e9elles des particules. Analyse de forme, de taille et de couleur avec Occhio.","og_url":"https:\/\/occhio-instruments.com\/fr\/biotechnologie-pharmaceutique\/applications\/caracterisation-tridimensionnelle-particules\/","og_site_name":"Occhio","article_modified_time":"2023-07-25T13:21:01+00:00","og_image":[{"width":1200,"height":630,"url":"https:\/\/occhio-instruments.com\/wp-content\/uploads\/2021\/12\/occhio-instruments.jpg","type":"image\/jpeg"}],"twitter_card":"summary_large_image","twitter_misc":{"Dur\u00e9e de lecture estim\u00e9e":"3 minutes"},"schema":{"@context":"https:\/\/schema.org","@graph":[{"@type":"WebPage","@id":"https:\/\/occhio-instruments.com\/fr\/biotechnologie-pharmaceutique\/applications\/caracterisation-tridimensionnelle-particules\/","url":"https:\/\/occhio-instruments.com\/fr\/biotechnologie-pharmaceutique\/applications\/caracterisation-tridimensionnelle-particules\/","name":"Caract\u00e9risation tridimensionnelle des particules - Occhio","isPartOf":{"@id":"https:\/\/occhio-instruments.com\/#website"},"datePublished":"2020-06-16T10:57:06+00:00","dateModified":"2023-07-25T13:21:01+00:00","description":"Caract\u00e9risation tridimensionnelle pour mesurer les dimensions r\u00e9elles des particules. Analyse de forme, de taille et de couleur avec Occhio.","breadcrumb":{"@id":"https:\/\/occhio-instruments.com\/fr\/biotechnologie-pharmaceutique\/applications\/caracterisation-tridimensionnelle-particules\/#breadcrumb"},"inLanguage":"fr-FR","potentialAction":[{"@type":"ReadAction","target":["https:\/\/occhio-instruments.com\/fr\/biotechnologie-pharmaceutique\/applications\/caracterisation-tridimensionnelle-particules\/"]}]},{"@type":"BreadcrumbList","@id":"https:\/\/occhio-instruments.com\/fr\/biotechnologie-pharmaceutique\/applications\/caracterisation-tridimensionnelle-particules\/#breadcrumb","itemListElement":[{"@type":"ListItem","position":1,"name":"Biotechnologie &#038; Pharmaceutique FR","item":"https:\/\/occhio-instruments.com\/fr\/biotechnologie-pharmaceutique\/"},{"@type":"ListItem","position":2,"name":"Applications FR","item":"https:\/\/occhio-instruments.com\/fr\/biotechnologie-pharmaceutique\/applications\/"},{"@type":"ListItem","position":3,"name":"Caract\u00e9risation tridimensionnelle des particules"}]},{"@type":"WebSite","@id":"https:\/\/occhio-instruments.com\/#website","url":"https:\/\/occhio-instruments.com\/","name":"Occhio","description":"Un site utilisant WordPress","potentialAction":[{"@type":"SearchAction","target":{"@type":"EntryPoint","urlTemplate":"https:\/\/occhio-instruments.com\/?s={search_term_string}"},"query-input":"required name=search_term_string"}],"inLanguage":"fr-FR"}]}},"_links":{"self":[{"href":"https:\/\/occhio-instruments.com\/fr\/wp-json\/wp\/v2\/pages\/2821"}],"collection":[{"href":"https:\/\/occhio-instruments.com\/fr\/wp-json\/wp\/v2\/pages"}],"about":[{"href":"https:\/\/occhio-instruments.com\/fr\/wp-json\/wp\/v2\/types\/page"}],"author":[{"embeddable":true,"href":"https:\/\/occhio-instruments.com\/fr\/wp-json\/wp\/v2\/users\/1"}],"replies":[{"embeddable":true,"href":"https:\/\/occhio-instruments.com\/fr\/wp-json\/wp\/v2\/comments?post=2821"}],"version-history":[{"count":11,"href":"https:\/\/occhio-instruments.com\/fr\/wp-json\/wp\/v2\/pages\/2821\/revisions"}],"predecessor-version":[{"id":10298,"href":"https:\/\/occhio-instruments.com\/fr\/wp-json\/wp\/v2\/pages\/2821\/revisions\/10298"}],"up":[{"embeddable":true,"href":"https:\/\/occhio-instruments.com\/fr\/wp-json\/wp\/v2\/pages\/2762"}],"wp:attachment":[{"href":"https:\/\/occhio-instruments.com\/fr\/wp-json\/wp\/v2\/media?parent=2821"}],"curies":[{"name":"wp","href":"https:\/\/api.w.org\/{rel}","templated":true}]}}