{"id":2801,"date":"2020-06-16T12:55:20","date_gmt":"2020-06-16T10:55:20","guid":{"rendered":"https:\/\/occhio-instruments.com\/biotechnologie-pharmaceutique\/applications\/dry-pharmaceutical-powders-analysis\/"},"modified":"2023-07-25T15:14:44","modified_gmt":"2023-07-25T13:14:44","slug":"poudres-pharmaceutiques-seches","status":"publish","type":"page","link":"https:\/\/occhio-instruments.com\/fr\/biotechnologie-pharmaceutique\/applications\/poudres-pharmaceutiques-seches\/","title":{"rendered":"Poudres pharmaceutiques s\u00e8ches"},"content":{"rendered":"<p>[et_pb_section fb_built=\u00a0\u00bb1&Prime; module_id=\u00a0\u00bbbanner\u00a0\u00bb _builder_version=\u00a0\u00bb4.15&Prime; background_image=\u00a0\u00bbhttps:\/\/occhio-instruments.com\/wp-content\/uploads\/2020\/04\/banner-bg.png\u00a0\u00bb global_colors_info=\u00a0\u00bb{}\u00a0\u00bb][et_pb_row _builder_version=\u00a0\u00bb4.15&Prime; background_size=\u00a0\u00bbinitial\u00a0\u00bb background_position=\u00a0\u00bbtop_left\u00a0\u00bb background_repeat=\u00a0\u00bbrepeat\u00a0\u00bb global_colors_info=\u00a0\u00bb{}\u00a0\u00bb][et_pb_column type=\u00a0\u00bb4_4&Prime; _builder_version=\u00a0\u00bb4.15&Prime; custom_padding=\u00a0\u00bb|||\u00a0\u00bb global_colors_info=\u00a0\u00bb{}\u00a0\u00bb custom_padding__hover=\u00a0\u00bb|||\u00a0\u00bb][et_pb_text _builder_version=\u00a0\u00bb4.15&Prime; global_colors_info=\u00a0\u00bb{}\u00a0\u00bb]<\/p>\n<p style=\"text-align: center;\">Poudres pharmaceutiques s\u00e8ches<\/p>\n<p>[\/et_pb_text][\/et_pb_column][\/et_pb_row][\/et_pb_section][et_pb_section fb_built=\u00a0\u00bb1&Prime; _builder_version=\u00a0\u00bb4.15&Prime; global_colors_info=\u00a0\u00bb{}\u00a0\u00bb][et_pb_row column_structure=\u00a0\u00bb2_3,1_3&Prime; _builder_version=\u00a0\u00bb4.15&Prime; global_colors_info=\u00a0\u00bb{}\u00a0\u00bb][et_pb_column type=\u00a0\u00bb2_3&Prime; _builder_version=\u00a0\u00bb4.15&Prime; global_colors_info=\u00a0\u00bb{}\u00a0\u00bb][et_pb_text _builder_version=\u00a0\u00bb4.15.1&Prime; global_colors_info=\u00a0\u00bb{}\u00a0\u00bb]<\/p>\n<h1 style=\"text-align: left;\">Poudres pharmaceutiques s\u00e8ches<br \/><strong>La dispersion et l&rsquo;analyse des principes pharmaceutiques actifs<\/strong><\/h1>\n<p style=\"text-align: left;\">L&rsquo;ingr\u00e9dient pharmaceutique actif est g\u00e9n\u00e9ralement un cristal extr\u00eamement fragile et tr\u00e8s transparent. Au cours du processus de d\u00e9veloppement, les \u00e9chantillons, m\u00eame petits, sont co\u00fbteux. Occhio a d\u00e9velopp\u00e9 un instrument enti\u00e8rement nouveau qui prend en charge toutes les \u00e9tapes n\u00e9cessaires pour vous fournir des <strong>mesures fiables sur de petites quantit\u00e9s de mati\u00e8re<\/strong>.<\/p>\n<p style=\"text-align: justify;\">Le <strong>disperseur Occhio<\/strong>, sans \u00e9gal, peut disperser en douceur de petites quantit\u00e9s de cristaux d&rsquo;API sans aucune rupture ni perte de produit. Ce module de dispersion <strong>permet de<\/strong> <strong>manipuler des ingr\u00e9dients toxiques sans aucun risque<\/strong> pour l&rsquo;op\u00e9rateur.<\/p>\n<p style=\"text-align: justify;\">L&rsquo;optique et le syst\u00e8me d&rsquo;\u00e9clairage ont \u00e9t\u00e9 sp\u00e9cialement con\u00e7us pour les cristaux transparents. Combin\u00e9 \u00e0 un autofocus continu, le <a href=\"https:\/\/occhio-instruments.com\/fr\/instruments\/nos-produits\/dispersion-voie-seche\/500-nano-xy\/\"><strong>500nanoXY<\/strong> <\/a>prend des images contrast\u00e9es et claires des cristaux.<\/p>\n<p style=\"text-align: justify;\">Le logiciel <a href=\"https:\/\/occhio-instruments.com\/fr\/instruments\/nos-produits\/logiciels\/callisto-3d\/\"><strong>Callisto<\/strong><\/a>, conforme au CFR21 part 11,<strong> calcule tous les param\u00e8tres de taille et de forme<\/strong> utiles pour la <strong>caract\u00e9risation des cristaux<\/strong>. Il permet \u00e0 l&rsquo;utilisateur de <strong>comparer diff\u00e9rentes mesures<\/strong>, de <strong>filtrer<\/strong> les fichiers et <strong>d&rsquo;imprimer<\/strong> des rapports clairs et complets.<\/p>\n<h2>Contactez Occhio pour en savoir plus sur nos instruments de laboratoire pour l&rsquo;analyse de poudres pharmaceutiques<\/h2>\n<p>Vous \u00eates s\u00e9duit par les caract\u00e9ristiques de notre instrument de laboratoire d\u00e9velopp\u00e9 pour l&rsquo;analyse de poudres pharmaceutiques ? Vous souhaitez en savoir davantage sur nos instruments de mesure de haute pr\u00e9cision ? Alors, <a href=\"https:\/\/occhio-instruments.com\/fr\/contact\/\"><strong>faites appel \u00e0 Occhio<\/strong><\/a> !<\/p>\n<p>Nous serions ravis de vous accompagner dans la r\u00e9alisation de votre projet en vous guidant vers l&rsquo;instrument de laboratoire le plus adapt\u00e9 pour vos analyses !<\/p>\n<p>[\/et_pb_text][\/et_pb_column][et_pb_column type=\u00a0\u00bb1_3&Prime; _builder_version=\u00a0\u00bb4.15&Prime; global_colors_info=\u00a0\u00bb{}\u00a0\u00bb][et_pb_blurb title=\u00a0\u00bb500 Nano XY\u00a0\u00bb image=\u00a0\u00bbhttps:\/\/occhio-instruments.com\/wp-content\/uploads\/2020\/06\/occhio-nano500.jpg\u00a0\u00bb alt=\u00a0\u00bb500 Nano XY &#8211; Analyse granulom\u00e9trique par Occhio, instruments de laboratoire\u00a0\u00bb _builder_version=\u00a0\u00bb4.15&Prime; header_text_align=\u00a0\u00bbcenter\u00a0\u00bb link_option_url=\u00a0\u00bb\/fr\/instruments\/nos-produits\/dispersion-voie-seche\/500-nano-xy\/\u00a0\u00bb global_colors_info=\u00a0\u00bb{}\u00a0\u00bb][\/et_pb_blurb][\/et_pb_column][\/et_pb_row][et_pb_row _builder_version=\u00a0\u00bb4.15&Prime; global_colors_info=\u00a0\u00bb{}\u00a0\u00bb][et_pb_column type=\u00a0\u00bb4_4&Prime; _builder_version=\u00a0\u00bb4.15&Prime; global_colors_info=\u00a0\u00bb{}\u00a0\u00bb][et_pb_text _builder_version=\u00a0\u00bb4.15&Prime; global_colors_info=\u00a0\u00bb{}\u00a0\u00bb]<\/p>\n<h3><strong>D\u00e9couvrez nos autres applications &#8211; Biotechnologie &amp; pharmaceutique<\/strong><\/h3>\n<p>[\/et_pb_text][\/et_pb_column][\/et_pb_row][et_pb_row column_structure=\u00a0\u00bb1_4,1_4,1_4,1_4&Prime; _builder_version=\u00a0\u00bb4.15&Prime; global_colors_info=\u00a0\u00bb{}\u00a0\u00bb][et_pb_column type=\u00a0\u00bb1_4&Prime; _builder_version=\u00a0\u00bb4.15&Prime; global_colors_info=\u00a0\u00bb{}\u00a0\u00bb][et_pb_button button_url=\u00a0\u00bbhttps:\/\/occhio-instruments.com\/fr\/biotechnologie-pharmaceutique\/applications\/agregation-proteines\/\u00a0\u00bb button_text=\u00a0\u00bbAgr\u00e9gation des prot\u00e9ines\u00a0\u00bb button_alignment=\u00a0\u00bbcenter\u00a0\u00bb admin_label=\u00a0\u00bbAgr\u00e9gation des prot\u00e9ines\u00a0\u00bb _builder_version=\u00a0\u00bb4.4.3&Prime; custom_margin=\u00a0\u00bb|3px||5px|false|false\u00a0\u00bb custom_padding=\u00a0\u00bb|3px||3px|false|false\u00a0\u00bb global_colors_info=\u00a0\u00bb{}\u00a0\u00bb][\/et_pb_button][et_pb_button button_url=\u00a0\u00bbhttps:\/\/occhio-instruments.com\/fr\/biotechnologie-pharmaceutique\/applications\/analyse-emulsions\/\u00a0\u00bb button_text=\u00a0\u00bbAnalyse de taille et forme des \u00e9mulsions\u00a0\u00bb button_alignment=\u00a0\u00bbcenter\u00a0\u00bb admin_label=\u00a0\u00bbAnalyse des \u00e9mulsions\u00a0\u00bb _builder_version=\u00a0\u00bb4.4.3&Prime; global_colors_info=\u00a0\u00bb{}\u00a0\u00bb][\/et_pb_button][\/et_pb_column][et_pb_column type=\u00a0\u00bb1_4&Prime; _builder_version=\u00a0\u00bb4.15&Prime; global_colors_info=\u00a0\u00bb{}\u00a0\u00bb][et_pb_button button_url=\u00a0\u00bbhttps:\/\/occhio-instruments.com\/fr\/biotechnologie-pharmaceutique\/applications\/analyse-forme-poudres-seches\/\u00a0\u00bb button_text=\u00a0\u00bbAnalyse de forme pour la poudre s\u00e8che\u00a0\u00bb button_alignment=\u00a0\u00bbcenter\u00a0\u00bb admin_label=\u00a0\u00bbAnalyse de forme pour la poudre s\u00e8che\u00a0\u00bb _builder_version=\u00a0\u00bb4.4.3&Prime; global_colors_info=\u00a0\u00bb{}\u00a0\u00bb][\/et_pb_button][et_pb_button button_url=\u00a0\u00bbhttps:\/\/occhio-instruments.com\/fr\/biotechnologie-pharmaceutique\/applications\/analyse-couleur-particule\/\u00a0\u00bb button_text=\u00a0\u00bbAnalyse de la couleur des particules\u00a0\u00bb button_alignment=\u00a0\u00bbcenter\u00a0\u00bb admin_label=\u00a0\u00bbAnalyse de la couleur des particules\u00a0\u00bb _builder_version=\u00a0\u00bb4.4.3&Prime; global_colors_info=\u00a0\u00bb{}\u00a0\u00bb][\/et_pb_button][\/et_pb_column][et_pb_column type=\u00a0\u00bb1_4&Prime; _builder_version=\u00a0\u00bb4.15&Prime; global_colors_info=\u00a0\u00bb{}\u00a0\u00bb][et_pb_button button_url=\u00a0\u00bbhttps:\/\/occhio-instruments.com\/fr\/biotechnologie-pharmaceutique\/applications\/concentration-particule\/\u00a0\u00bb button_text=\u00a0\u00bbConcentration en particules\u00a0\u00bb button_alignment=\u00a0\u00bbcenter\u00a0\u00bb admin_label=\u00a0\u00bbConcentration en particules\u00a0\u00bb _builder_version=\u00a0\u00bb4.4.3&Prime; global_colors_info=\u00a0\u00bb{}\u00a0\u00bb][\/et_pb_button][et_pb_button button_url=\u00a0\u00bbhttps:\/\/occhio-instruments.com\/fr\/biotechnologie-pharmaceutique\/applications\/caracterisation-tridimensionnelle-particules\/\u00a0\u00bb button_text=\u00a0\u00bbCaract\u00e9risation des particules 3D\u00a0\u00bb button_alignment=\u00a0\u00bbcenter\u00a0\u00bb admin_label=\u00a0\u00bbCaract\u00e9risation des particules 3D\u00a0\u00bb _builder_version=\u00a0\u00bb4.4.3&Prime; global_colors_info=\u00a0\u00bb{}\u00a0\u00bb][\/et_pb_button][\/et_pb_column][et_pb_column type=\u00a0\u00bb1_4&Prime; _builder_version=\u00a0\u00bb4.15&Prime; global_colors_info=\u00a0\u00bb{}\u00a0\u00bb][et_pb_button button_url=\u00a0\u00bbhttps:\/\/occhio-instruments.com\/fr\/biotechnologie-pharmaceutique\/applications\/analyse-forme-suspension-liquide\/\u00a0\u00bb button_text=\u00a0\u00bbAnalyse de la forme d\u2019une suspension liquide\u00a0\u00bb button_alignment=\u00a0\u00bbcenter\u00a0\u00bb admin_label=\u00a0\u00bbAnalyse de la forme d\u2019une suspension liquide\u00a0\u00bb _builder_version=\u00a0\u00bb4.4.3&Prime; global_colors_info=\u00a0\u00bb{}\u00a0\u00bb][\/et_pb_button][et_pb_button button_url=\u00a0\u00bbhttps:\/\/occhio-instruments.com\/fr\/biotechnologie-pharmaceutique\/applications\/developpement-special-clients\/\u00a0\u00bb button_text=\u00a0\u00bbD\u00e9veloppement sp\u00e9cial pour les clients\u00a0\u00bb button_alignment=\u00a0\u00bbcenter\u00a0\u00bb admin_label=\u00a0\u00bbD\u00e9veloppement sp\u00e9cial pour les clients\u00a0\u00bb _builder_version=\u00a0\u00bb4.4.3&Prime; global_colors_info=\u00a0\u00bb{}\u00a0\u00bb][\/et_pb_button][\/et_pb_column][\/et_pb_row][\/et_pb_section][et_pb_section fb_built=\u00a0\u00bb1&Prime; module_id=\u00a0\u00bbcta-bottom\u00a0\u00bb _builder_version=\u00a0\u00bb4.4.3&Prime; background_color=\u00a0\u00bb#51595D\u00a0\u00bb custom_padding=\u00a0\u00bb30px||30px||false|false\u00a0\u00bb global_module=\u00a0\u00bb89&Prime; saved_tabs=\u00a0\u00bball\u00a0\u00bb global_colors_info=\u00a0\u00bb{}\u00a0\u00bb][et_pb_row column_structure=\u00a0\u00bb2_3,1_3&Prime; _builder_version=\u00a0\u00bb4.15&Prime; global_colors_info=\u00a0\u00bb{}\u00a0\u00bb][et_pb_column type=\u00a0\u00bb2_3&Prime; _builder_version=\u00a0\u00bb4.15&Prime; global_colors_info=\u00a0\u00bb{}\u00a0\u00bb][et_pb_text _builder_version=\u00a0\u00bb4.15&Prime; text_text_color=\u00a0\u00bb#ffffff\u00a0\u00bb header_text_color=\u00a0\u00bb#ffffff\u00a0\u00bb global_colors_info=\u00a0\u00bb{}\u00a0\u00bb]<\/p>\n<h2>Vous souhaitez recevoir plus d&rsquo;infos ?<br \/><strong>Contactez-nous !<\/strong><\/h2>\n<p>[\/et_pb_text][\/et_pb_column][et_pb_column type=\u00a0\u00bb1_3&Prime; _builder_version=\u00a0\u00bb4.15&Prime; global_colors_info=\u00a0\u00bb{}\u00a0\u00bb][et_pb_button button_url=\u00a0\u00bb\/fr\/contact\/\u00a0\u00bb button_text=\u00a0\u00bbContactez-nous !\u00a0\u00bb _builder_version=\u00a0\u00bb4.4.3&Prime; global_colors_info=\u00a0\u00bb{}\u00a0\u00bb][\/et_pb_button][\/et_pb_column][\/et_pb_row][\/et_pb_section]<\/p>\n","protected":false},"excerpt":{"rendered":"<p>Poudres pharmaceutiques s\u00e8chesPoudres pharmaceutiques s\u00e8chesLa dispersion et l&rsquo;analyse des principes pharmaceutiques actifs L&rsquo;ingr\u00e9dient pharmaceutique actif est g\u00e9n\u00e9ralement un cristal extr\u00eamement fragile et tr\u00e8s transparent. Au cours du processus de d\u00e9veloppement, les \u00e9chantillons, m\u00eame petits, sont co\u00fbteux. Occhio a d\u00e9velopp\u00e9 un instrument enti\u00e8rement nouveau qui prend en charge toutes les \u00e9tapes n\u00e9cessaires pour vous fournir des [&hellip;]<\/p>\n","protected":false},"author":1,"featured_media":0,"parent":2762,"menu_order":0,"comment_status":"closed","ping_status":"closed","template":"","meta":{"_et_pb_use_builder":"on","_et_pb_old_content":"","_et_gb_content_width":"","footnotes":""},"yoast_head":"<!-- This site is optimized with the Yoast SEO plugin v22.9 - https:\/\/yoast.com\/wordpress\/plugins\/seo\/ -->\n<title>Poudres pharmaceutiques s\u00e8ches - Occhio, instruments de mesure<\/title>\n<meta name=\"description\" content=\"Poudres pharmaceutiques s\u00e8ches : la dispersion et l&#039;analyse des principes pharmaceutiques actifs par Occhio Instruments\" \/>\n<meta name=\"robots\" content=\"index, follow, max-snippet:-1, max-image-preview:large, max-video-preview:-1\" \/>\n<link rel=\"canonical\" href=\"https:\/\/occhio-instruments.com\/fr\/biotechnologie-pharmaceutique\/applications\/poudres-pharmaceutiques-seches\/\" \/>\n<meta property=\"og:locale\" content=\"fr_FR\" \/>\n<meta property=\"og:type\" content=\"article\" \/>\n<meta property=\"og:title\" content=\"Poudres pharmaceutiques s\u00e8ches - Occhio, instruments de mesure\" \/>\n<meta property=\"og:description\" content=\"Poudres pharmaceutiques s\u00e8ches : la dispersion et l&#039;analyse des principes pharmaceutiques actifs par Occhio Instruments\" \/>\n<meta property=\"og:url\" content=\"https:\/\/occhio-instruments.com\/fr\/biotechnologie-pharmaceutique\/applications\/poudres-pharmaceutiques-seches\/\" \/>\n<meta property=\"og:site_name\" content=\"Occhio\" \/>\n<meta property=\"article:modified_time\" content=\"2023-07-25T13:14:44+00:00\" \/>\n<meta property=\"og:image\" content=\"https:\/\/occhio-instruments.com\/wp-content\/uploads\/2021\/12\/occhio-instruments.jpg\" \/>\n\t<meta property=\"og:image:width\" content=\"1200\" \/>\n\t<meta property=\"og:image:height\" content=\"630\" \/>\n\t<meta property=\"og:image:type\" content=\"image\/jpeg\" \/>\n<meta name=\"twitter:card\" content=\"summary_large_image\" \/>\n<meta name=\"twitter:label1\" content=\"Dur\u00e9e de lecture estim\u00e9e\" \/>\n\t<meta name=\"twitter:data1\" content=\"3 minutes\" \/>\n<script type=\"application\/ld+json\" class=\"yoast-schema-graph\">{\"@context\":\"https:\/\/schema.org\",\"@graph\":[{\"@type\":\"WebPage\",\"@id\":\"https:\/\/occhio-instruments.com\/fr\/biotechnologie-pharmaceutique\/applications\/poudres-pharmaceutiques-seches\/\",\"url\":\"https:\/\/occhio-instruments.com\/fr\/biotechnologie-pharmaceutique\/applications\/poudres-pharmaceutiques-seches\/\",\"name\":\"Poudres pharmaceutiques s\u00e8ches - Occhio, instruments de mesure\",\"isPartOf\":{\"@id\":\"https:\/\/occhio-instruments.com\/#website\"},\"datePublished\":\"2020-06-16T10:55:20+00:00\",\"dateModified\":\"2023-07-25T13:14:44+00:00\",\"description\":\"Poudres pharmaceutiques s\u00e8ches : la dispersion et l'analyse des principes pharmaceutiques actifs par Occhio Instruments\",\"breadcrumb\":{\"@id\":\"https:\/\/occhio-instruments.com\/fr\/biotechnologie-pharmaceutique\/applications\/poudres-pharmaceutiques-seches\/#breadcrumb\"},\"inLanguage\":\"fr-FR\",\"potentialAction\":[{\"@type\":\"ReadAction\",\"target\":[\"https:\/\/occhio-instruments.com\/fr\/biotechnologie-pharmaceutique\/applications\/poudres-pharmaceutiques-seches\/\"]}]},{\"@type\":\"BreadcrumbList\",\"@id\":\"https:\/\/occhio-instruments.com\/fr\/biotechnologie-pharmaceutique\/applications\/poudres-pharmaceutiques-seches\/#breadcrumb\",\"itemListElement\":[{\"@type\":\"ListItem\",\"position\":1,\"name\":\"Biotechnologie &#038; Pharmaceutique FR\",\"item\":\"https:\/\/occhio-instruments.com\/fr\/biotechnologie-pharmaceutique\/\"},{\"@type\":\"ListItem\",\"position\":2,\"name\":\"Applications FR\",\"item\":\"https:\/\/occhio-instruments.com\/fr\/biotechnologie-pharmaceutique\/applications\/\"},{\"@type\":\"ListItem\",\"position\":3,\"name\":\"Poudres pharmaceutiques s\u00e8ches\"}]},{\"@type\":\"WebSite\",\"@id\":\"https:\/\/occhio-instruments.com\/#website\",\"url\":\"https:\/\/occhio-instruments.com\/\",\"name\":\"Occhio\",\"description\":\"Un site utilisant WordPress\",\"potentialAction\":[{\"@type\":\"SearchAction\",\"target\":{\"@type\":\"EntryPoint\",\"urlTemplate\":\"https:\/\/occhio-instruments.com\/?s={search_term_string}\"},\"query-input\":\"required name=search_term_string\"}],\"inLanguage\":\"fr-FR\"}]}<\/script>\n<!-- \/ Yoast SEO plugin. -->","yoast_head_json":{"title":"Poudres pharmaceutiques s\u00e8ches - Occhio, instruments de mesure","description":"Poudres pharmaceutiques s\u00e8ches : la dispersion et l'analyse des principes pharmaceutiques actifs par Occhio Instruments","robots":{"index":"index","follow":"follow","max-snippet":"max-snippet:-1","max-image-preview":"max-image-preview:large","max-video-preview":"max-video-preview:-1"},"canonical":"https:\/\/occhio-instruments.com\/fr\/biotechnologie-pharmaceutique\/applications\/poudres-pharmaceutiques-seches\/","og_locale":"fr_FR","og_type":"article","og_title":"Poudres pharmaceutiques s\u00e8ches - Occhio, instruments de mesure","og_description":"Poudres pharmaceutiques s\u00e8ches : la dispersion et l'analyse des principes pharmaceutiques actifs par Occhio Instruments","og_url":"https:\/\/occhio-instruments.com\/fr\/biotechnologie-pharmaceutique\/applications\/poudres-pharmaceutiques-seches\/","og_site_name":"Occhio","article_modified_time":"2023-07-25T13:14:44+00:00","og_image":[{"width":1200,"height":630,"url":"https:\/\/occhio-instruments.com\/wp-content\/uploads\/2021\/12\/occhio-instruments.jpg","type":"image\/jpeg"}],"twitter_card":"summary_large_image","twitter_misc":{"Dur\u00e9e de lecture estim\u00e9e":"3 minutes"},"schema":{"@context":"https:\/\/schema.org","@graph":[{"@type":"WebPage","@id":"https:\/\/occhio-instruments.com\/fr\/biotechnologie-pharmaceutique\/applications\/poudres-pharmaceutiques-seches\/","url":"https:\/\/occhio-instruments.com\/fr\/biotechnologie-pharmaceutique\/applications\/poudres-pharmaceutiques-seches\/","name":"Poudres pharmaceutiques s\u00e8ches - Occhio, instruments de mesure","isPartOf":{"@id":"https:\/\/occhio-instruments.com\/#website"},"datePublished":"2020-06-16T10:55:20+00:00","dateModified":"2023-07-25T13:14:44+00:00","description":"Poudres pharmaceutiques s\u00e8ches : la dispersion et l'analyse des principes pharmaceutiques actifs par Occhio Instruments","breadcrumb":{"@id":"https:\/\/occhio-instruments.com\/fr\/biotechnologie-pharmaceutique\/applications\/poudres-pharmaceutiques-seches\/#breadcrumb"},"inLanguage":"fr-FR","potentialAction":[{"@type":"ReadAction","target":["https:\/\/occhio-instruments.com\/fr\/biotechnologie-pharmaceutique\/applications\/poudres-pharmaceutiques-seches\/"]}]},{"@type":"BreadcrumbList","@id":"https:\/\/occhio-instruments.com\/fr\/biotechnologie-pharmaceutique\/applications\/poudres-pharmaceutiques-seches\/#breadcrumb","itemListElement":[{"@type":"ListItem","position":1,"name":"Biotechnologie &#038; Pharmaceutique FR","item":"https:\/\/occhio-instruments.com\/fr\/biotechnologie-pharmaceutique\/"},{"@type":"ListItem","position":2,"name":"Applications FR","item":"https:\/\/occhio-instruments.com\/fr\/biotechnologie-pharmaceutique\/applications\/"},{"@type":"ListItem","position":3,"name":"Poudres pharmaceutiques s\u00e8ches"}]},{"@type":"WebSite","@id":"https:\/\/occhio-instruments.com\/#website","url":"https:\/\/occhio-instruments.com\/","name":"Occhio","description":"Un site utilisant WordPress","potentialAction":[{"@type":"SearchAction","target":{"@type":"EntryPoint","urlTemplate":"https:\/\/occhio-instruments.com\/?s={search_term_string}"},"query-input":"required name=search_term_string"}],"inLanguage":"fr-FR"}]}},"_links":{"self":[{"href":"https:\/\/occhio-instruments.com\/fr\/wp-json\/wp\/v2\/pages\/2801"}],"collection":[{"href":"https:\/\/occhio-instruments.com\/fr\/wp-json\/wp\/v2\/pages"}],"about":[{"href":"https:\/\/occhio-instruments.com\/fr\/wp-json\/wp\/v2\/types\/page"}],"author":[{"embeddable":true,"href":"https:\/\/occhio-instruments.com\/fr\/wp-json\/wp\/v2\/users\/1"}],"replies":[{"embeddable":true,"href":"https:\/\/occhio-instruments.com\/fr\/wp-json\/wp\/v2\/comments?post=2801"}],"version-history":[{"count":13,"href":"https:\/\/occhio-instruments.com\/fr\/wp-json\/wp\/v2\/pages\/2801\/revisions"}],"predecessor-version":[{"id":10293,"href":"https:\/\/occhio-instruments.com\/fr\/wp-json\/wp\/v2\/pages\/2801\/revisions\/10293"}],"up":[{"embeddable":true,"href":"https:\/\/occhio-instruments.com\/fr\/wp-json\/wp\/v2\/pages\/2762"}],"wp:attachment":[{"href":"https:\/\/occhio-instruments.com\/fr\/wp-json\/wp\/v2\/media?parent=2801"}],"curies":[{"name":"wp","href":"https:\/\/api.w.org\/{rel}","templated":true}]}}