{"id":2794,"date":"2020-06-16T12:57:06","date_gmt":"2020-06-16T10:57:06","guid":{"rendered":"https:\/\/occhio-instruments.com\/biotechnologie-pharmaceutique\/applications\/shape-analysis-for-liquid-suspension\/"},"modified":"2023-07-25T14:57:08","modified_gmt":"2023-07-25T12:57:08","slug":"analyse-forme-suspension-liquide","status":"publish","type":"page","link":"https:\/\/occhio-instruments.com\/fr\/biotechnologie-pharmaceutique\/applications\/analyse-forme-suspension-liquide\/","title":{"rendered":"Analyse de la forme d\u2019une suspension liquide"},"content":{"rendered":"<p>[et_pb_section fb_built=\u00a0\u00bb1&Prime; module_id=\u00a0\u00bbbanner\u00a0\u00bb _builder_version=\u00a0\u00bb4.15&Prime; background_image=\u00a0\u00bbhttps:\/\/occhio-instruments.com\/wp-content\/uploads\/2020\/04\/banner-bg.png\u00a0\u00bb global_colors_info=\u00a0\u00bb{}\u00a0\u00bb][et_pb_row _builder_version=\u00a0\u00bb4.15&Prime; background_size=\u00a0\u00bbinitial\u00a0\u00bb background_position=\u00a0\u00bbtop_left\u00a0\u00bb background_repeat=\u00a0\u00bbrepeat\u00a0\u00bb global_colors_info=\u00a0\u00bb{}\u00a0\u00bb][et_pb_column type=\u00a0\u00bb4_4&Prime; _builder_version=\u00a0\u00bb4.15&Prime; custom_padding=\u00a0\u00bb|||\u00a0\u00bb global_colors_info=\u00a0\u00bb{}\u00a0\u00bb custom_padding__hover=\u00a0\u00bb|||\u00a0\u00bb][et_pb_text _builder_version=\u00a0\u00bb4.15&Prime; global_colors_info=\u00a0\u00bb{}\u00a0\u00bb]<\/p>\n<p style=\"text-align: center;\">Analyse de la forme d&rsquo;une suspension liquide<\/p>\n<p>[\/et_pb_text][\/et_pb_column][\/et_pb_row][\/et_pb_section][et_pb_section fb_built=\u00a0\u00bb1&Prime; _builder_version=\u00a0\u00bb4.15&Prime; global_colors_info=\u00a0\u00bb{}\u00a0\u00bb][et_pb_row column_structure=\u00a0\u00bb2_3,1_3&Prime; _builder_version=\u00a0\u00bb4.15&Prime; global_colors_info=\u00a0\u00bb{}\u00a0\u00bb][et_pb_column type=\u00a0\u00bb2_3&Prime; _builder_version=\u00a0\u00bb4.15&Prime; global_colors_info=\u00a0\u00bb{}\u00a0\u00bb][et_pb_text _builder_version=\u00a0\u00bb4.15.1&Prime; hover_enabled=\u00a0\u00bb0&Prime; global_colors_info=\u00a0\u00bb{}\u00a0\u00bb sticky_enabled=\u00a0\u00bb0&Prime;]<\/p>\n<h1>Analyse de la forme d&rsquo;une suspension liquide<br \/><strong>La distribution de la taille et la caract\u00e9risation de la forme de particules en suspension<\/strong><\/h1>\n<p style=\"text-align: justify;\">La dilution de l&rsquo;\u00e9mulsion pouvant compromettre la stabilit\u00e9 et modifier la distribution de taille des \u00e9chantillons originaux, il est <strong>essentiel que l&rsquo;analyse de l&rsquo;\u00e9mulsion soit effectu\u00e9e avec une dilution minimale ou sans aucune dilution<\/strong>.<\/p>\n<p style=\"text-align: justify;\">Occhio optimise la configuration des cellules d&rsquo;\u00e9coulement en choisissant l&rsquo;\u00e9paisseur de l&rsquo;espaceur en fonction de la distribution de la taille de l&rsquo;\u00e9chantillon. La configuration parfaite de ce syst\u00e8me permet l&rsquo;analyse d&rsquo;\u00e9mulsion sans dilution et garantit la <strong>stabilit\u00e9 de l&rsquo;\u00e9chantillon<\/strong> et la <strong>pr\u00e9cision des r\u00e9sultats<\/strong>.<\/p>\n<h2>Contactez Occhio pour trouver l&rsquo;instrument de laboratoire par analyse d&rsquo;image qu&rsquo;il vous faut<\/h2>\n<p>Faites appel \u00e0 Occhio afin de vous accompagner dans votre qu\u00eate de <strong>l&rsquo;instrument de laboratoire id\u00e9al pour r\u00e9aliser l&rsquo;analyse de la forme de particules<\/strong> en suspension !<\/p>\n<p>Nous proposons \u00e9galement un service de d\u00e9veloppement d&rsquo;instrument de laboratoire sur mesure afin que chacun trouve l&rsquo;instrument r\u00e9pondant parfaitement \u00e0 vos attentes, \u00e0 votre projet !<\/p>\n<p>[\/et_pb_text][\/et_pb_column][et_pb_column type=\u00a0\u00bb1_3&Prime; _builder_version=\u00a0\u00bb4.15&Prime; global_colors_info=\u00a0\u00bb{}\u00a0\u00bb][et_pb_blurb title=\u00a0\u00bbIpac 1&Prime; image=\u00a0\u00bbhttps:\/\/occhio-instruments.com\/wp-content\/uploads\/2020\/06\/ipac-1.png\u00a0\u00bb alt=\u00a0\u00bbIpac 1 &#8211; Comptage des agr\u00e9gats de prot\u00e9ines avec Occhio\u00a0\u00bb _builder_version=\u00a0\u00bb4.15&Prime; header_text_align=\u00a0\u00bbcenter\u00a0\u00bb link_option_url=\u00a0\u00bb\/fr\/ipac-1\/\u00a0\u00bb global_colors_info=\u00a0\u00bb{}\u00a0\u00bb][\/et_pb_blurb][et_pb_blurb title=\u00a0\u00bbIpac 2&Prime; image=\u00a0\u00bbhttps:\/\/occhio-instruments.com\/wp-content\/uploads\/2020\/06\/ipac-2-2.png\u00a0\u00bb alt=\u00a0\u00bbIpac 2 &#8211; Mesure de la taille et comptage de particules par l\u2019analyse d\u2019image\u00a0\u00bb _builder_version=\u00a0\u00bb4.15&Prime; header_text_align=\u00a0\u00bbcenter\u00a0\u00bb link_option_url=\u00a0\u00bb\/fr\/instruments\/nos-produits\/dispersion-voie-liquide\/ipac-2-analyseur-de-particules\/\u00a0\u00bb global_colors_info=\u00a0\u00bb{}\u00a0\u00bb][\/et_pb_blurb][\/et_pb_column][\/et_pb_row][et_pb_row _builder_version=\u00a0\u00bb4.15&Prime; global_colors_info=\u00a0\u00bb{}\u00a0\u00bb][et_pb_column type=\u00a0\u00bb4_4&Prime; _builder_version=\u00a0\u00bb4.15&Prime; global_colors_info=\u00a0\u00bb{}\u00a0\u00bb][et_pb_text _builder_version=\u00a0\u00bb4.15&Prime; global_colors_info=\u00a0\u00bb{}\u00a0\u00bb]<\/p>\n<h3><strong>D\u00e9couvrez nos autres applications \u2013 Biotechnologie &amp; pharmaceutique<\/strong><\/h3>\n<p>[\/et_pb_text][\/et_pb_column][\/et_pb_row][et_pb_row column_structure=\u00a0\u00bb1_4,1_4,1_4,1_4&Prime; _builder_version=\u00a0\u00bb4.15&Prime; global_colors_info=\u00a0\u00bb{}\u00a0\u00bb][et_pb_column type=\u00a0\u00bb1_4&Prime; _builder_version=\u00a0\u00bb4.15&Prime; global_colors_info=\u00a0\u00bb{}\u00a0\u00bb][et_pb_button button_url=\u00a0\u00bbhttps:\/\/occhio-instruments.com\/fr\/biotechnologie-pharmaceutique\/applications\/agregation-proteines\/\u00a0\u00bb button_text=\u00a0\u00bbAgr\u00e9gation des prot\u00e9ines\u00a0\u00bb button_alignment=\u00a0\u00bbcenter\u00a0\u00bb admin_label=\u00a0\u00bbAgr\u00e9gation des prot\u00e9ines\u00a0\u00bb _builder_version=\u00a0\u00bb4.4.3&Prime; custom_margin=\u00a0\u00bb|3px||5px|false|false\u00a0\u00bb custom_padding=\u00a0\u00bb|3px||3px|false|false\u00a0\u00bb global_colors_info=\u00a0\u00bb{}\u00a0\u00bb][\/et_pb_button][et_pb_button button_url=\u00a0\u00bbhttps:\/\/occhio-instruments.com\/fr\/biotechnologie-pharmaceutique\/applications\/analyse-emulsions\/\u00a0\u00bb button_text=\u00a0\u00bbAnalyse de taille et forme des \u00e9mulsions\u00a0\u00bb button_alignment=\u00a0\u00bbcenter\u00a0\u00bb admin_label=\u00a0\u00bbAnalyse des \u00e9mulsions\u00a0\u00bb _builder_version=\u00a0\u00bb4.4.3&Prime; global_colors_info=\u00a0\u00bb{}\u00a0\u00bb][\/et_pb_button][\/et_pb_column][et_pb_column type=\u00a0\u00bb1_4&Prime; _builder_version=\u00a0\u00bb4.15&Prime; global_colors_info=\u00a0\u00bb{}\u00a0\u00bb][et_pb_button button_text=\u00a0\u00bbAnalyse des poudres pharmaceutiques s\u00e8ches\u00a0\u00bb button_alignment=\u00a0\u00bbcenter\u00a0\u00bb admin_label=\u00a0\u00bbAnalyse des poudres pharmaceutiques s\u00e8ches\u00a0\u00bb _builder_version=\u00a0\u00bb4.4.3&Prime; global_colors_info=\u00a0\u00bb{}\u00a0\u00bb][\/et_pb_button][et_pb_button button_url=\u00a0\u00bbhttps:\/\/occhio-instruments.com\/fr\/biotechnologie-pharmaceutique\/applications\/analyse-couleur-particule\/\u00a0\u00bb button_text=\u00a0\u00bbAnalyse de la couleur des particules\u00a0\u00bb button_alignment=\u00a0\u00bbcenter\u00a0\u00bb admin_label=\u00a0\u00bbAnalyse de la couleur des particules\u00a0\u00bb _builder_version=\u00a0\u00bb4.4.3&Prime; global_colors_info=\u00a0\u00bb{}\u00a0\u00bb][\/et_pb_button][\/et_pb_column][et_pb_column type=\u00a0\u00bb1_4&Prime; _builder_version=\u00a0\u00bb4.15&Prime; global_colors_info=\u00a0\u00bb{}\u00a0\u00bb][et_pb_button button_url=\u00a0\u00bbhttps:\/\/occhio-instruments.com\/fr\/biotechnologie-pharmaceutique\/applications\/concentration-particule\/\u00a0\u00bb button_text=\u00a0\u00bbConcentration en particules\u00a0\u00bb button_alignment=\u00a0\u00bbcenter\u00a0\u00bb admin_label=\u00a0\u00bbConcentration en particules\u00a0\u00bb _builder_version=\u00a0\u00bb4.4.3&Prime; global_colors_info=\u00a0\u00bb{}\u00a0\u00bb][\/et_pb_button][et_pb_button button_url=\u00a0\u00bbhttps:\/\/occhio-instruments.com\/fr\/biotechnologie-pharmaceutique\/applications\/caracterisation-tridimensionnelle-particules\/\u00a0\u00bb button_text=\u00a0\u00bbCaract\u00e9risation des particules 3D\u00a0\u00bb button_alignment=\u00a0\u00bbcenter\u00a0\u00bb admin_label=\u00a0\u00bbCaract\u00e9risation des particules 3D\u00a0\u00bb _builder_version=\u00a0\u00bb4.4.3&Prime; global_colors_info=\u00a0\u00bb{}\u00a0\u00bb][\/et_pb_button][\/et_pb_column][et_pb_column type=\u00a0\u00bb1_4&Prime; _builder_version=\u00a0\u00bb4.15&Prime; global_colors_info=\u00a0\u00bb{}\u00a0\u00bb][et_pb_button button_url=\u00a0\u00bbhttps:\/\/occhio-instruments.com\/fr\/biotechnologie-pharmaceutique\/applications\/analyse-forme-poudres-seches\/\u00a0\u00bb button_text=\u00a0\u00bbAnalyse de forme pour la poudre s\u00e8che\u00a0\u00bb button_alignment=\u00a0\u00bbcenter\u00a0\u00bb admin_label=\u00a0\u00bbAnalyse de forme pour la poudre s\u00e8che\u00a0\u00bb _builder_version=\u00a0\u00bb4.4.3&Prime; global_colors_info=\u00a0\u00bb{}\u00a0\u00bb][\/et_pb_button][et_pb_button button_url=\u00a0\u00bbhttps:\/\/occhio-instruments.com\/fr\/biotechnologie-pharmaceutique\/applications\/developpement-special-clients\/\u00a0\u00bb button_text=\u00a0\u00bbD\u00e9veloppement sp\u00e9cial pour les clients\u00a0\u00bb button_alignment=\u00a0\u00bbcenter\u00a0\u00bb admin_label=\u00a0\u00bbD\u00e9veloppement sp\u00e9cial pour les clients\u00a0\u00bb _builder_version=\u00a0\u00bb4.4.3&Prime; global_colors_info=\u00a0\u00bb{}\u00a0\u00bb][\/et_pb_button][\/et_pb_column][\/et_pb_row][\/et_pb_section][et_pb_section fb_built=\u00a0\u00bb1&Prime; module_id=\u00a0\u00bbcta-bottom\u00a0\u00bb _builder_version=\u00a0\u00bb4.4.3&Prime; background_color=\u00a0\u00bb#51595D\u00a0\u00bb custom_padding=\u00a0\u00bb30px||30px||false|false\u00a0\u00bb global_module=\u00a0\u00bb89&Prime; saved_tabs=\u00a0\u00bball\u00a0\u00bb global_colors_info=\u00a0\u00bb{}\u00a0\u00bb][et_pb_row column_structure=\u00a0\u00bb2_3,1_3&Prime; _builder_version=\u00a0\u00bb4.15&Prime; global_colors_info=\u00a0\u00bb{}\u00a0\u00bb][et_pb_column type=\u00a0\u00bb2_3&Prime; _builder_version=\u00a0\u00bb4.15&Prime; global_colors_info=\u00a0\u00bb{}\u00a0\u00bb][et_pb_text _builder_version=\u00a0\u00bb4.15&Prime; text_text_color=\u00a0\u00bb#ffffff\u00a0\u00bb header_text_color=\u00a0\u00bb#ffffff\u00a0\u00bb global_colors_info=\u00a0\u00bb{}\u00a0\u00bb]<\/p>\n<h2>Vous souhaitez recevoir plus d&rsquo;infos ?<br \/><strong>Contactez-nous !<\/strong><\/h2>\n<p>[\/et_pb_text][\/et_pb_column][et_pb_column type=\u00a0\u00bb1_3&Prime; _builder_version=\u00a0\u00bb4.15&Prime; global_colors_info=\u00a0\u00bb{}\u00a0\u00bb][et_pb_button button_url=\u00a0\u00bb\/fr\/contact\/\u00a0\u00bb button_text=\u00a0\u00bbContactez-nous !\u00a0\u00bb _builder_version=\u00a0\u00bb4.4.3&Prime; global_colors_info=\u00a0\u00bb{}\u00a0\u00bb][\/et_pb_button][\/et_pb_column][\/et_pb_row][\/et_pb_section]<\/p>\n","protected":false},"excerpt":{"rendered":"<p>Analyse de la forme d&rsquo;une suspension liquideAnalyse de la forme d&rsquo;une suspension liquideLa distribution de la taille et la caract\u00e9risation de la forme de particules en suspension La dilution de l&rsquo;\u00e9mulsion pouvant compromettre la stabilit\u00e9 et modifier la distribution de taille des \u00e9chantillons originaux, il est essentiel que l&rsquo;analyse de l&rsquo;\u00e9mulsion soit effectu\u00e9e avec une [&hellip;]<\/p>\n","protected":false},"author":1,"featured_media":0,"parent":2762,"menu_order":0,"comment_status":"closed","ping_status":"closed","template":"","meta":{"_et_pb_use_builder":"on","_et_pb_old_content":"","_et_gb_content_width":"","footnotes":""},"yoast_head":"<!-- This site is optimized with the Yoast SEO plugin v22.9 - https:\/\/yoast.com\/wordpress\/plugins\/seo\/ -->\n<title>Analyse de la forme d\u2019une suspension liquide - Occhio<\/title>\n<meta name=\"description\" content=\"Analyse de la forme d&#039;une suspension liquide - Analyse de la taille et de la forme de particules par analyse d&#039;image avec Occhio !\" \/>\n<meta name=\"robots\" content=\"index, follow, max-snippet:-1, max-image-preview:large, max-video-preview:-1\" \/>\n<link rel=\"canonical\" href=\"https:\/\/occhio-instruments.com\/fr\/biotechnologie-pharmaceutique\/applications\/analyse-forme-suspension-liquide\/\" \/>\n<meta property=\"og:locale\" content=\"fr_FR\" \/>\n<meta property=\"og:type\" content=\"article\" \/>\n<meta property=\"og:title\" content=\"Analyse de la forme d\u2019une suspension liquide - Occhio\" \/>\n<meta property=\"og:description\" content=\"Analyse de la forme d&#039;une suspension liquide - Analyse de la taille et de la forme de particules par analyse d&#039;image avec Occhio !\" \/>\n<meta property=\"og:url\" content=\"https:\/\/occhio-instruments.com\/fr\/biotechnologie-pharmaceutique\/applications\/analyse-forme-suspension-liquide\/\" \/>\n<meta property=\"og:site_name\" content=\"Occhio\" \/>\n<meta property=\"article:modified_time\" content=\"2023-07-25T12:57:08+00:00\" \/>\n<meta property=\"og:image\" content=\"https:\/\/occhio-instruments.com\/wp-content\/uploads\/2021\/12\/occhio-instruments.jpg\" \/>\n\t<meta property=\"og:image:width\" content=\"1200\" \/>\n\t<meta property=\"og:image:height\" content=\"630\" \/>\n\t<meta property=\"og:image:type\" content=\"image\/jpeg\" \/>\n<meta name=\"twitter:card\" content=\"summary_large_image\" \/>\n<meta name=\"twitter:label1\" content=\"Dur\u00e9e de lecture estim\u00e9e\" \/>\n\t<meta name=\"twitter:data1\" content=\"2 minutes\" \/>\n<script type=\"application\/ld+json\" class=\"yoast-schema-graph\">{\"@context\":\"https:\/\/schema.org\",\"@graph\":[{\"@type\":\"WebPage\",\"@id\":\"https:\/\/occhio-instruments.com\/fr\/biotechnologie-pharmaceutique\/applications\/analyse-forme-suspension-liquide\/\",\"url\":\"https:\/\/occhio-instruments.com\/fr\/biotechnologie-pharmaceutique\/applications\/analyse-forme-suspension-liquide\/\",\"name\":\"Analyse de la forme d\u2019une suspension liquide - Occhio\",\"isPartOf\":{\"@id\":\"https:\/\/occhio-instruments.com\/#website\"},\"datePublished\":\"2020-06-16T10:57:06+00:00\",\"dateModified\":\"2023-07-25T12:57:08+00:00\",\"description\":\"Analyse de la forme d'une suspension liquide - Analyse de la taille et de la forme de particules par analyse d'image avec Occhio !\",\"breadcrumb\":{\"@id\":\"https:\/\/occhio-instruments.com\/fr\/biotechnologie-pharmaceutique\/applications\/analyse-forme-suspension-liquide\/#breadcrumb\"},\"inLanguage\":\"fr-FR\",\"potentialAction\":[{\"@type\":\"ReadAction\",\"target\":[\"https:\/\/occhio-instruments.com\/fr\/biotechnologie-pharmaceutique\/applications\/analyse-forme-suspension-liquide\/\"]}]},{\"@type\":\"BreadcrumbList\",\"@id\":\"https:\/\/occhio-instruments.com\/fr\/biotechnologie-pharmaceutique\/applications\/analyse-forme-suspension-liquide\/#breadcrumb\",\"itemListElement\":[{\"@type\":\"ListItem\",\"position\":1,\"name\":\"Biotechnologie &#038; Pharmaceutique FR\",\"item\":\"https:\/\/occhio-instruments.com\/fr\/biotechnologie-pharmaceutique\/\"},{\"@type\":\"ListItem\",\"position\":2,\"name\":\"Applications FR\",\"item\":\"https:\/\/occhio-instruments.com\/fr\/biotechnologie-pharmaceutique\/applications\/\"},{\"@type\":\"ListItem\",\"position\":3,\"name\":\"Analyse de la forme d\u2019une suspension liquide\"}]},{\"@type\":\"WebSite\",\"@id\":\"https:\/\/occhio-instruments.com\/#website\",\"url\":\"https:\/\/occhio-instruments.com\/\",\"name\":\"Occhio\",\"description\":\"Un site utilisant WordPress\",\"potentialAction\":[{\"@type\":\"SearchAction\",\"target\":{\"@type\":\"EntryPoint\",\"urlTemplate\":\"https:\/\/occhio-instruments.com\/?s={search_term_string}\"},\"query-input\":\"required name=search_term_string\"}],\"inLanguage\":\"fr-FR\"}]}<\/script>\n<!-- \/ Yoast SEO plugin. -->","yoast_head_json":{"title":"Analyse de la forme d\u2019une suspension liquide - Occhio","description":"Analyse de la forme d'une suspension liquide - Analyse de la taille et de la forme de particules par analyse d'image avec Occhio !","robots":{"index":"index","follow":"follow","max-snippet":"max-snippet:-1","max-image-preview":"max-image-preview:large","max-video-preview":"max-video-preview:-1"},"canonical":"https:\/\/occhio-instruments.com\/fr\/biotechnologie-pharmaceutique\/applications\/analyse-forme-suspension-liquide\/","og_locale":"fr_FR","og_type":"article","og_title":"Analyse de la forme d\u2019une suspension liquide - Occhio","og_description":"Analyse de la forme d'une suspension liquide - Analyse de la taille et de la forme de particules par analyse d'image avec Occhio !","og_url":"https:\/\/occhio-instruments.com\/fr\/biotechnologie-pharmaceutique\/applications\/analyse-forme-suspension-liquide\/","og_site_name":"Occhio","article_modified_time":"2023-07-25T12:57:08+00:00","og_image":[{"width":1200,"height":630,"url":"https:\/\/occhio-instruments.com\/wp-content\/uploads\/2021\/12\/occhio-instruments.jpg","type":"image\/jpeg"}],"twitter_card":"summary_large_image","twitter_misc":{"Dur\u00e9e de lecture estim\u00e9e":"2 minutes"},"schema":{"@context":"https:\/\/schema.org","@graph":[{"@type":"WebPage","@id":"https:\/\/occhio-instruments.com\/fr\/biotechnologie-pharmaceutique\/applications\/analyse-forme-suspension-liquide\/","url":"https:\/\/occhio-instruments.com\/fr\/biotechnologie-pharmaceutique\/applications\/analyse-forme-suspension-liquide\/","name":"Analyse de la forme d\u2019une suspension liquide - Occhio","isPartOf":{"@id":"https:\/\/occhio-instruments.com\/#website"},"datePublished":"2020-06-16T10:57:06+00:00","dateModified":"2023-07-25T12:57:08+00:00","description":"Analyse de la forme d'une suspension liquide - Analyse de la taille et de la forme de particules par analyse d'image avec Occhio !","breadcrumb":{"@id":"https:\/\/occhio-instruments.com\/fr\/biotechnologie-pharmaceutique\/applications\/analyse-forme-suspension-liquide\/#breadcrumb"},"inLanguage":"fr-FR","potentialAction":[{"@type":"ReadAction","target":["https:\/\/occhio-instruments.com\/fr\/biotechnologie-pharmaceutique\/applications\/analyse-forme-suspension-liquide\/"]}]},{"@type":"BreadcrumbList","@id":"https:\/\/occhio-instruments.com\/fr\/biotechnologie-pharmaceutique\/applications\/analyse-forme-suspension-liquide\/#breadcrumb","itemListElement":[{"@type":"ListItem","position":1,"name":"Biotechnologie &#038; Pharmaceutique FR","item":"https:\/\/occhio-instruments.com\/fr\/biotechnologie-pharmaceutique\/"},{"@type":"ListItem","position":2,"name":"Applications FR","item":"https:\/\/occhio-instruments.com\/fr\/biotechnologie-pharmaceutique\/applications\/"},{"@type":"ListItem","position":3,"name":"Analyse de la forme d\u2019une suspension liquide"}]},{"@type":"WebSite","@id":"https:\/\/occhio-instruments.com\/#website","url":"https:\/\/occhio-instruments.com\/","name":"Occhio","description":"Un site utilisant WordPress","potentialAction":[{"@type":"SearchAction","target":{"@type":"EntryPoint","urlTemplate":"https:\/\/occhio-instruments.com\/?s={search_term_string}"},"query-input":"required name=search_term_string"}],"inLanguage":"fr-FR"}]}},"_links":{"self":[{"href":"https:\/\/occhio-instruments.com\/fr\/wp-json\/wp\/v2\/pages\/2794"}],"collection":[{"href":"https:\/\/occhio-instruments.com\/fr\/wp-json\/wp\/v2\/pages"}],"about":[{"href":"https:\/\/occhio-instruments.com\/fr\/wp-json\/wp\/v2\/types\/page"}],"author":[{"embeddable":true,"href":"https:\/\/occhio-instruments.com\/fr\/wp-json\/wp\/v2\/users\/1"}],"replies":[{"embeddable":true,"href":"https:\/\/occhio-instruments.com\/fr\/wp-json\/wp\/v2\/comments?post=2794"}],"version-history":[{"count":12,"href":"https:\/\/occhio-instruments.com\/fr\/wp-json\/wp\/v2\/pages\/2794\/revisions"}],"predecessor-version":[{"id":9210,"href":"https:\/\/occhio-instruments.com\/fr\/wp-json\/wp\/v2\/pages\/2794\/revisions\/9210"}],"up":[{"embeddable":true,"href":"https:\/\/occhio-instruments.com\/fr\/wp-json\/wp\/v2\/pages\/2762"}],"wp:attachment":[{"href":"https:\/\/occhio-instruments.com\/fr\/wp-json\/wp\/v2\/media?parent=2794"}],"curies":[{"name":"wp","href":"https:\/\/api.w.org\/{rel}","templated":true}]}}