{"id":2778,"date":"2020-06-16T12:54:17","date_gmt":"2020-06-16T10:54:17","guid":{"rendered":"https:\/\/occhio-instruments.com\/biotechnologie-pharmaceutique\/applications\/protein-aggregation\/"},"modified":"2023-07-25T15:19:03","modified_gmt":"2023-07-25T13:19:03","slug":"agregation-proteines","status":"publish","type":"page","link":"https:\/\/occhio-instruments.com\/fr\/biotechnologie-pharmaceutique\/applications\/agregation-proteines\/","title":{"rendered":"Agr\u00e9gation des prot\u00e9ines"},"content":{"rendered":"<p>[et_pb_section fb_built=\u00a0\u00bb1&Prime; module_id=\u00a0\u00bbbanner\u00a0\u00bb _builder_version=\u00a0\u00bb4.15&Prime; background_image=\u00a0\u00bbhttps:\/\/occhio-instruments.com\/wp-content\/uploads\/2020\/04\/banner-bg.png\u00a0\u00bb global_colors_info=\u00a0\u00bb{}\u00a0\u00bb][et_pb_row _builder_version=\u00a0\u00bb4.15&Prime; background_size=\u00a0\u00bbinitial\u00a0\u00bb background_position=\u00a0\u00bbtop_left\u00a0\u00bb background_repeat=\u00a0\u00bbrepeat\u00a0\u00bb global_colors_info=\u00a0\u00bb{}\u00a0\u00bb][et_pb_column type=\u00a0\u00bb4_4&Prime; _builder_version=\u00a0\u00bb4.15&Prime; custom_padding=\u00a0\u00bb|||\u00a0\u00bb global_colors_info=\u00a0\u00bb{}\u00a0\u00bb custom_padding__hover=\u00a0\u00bb|||\u00a0\u00bb][et_pb_text _builder_version=\u00a0\u00bb4.15&Prime; global_colors_info=\u00a0\u00bb{}\u00a0\u00bb]<\/p>\n<p style=\"text-align: center;\">Agr\u00e9gation des prot\u00e9ines<\/p>\n<p>[\/et_pb_text][\/et_pb_column][\/et_pb_row][\/et_pb_section][et_pb_section fb_built=\u00a0\u00bb1&Prime; _builder_version=\u00a0\u00bb4.15&Prime; global_colors_info=\u00a0\u00bb{}\u00a0\u00bb][et_pb_row column_structure=\u00a0\u00bb2_3,1_3&Prime; _builder_version=\u00a0\u00bb4.15&Prime; global_colors_info=\u00a0\u00bb{}\u00a0\u00bb][et_pb_column type=\u00a0\u00bb2_3&Prime; _builder_version=\u00a0\u00bb4.15&Prime; global_colors_info=\u00a0\u00bb{}\u00a0\u00bb][et_pb_text _builder_version=\u00a0\u00bb4.15.1&Prime; global_colors_info=\u00a0\u00bb{}\u00a0\u00bb]<\/p>\n<h1 style=\"text-align: justify;\">Agr\u00e9gation des prot\u00e9ines<br \/><strong>Domaine d&rsquo;application : agr\u00e9gation de prot\u00e9ines<\/strong><\/h1>\n<p style=\"text-align: justify;\">La <strong>caract\u00e9risation de la taille et de la forme des particules<\/strong> joue un r\u00f4le important dans les formulations biotechnologiques bas\u00e9es sur l&rsquo;ing\u00e9nierie des prot\u00e9ines. Un nombre croissant d&rsquo;\u00e9tudes sur les prot\u00e9ines apparaissent dans la recherche bio-pharmaceutique, et Occhio a d\u00e9velopp\u00e9 <strong>deux instruments pour l&rsquo;agr\u00e9gation et la quantification dans les suspensions de prot\u00e9ines<\/strong>. La taille moyenne des prot\u00e9ines est d&rsquo;environ 4 \u00e0 6 nm. Pendant la production ou le conditionnement et le stockage, le processus d&rsquo;agr\u00e9gation peut commencer spontan\u00e9ment. L&rsquo;agr\u00e9gat de prot\u00e9ine a diff\u00e9rentes tailles allant de centaines de nm \u00e0 des centaines de \u00b5m.<\/p>\n<p style=\"text-align: justify;\"><a href=\"https:\/\/occhio-instruments.com\/fr\/biotechnologie-pharmaceutique\/application-notes\/\">Pour voir les tests d&rsquo;agr\u00e9gation des prot\u00e9ines effectu\u00e9s par Occhio<\/a>\u00a0et voir <strong>Apn16-BT001<\/strong> !<\/p>\n<h2 style=\"text-align: justify;\"><strong>Ce sont nos principaux objectifs pour l&rsquo;agr\u00e9gation de prot\u00e9ines :<\/strong><\/h2>\n<h5 style=\"text-align: justify;\"><strong>D\u00e9tecter tous les agr\u00e9gats, des plus petits aux plus gros<\/strong><\/h5>\n<p>Nous avons int\u00e9gr\u00e9 un grand capteur de 12 m\u00e9gapixels en combinaison avec une optique haute r\u00e9solution<\/p>\n<h5 style=\"text-align: justify;\"><strong>Reconna\u00eetre un agr\u00e9gat transparent tout en d\u00e9chiffrant les particules individuelles des particules en grappe<br \/><\/strong><\/h5>\n<p>Nous avons d\u00e9velopp\u00e9 un seuil sp\u00e9cial qui am\u00e9liore la d\u00e9tection des particules \u00e0 faible contraste; des lentilles et un r\u00e9tro-\u00e9clairage sont \u00e9galement choisis pour am\u00e9liorer le contraste.<\/p>\n<h5 style=\"text-align: justify;\"><strong>Analyse de petites quantit\u00e9s d&rsquo;\u00e9chantillons <\/strong><\/h5>\n<p>Pour maintenir l&rsquo;int\u00e9grit\u00e9 de l&rsquo;\u00e9chantillon, nous avons minimis\u00e9 le cheminement du fluide dans la cellule d&rsquo;\u00e9coulement et incorpor\u00e9 une petite seringue pour r\u00e9duire la quantit\u00e9 d&rsquo;\u00e9chantillon n\u00e9cessaire tout en maintenant une <strong>d\u00e9tection<\/strong> et une <strong>caract\u00e9risation des particules in\u00e9gal\u00e9es<\/strong>.<\/p>\n<h5 style=\"text-align: justify;\"><strong>Analyse de l&rsquo;\u00e9chantillon \u00e0 100% <\/strong><\/h5>\n<p>Une fonction avanc\u00e9e de suivi des particules, combin\u00e9e \u00e0 la capture d&rsquo;images de cellules enti\u00e8res, permet de couvrir 100 % des \u00e9chantillons.<\/p>\n<h5 style=\"text-align: justify;\"><strong>Remplacement facile des cellules <\/strong><\/h5>\n<p>La cellule peut \u00eatre nettoy\u00e9e \u00e0 l&rsquo;eau ou \u00e0 l&rsquo;aide d&rsquo;autres solutions. En raison de l&rsquo;utilisation fr\u00e9quente de l&rsquo;instrument, il est n\u00e9cessaire de remplacer la cellule lorsque le nettoyage n&rsquo;est pas possible. L&rsquo;Occhio <strong>r\u00e9duit le co\u00fbt de remplacement<\/strong> d&rsquo;une seule cellule. Le <strong>remplacement<\/strong> de la cellule est tr\u00e8s <strong>facile,<\/strong> il suffit de remplacer la cellule de la micropuce maintenue en place par le support et une \u00e9tanch\u00e9it\u00e9 parfaite est obtenue automatiquement en fermant le support et aucun outil n&rsquo;est n\u00e9cessaire !<\/p>\n<h5 style=\"text-align: justify;\"><strong>D\u00e9termination des particules \u00e9trang\u00e8res <\/strong><\/h5>\n<p>Des fonctions de filtrage complexes permettent de discriminer toute particule \u00e9trang\u00e8re telle que le silicium, l&rsquo;huile ou toute autre contamination externe.<\/p>\n<h5 style=\"text-align: justify;\"><strong>La m\u00e9thode enti\u00e8rement contr\u00f4l\u00e9e par ordinateur comprend des grossissements motoris\u00e9s et une proc\u00e9dure de mise au point automatique <\/strong><\/h5>\n<p>Toutes les \u00e9tapes de l&rsquo;analyse sont contr\u00f4l\u00e9es par un ordinateur et le grossissement est command\u00e9 par un moteur pr\u00e9cis, conscient de la position. Cinq r\u00e9solutions pr\u00e9d\u00e9finies sont possibles selon les sp\u00e9cifications du manuel d&rsquo;utilisation. Une mise au point motoris\u00e9e balaie toute l&rsquo;\u00e9paisseur de la cellule et le logiciel <a href=\"https:\/\/occhio-instruments.com\/fr\/instruments\/nos-produits\/logiciels\/callisto-3d\/\"><strong>Callisto 3D<\/strong> <\/a>choisit la meilleure position de mise au point.<\/p>\n<h5 style=\"text-align: justify;\"><strong>Calibration de l&rsquo;instrument <\/strong><\/h5>\n<p>L&rsquo;\u00e9talonnage est effectu\u00e9 de mani\u00e8re ind\u00e9pendante pour chaque m\u00e9thode d&rsquo;utilisateur.<br \/><strong>Le logiciel <a href=\"https:\/\/occhio-instruments.com\/fr\/instruments\/nos-produits\/logiciels\/callisto-3d\/\">Callisto 3D<\/a> est enti\u00e8rement conforme \u00e0 la r\u00e9glementation CFR21 part 11<\/strong><\/p>\n<h5 style=\"text-align: justify;\"><strong>Distributeur d&rsquo;\u00e9chantillons multiples <\/strong><\/h5>\n<p>Nous avons r\u00e9duit le temps d&rsquo;analyse et les co\u00fbts de main-d&rsquo;\u0153uvre en int\u00e9grant le robot distributeur automatique \u00e0 l&rsquo;instrument. Jusqu&rsquo;\u00e0 96 \u00e9chantillons par plaque, et cela comprend le nettoyage et le remplacement de l&#8217;embout apr\u00e8s chaque passage.<\/p>\n<p>[\/et_pb_text][\/et_pb_column][et_pb_column type=\u00a0\u00bb1_3&Prime; _builder_version=\u00a0\u00bb4.15&Prime; global_colors_info=\u00a0\u00bb{}\u00a0\u00bb][et_pb_blurb title=\u00a0\u00bbIpac 1&Prime; image=\u00a0\u00bbhttps:\/\/occhio-instruments.com\/wp-content\/uploads\/2020\/06\/FC200SHR.jpg\u00a0\u00bb alt=\u00a0\u00bbIpac 1 &#8211; Comptage des agr\u00e9gats de prot\u00e9ines avec Occhio\u00a0\u00bb _builder_version=\u00a0\u00bb4.15&Prime; header_text_align=\u00a0\u00bbcenter\u00a0\u00bb link_option_url=\u00a0\u00bb\/fr\/ipac-1\/\u00a0\u00bb global_colors_info=\u00a0\u00bb{}\u00a0\u00bb]<\/p>\n<p style=\"text-align: center;\">Port\u00e9e de 400 nm \u00e0 mm, surface de dispersion de 140 mm<\/p>\n<p>[\/et_pb_blurb][et_pb_blurb title=\u00a0\u00bbIpac 2&Prime; image=\u00a0\u00bbhttps:\/\/occhio-instruments.com\/wp-content\/uploads\/2020\/06\/ipac-2-2.png\u00a0\u00bb alt=\u00a0\u00bbIpac 2 &#8211; Mesure de la taille et comptage de particules par l\u2019analyse d\u2019image\u00a0\u00bb _builder_version=\u00a0\u00bb4.15&Prime; header_text_align=\u00a0\u00bbcenter\u00a0\u00bb link_option_url=\u00a0\u00bb\/fr\/instruments\/nos-produits\/dispersion-voie-liquide\/ipac-2-analyseur-de-particules\/\u00a0\u00bb global_colors_info=\u00a0\u00bb{}\u00a0\u00bb]<\/p>\n<p style=\"text-align: center;\">Port\u00e9e de 400 nm \u00e0 mm, surface de dispersion de 140 mm<\/p>\n<p>[\/et_pb_blurb][\/et_pb_column][\/et_pb_row][et_pb_row _builder_version=\u00a0\u00bb4.15&Prime; global_colors_info=\u00a0\u00bb{}\u00a0\u00bb][et_pb_column type=\u00a0\u00bb4_4&Prime; _builder_version=\u00a0\u00bb4.15&Prime; global_colors_info=\u00a0\u00bb{}\u00a0\u00bb][et_pb_text _builder_version=\u00a0\u00bb4.15&Prime; global_colors_info=\u00a0\u00bb{}\u00a0\u00bb]<\/p>\n<h3><strong>D\u00e9couvrez nos autres applications \u2013 Biotechnologie &amp; pharmaceutique<\/strong><\/h3>\n<p>[\/et_pb_text][\/et_pb_column][\/et_pb_row][et_pb_row column_structure=\u00a0\u00bb1_4,1_4,1_4,1_4&Prime; _builder_version=\u00a0\u00bb4.15&Prime; global_colors_info=\u00a0\u00bb{}\u00a0\u00bb][et_pb_column type=\u00a0\u00bb1_4&Prime; _builder_version=\u00a0\u00bb4.15&Prime; global_colors_info=\u00a0\u00bb{}\u00a0\u00bb][et_pb_button button_text=\u00a0\u00bbAnalyse des poudres pharmaceutiques s\u00e8ches\u00a0\u00bb button_alignment=\u00a0\u00bbcenter\u00a0\u00bb admin_label=\u00a0\u00bbAnalyse des poudres pharmaceutiques s\u00e8ches\u00a0\u00bb _builder_version=\u00a0\u00bb4.4.3&Prime; global_colors_info=\u00a0\u00bb{}\u00a0\u00bb][\/et_pb_button][et_pb_button button_url=\u00a0\u00bbhttps:\/\/occhio-instruments.com\/fr\/biotechnologie-pharmaceutique\/applications\/analyse-emulsions\/\u00a0\u00bb button_text=\u00a0\u00bbAnalyse de taille et forme des \u00e9mulsions\u00a0\u00bb button_alignment=\u00a0\u00bbcenter\u00a0\u00bb admin_label=\u00a0\u00bbAnalyse des \u00e9mulsions\u00a0\u00bb _builder_version=\u00a0\u00bb4.4.3&Prime; global_colors_info=\u00a0\u00bb{}\u00a0\u00bb][\/et_pb_button][\/et_pb_column][et_pb_column type=\u00a0\u00bb1_4&Prime; _builder_version=\u00a0\u00bb4.15&Prime; global_colors_info=\u00a0\u00bb{}\u00a0\u00bb][et_pb_button button_url=\u00a0\u00bbhttps:\/\/occhio-instruments.com\/fr\/biotechnologie-pharmaceutique\/applications\/concentration-particule\/\u00a0\u00bb button_text=\u00a0\u00bbConcentration en particules\u00a0\u00bb button_alignment=\u00a0\u00bbcenter\u00a0\u00bb admin_label=\u00a0\u00bbConcentration en particules\u00a0\u00bb _builder_version=\u00a0\u00bb4.4.3&Prime; global_colors_info=\u00a0\u00bb{}\u00a0\u00bb][\/et_pb_button][et_pb_button button_url=\u00a0\u00bbhttps:\/\/occhio-instruments.com\/fr\/biotechnologie-pharmaceutique\/applications\/analyse-couleur-particule\/\u00a0\u00bb button_text=\u00a0\u00bbAnalyse de la couleur des particules\u00a0\u00bb button_alignment=\u00a0\u00bbcenter\u00a0\u00bb admin_label=\u00a0\u00bbAnalyse de la couleur des particules\u00a0\u00bb _builder_version=\u00a0\u00bb4.4.3&Prime; global_colors_info=\u00a0\u00bb{}\u00a0\u00bb][\/et_pb_button][\/et_pb_column][et_pb_column type=\u00a0\u00bb1_4&Prime; _builder_version=\u00a0\u00bb4.15&Prime; global_colors_info=\u00a0\u00bb{}\u00a0\u00bb][et_pb_button button_url=\u00a0\u00bbhttps:\/\/occhio-instruments.com\/fr\/biotechnologie-pharmaceutique\/applications\/analyse-forme-poudres-seches\/\u00a0\u00bb button_text=\u00a0\u00bbAnalyse de forme pour la poudre s\u00e8che\u00a0\u00bb button_alignment=\u00a0\u00bbcenter\u00a0\u00bb admin_label=\u00a0\u00bbAnalyse de forme pour la poudre s\u00e8che\u00a0\u00bb _builder_version=\u00a0\u00bb4.4.3&Prime; global_colors_info=\u00a0\u00bb{}\u00a0\u00bb][\/et_pb_button][et_pb_button button_url=\u00a0\u00bbhttps:\/\/occhio-instruments.com\/fr\/biotechnologie-pharmaceutique\/applications\/caracterisation-tridimensionnelle-particules\/\u00a0\u00bb button_text=\u00a0\u00bbCaract\u00e9risation des particules 3D\u00a0\u00bb button_alignment=\u00a0\u00bbcenter\u00a0\u00bb admin_label=\u00a0\u00bbCaract\u00e9risation des particules 3D\u00a0\u00bb _builder_version=\u00a0\u00bb4.4.3&Prime; global_colors_info=\u00a0\u00bb{}\u00a0\u00bb][\/et_pb_button][\/et_pb_column][et_pb_column type=\u00a0\u00bb1_4&Prime; _builder_version=\u00a0\u00bb4.15&Prime; global_colors_info=\u00a0\u00bb{}\u00a0\u00bb][et_pb_button button_url=\u00a0\u00bbhttps:\/\/occhio-instruments.com\/fr\/biotechnologie-pharmaceutique\/applications\/analyse-forme-suspension-liquide\/\u00a0\u00bb button_text=\u00a0\u00bbAnalyse de la forme d\u2019une suspension liquide\u00a0\u00bb button_alignment=\u00a0\u00bbcenter\u00a0\u00bb admin_label=\u00a0\u00bbAnalyse de la forme d\u2019une suspension liquide\u00a0\u00bb _builder_version=\u00a0\u00bb4.4.3&Prime; global_colors_info=\u00a0\u00bb{}\u00a0\u00bb][\/et_pb_button][et_pb_button button_url=\u00a0\u00bbhttps:\/\/occhio-instruments.com\/fr\/biotechnologie-pharmaceutique\/applications\/developpement-special-clients\/\u00a0\u00bb button_text=\u00a0\u00bbD\u00e9veloppement sp\u00e9cial pour les clients\u00a0\u00bb button_alignment=\u00a0\u00bbcenter\u00a0\u00bb admin_label=\u00a0\u00bbD\u00e9veloppement sp\u00e9cial pour les clients\u00a0\u00bb _builder_version=\u00a0\u00bb4.4.3&Prime; global_colors_info=\u00a0\u00bb{}\u00a0\u00bb][\/et_pb_button][\/et_pb_column][\/et_pb_row][\/et_pb_section][et_pb_section fb_built=\u00a0\u00bb1&Prime; module_id=\u00a0\u00bbcta-bottom\u00a0\u00bb _builder_version=\u00a0\u00bb4.4.3&Prime; background_color=\u00a0\u00bb#51595D\u00a0\u00bb custom_padding=\u00a0\u00bb30px||30px||false|false\u00a0\u00bb global_module=\u00a0\u00bb89&Prime; saved_tabs=\u00a0\u00bball\u00a0\u00bb global_colors_info=\u00a0\u00bb{}\u00a0\u00bb][et_pb_row column_structure=\u00a0\u00bb2_3,1_3&Prime; _builder_version=\u00a0\u00bb4.15&Prime; global_colors_info=\u00a0\u00bb{}\u00a0\u00bb][et_pb_column type=\u00a0\u00bb2_3&Prime; _builder_version=\u00a0\u00bb4.15&Prime; global_colors_info=\u00a0\u00bb{}\u00a0\u00bb][et_pb_text _builder_version=\u00a0\u00bb4.15&Prime; text_text_color=\u00a0\u00bb#ffffff\u00a0\u00bb header_text_color=\u00a0\u00bb#ffffff\u00a0\u00bb global_colors_info=\u00a0\u00bb{}\u00a0\u00bb]<\/p>\n<h2>Vous souhaitez recevoir plus d&rsquo;infos ?<br \/><strong>Contactez-nous !<\/strong><\/h2>\n<p>[\/et_pb_text][\/et_pb_column][et_pb_column type=\u00a0\u00bb1_3&Prime; _builder_version=\u00a0\u00bb4.15&Prime; global_colors_info=\u00a0\u00bb{}\u00a0\u00bb][et_pb_button button_url=\u00a0\u00bb\/fr\/contact\/\u00a0\u00bb button_text=\u00a0\u00bbContactez-nous !\u00a0\u00bb _builder_version=\u00a0\u00bb4.4.3&Prime; global_colors_info=\u00a0\u00bb{}\u00a0\u00bb][\/et_pb_button][\/et_pb_column][\/et_pb_row][\/et_pb_section]<\/p>\n","protected":false},"excerpt":{"rendered":"<p>Agr\u00e9gation des prot\u00e9inesAgr\u00e9gation des prot\u00e9inesDomaine d&rsquo;application : agr\u00e9gation de prot\u00e9ines La caract\u00e9risation de la taille et de la forme des particules joue un r\u00f4le important dans les formulations biotechnologiques bas\u00e9es sur l&rsquo;ing\u00e9nierie des prot\u00e9ines. Un nombre croissant d&rsquo;\u00e9tudes sur les prot\u00e9ines apparaissent dans la recherche bio-pharmaceutique, et Occhio a d\u00e9velopp\u00e9 deux instruments pour l&rsquo;agr\u00e9gation et [&hellip;]<\/p>\n","protected":false},"author":1,"featured_media":0,"parent":2762,"menu_order":0,"comment_status":"closed","ping_status":"closed","template":"","meta":{"_et_pb_use_builder":"on","_et_pb_old_content":"","_et_gb_content_width":"","footnotes":""},"yoast_head":"<!-- This site is optimized with the Yoast SEO plugin v22.9 - https:\/\/yoast.com\/wordpress\/plugins\/seo\/ -->\n<title>Agr\u00e9gation des prot\u00e9ines avec Occhio, instruments de labotatoire<\/title>\n<meta name=\"description\" content=\"Domaine d&#039;application : agr\u00e9gation des prot\u00e9ines avec Occhio - L&#039;agr\u00e9gation de prot\u00e9ines avec votre partenaire en instruments de laboratoire.\" \/>\n<meta name=\"robots\" content=\"index, follow, max-snippet:-1, max-image-preview:large, max-video-preview:-1\" \/>\n<link rel=\"canonical\" href=\"https:\/\/occhio-instruments.com\/fr\/biotechnologie-pharmaceutique\/applications\/agregation-proteines\/\" \/>\n<meta property=\"og:locale\" content=\"fr_FR\" \/>\n<meta property=\"og:type\" content=\"article\" \/>\n<meta property=\"og:title\" content=\"Agr\u00e9gation des prot\u00e9ines avec Occhio, instruments de labotatoire\" \/>\n<meta property=\"og:description\" content=\"Domaine d&#039;application : agr\u00e9gation des prot\u00e9ines avec Occhio - L&#039;agr\u00e9gation de prot\u00e9ines avec votre partenaire en instruments de laboratoire.\" \/>\n<meta property=\"og:url\" content=\"https:\/\/occhio-instruments.com\/fr\/biotechnologie-pharmaceutique\/applications\/agregation-proteines\/\" \/>\n<meta property=\"og:site_name\" content=\"Occhio\" \/>\n<meta property=\"article:modified_time\" content=\"2023-07-25T13:19:03+00:00\" \/>\n<meta property=\"og:image\" content=\"https:\/\/occhio-instruments.com\/wp-content\/uploads\/2021\/12\/occhio-instruments.jpg\" \/>\n\t<meta property=\"og:image:width\" content=\"1200\" \/>\n\t<meta property=\"og:image:height\" content=\"630\" \/>\n\t<meta property=\"og:image:type\" content=\"image\/jpeg\" \/>\n<meta name=\"twitter:card\" content=\"summary_large_image\" \/>\n<meta name=\"twitter:label1\" content=\"Dur\u00e9e de lecture estim\u00e9e\" \/>\n\t<meta name=\"twitter:data1\" content=\"4 minutes\" \/>\n<script type=\"application\/ld+json\" class=\"yoast-schema-graph\">{\"@context\":\"https:\/\/schema.org\",\"@graph\":[{\"@type\":\"WebPage\",\"@id\":\"https:\/\/occhio-instruments.com\/fr\/biotechnologie-pharmaceutique\/applications\/agregation-proteines\/\",\"url\":\"https:\/\/occhio-instruments.com\/fr\/biotechnologie-pharmaceutique\/applications\/agregation-proteines\/\",\"name\":\"Agr\u00e9gation des prot\u00e9ines avec Occhio, instruments de labotatoire\",\"isPartOf\":{\"@id\":\"https:\/\/occhio-instruments.com\/#website\"},\"datePublished\":\"2020-06-16T10:54:17+00:00\",\"dateModified\":\"2023-07-25T13:19:03+00:00\",\"description\":\"Domaine d'application : agr\u00e9gation des prot\u00e9ines avec Occhio - L'agr\u00e9gation de prot\u00e9ines avec votre partenaire en instruments de laboratoire.\",\"breadcrumb\":{\"@id\":\"https:\/\/occhio-instruments.com\/fr\/biotechnologie-pharmaceutique\/applications\/agregation-proteines\/#breadcrumb\"},\"inLanguage\":\"fr-FR\",\"potentialAction\":[{\"@type\":\"ReadAction\",\"target\":[\"https:\/\/occhio-instruments.com\/fr\/biotechnologie-pharmaceutique\/applications\/agregation-proteines\/\"]}]},{\"@type\":\"BreadcrumbList\",\"@id\":\"https:\/\/occhio-instruments.com\/fr\/biotechnologie-pharmaceutique\/applications\/agregation-proteines\/#breadcrumb\",\"itemListElement\":[{\"@type\":\"ListItem\",\"position\":1,\"name\":\"Biotechnologie &#038; Pharmaceutique FR\",\"item\":\"https:\/\/occhio-instruments.com\/fr\/biotechnologie-pharmaceutique\/\"},{\"@type\":\"ListItem\",\"position\":2,\"name\":\"Applications FR\",\"item\":\"https:\/\/occhio-instruments.com\/fr\/biotechnologie-pharmaceutique\/applications\/\"},{\"@type\":\"ListItem\",\"position\":3,\"name\":\"Agr\u00e9gation des prot\u00e9ines\"}]},{\"@type\":\"WebSite\",\"@id\":\"https:\/\/occhio-instruments.com\/#website\",\"url\":\"https:\/\/occhio-instruments.com\/\",\"name\":\"Occhio\",\"description\":\"Un site utilisant WordPress\",\"potentialAction\":[{\"@type\":\"SearchAction\",\"target\":{\"@type\":\"EntryPoint\",\"urlTemplate\":\"https:\/\/occhio-instruments.com\/?s={search_term_string}\"},\"query-input\":\"required name=search_term_string\"}],\"inLanguage\":\"fr-FR\"}]}<\/script>\n<!-- \/ Yoast SEO plugin. -->","yoast_head_json":{"title":"Agr\u00e9gation des prot\u00e9ines avec Occhio, instruments de labotatoire","description":"Domaine d'application : agr\u00e9gation des prot\u00e9ines avec Occhio - L'agr\u00e9gation de prot\u00e9ines avec votre partenaire en instruments de laboratoire.","robots":{"index":"index","follow":"follow","max-snippet":"max-snippet:-1","max-image-preview":"max-image-preview:large","max-video-preview":"max-video-preview:-1"},"canonical":"https:\/\/occhio-instruments.com\/fr\/biotechnologie-pharmaceutique\/applications\/agregation-proteines\/","og_locale":"fr_FR","og_type":"article","og_title":"Agr\u00e9gation des prot\u00e9ines avec Occhio, instruments de labotatoire","og_description":"Domaine d'application : agr\u00e9gation des prot\u00e9ines avec Occhio - L'agr\u00e9gation de prot\u00e9ines avec votre partenaire en instruments de laboratoire.","og_url":"https:\/\/occhio-instruments.com\/fr\/biotechnologie-pharmaceutique\/applications\/agregation-proteines\/","og_site_name":"Occhio","article_modified_time":"2023-07-25T13:19:03+00:00","og_image":[{"width":1200,"height":630,"url":"https:\/\/occhio-instruments.com\/wp-content\/uploads\/2021\/12\/occhio-instruments.jpg","type":"image\/jpeg"}],"twitter_card":"summary_large_image","twitter_misc":{"Dur\u00e9e de lecture estim\u00e9e":"4 minutes"},"schema":{"@context":"https:\/\/schema.org","@graph":[{"@type":"WebPage","@id":"https:\/\/occhio-instruments.com\/fr\/biotechnologie-pharmaceutique\/applications\/agregation-proteines\/","url":"https:\/\/occhio-instruments.com\/fr\/biotechnologie-pharmaceutique\/applications\/agregation-proteines\/","name":"Agr\u00e9gation des prot\u00e9ines avec Occhio, instruments de labotatoire","isPartOf":{"@id":"https:\/\/occhio-instruments.com\/#website"},"datePublished":"2020-06-16T10:54:17+00:00","dateModified":"2023-07-25T13:19:03+00:00","description":"Domaine d'application : agr\u00e9gation des prot\u00e9ines avec Occhio - L'agr\u00e9gation de prot\u00e9ines avec votre partenaire en instruments de laboratoire.","breadcrumb":{"@id":"https:\/\/occhio-instruments.com\/fr\/biotechnologie-pharmaceutique\/applications\/agregation-proteines\/#breadcrumb"},"inLanguage":"fr-FR","potentialAction":[{"@type":"ReadAction","target":["https:\/\/occhio-instruments.com\/fr\/biotechnologie-pharmaceutique\/applications\/agregation-proteines\/"]}]},{"@type":"BreadcrumbList","@id":"https:\/\/occhio-instruments.com\/fr\/biotechnologie-pharmaceutique\/applications\/agregation-proteines\/#breadcrumb","itemListElement":[{"@type":"ListItem","position":1,"name":"Biotechnologie &#038; Pharmaceutique FR","item":"https:\/\/occhio-instruments.com\/fr\/biotechnologie-pharmaceutique\/"},{"@type":"ListItem","position":2,"name":"Applications FR","item":"https:\/\/occhio-instruments.com\/fr\/biotechnologie-pharmaceutique\/applications\/"},{"@type":"ListItem","position":3,"name":"Agr\u00e9gation des prot\u00e9ines"}]},{"@type":"WebSite","@id":"https:\/\/occhio-instruments.com\/#website","url":"https:\/\/occhio-instruments.com\/","name":"Occhio","description":"Un site utilisant WordPress","potentialAction":[{"@type":"SearchAction","target":{"@type":"EntryPoint","urlTemplate":"https:\/\/occhio-instruments.com\/?s={search_term_string}"},"query-input":"required name=search_term_string"}],"inLanguage":"fr-FR"}]}},"_links":{"self":[{"href":"https:\/\/occhio-instruments.com\/fr\/wp-json\/wp\/v2\/pages\/2778"}],"collection":[{"href":"https:\/\/occhio-instruments.com\/fr\/wp-json\/wp\/v2\/pages"}],"about":[{"href":"https:\/\/occhio-instruments.com\/fr\/wp-json\/wp\/v2\/types\/page"}],"author":[{"embeddable":true,"href":"https:\/\/occhio-instruments.com\/fr\/wp-json\/wp\/v2\/users\/1"}],"replies":[{"embeddable":true,"href":"https:\/\/occhio-instruments.com\/fr\/wp-json\/wp\/v2\/comments?post=2778"}],"version-history":[{"count":11,"href":"https:\/\/occhio-instruments.com\/fr\/wp-json\/wp\/v2\/pages\/2778\/revisions"}],"predecessor-version":[{"id":10295,"href":"https:\/\/occhio-instruments.com\/fr\/wp-json\/wp\/v2\/pages\/2778\/revisions\/10295"}],"up":[{"embeddable":true,"href":"https:\/\/occhio-instruments.com\/fr\/wp-json\/wp\/v2\/pages\/2762"}],"wp:attachment":[{"href":"https:\/\/occhio-instruments.com\/fr\/wp-json\/wp\/v2\/media?parent=2778"}],"curies":[{"name":"wp","href":"https:\/\/api.w.org\/{rel}","templated":true}]}}