{"id":2760,"date":"2020-10-28T10:25:33","date_gmt":"2020-10-28T09:25:33","guid":{"rendered":"https:\/\/occhio-instruments.com\/biotechnologie-pharmaceutique\/application-notes\/"},"modified":"2023-09-12T14:07:16","modified_gmt":"2023-09-12T12:07:16","slug":"application-notes","status":"publish","type":"page","link":"https:\/\/occhio-instruments.com\/fr\/biotechnologie-pharmaceutique\/application-notes\/","title":{"rendered":"Notes d&rsquo;application"},"content":{"rendered":"<p>[et_pb_section fb_built=\u00a0\u00bb1&Prime; module_id=\u00a0\u00bbbanner\u00a0\u00bb _builder_version=\u00a0\u00bb4.15&Prime; background_image=\u00a0\u00bbhttps:\/\/occhio-instruments.com\/wp-content\/uploads\/2020\/04\/banner-bg.png\u00a0\u00bb global_colors_info=\u00a0\u00bb{}\u00a0\u00bb][et_pb_row _builder_version=\u00a0\u00bb4.15&Prime; background_size=\u00a0\u00bbinitial\u00a0\u00bb background_position=\u00a0\u00bbtop_left\u00a0\u00bb background_repeat=\u00a0\u00bbrepeat\u00a0\u00bb global_colors_info=\u00a0\u00bb{}\u00a0\u00bb][et_pb_column type=\u00a0\u00bb4_4&Prime; _builder_version=\u00a0\u00bb4.15&Prime; custom_padding=\u00a0\u00bb|||\u00a0\u00bb global_colors_info=\u00a0\u00bb{}\u00a0\u00bb custom_padding__hover=\u00a0\u00bb|||\u00a0\u00bb][et_pb_text _builder_version=\u00a0\u00bb4.15&Prime; global_colors_info=\u00a0\u00bb{}\u00a0\u00bb]<\/p>\n<p style=\"text-align: center;\">D\u00e9couvrez nos notes d&rsquo;application<\/p>\n<p>[\/et_pb_text][\/et_pb_column][\/et_pb_row][\/et_pb_section][et_pb_section fb_built=\u00a0\u00bb1&Prime; _builder_version=\u00a0\u00bb4.15&Prime; global_colors_info=\u00a0\u00bb{}\u00a0\u00bb][et_pb_row _builder_version=\u00a0\u00bb4.15&Prime; global_colors_info=\u00a0\u00bb{}\u00a0\u00bb][et_pb_column type=\u00a0\u00bb4_4&Prime; _builder_version=\u00a0\u00bb4.15&Prime; global_colors_info=\u00a0\u00bb{}\u00a0\u00bb][et_pb_text _builder_version=\u00a0\u00bb4.15.1&Prime; global_colors_info=\u00a0\u00bb{}\u00a0\u00bb]<\/p>\n<h1><strong>NOTES D&rsquo;APPLICATION<\/strong><\/h1>\n<p>Pour toute question relative \u00e0 la demande, <a href=\"https:\/\/occhio-instruments.com\/fr\/contact\/\"><strong>n&rsquo;h\u00e9sitez pas \u00e0 nous contacter<\/strong><\/a>, ou peut-\u00eatre trouverez-vous une r\u00e9ponse dans l&rsquo;un de ces documents :<\/p>\n<ul>\n<li>Comptage de l&rsquo;agr\u00e9gation des prot\u00e9ines (apn16-BT001)<\/li>\n<li>D\u00e9tection d&rsquo;huile de silicone dans une suspension de prot\u00e9ines (apn16-BT002)<\/li>\n<li>Analyse d&rsquo;une petite quantit\u00e9 d&rsquo;\u00e9chantillon pour l&rsquo;application de la suspension (apn16-BT003)<\/li>\n<li>Suivi des particules (apn16-BT004)<\/li>\n<li>Analyse de routine avec le robot pipetteur et l&rsquo;IPAC Occhio (apn16-BT005)<\/li>\n<li>Dispersion s\u00e8che et analyse des principes actifs pharmaceutiques (apn16-BT006)<\/li>\n<li>Analyse d&rsquo;une petite quantit\u00e9 d&rsquo;\u00e9chantillon pour l&rsquo;application de poudre s\u00e8che (apn16-BT007)<\/li>\n<\/ul>\n<p>Nos connaissances vont au-del\u00e0 de cette liste, alors n&rsquo;h\u00e9sitez pas \u00e0 nous en demander plus !<\/p>\n<p>D\u00e9couvrez \u00e9galement notre large catalogue <a href=\"https:\/\/occhio-instruments.com\/fr\/instruments\/\"><strong>d&rsquo;instruments de laboratoire par analyse d&rsquo;image<\/strong><\/a> avec Occhio ! Vous trouverez certainement l&rsquo;instrument de mesure qui r\u00e9pondra \u00e0 vos attentes ! ce n&rsquo;est pas le cas ? Alors d\u00e9couvrez \u00e9galement notre <a href=\"https:\/\/occhio-instruments.com\/fr\/biotechnologie-pharmaceutique\/applications\/developpement-special-clients\/\">service de d\u00e9veloppement sur mesure<\/a> afin que chacun trouve l&rsquo;instrument qui lui correspond !<\/p>\n<p>[\/et_pb_text][et_pb_button button_url=\u00a0\u00bbhttps:\/\/occhio-instruments.com\/fr\/contact\/\u00a0\u00bb button_text=\u00a0\u00bbContactez-nous pour + d&rsquo;infos \u00a0\u00bb _builder_version=\u00a0\u00bb4.4.3&Prime; global_colors_info=\u00a0\u00bb{}\u00a0\u00bb][\/et_pb_button][\/et_pb_column][\/et_pb_row][\/et_pb_section][et_pb_section fb_built=\u00a0\u00bb1&Prime; module_id=\u00a0\u00bbcta-bottom\u00a0\u00bb _builder_version=\u00a0\u00bb4.4.3&Prime; background_color=\u00a0\u00bb#51595D\u00a0\u00bb custom_padding=\u00a0\u00bb30px||30px||false|false\u00a0\u00bb global_module=\u00a0\u00bb89&Prime; saved_tabs=\u00a0\u00bball\u00a0\u00bb global_colors_info=\u00a0\u00bb{}\u00a0\u00bb][et_pb_row column_structure=\u00a0\u00bb2_3,1_3&Prime; _builder_version=\u00a0\u00bb4.15&Prime; global_colors_info=\u00a0\u00bb{}\u00a0\u00bb][et_pb_column type=\u00a0\u00bb2_3&Prime; _builder_version=\u00a0\u00bb4.15&Prime; global_colors_info=\u00a0\u00bb{}\u00a0\u00bb][et_pb_text _builder_version=\u00a0\u00bb4.15&Prime; text_text_color=\u00a0\u00bb#ffffff\u00a0\u00bb header_text_color=\u00a0\u00bb#ffffff\u00a0\u00bb global_colors_info=\u00a0\u00bb{}\u00a0\u00bb]<\/p>\n<h2>Vous souhaitez recevoir plus d&rsquo;infos ?<br \/><strong>Contactez-nous !<\/strong><\/h2>\n<p>[\/et_pb_text][\/et_pb_column][et_pb_column type=\u00a0\u00bb1_3&Prime; _builder_version=\u00a0\u00bb4.15&Prime; global_colors_info=\u00a0\u00bb{}\u00a0\u00bb][et_pb_button button_url=\u00a0\u00bb\/fr\/contact\/\u00a0\u00bb button_text=\u00a0\u00bbContactez-nous !\u00a0\u00bb _builder_version=\u00a0\u00bb4.4.3&Prime; global_colors_info=\u00a0\u00bb{}\u00a0\u00bb][\/et_pb_button][\/et_pb_column][\/et_pb_row][\/et_pb_section]<\/p>\n","protected":false},"excerpt":{"rendered":"<p>D\u00e9couvrez nos notes d&rsquo;applicationNOTES D&rsquo;APPLICATION Pour toute question relative \u00e0 la demande, n&rsquo;h\u00e9sitez pas \u00e0 nous contacter, ou peut-\u00eatre trouverez-vous une r\u00e9ponse dans l&rsquo;un de ces documents : Comptage de l&rsquo;agr\u00e9gation des prot\u00e9ines (apn16-BT001) D\u00e9tection d&rsquo;huile de silicone dans une suspension de prot\u00e9ines (apn16-BT002) Analyse d&rsquo;une petite quantit\u00e9 d&rsquo;\u00e9chantillon pour l&rsquo;application de la suspension (apn16-BT003) [&hellip;]<\/p>\n","protected":false},"author":1,"featured_media":0,"parent":2618,"menu_order":0,"comment_status":"closed","ping_status":"closed","template":"","meta":{"_et_pb_use_builder":"on","_et_pb_old_content":"","_et_gb_content_width":"","footnotes":""},"yoast_head":"<!-- This site is optimized with the Yoast SEO plugin v22.9 - https:\/\/yoast.com\/wordpress\/plugins\/seo\/ -->\n<title>Notes d&#039;application - Occhio, instruments de laboratoire<\/title>\n<meta name=\"description\" content=\"Notes d&#039;application - d\u00e9couvrez les d\u00e9monstrations d&#039;application des instruments d&#039;analyse de particules d&#039;Occhio-Instruments !\" \/>\n<meta name=\"robots\" content=\"index, follow, max-snippet:-1, max-image-preview:large, max-video-preview:-1\" \/>\n<link rel=\"canonical\" href=\"https:\/\/occhio-instruments.com\/fr\/biotechnologie-pharmaceutique\/application-notes\/\" \/>\n<meta property=\"og:locale\" content=\"fr_FR\" \/>\n<meta property=\"og:type\" content=\"article\" \/>\n<meta property=\"og:title\" content=\"Notes d&#039;application - Occhio, instruments de laboratoire\" \/>\n<meta property=\"og:description\" content=\"Notes d&#039;application - d\u00e9couvrez les d\u00e9monstrations d&#039;application des instruments d&#039;analyse de particules d&#039;Occhio-Instruments !\" \/>\n<meta property=\"og:url\" content=\"https:\/\/occhio-instruments.com\/fr\/biotechnologie-pharmaceutique\/application-notes\/\" \/>\n<meta property=\"og:site_name\" content=\"Occhio\" \/>\n<meta property=\"article:modified_time\" content=\"2023-09-12T12:07:16+00:00\" \/>\n<meta property=\"og:image\" content=\"https:\/\/occhio-instruments.com\/wp-content\/uploads\/2021\/12\/occhio-instruments.jpg\" \/>\n\t<meta property=\"og:image:width\" content=\"1200\" \/>\n\t<meta property=\"og:image:height\" content=\"630\" \/>\n\t<meta property=\"og:image:type\" content=\"image\/jpeg\" \/>\n<meta name=\"twitter:card\" content=\"summary_large_image\" \/>\n<meta name=\"twitter:label1\" content=\"Dur\u00e9e de lecture estim\u00e9e\" \/>\n\t<meta name=\"twitter:data1\" content=\"1 minute\" \/>\n<script type=\"application\/ld+json\" class=\"yoast-schema-graph\">{\"@context\":\"https:\/\/schema.org\",\"@graph\":[{\"@type\":\"WebPage\",\"@id\":\"https:\/\/occhio-instruments.com\/fr\/biotechnologie-pharmaceutique\/application-notes\/\",\"url\":\"https:\/\/occhio-instruments.com\/fr\/biotechnologie-pharmaceutique\/application-notes\/\",\"name\":\"Notes d'application - Occhio, instruments de laboratoire\",\"isPartOf\":{\"@id\":\"https:\/\/occhio-instruments.com\/#website\"},\"datePublished\":\"2020-10-28T09:25:33+00:00\",\"dateModified\":\"2023-09-12T12:07:16+00:00\",\"description\":\"Notes d'application - d\u00e9couvrez les d\u00e9monstrations d'application des instruments d'analyse de particules d'Occhio-Instruments !\",\"breadcrumb\":{\"@id\":\"https:\/\/occhio-instruments.com\/fr\/biotechnologie-pharmaceutique\/application-notes\/#breadcrumb\"},\"inLanguage\":\"fr-FR\",\"potentialAction\":[{\"@type\":\"ReadAction\",\"target\":[\"https:\/\/occhio-instruments.com\/fr\/biotechnologie-pharmaceutique\/application-notes\/\"]}]},{\"@type\":\"BreadcrumbList\",\"@id\":\"https:\/\/occhio-instruments.com\/fr\/biotechnologie-pharmaceutique\/application-notes\/#breadcrumb\",\"itemListElement\":[{\"@type\":\"ListItem\",\"position\":1,\"name\":\"Biotechnologie &#038; Pharmaceutique FR\",\"item\":\"https:\/\/occhio-instruments.com\/fr\/biotechnologie-pharmaceutique\/\"},{\"@type\":\"ListItem\",\"position\":2,\"name\":\"Notes d&#8217;application\"}]},{\"@type\":\"WebSite\",\"@id\":\"https:\/\/occhio-instruments.com\/#website\",\"url\":\"https:\/\/occhio-instruments.com\/\",\"name\":\"Occhio\",\"description\":\"Un site utilisant WordPress\",\"potentialAction\":[{\"@type\":\"SearchAction\",\"target\":{\"@type\":\"EntryPoint\",\"urlTemplate\":\"https:\/\/occhio-instruments.com\/?s={search_term_string}\"},\"query-input\":\"required name=search_term_string\"}],\"inLanguage\":\"fr-FR\"}]}<\/script>\n<!-- \/ Yoast SEO plugin. -->","yoast_head_json":{"title":"Notes d'application - Occhio, instruments de laboratoire","description":"Notes d'application - d\u00e9couvrez les d\u00e9monstrations d'application des instruments d'analyse de particules d'Occhio-Instruments !","robots":{"index":"index","follow":"follow","max-snippet":"max-snippet:-1","max-image-preview":"max-image-preview:large","max-video-preview":"max-video-preview:-1"},"canonical":"https:\/\/occhio-instruments.com\/fr\/biotechnologie-pharmaceutique\/application-notes\/","og_locale":"fr_FR","og_type":"article","og_title":"Notes d'application - Occhio, instruments de laboratoire","og_description":"Notes d'application - d\u00e9couvrez les d\u00e9monstrations d'application des instruments d'analyse de particules d'Occhio-Instruments !","og_url":"https:\/\/occhio-instruments.com\/fr\/biotechnologie-pharmaceutique\/application-notes\/","og_site_name":"Occhio","article_modified_time":"2023-09-12T12:07:16+00:00","og_image":[{"width":1200,"height":630,"url":"https:\/\/occhio-instruments.com\/wp-content\/uploads\/2021\/12\/occhio-instruments.jpg","type":"image\/jpeg"}],"twitter_card":"summary_large_image","twitter_misc":{"Dur\u00e9e de lecture estim\u00e9e":"1 minute"},"schema":{"@context":"https:\/\/schema.org","@graph":[{"@type":"WebPage","@id":"https:\/\/occhio-instruments.com\/fr\/biotechnologie-pharmaceutique\/application-notes\/","url":"https:\/\/occhio-instruments.com\/fr\/biotechnologie-pharmaceutique\/application-notes\/","name":"Notes d'application - Occhio, instruments de laboratoire","isPartOf":{"@id":"https:\/\/occhio-instruments.com\/#website"},"datePublished":"2020-10-28T09:25:33+00:00","dateModified":"2023-09-12T12:07:16+00:00","description":"Notes d'application - d\u00e9couvrez les d\u00e9monstrations d'application des instruments d'analyse de particules d'Occhio-Instruments !","breadcrumb":{"@id":"https:\/\/occhio-instruments.com\/fr\/biotechnologie-pharmaceutique\/application-notes\/#breadcrumb"},"inLanguage":"fr-FR","potentialAction":[{"@type":"ReadAction","target":["https:\/\/occhio-instruments.com\/fr\/biotechnologie-pharmaceutique\/application-notes\/"]}]},{"@type":"BreadcrumbList","@id":"https:\/\/occhio-instruments.com\/fr\/biotechnologie-pharmaceutique\/application-notes\/#breadcrumb","itemListElement":[{"@type":"ListItem","position":1,"name":"Biotechnologie &#038; Pharmaceutique FR","item":"https:\/\/occhio-instruments.com\/fr\/biotechnologie-pharmaceutique\/"},{"@type":"ListItem","position":2,"name":"Notes d&#8217;application"}]},{"@type":"WebSite","@id":"https:\/\/occhio-instruments.com\/#website","url":"https:\/\/occhio-instruments.com\/","name":"Occhio","description":"Un site utilisant WordPress","potentialAction":[{"@type":"SearchAction","target":{"@type":"EntryPoint","urlTemplate":"https:\/\/occhio-instruments.com\/?s={search_term_string}"},"query-input":"required name=search_term_string"}],"inLanguage":"fr-FR"}]}},"_links":{"self":[{"href":"https:\/\/occhio-instruments.com\/fr\/wp-json\/wp\/v2\/pages\/2760"}],"collection":[{"href":"https:\/\/occhio-instruments.com\/fr\/wp-json\/wp\/v2\/pages"}],"about":[{"href":"https:\/\/occhio-instruments.com\/fr\/wp-json\/wp\/v2\/types\/page"}],"author":[{"embeddable":true,"href":"https:\/\/occhio-instruments.com\/fr\/wp-json\/wp\/v2\/users\/1"}],"replies":[{"embeddable":true,"href":"https:\/\/occhio-instruments.com\/fr\/wp-json\/wp\/v2\/comments?post=2760"}],"version-history":[{"count":12,"href":"https:\/\/occhio-instruments.com\/fr\/wp-json\/wp\/v2\/pages\/2760\/revisions"}],"predecessor-version":[{"id":10286,"href":"https:\/\/occhio-instruments.com\/fr\/wp-json\/wp\/v2\/pages\/2760\/revisions\/10286"}],"up":[{"embeddable":true,"href":"https:\/\/occhio-instruments.com\/fr\/wp-json\/wp\/v2\/pages\/2618"}],"wp:attachment":[{"href":"https:\/\/occhio-instruments.com\/fr\/wp-json\/wp\/v2\/media?parent=2760"}],"curies":[{"name":"wp","href":"https:\/\/api.w.org\/{rel}","templated":true}]}}