{"id":2749,"date":"2020-08-19T15:36:37","date_gmt":"2020-08-19T13:36:37","guid":{"rendered":"https:\/\/occhio-instruments.com\/notes-application\/three-dimensional-pellet-characterisation-apn-16sd008\/"},"modified":"2023-07-25T15:37:27","modified_gmt":"2023-07-25T13:37:27","slug":"caracterisation-tridimensionnelle-granules","status":"publish","type":"page","link":"https:\/\/occhio-instruments.com\/fr\/instruments\/notes-application\/caracterisation-tridimensionnelle-granules\/","title":{"rendered":"la caract\u00e9risation tridimensionnelle des granul\u00e9s (Apn-16SD008)"},"content":{"rendered":"<p>[et_pb_section fb_built=\u00a0\u00bb1&Prime; module_id=\u00a0\u00bbbanner\u00a0\u00bb _builder_version=\u00a0\u00bb4.15&Prime; background_image=\u00a0\u00bbhttps:\/\/occhio-instruments.com\/wp-content\/uploads\/2020\/04\/banner-bg.png\u00a0\u00bb global_colors_info=\u00a0\u00bb{}\u00a0\u00bb][et_pb_row _builder_version=\u00a0\u00bb4.15&Prime; background_size=\u00a0\u00bbinitial\u00a0\u00bb background_position=\u00a0\u00bbtop_left\u00a0\u00bb background_repeat=\u00a0\u00bbrepeat\u00a0\u00bb global_colors_info=\u00a0\u00bb{}\u00a0\u00bb][et_pb_column type=\u00a0\u00bb4_4&Prime; _builder_version=\u00a0\u00bb4.15&Prime; custom_padding=\u00a0\u00bb|||\u00a0\u00bb global_colors_info=\u00a0\u00bb{}\u00a0\u00bb custom_padding__hover=\u00a0\u00bb|||\u00a0\u00bb][et_pb_text _builder_version=\u00a0\u00bb4.15.1&Prime; hover_enabled=\u00a0\u00bb0&Prime; global_colors_info=\u00a0\u00bb{}\u00a0\u00bb sticky_enabled=\u00a0\u00bb0&Prime;]<\/p>\n<p style=\"text-align: center;\"><span data-sheets-value=\"{&quot;1&quot;:2,&quot;2&quot;:&quot;la caract\u00e9risation tridimensionnelle des granul\u00e9s (Apn-16SD008)&quot;}\" data-sheets-userformat=\"{&quot;2&quot;:14721,&quot;3&quot;:{&quot;1&quot;:0,&quot;3&quot;:1},&quot;10&quot;:0,&quot;11&quot;:4,&quot;14&quot;:{&quot;1&quot;:2,&quot;2&quot;:28864},&quot;15&quot;:&quot;Arial&quot;,&quot;16&quot;:10}\">Caract\u00e9risation tridimensionnelle des granul\u00e9s (Apn-16SD008)<\/span><\/p>\n<p>[\/et_pb_text][\/et_pb_column][\/et_pb_row][\/et_pb_section][et_pb_section fb_built=\u00a0\u00bb1&Prime; _builder_version=\u00a0\u00bb4.15&Prime; global_colors_info=\u00a0\u00bb{}\u00a0\u00bb][et_pb_row column_structure=\u00a0\u00bb2_5,3_5&Prime; _builder_version=\u00a0\u00bb4.15&Prime; global_colors_info=\u00a0\u00bb{}\u00a0\u00bb][et_pb_column type=\u00a0\u00bb2_5&Prime; _builder_version=\u00a0\u00bb4.15&Prime; global_colors_info=\u00a0\u00bb{}\u00a0\u00bb][et_pb_image src=\u00a0\u00bbhttps:\/\/occhio-instruments.com\/wp-content\/uploads\/2020\/06\/occhio-52-m.jpg\u00a0\u00bb alt=\u00a0\u00bbAnalyse de la taille, de la forme et de la couleur de particules par analyse d&rsquo;image &#8211; Morpho 3D\u00a0\u00bb title_text=\u00a0\u00bbAnalyse de la taille, de la forme et de la couleur de particules par analyse d&rsquo;image &#8211; Morpho 3D\u00a0\u00bb _builder_version=\u00a0\u00bb4.15.1&Prime; hover_enabled=\u00a0\u00bb0&Prime; global_colors_info=\u00a0\u00bb{}\u00a0\u00bb sticky_enabled=\u00a0\u00bb0&Prime;][\/et_pb_image][\/et_pb_column][et_pb_column type=\u00a0\u00bb3_5&Prime; _builder_version=\u00a0\u00bb4.15&Prime; global_colors_info=\u00a0\u00bb{}\u00a0\u00bb][et_pb_text _builder_version=\u00a0\u00bb4.15.1&Prime; global_colors_info=\u00a0\u00bb{}\u00a0\u00bb]<\/p>\n<h1><span data-sheets-value=\"{&quot;1&quot;:2,&quot;2&quot;:&quot;la caract\u00e9risation tridimensionnelle des granul\u00e9s (Apn-16SD008)&quot;}\" data-sheets-userformat=\"{&quot;2&quot;:14721,&quot;3&quot;:{&quot;1&quot;:0,&quot;3&quot;:1},&quot;10&quot;:0,&quot;11&quot;:4,&quot;14&quot;:{&quot;1&quot;:2,&quot;2&quot;:28864},&quot;15&quot;:&quot;Arial&quot;,&quot;16&quot;:10}\">Caract\u00e9risation tridimensionnelle des granul\u00e9s (Apn-16SD008)<\/span><\/h1>\n<p style=\"text-align: justify;\">Une <strong>analyse pr\u00e9cise de la taille, de la forme et de la couleur<\/strong> peut \u00eatre obtenue avec notre tout dernier <a href=\"https:\/\/occhio-instruments.com\/fr\/morpho-3d\/\"><strong>analyseur de particules Morpho 3D<\/strong><\/a>.<\/p>\n<p style=\"text-align: justify;\">Gr\u00e2ce \u00e0 l&rsquo;image st\u00e9r\u00e9oscopique, la <strong>mesure de la taille<\/strong> peut \u00eatre calcul\u00e9e sur les<strong> trois dimensions<\/strong> de la particule : largeur, longueur et \u00e9paisseur.<\/p>\n<p style=\"text-align: justify;\">L&rsquo;image 3D n&rsquo;est pas bas\u00e9e sur des valeurs estim\u00e9es, mais sur la taille r\u00e9elle calcul\u00e9e par les images prises avec la double cam\u00e9ra.<\/p>\n<p style=\"text-align: justify;\">Cette mesure tr\u00e8s <strong>pr\u00e9cise<\/strong>, combin\u00e9e au puissant <a href=\"https:\/\/occhio-instruments.com\/fr\/instruments\/nos-produits\/logiciels\/callisto-3d\/\"><strong>logiciel Callisto 3D<\/strong><\/a>, nous permet d&rsquo;atteindre un<strong> contr\u00f4le de qualit\u00e9 in\u00e9gal\u00e9 en tr\u00e8s peu de temps<\/strong>.<\/p>\n<p>[\/et_pb_text][\/et_pb_column][\/et_pb_row][et_pb_row column_structure=\u00a0\u00bb2_3,1_3&Prime; _builder_version=\u00a0\u00bb4.15&Prime; global_colors_info=\u00a0\u00bb{}\u00a0\u00bb][et_pb_column type=\u00a0\u00bb2_3&Prime; _builder_version=\u00a0\u00bb4.15&Prime; global_colors_info=\u00a0\u00bb{}\u00a0\u00bb][\/et_pb_column][et_pb_column type=\u00a0\u00bb1_3&Prime; _builder_version=\u00a0\u00bb4.15&Prime; global_colors_info=\u00a0\u00bb{}\u00a0\u00bb][et_pb_blurb title=\u00a0\u00bbMorpho 3D\u00a0\u00bb image=\u00a0\u00bbhttps:\/\/occhio-instruments.com\/wp-content\/uploads\/2020\/08\/occhio-morpho-3d.jpg\u00a0\u00bb alt=\u00a0\u00bbMorpho 3D &#8211; Mesure de la taille, forme et couleur de particules par l&rsquo;analyse d&rsquo;image\u00a0\u00bb _builder_version=\u00a0\u00bb4.15.1&Prime; header_text_align=\u00a0\u00bbcenter\u00a0\u00bb link_option_url=\u00a0\u00bb\/fr\/instruments\/nos-produits\/dispersion-voie-seche\/morpho-3d\/\u00a0\u00bb global_colors_info=\u00a0\u00bb{}\u00a0\u00bb][\/et_pb_blurb][et_pb_blurb title=\u00a0\u00bbCONTACT OCCHIO \u00a0\u00bb alt=\u00a0\u00bbContact Occhio &#8211; Instruments de laboratoire par analyse d&rsquo;image\u00a0\u00bb _builder_version=\u00a0\u00bb4.15.1&Prime; header_text_align=\u00a0\u00bbcenter\u00a0\u00bb link_option_url=\u00a0\u00bb\/fr\/contact\u00a0\u00bb global_colors_info=\u00a0\u00bb{}\u00a0\u00bb][\/et_pb_blurb][\/et_pb_column][\/et_pb_row][\/et_pb_section][et_pb_section fb_built=\u00a0\u00bb1&Prime; module_id=\u00a0\u00bbcta-bottom\u00a0\u00bb _builder_version=\u00a0\u00bb4.4.3&Prime; background_color=\u00a0\u00bb#51595D\u00a0\u00bb custom_padding=\u00a0\u00bb30px||30px||false|false\u00a0\u00bb global_module=\u00a0\u00bb89&Prime; saved_tabs=\u00a0\u00bball\u00a0\u00bb global_colors_info=\u00a0\u00bb{}\u00a0\u00bb][et_pb_row column_structure=\u00a0\u00bb2_3,1_3&Prime; _builder_version=\u00a0\u00bb4.15&Prime; global_colors_info=\u00a0\u00bb{}\u00a0\u00bb][et_pb_column type=\u00a0\u00bb2_3&Prime; _builder_version=\u00a0\u00bb4.15&Prime; global_colors_info=\u00a0\u00bb{}\u00a0\u00bb][et_pb_text _builder_version=\u00a0\u00bb4.15&Prime; text_text_color=\u00a0\u00bb#ffffff\u00a0\u00bb header_text_color=\u00a0\u00bb#ffffff\u00a0\u00bb global_colors_info=\u00a0\u00bb{}\u00a0\u00bb]<\/p>\n<h2>Vous souhaitez recevoir plus d&rsquo;infos ?<br \/><strong>Contactez-nous !<\/strong><\/h2>\n<p>[\/et_pb_text][\/et_pb_column][et_pb_column type=\u00a0\u00bb1_3&Prime; _builder_version=\u00a0\u00bb4.15&Prime; global_colors_info=\u00a0\u00bb{}\u00a0\u00bb][et_pb_button button_url=\u00a0\u00bb\/fr\/contact\/\u00a0\u00bb button_text=\u00a0\u00bbContactez-nous !\u00a0\u00bb _builder_version=\u00a0\u00bb4.4.3&Prime; global_colors_info=\u00a0\u00bb{}\u00a0\u00bb][\/et_pb_button][\/et_pb_column][\/et_pb_row][\/et_pb_section]<\/p>\n","protected":false},"excerpt":{"rendered":"<p>Caract\u00e9risation tridimensionnelle des granul\u00e9s (Apn-16SD008)Caract\u00e9risation tridimensionnelle des granul\u00e9s (Apn-16SD008) Une analyse pr\u00e9cise de la taille, de la forme et de la couleur peut \u00eatre obtenue avec notre tout dernier analyseur de particules Morpho 3D. Gr\u00e2ce \u00e0 l&rsquo;image st\u00e9r\u00e9oscopique, la mesure de la taille peut \u00eatre calcul\u00e9e sur les trois dimensions de la particule : largeur, [&hellip;]<\/p>\n","protected":false},"author":1,"featured_media":0,"parent":2695,"menu_order":0,"comment_status":"closed","ping_status":"closed","template":"","meta":{"_et_pb_use_builder":"on","_et_pb_old_content":"","_et_gb_content_width":"","footnotes":""},"yoast_head":"<!-- This site is optimized with the Yoast SEO plugin v22.9 - https:\/\/yoast.com\/wordpress\/plugins\/seo\/ -->\n<title>Caract\u00e9risation tridimensionnelle des granul\u00e9s (Apn-16SD008) - Occhio<\/title>\n<meta name=\"description\" content=\"la caract\u00e9risation tridimensionnelle des granul\u00e9s par Occhio Instruments - Votre partenaire en instruments de laboratoire.\" \/>\n<meta name=\"robots\" content=\"index, follow, max-snippet:-1, max-image-preview:large, max-video-preview:-1\" \/>\n<link rel=\"canonical\" href=\"https:\/\/occhio-instruments.com\/fr\/instruments\/notes-application\/caracterisation-tridimensionnelle-granules\/\" \/>\n<meta property=\"og:locale\" content=\"fr_FR\" \/>\n<meta property=\"og:type\" content=\"article\" \/>\n<meta property=\"og:title\" content=\"Caract\u00e9risation tridimensionnelle des granul\u00e9s (Apn-16SD008) - Occhio\" \/>\n<meta property=\"og:description\" content=\"la caract\u00e9risation tridimensionnelle des granul\u00e9s par Occhio Instruments - Votre partenaire en instruments de laboratoire.\" \/>\n<meta property=\"og:url\" content=\"https:\/\/occhio-instruments.com\/fr\/instruments\/notes-application\/caracterisation-tridimensionnelle-granules\/\" \/>\n<meta property=\"og:site_name\" content=\"Occhio\" \/>\n<meta property=\"article:modified_time\" content=\"2023-07-25T13:37:27+00:00\" \/>\n<meta property=\"og:image\" content=\"https:\/\/occhio-instruments.com\/wp-content\/uploads\/2021\/12\/occhio-instruments.jpg\" \/>\n\t<meta property=\"og:image:width\" content=\"1200\" \/>\n\t<meta property=\"og:image:height\" content=\"630\" \/>\n\t<meta property=\"og:image:type\" content=\"image\/jpeg\" \/>\n<meta name=\"twitter:card\" content=\"summary_large_image\" \/>\n<meta name=\"twitter:label1\" content=\"Dur\u00e9e de lecture estim\u00e9e\" \/>\n\t<meta name=\"twitter:data1\" content=\"2 minutes\" \/>\n<script type=\"application\/ld+json\" class=\"yoast-schema-graph\">{\"@context\":\"https:\/\/schema.org\",\"@graph\":[{\"@type\":\"WebPage\",\"@id\":\"https:\/\/occhio-instruments.com\/fr\/instruments\/notes-application\/caracterisation-tridimensionnelle-granules\/\",\"url\":\"https:\/\/occhio-instruments.com\/fr\/instruments\/notes-application\/caracterisation-tridimensionnelle-granules\/\",\"name\":\"Caract\u00e9risation tridimensionnelle des granul\u00e9s (Apn-16SD008) - Occhio\",\"isPartOf\":{\"@id\":\"https:\/\/occhio-instruments.com\/#website\"},\"datePublished\":\"2020-08-19T13:36:37+00:00\",\"dateModified\":\"2023-07-25T13:37:27+00:00\",\"description\":\"la caract\u00e9risation tridimensionnelle des granul\u00e9s par Occhio Instruments - Votre partenaire en instruments de laboratoire.\",\"breadcrumb\":{\"@id\":\"https:\/\/occhio-instruments.com\/fr\/instruments\/notes-application\/caracterisation-tridimensionnelle-granules\/#breadcrumb\"},\"inLanguage\":\"fr-FR\",\"potentialAction\":[{\"@type\":\"ReadAction\",\"target\":[\"https:\/\/occhio-instruments.com\/fr\/instruments\/notes-application\/caracterisation-tridimensionnelle-granules\/\"]}]},{\"@type\":\"BreadcrumbList\",\"@id\":\"https:\/\/occhio-instruments.com\/fr\/instruments\/notes-application\/caracterisation-tridimensionnelle-granules\/#breadcrumb\",\"itemListElement\":[{\"@type\":\"ListItem\",\"position\":1,\"name\":\"Instruments\",\"item\":\"https:\/\/occhio-instruments.com\/fr\/instruments\/\"},{\"@type\":\"ListItem\",\"position\":2,\"name\":\"Notes d&#8217;application (FR)\",\"item\":\"https:\/\/occhio-instruments.com\/fr\/instruments\/notes-application\/\"},{\"@type\":\"ListItem\",\"position\":3,\"name\":\"la caract\u00e9risation tridimensionnelle des granul\u00e9s (Apn-16SD008)\"}]},{\"@type\":\"WebSite\",\"@id\":\"https:\/\/occhio-instruments.com\/#website\",\"url\":\"https:\/\/occhio-instruments.com\/\",\"name\":\"Occhio\",\"description\":\"Un site utilisant WordPress\",\"potentialAction\":[{\"@type\":\"SearchAction\",\"target\":{\"@type\":\"EntryPoint\",\"urlTemplate\":\"https:\/\/occhio-instruments.com\/?s={search_term_string}\"},\"query-input\":\"required name=search_term_string\"}],\"inLanguage\":\"fr-FR\"}]}<\/script>\n<!-- \/ Yoast SEO plugin. -->","yoast_head_json":{"title":"Caract\u00e9risation tridimensionnelle des granul\u00e9s (Apn-16SD008) - Occhio","description":"la caract\u00e9risation tridimensionnelle des granul\u00e9s par Occhio Instruments - Votre partenaire en instruments de laboratoire.","robots":{"index":"index","follow":"follow","max-snippet":"max-snippet:-1","max-image-preview":"max-image-preview:large","max-video-preview":"max-video-preview:-1"},"canonical":"https:\/\/occhio-instruments.com\/fr\/instruments\/notes-application\/caracterisation-tridimensionnelle-granules\/","og_locale":"fr_FR","og_type":"article","og_title":"Caract\u00e9risation tridimensionnelle des granul\u00e9s (Apn-16SD008) - Occhio","og_description":"la caract\u00e9risation tridimensionnelle des granul\u00e9s par Occhio Instruments - Votre partenaire en instruments de laboratoire.","og_url":"https:\/\/occhio-instruments.com\/fr\/instruments\/notes-application\/caracterisation-tridimensionnelle-granules\/","og_site_name":"Occhio","article_modified_time":"2023-07-25T13:37:27+00:00","og_image":[{"width":1200,"height":630,"url":"https:\/\/occhio-instruments.com\/wp-content\/uploads\/2021\/12\/occhio-instruments.jpg","type":"image\/jpeg"}],"twitter_card":"summary_large_image","twitter_misc":{"Dur\u00e9e de lecture estim\u00e9e":"2 minutes"},"schema":{"@context":"https:\/\/schema.org","@graph":[{"@type":"WebPage","@id":"https:\/\/occhio-instruments.com\/fr\/instruments\/notes-application\/caracterisation-tridimensionnelle-granules\/","url":"https:\/\/occhio-instruments.com\/fr\/instruments\/notes-application\/caracterisation-tridimensionnelle-granules\/","name":"Caract\u00e9risation tridimensionnelle des granul\u00e9s (Apn-16SD008) - Occhio","isPartOf":{"@id":"https:\/\/occhio-instruments.com\/#website"},"datePublished":"2020-08-19T13:36:37+00:00","dateModified":"2023-07-25T13:37:27+00:00","description":"la caract\u00e9risation tridimensionnelle des granul\u00e9s par Occhio Instruments - Votre partenaire en instruments de laboratoire.","breadcrumb":{"@id":"https:\/\/occhio-instruments.com\/fr\/instruments\/notes-application\/caracterisation-tridimensionnelle-granules\/#breadcrumb"},"inLanguage":"fr-FR","potentialAction":[{"@type":"ReadAction","target":["https:\/\/occhio-instruments.com\/fr\/instruments\/notes-application\/caracterisation-tridimensionnelle-granules\/"]}]},{"@type":"BreadcrumbList","@id":"https:\/\/occhio-instruments.com\/fr\/instruments\/notes-application\/caracterisation-tridimensionnelle-granules\/#breadcrumb","itemListElement":[{"@type":"ListItem","position":1,"name":"Instruments","item":"https:\/\/occhio-instruments.com\/fr\/instruments\/"},{"@type":"ListItem","position":2,"name":"Notes d&#8217;application (FR)","item":"https:\/\/occhio-instruments.com\/fr\/instruments\/notes-application\/"},{"@type":"ListItem","position":3,"name":"la caract\u00e9risation tridimensionnelle des granul\u00e9s (Apn-16SD008)"}]},{"@type":"WebSite","@id":"https:\/\/occhio-instruments.com\/#website","url":"https:\/\/occhio-instruments.com\/","name":"Occhio","description":"Un site utilisant WordPress","potentialAction":[{"@type":"SearchAction","target":{"@type":"EntryPoint","urlTemplate":"https:\/\/occhio-instruments.com\/?s={search_term_string}"},"query-input":"required name=search_term_string"}],"inLanguage":"fr-FR"}]}},"_links":{"self":[{"href":"https:\/\/occhio-instruments.com\/fr\/wp-json\/wp\/v2\/pages\/2749"}],"collection":[{"href":"https:\/\/occhio-instruments.com\/fr\/wp-json\/wp\/v2\/pages"}],"about":[{"href":"https:\/\/occhio-instruments.com\/fr\/wp-json\/wp\/v2\/types\/page"}],"author":[{"embeddable":true,"href":"https:\/\/occhio-instruments.com\/fr\/wp-json\/wp\/v2\/users\/1"}],"replies":[{"embeddable":true,"href":"https:\/\/occhio-instruments.com\/fr\/wp-json\/wp\/v2\/comments?post=2749"}],"version-history":[{"count":11,"href":"https:\/\/occhio-instruments.com\/fr\/wp-json\/wp\/v2\/pages\/2749\/revisions"}],"predecessor-version":[{"id":10308,"href":"https:\/\/occhio-instruments.com\/fr\/wp-json\/wp\/v2\/pages\/2749\/revisions\/10308"}],"up":[{"embeddable":true,"href":"https:\/\/occhio-instruments.com\/fr\/wp-json\/wp\/v2\/pages\/2695"}],"wp:attachment":[{"href":"https:\/\/occhio-instruments.com\/fr\/wp-json\/wp\/v2\/media?parent=2749"}],"curies":[{"name":"wp","href":"https:\/\/api.w.org\/{rel}","templated":true}]}}