{"id":2725,"date":"2020-06-16T11:55:48","date_gmt":"2020-06-16T09:55:48","guid":{"rendered":"https:\/\/occhio-instruments.com\/notes-application\/abrasive-property-of-industrial-diamond-apn16-sd005\/"},"modified":"2023-07-25T15:34:08","modified_gmt":"2023-07-25T13:34:08","slug":"propriete-abrasive-diamant-industriel","status":"publish","type":"page","link":"https:\/\/occhio-instruments.com\/fr\/instruments\/notes-application\/propriete-abrasive-diamant-industriel\/","title":{"rendered":"Propri\u00e9t\u00e9 abrasive du diamant industriel (Apn16-SD005)"},"content":{"rendered":"<p>[et_pb_section fb_built=\u00a0\u00bb1&Prime; module_id=\u00a0\u00bbbanner\u00a0\u00bb _builder_version=\u00a0\u00bb4.15&Prime; background_image=\u00a0\u00bbhttps:\/\/occhio-instruments.com\/wp-content\/uploads\/2020\/04\/banner-bg.png\u00a0\u00bb global_colors_info=\u00a0\u00bb{}\u00a0\u00bb][et_pb_row _builder_version=\u00a0\u00bb4.15&Prime; background_size=\u00a0\u00bbinitial\u00a0\u00bb background_position=\u00a0\u00bbtop_left\u00a0\u00bb background_repeat=\u00a0\u00bbrepeat\u00a0\u00bb global_colors_info=\u00a0\u00bb{}\u00a0\u00bb][et_pb_column type=\u00a0\u00bb4_4&Prime; _builder_version=\u00a0\u00bb4.15&Prime; custom_padding=\u00a0\u00bb|||\u00a0\u00bb global_colors_info=\u00a0\u00bb{}\u00a0\u00bb custom_padding__hover=\u00a0\u00bb|||\u00a0\u00bb][et_pb_text _builder_version=\u00a0\u00bb4.15&Prime; global_colors_info=\u00a0\u00bb{}\u00a0\u00bb]<\/p>\n<p style=\"text-align: center;\">Propri\u00e9t\u00e9 abrasive du diamant industriel (Apn16-SD005)<\/p>\n<p>[\/et_pb_text][\/et_pb_column][\/et_pb_row][\/et_pb_section][et_pb_section fb_built=\u00a0\u00bb1&Prime; _builder_version=\u00a0\u00bb4.15&Prime; global_colors_info=\u00a0\u00bb{}\u00a0\u00bb][et_pb_row column_structure=\u00a0\u00bb2_5,3_5&Prime; _builder_version=\u00a0\u00bb4.15&Prime; global_colors_info=\u00a0\u00bb{}\u00a0\u00bb][et_pb_column type=\u00a0\u00bb2_5&Prime; _builder_version=\u00a0\u00bb4.15&Prime; global_colors_info=\u00a0\u00bb{}\u00a0\u00bb][et_pb_image src=\u00a0\u00bbhttps:\/\/occhio-instruments.com\/wp-content\/uploads\/2020\/06\/occhio-49-m.jpg\u00a0\u00bb alt=\u00a0\u00bbPropri\u00e9t\u00e9 abrasive du diamant industriel &#8211; Occhio, instruments de laboratoire\u00a0\u00bb title_text=\u00a0\u00bbPropri\u00e9t\u00e9 abrasive du diamant industriel &#8211; Occhio, instruments de laboratoire\u00a0\u00bb _builder_version=\u00a0\u00bb4.15&Prime; global_colors_info=\u00a0\u00bb{}\u00a0\u00bb][\/et_pb_image][\/et_pb_column][et_pb_column type=\u00a0\u00bb3_5&Prime; _builder_version=\u00a0\u00bb4.15&Prime; global_colors_info=\u00a0\u00bb{}\u00a0\u00bb][et_pb_text _builder_version=\u00a0\u00bb4.15.1&Prime; global_colors_info=\u00a0\u00bb{}\u00a0\u00bb]<\/p>\n<h1>Propri\u00e9t\u00e9 abrasive du diamant industriel (Apn16-SD005)<br \/><strong>Apn-16SD005 \u2013 Contr\u00f4le de la qualit\u00e9 des superabrasifs<\/strong><\/h1>\n<p style=\"text-align: justify;\">Les super-abrasifs sont des poudres strictement calibr\u00e9es dont les performances sont \u00e9troitement li\u00e9es aux propri\u00e9t\u00e9s de forme.<\/p>\n<p style=\"text-align: justify;\">L&rsquo;<a href=\"https:\/\/occhio-instruments.com\/fr\/analyse-granulometrique\/analyse-image\/\"><strong>analyse d&rsquo;image<\/strong><\/a> est un outil unique pour surveiller la<strong> s\u00e9paration m\u00e9canique des particules de formes diff\u00e9rentes<\/strong>. Une imagerie syst\u00e9matique des diamants abrasifs, s\u00e9par\u00e9s en lots individuels sur une table vibrante, est facilement r\u00e9alis\u00e9e gr\u00e2ce \u00e0 la morphom\u00e9trie des granules <strong><a href=\"https:\/\/occhio-instruments.com\/fr\/instruments\/nos-produits\/dispersion-voie-seche\/500-nano-xy\/\">500nanoXY<\/a><\/strong>.<\/p>\n<p style=\"text-align: justify;\">Une analyse d&rsquo;image plus pouss\u00e9e avec notre logiciel brevet\u00e9 <strong><a href=\"https:\/\/occhio-instruments.com\/fr\/instruments\/nos-produits\/logiciels\/callisto-3d\/\">CALLISTO<\/a> <\/strong>permet de suivre avec pr\u00e9cision les <strong>statistiques de taille et d&rsquo;\u00e9longation<\/strong> des grains individuels dans chaque section du tableau.<\/p>\n<p style=\"text-align: justify;\">De plus, un algorithme exclusif de traitement de la forme est disponible pour r\u00e9pondre aux besoins de l&rsquo;industrie des abrasifs et quantifier l&rsquo;angularit\u00e9 et le pouvoir d&rsquo;abrasion des particules !<\/p>\n<p style=\"text-align: justify;\">Les <strong>\u00e9volutions subtiles des particules angulaires vers des particules plus arrondies<\/strong> sont clairement indiqu\u00e9es pour le diamant industriel standard \u00e0 partir d&rsquo;une carte de contr\u00f4le de processus, bas\u00e9e sur les mesures de l&rsquo;indice d&rsquo;abrasion, alors qu&rsquo;il n&rsquo;existe aucune diff\u00e9rence significative de taille.<\/p>\n<p>[\/et_pb_text][\/et_pb_column][\/et_pb_row][et_pb_row column_structure=\u00a0\u00bb2_3,1_3&Prime; _builder_version=\u00a0\u00bb4.15&Prime; global_colors_info=\u00a0\u00bb{}\u00a0\u00bb][et_pb_column type=\u00a0\u00bb2_3&Prime; _builder_version=\u00a0\u00bb4.15&Prime; global_colors_info=\u00a0\u00bb{}\u00a0\u00bb][\/et_pb_column][et_pb_column type=\u00a0\u00bb1_3&Prime; _builder_version=\u00a0\u00bb4.15&Prime; global_colors_info=\u00a0\u00bb{}\u00a0\u00bb][et_pb_blurb title=\u00a0\u00bb500nano XY\u00a0\u00bb image=\u00a0\u00bbhttps:\/\/occhio-instruments.com\/wp-content\/uploads\/2020\/06\/500nano-XY-1.jpg\u00a0\u00bb alt=\u00a0\u00bb500nano XY &#8211; Mesure de la taille, de la forme et de la couleur de particules par l\u2019analyse d\u2019image\u00a0\u00bb _builder_version=\u00a0\u00bb4.15.1&Prime; header_text_align=\u00a0\u00bbcenter\u00a0\u00bb link_option_url=\u00a0\u00bb\/fr\/instruments\/nos-produits\/dispersion-voie-seche\/500-nano-xy\/\u00a0\u00bb global_colors_info=\u00a0\u00bb{}\u00a0\u00bb][\/et_pb_blurb][et_pb_blurb title=\u00a0\u00bb500nano\u00a0\u00bb image=\u00a0\u00bbhttps:\/\/occhio-instruments.com\/wp-content\/uploads\/2020\/06\/500nano-1.jpg\u00a0\u00bb alt=\u00a0\u00bb500nano &#8211; Mesure de la taille et de la forme de particules par l\u2019analyse d\u2019image pour \u00e9chantillons secs ou l\u00e9g\u00e8rement humides\u00a0\u00bb _builder_version=\u00a0\u00bb4.15.1&Prime; header_text_align=\u00a0\u00bbcenter\u00a0\u00bb link_option_url=\u00a0\u00bb\/fr\/instruments\/nos-produits\/dispersion-voie-seche\/500-nano\/\u00a0\u00bb global_colors_info=\u00a0\u00bb{}\u00a0\u00bb]<\/p>\n<p>Pour l&rsquo;analyse des poudres s\u00e8ches avec dispersion sur une surface de verre plat de 90 mm de diam\u00e8tre, la taille des particules est comprise entre 0,2 \u00b5m et 2 mm. Livr\u00e9 avec un syst\u00e8me de dispersion de poudre int\u00e9gr\u00e9. Analyse de la taille et de la forme.<\/p>\n<p>[\/et_pb_blurb][et_pb_blurb title=\u00a0\u00bbCONTACT OCCHIO\u00a0\u00bb alt=\u00a0\u00bbContact Occhio\u00a0\u00bb _builder_version=\u00a0\u00bb4.15&Prime; header_text_align=\u00a0\u00bbcenter\u00a0\u00bb link_option_url=\u00a0\u00bb\/fr\/contact\u00a0\u00bb global_colors_info=\u00a0\u00bb{}\u00a0\u00bb][\/et_pb_blurb][\/et_pb_column][\/et_pb_row][\/et_pb_section][et_pb_section fb_built=\u00a0\u00bb1&Prime; module_id=\u00a0\u00bbcta-bottom\u00a0\u00bb _builder_version=\u00a0\u00bb4.4.3&Prime; background_color=\u00a0\u00bb#51595D\u00a0\u00bb custom_padding=\u00a0\u00bb30px||30px||false|false\u00a0\u00bb global_module=\u00a0\u00bb89&Prime; saved_tabs=\u00a0\u00bball\u00a0\u00bb global_colors_info=\u00a0\u00bb{}\u00a0\u00bb][et_pb_row column_structure=\u00a0\u00bb2_3,1_3&Prime; _builder_version=\u00a0\u00bb4.15&Prime; global_colors_info=\u00a0\u00bb{}\u00a0\u00bb][et_pb_column type=\u00a0\u00bb2_3&Prime; _builder_version=\u00a0\u00bb4.15&Prime; global_colors_info=\u00a0\u00bb{}\u00a0\u00bb][et_pb_text _builder_version=\u00a0\u00bb4.15&Prime; text_text_color=\u00a0\u00bb#ffffff\u00a0\u00bb header_text_color=\u00a0\u00bb#ffffff\u00a0\u00bb global_colors_info=\u00a0\u00bb{}\u00a0\u00bb]<\/p>\n<h2>Vous souhaitez recevoir plus d&rsquo;infos ?<br \/><strong>Contactez-nous !<\/strong><\/h2>\n<p>[\/et_pb_text][\/et_pb_column][et_pb_column type=\u00a0\u00bb1_3&Prime; _builder_version=\u00a0\u00bb4.15&Prime; global_colors_info=\u00a0\u00bb{}\u00a0\u00bb][et_pb_button button_url=\u00a0\u00bb\/fr\/contact\/\u00a0\u00bb button_text=\u00a0\u00bbContactez-nous !\u00a0\u00bb _builder_version=\u00a0\u00bb4.4.3&Prime; global_colors_info=\u00a0\u00bb{}\u00a0\u00bb][\/et_pb_button][\/et_pb_column][\/et_pb_row][\/et_pb_section]<\/p>\n","protected":false},"excerpt":{"rendered":"<p>Propri\u00e9t\u00e9 abrasive du diamant industriel (Apn16-SD005)Propri\u00e9t\u00e9 abrasive du diamant industriel (Apn16-SD005)Apn-16SD005 \u2013 Contr\u00f4le de la qualit\u00e9 des superabrasifs Les super-abrasifs sont des poudres strictement calibr\u00e9es dont les performances sont \u00e9troitement li\u00e9es aux propri\u00e9t\u00e9s de forme. L&rsquo;analyse d&rsquo;image est un outil unique pour surveiller la s\u00e9paration m\u00e9canique des particules de formes diff\u00e9rentes. Une imagerie syst\u00e9matique des [&hellip;]<\/p>\n","protected":false},"author":1,"featured_media":0,"parent":2695,"menu_order":0,"comment_status":"closed","ping_status":"closed","template":"","meta":{"_et_pb_use_builder":"on","_et_pb_old_content":"","_et_gb_content_width":"","footnotes":""},"yoast_head":"<!-- This site is optimized with the Yoast SEO plugin v22.9 - https:\/\/yoast.com\/wordpress\/plugins\/seo\/ -->\n<title>Propri\u00e9t\u00e9 abrasive du diamant industriel (Apn16-SD005) - Occhio<\/title>\n<meta name=\"description\" content=\"Propri\u00e9t\u00e9 abrasive du diamant industriel avec Occhio Instruments, votre partenaire en instruments de laboratoire.\" \/>\n<meta name=\"robots\" content=\"index, follow, max-snippet:-1, max-image-preview:large, max-video-preview:-1\" \/>\n<link rel=\"canonical\" href=\"https:\/\/occhio-instruments.com\/fr\/instruments\/notes-application\/propriete-abrasive-diamant-industriel\/\" \/>\n<meta property=\"og:locale\" content=\"fr_FR\" \/>\n<meta property=\"og:type\" content=\"article\" \/>\n<meta property=\"og:title\" content=\"Propri\u00e9t\u00e9 abrasive du diamant industriel (Apn16-SD005) - Occhio\" \/>\n<meta property=\"og:description\" content=\"Propri\u00e9t\u00e9 abrasive du diamant industriel avec Occhio Instruments, votre partenaire en instruments de laboratoire.\" \/>\n<meta property=\"og:url\" content=\"https:\/\/occhio-instruments.com\/fr\/instruments\/notes-application\/propriete-abrasive-diamant-industriel\/\" \/>\n<meta property=\"og:site_name\" content=\"Occhio\" \/>\n<meta property=\"article:modified_time\" content=\"2023-07-25T13:34:08+00:00\" \/>\n<meta property=\"og:image\" content=\"https:\/\/occhio-instruments.com\/wp-content\/uploads\/2021\/12\/occhio-instruments.jpg\" \/>\n\t<meta property=\"og:image:width\" content=\"1200\" \/>\n\t<meta property=\"og:image:height\" content=\"630\" \/>\n\t<meta property=\"og:image:type\" content=\"image\/jpeg\" \/>\n<meta name=\"twitter:card\" content=\"summary_large_image\" \/>\n<meta name=\"twitter:label1\" content=\"Dur\u00e9e de lecture estim\u00e9e\" \/>\n\t<meta name=\"twitter:data1\" content=\"2 minutes\" \/>\n<script type=\"application\/ld+json\" class=\"yoast-schema-graph\">{\"@context\":\"https:\/\/schema.org\",\"@graph\":[{\"@type\":\"WebPage\",\"@id\":\"https:\/\/occhio-instruments.com\/fr\/instruments\/notes-application\/propriete-abrasive-diamant-industriel\/\",\"url\":\"https:\/\/occhio-instruments.com\/fr\/instruments\/notes-application\/propriete-abrasive-diamant-industriel\/\",\"name\":\"Propri\u00e9t\u00e9 abrasive du diamant industriel (Apn16-SD005) - Occhio\",\"isPartOf\":{\"@id\":\"https:\/\/occhio-instruments.com\/#website\"},\"datePublished\":\"2020-06-16T09:55:48+00:00\",\"dateModified\":\"2023-07-25T13:34:08+00:00\",\"description\":\"Propri\u00e9t\u00e9 abrasive du diamant industriel avec Occhio Instruments, votre partenaire en instruments de laboratoire.\",\"breadcrumb\":{\"@id\":\"https:\/\/occhio-instruments.com\/fr\/instruments\/notes-application\/propriete-abrasive-diamant-industriel\/#breadcrumb\"},\"inLanguage\":\"fr-FR\",\"potentialAction\":[{\"@type\":\"ReadAction\",\"target\":[\"https:\/\/occhio-instruments.com\/fr\/instruments\/notes-application\/propriete-abrasive-diamant-industriel\/\"]}]},{\"@type\":\"BreadcrumbList\",\"@id\":\"https:\/\/occhio-instruments.com\/fr\/instruments\/notes-application\/propriete-abrasive-diamant-industriel\/#breadcrumb\",\"itemListElement\":[{\"@type\":\"ListItem\",\"position\":1,\"name\":\"Instruments\",\"item\":\"https:\/\/occhio-instruments.com\/fr\/instruments\/\"},{\"@type\":\"ListItem\",\"position\":2,\"name\":\"Notes d&#8217;application (FR)\",\"item\":\"https:\/\/occhio-instruments.com\/fr\/instruments\/notes-application\/\"},{\"@type\":\"ListItem\",\"position\":3,\"name\":\"Propri\u00e9t\u00e9 abrasive du diamant industriel (Apn16-SD005)\"}]},{\"@type\":\"WebSite\",\"@id\":\"https:\/\/occhio-instruments.com\/#website\",\"url\":\"https:\/\/occhio-instruments.com\/\",\"name\":\"Occhio\",\"description\":\"Un site utilisant WordPress\",\"potentialAction\":[{\"@type\":\"SearchAction\",\"target\":{\"@type\":\"EntryPoint\",\"urlTemplate\":\"https:\/\/occhio-instruments.com\/?s={search_term_string}\"},\"query-input\":\"required name=search_term_string\"}],\"inLanguage\":\"fr-FR\"}]}<\/script>\n<!-- \/ Yoast SEO plugin. -->","yoast_head_json":{"title":"Propri\u00e9t\u00e9 abrasive du diamant industriel (Apn16-SD005) - Occhio","description":"Propri\u00e9t\u00e9 abrasive du diamant industriel avec Occhio Instruments, votre partenaire en instruments de laboratoire.","robots":{"index":"index","follow":"follow","max-snippet":"max-snippet:-1","max-image-preview":"max-image-preview:large","max-video-preview":"max-video-preview:-1"},"canonical":"https:\/\/occhio-instruments.com\/fr\/instruments\/notes-application\/propriete-abrasive-diamant-industriel\/","og_locale":"fr_FR","og_type":"article","og_title":"Propri\u00e9t\u00e9 abrasive du diamant industriel (Apn16-SD005) - Occhio","og_description":"Propri\u00e9t\u00e9 abrasive du diamant industriel avec Occhio Instruments, votre partenaire en instruments de laboratoire.","og_url":"https:\/\/occhio-instruments.com\/fr\/instruments\/notes-application\/propriete-abrasive-diamant-industriel\/","og_site_name":"Occhio","article_modified_time":"2023-07-25T13:34:08+00:00","og_image":[{"width":1200,"height":630,"url":"https:\/\/occhio-instruments.com\/wp-content\/uploads\/2021\/12\/occhio-instruments.jpg","type":"image\/jpeg"}],"twitter_card":"summary_large_image","twitter_misc":{"Dur\u00e9e de lecture estim\u00e9e":"2 minutes"},"schema":{"@context":"https:\/\/schema.org","@graph":[{"@type":"WebPage","@id":"https:\/\/occhio-instruments.com\/fr\/instruments\/notes-application\/propriete-abrasive-diamant-industriel\/","url":"https:\/\/occhio-instruments.com\/fr\/instruments\/notes-application\/propriete-abrasive-diamant-industriel\/","name":"Propri\u00e9t\u00e9 abrasive du diamant industriel (Apn16-SD005) - Occhio","isPartOf":{"@id":"https:\/\/occhio-instruments.com\/#website"},"datePublished":"2020-06-16T09:55:48+00:00","dateModified":"2023-07-25T13:34:08+00:00","description":"Propri\u00e9t\u00e9 abrasive du diamant industriel avec Occhio Instruments, votre partenaire en instruments de laboratoire.","breadcrumb":{"@id":"https:\/\/occhio-instruments.com\/fr\/instruments\/notes-application\/propriete-abrasive-diamant-industriel\/#breadcrumb"},"inLanguage":"fr-FR","potentialAction":[{"@type":"ReadAction","target":["https:\/\/occhio-instruments.com\/fr\/instruments\/notes-application\/propriete-abrasive-diamant-industriel\/"]}]},{"@type":"BreadcrumbList","@id":"https:\/\/occhio-instruments.com\/fr\/instruments\/notes-application\/propriete-abrasive-diamant-industriel\/#breadcrumb","itemListElement":[{"@type":"ListItem","position":1,"name":"Instruments","item":"https:\/\/occhio-instruments.com\/fr\/instruments\/"},{"@type":"ListItem","position":2,"name":"Notes d&#8217;application (FR)","item":"https:\/\/occhio-instruments.com\/fr\/instruments\/notes-application\/"},{"@type":"ListItem","position":3,"name":"Propri\u00e9t\u00e9 abrasive du diamant industriel (Apn16-SD005)"}]},{"@type":"WebSite","@id":"https:\/\/occhio-instruments.com\/#website","url":"https:\/\/occhio-instruments.com\/","name":"Occhio","description":"Un site utilisant WordPress","potentialAction":[{"@type":"SearchAction","target":{"@type":"EntryPoint","urlTemplate":"https:\/\/occhio-instruments.com\/?s={search_term_string}"},"query-input":"required name=search_term_string"}],"inLanguage":"fr-FR"}]}},"_links":{"self":[{"href":"https:\/\/occhio-instruments.com\/fr\/wp-json\/wp\/v2\/pages\/2725"}],"collection":[{"href":"https:\/\/occhio-instruments.com\/fr\/wp-json\/wp\/v2\/pages"}],"about":[{"href":"https:\/\/occhio-instruments.com\/fr\/wp-json\/wp\/v2\/types\/page"}],"author":[{"embeddable":true,"href":"https:\/\/occhio-instruments.com\/fr\/wp-json\/wp\/v2\/users\/1"}],"replies":[{"embeddable":true,"href":"https:\/\/occhio-instruments.com\/fr\/wp-json\/wp\/v2\/comments?post=2725"}],"version-history":[{"count":10,"href":"https:\/\/occhio-instruments.com\/fr\/wp-json\/wp\/v2\/pages\/2725\/revisions"}],"predecessor-version":[{"id":10305,"href":"https:\/\/occhio-instruments.com\/fr\/wp-json\/wp\/v2\/pages\/2725\/revisions\/10305"}],"up":[{"embeddable":true,"href":"https:\/\/occhio-instruments.com\/fr\/wp-json\/wp\/v2\/pages\/2695"}],"wp:attachment":[{"href":"https:\/\/occhio-instruments.com\/fr\/wp-json\/wp\/v2\/media?parent=2725"}],"curies":[{"name":"wp","href":"https:\/\/api.w.org\/{rel}","templated":true}]}}