{"id":2720,"date":"2020-06-16T11:54:19","date_gmt":"2020-06-16T09:54:19","guid":{"rendered":"https:\/\/occhio-instruments.com\/notes-application\/quality-control-of-atomized-powders-apn16-sd004\/"},"modified":"2023-09-11T16:49:42","modified_gmt":"2023-09-11T14:49:42","slug":"controle-qualite-poudres-atomisees","status":"publish","type":"page","link":"https:\/\/occhio-instruments.com\/fr\/instruments\/notes-application\/controle-qualite-poudres-atomisees\/","title":{"rendered":"Contr\u00f4le de la qualit\u00e9 des poudres atomis\u00e9es (Apn16-SD004)"},"content":{"rendered":"<p>[et_pb_section fb_built=\u00a0\u00bb1&Prime; module_id=\u00a0\u00bbbanner\u00a0\u00bb _builder_version=\u00a0\u00bb4.15&Prime; background_image=\u00a0\u00bbhttps:\/\/occhio-instruments.com\/wp-content\/uploads\/2020\/04\/banner-bg.png\u00a0\u00bb global_colors_info=\u00a0\u00bb{}\u00a0\u00bb][et_pb_row _builder_version=\u00a0\u00bb4.15&Prime; background_size=\u00a0\u00bbinitial\u00a0\u00bb background_position=\u00a0\u00bbtop_left\u00a0\u00bb background_repeat=\u00a0\u00bbrepeat\u00a0\u00bb global_colors_info=\u00a0\u00bb{}\u00a0\u00bb][et_pb_column type=\u00a0\u00bb4_4&Prime; _builder_version=\u00a0\u00bb4.15&Prime; custom_padding=\u00a0\u00bb|||\u00a0\u00bb global_colors_info=\u00a0\u00bb{}\u00a0\u00bb custom_padding__hover=\u00a0\u00bb|||\u00a0\u00bb][et_pb_text _builder_version=\u00a0\u00bb4.15&Prime; global_colors_info=\u00a0\u00bb{}\u00a0\u00bb]<\/p>\n<p style=\"text-align: center;\">Contr\u00f4le de la qualit\u00e9 des poudres atomis\u00e9es (Apn16-SD004)<\/p>\n<p>[\/et_pb_text][\/et_pb_column][\/et_pb_row][\/et_pb_section][et_pb_section fb_built=\u00a0\u00bb1&Prime; _builder_version=\u00a0\u00bb4.15&Prime; global_colors_info=\u00a0\u00bb{}\u00a0\u00bb][et_pb_row column_structure=\u00a0\u00bb2_5,3_5&Prime; _builder_version=\u00a0\u00bb4.15&Prime; global_colors_info=\u00a0\u00bb{}\u00a0\u00bb][et_pb_column type=\u00a0\u00bb2_5&Prime; _builder_version=\u00a0\u00bb4.15&Prime; global_colors_info=\u00a0\u00bb{}\u00a0\u00bb][et_pb_image src=\u00a0\u00bbhttps:\/\/occhio-instruments.com\/wp-content\/uploads\/2020\/06\/occhio-48-m.jpg\u00a0\u00bb alt=\u00a0\u00bbContr\u00f4le de la qualit\u00e9 des poudres atomis\u00e9es &#8211; Occhio, instruments de laboratoire\u00a0\u00bb title_text=\u00a0\u00bbContr\u00f4le de la qualit\u00e9 des poudres atomis\u00e9es &#8211; Occhio, instruments de laboratoire\u00a0\u00bb _builder_version=\u00a0\u00bb4.15&Prime; global_colors_info=\u00a0\u00bb{}\u00a0\u00bb][\/et_pb_image][\/et_pb_column][et_pb_column type=\u00a0\u00bb3_5&Prime; _builder_version=\u00a0\u00bb4.15&Prime; global_colors_info=\u00a0\u00bb{}\u00a0\u00bb][et_pb_text _builder_version=\u00a0\u00bb4.15.1&Prime; global_colors_info=\u00a0\u00bb{}\u00a0\u00bb]<\/p>\n<h1>Contr\u00f4le de la qualit\u00e9 des poudres atomis\u00e9es (Apn16-SD004)<br \/><strong>Apn-16SD004 \u2013 Contr\u00f4le de la qualit\u00e9 de la poudre atomis\u00e9e, le contr\u00f4le de la sph\u00e9ricit\u00e9 et la d\u00e9tection des satellites.<\/strong><\/h1>\n<p style=\"text-align: justify;\">L&rsquo;<strong>atomisation<\/strong> est un <strong>processus majeur dans la production de poudres<\/strong>, tant en m\u00e9tallurgie qu&rsquo;en c\u00e9ramique. Il est important de r\u00e9duire le nombre de particules irr\u00e9guli\u00e8res afin de maintenir la capacit\u00e9 des poudres atomis\u00e9es \u00e0 remplir correctement un moule ou \u00e0 circuler dans un flux d&rsquo;air.<\/p>\n<p style=\"text-align: justify;\">Un probl\u00e8me courant est la pr\u00e9sence de satellites, de nodules sur la particule. Pour assurer la production de particules sph\u00e9riques et bien calibr\u00e9es, il faut mettre en place un processus de <strong>contr\u00f4le de qualit\u00e9<\/strong> tr\u00e8s sensible et tr\u00e8s pr\u00e9cis. Gr\u00e2ce \u00e0 un descripteur de forme sp\u00e9cifique exclusif \u00e0 la technologie Occhio, la d\u00e9tection des satellites est rapide, simple et pr\u00e9cise.<\/p>\n<p style=\"text-align: justify;\">L&rsquo;<a href=\"https:\/\/occhio-instruments.com\/fr\/instruments\/nos-produits\/dispersion-voie-seche\/500-nano\/\"><strong>Occhio 500nano<\/strong><\/a> s&rsquo;av\u00e8re \u00eatre un instrument unique pour <strong>disperser et imager de telles poudres<\/strong>. Combin\u00e9 aux capacit\u00e9s exclusives d&rsquo;<strong>analyse de forme<\/strong> du logiciel <strong><a href=\"https:\/\/occhio-instruments.com\/fr\/instruments\/nos-produits\/logiciels\/callisto-3d\/\">CALLISTO 3D<\/a><\/strong>, il devient un outil tr\u00e8s sensible pour identifier les d\u00e9viations dans le processus d&rsquo;atomisation.<\/p>\n<p style=\"text-align: justify;\">Un diagramme de dispersion de l&rsquo;allongement en fonction des diam\u00e8tres de tamisage donne un aper\u00e7u tr\u00e8s complet de la production. \u00c0 partir de ces donn\u00e9es, le nombre de particules d\u00e9passant un facteur d&rsquo;allongement critique ou une taille donn\u00e9e est contr\u00f4l\u00e9 avec pr\u00e9cision.<\/p>\n<p style=\"text-align: justify;\">Chaque production peut \u00eatre compar\u00e9e \u00e0 un \u00e9chantillon de r\u00e9f\u00e9rence. Les subtiles<strong> mesures morphom\u00e9triques calcul\u00e9es par CALLISTO<\/strong> (circularit\u00e9 (rnd) et allongement (el)) offrent une <strong>pr\u00e9cision<\/strong> <strong>in\u00e9gal\u00e9e<\/strong> pour la d\u00e9tection et la <strong>cat\u00e9gorisation pr\u00e9cises<\/strong> des particules satellites.<\/p>\n<p>[\/et_pb_text][\/et_pb_column][\/et_pb_row][et_pb_row column_structure=\u00a0\u00bb2_3,1_3&Prime; _builder_version=\u00a0\u00bb4.15&Prime; global_colors_info=\u00a0\u00bb{}\u00a0\u00bb][et_pb_column type=\u00a0\u00bb2_3&Prime; _builder_version=\u00a0\u00bb4.15&Prime; global_colors_info=\u00a0\u00bb{}\u00a0\u00bb][\/et_pb_column][et_pb_column type=\u00a0\u00bb1_3&Prime; _builder_version=\u00a0\u00bb4.15&Prime; global_colors_info=\u00a0\u00bb{}\u00a0\u00bb][et_pb_blurb title=\u00a0\u00bb500nano XY\u00a0\u00bb image=\u00a0\u00bbhttps:\/\/occhio-instruments.com\/wp-content\/uploads\/2020\/06\/500nano-XY-1.jpg\u00a0\u00bb alt=\u00a0\u00bb500 NanoXY &#8211; Mesure de la taille, de la forme et de la couleur de particules par l\u2019analyse d\u2019image\u00a0\u00bb _builder_version=\u00a0\u00bb4.15.1&Prime; header_text_align=\u00a0\u00bbcenter\u00a0\u00bb link_option_url=\u00a0\u00bb\/fr\/instruments\/nos-produits\/dispersion-voie-seche\/500-nano-xy\/\u00a0\u00bb global_colors_info=\u00a0\u00bb{}\u00a0\u00bb][\/et_pb_blurb][et_pb_blurb title=\u00a0\u00bb500nano\u00a0\u00bb image=\u00a0\u00bbhttps:\/\/occhio-instruments.com\/wp-content\/uploads\/2020\/06\/500nano-1.jpg\u00a0\u00bb alt=\u00a0\u00bb500 Nano : analyse de la taille de nanoparticule et de morphologie par analyse d&rsquo;image\u00a0\u00bb _builder_version=\u00a0\u00bb4.15.1&Prime; header_text_align=\u00a0\u00bbcenter\u00a0\u00bb link_option_url=\u00a0\u00bb\/fr\/instruments\/nos-produits\/dispersion-voie-seche\/500-nano\/\u00a0\u00bb global_colors_info=\u00a0\u00bb{}\u00a0\u00bb][\/et_pb_blurb][et_pb_blurb title=\u00a0\u00bbCONTACT OCCHIO \u00a0\u00bb alt=\u00a0\u00bbContact Occhio\u00a0\u00bb _builder_version=\u00a0\u00bb4.15&Prime; header_text_align=\u00a0\u00bbcenter\u00a0\u00bb link_option_url=\u00a0\u00bb\/fr\/contact\u00a0\u00bb global_colors_info=\u00a0\u00bb{}\u00a0\u00bb][\/et_pb_blurb][\/et_pb_column][\/et_pb_row][\/et_pb_section][et_pb_section fb_built=\u00a0\u00bb1&Prime; module_id=\u00a0\u00bbcta-bottom\u00a0\u00bb _builder_version=\u00a0\u00bb4.4.3&Prime; background_color=\u00a0\u00bb#51595D\u00a0\u00bb custom_padding=\u00a0\u00bb30px||30px||false|false\u00a0\u00bb global_module=\u00a0\u00bb89&Prime; saved_tabs=\u00a0\u00bball\u00a0\u00bb global_colors_info=\u00a0\u00bb{}\u00a0\u00bb][et_pb_row column_structure=\u00a0\u00bb2_3,1_3&Prime; _builder_version=\u00a0\u00bb4.15&Prime; global_colors_info=\u00a0\u00bb{}\u00a0\u00bb][et_pb_column type=\u00a0\u00bb2_3&Prime; _builder_version=\u00a0\u00bb4.15&Prime; global_colors_info=\u00a0\u00bb{}\u00a0\u00bb][et_pb_text _builder_version=\u00a0\u00bb4.15&Prime; text_text_color=\u00a0\u00bb#ffffff\u00a0\u00bb header_text_color=\u00a0\u00bb#ffffff\u00a0\u00bb global_colors_info=\u00a0\u00bb{}\u00a0\u00bb]<\/p>\n<h2>Vous souhaitez recevoir plus d&rsquo;infos ?<br \/><strong>Contactez-nous !<\/strong><\/h2>\n<p>[\/et_pb_text][\/et_pb_column][et_pb_column type=\u00a0\u00bb1_3&Prime; _builder_version=\u00a0\u00bb4.15&Prime; global_colors_info=\u00a0\u00bb{}\u00a0\u00bb][et_pb_button button_url=\u00a0\u00bb\/fr\/contact\/\u00a0\u00bb button_text=\u00a0\u00bbContactez-nous !\u00a0\u00bb _builder_version=\u00a0\u00bb4.4.3&Prime; global_colors_info=\u00a0\u00bb{}\u00a0\u00bb][\/et_pb_button][\/et_pb_column][\/et_pb_row][\/et_pb_section]<\/p>\n","protected":false},"excerpt":{"rendered":"<p>Contr\u00f4le de la qualit\u00e9 des poudres atomis\u00e9es (Apn16-SD004)Contr\u00f4le de la qualit\u00e9 des poudres atomis\u00e9es (Apn16-SD004)Apn-16SD004 \u2013 Contr\u00f4le de la qualit\u00e9 de la poudre atomis\u00e9e, le contr\u00f4le de la sph\u00e9ricit\u00e9 et la d\u00e9tection des satellites. L&rsquo;atomisation est un processus majeur dans la production de poudres, tant en m\u00e9tallurgie qu&rsquo;en c\u00e9ramique. Il est important de r\u00e9duire le [&hellip;]<\/p>\n","protected":false},"author":1,"featured_media":0,"parent":2695,"menu_order":0,"comment_status":"closed","ping_status":"closed","template":"","meta":{"_et_pb_use_builder":"on","_et_pb_old_content":"","_et_gb_content_width":"","footnotes":""},"yoast_head":"<!-- This site is optimized with the Yoast SEO plugin v22.9 - https:\/\/yoast.com\/wordpress\/plugins\/seo\/ -->\n<title>Contr\u00f4le de la qualit\u00e9 des poudres atomis\u00e9es (Apn16-SD004) - Occhio<\/title>\n<meta name=\"description\" content=\"Analyse de poudres - Contr\u00f4le de la qualit\u00e9 des poudres atomis\u00e9es par Occhio Instruments, granulom\u00e9trie de poudres.\" \/>\n<meta name=\"robots\" content=\"index, follow, max-snippet:-1, max-image-preview:large, max-video-preview:-1\" \/>\n<link rel=\"canonical\" href=\"https:\/\/occhio-instruments.com\/fr\/instruments\/notes-application\/controle-qualite-poudres-atomisees\/\" \/>\n<meta property=\"og:locale\" content=\"fr_FR\" \/>\n<meta property=\"og:type\" content=\"article\" \/>\n<meta property=\"og:title\" content=\"Contr\u00f4le de la qualit\u00e9 des poudres atomis\u00e9es (Apn16-SD004) - Occhio\" \/>\n<meta property=\"og:description\" content=\"Analyse de poudres - Contr\u00f4le de la qualit\u00e9 des poudres atomis\u00e9es par Occhio Instruments, granulom\u00e9trie de poudres.\" \/>\n<meta property=\"og:url\" content=\"https:\/\/occhio-instruments.com\/fr\/instruments\/notes-application\/controle-qualite-poudres-atomisees\/\" \/>\n<meta property=\"og:site_name\" content=\"Occhio\" \/>\n<meta property=\"article:modified_time\" content=\"2023-09-11T14:49:42+00:00\" \/>\n<meta property=\"og:image\" content=\"https:\/\/occhio-instruments.com\/wp-content\/uploads\/2021\/12\/occhio-instruments.jpg\" \/>\n\t<meta property=\"og:image:width\" content=\"1200\" \/>\n\t<meta property=\"og:image:height\" content=\"630\" \/>\n\t<meta property=\"og:image:type\" content=\"image\/jpeg\" \/>\n<meta name=\"twitter:card\" content=\"summary_large_image\" \/>\n<meta name=\"twitter:label1\" content=\"Dur\u00e9e de lecture estim\u00e9e\" \/>\n\t<meta name=\"twitter:data1\" content=\"2 minutes\" \/>\n<script type=\"application\/ld+json\" class=\"yoast-schema-graph\">{\"@context\":\"https:\/\/schema.org\",\"@graph\":[{\"@type\":\"WebPage\",\"@id\":\"https:\/\/occhio-instruments.com\/fr\/instruments\/notes-application\/controle-qualite-poudres-atomisees\/\",\"url\":\"https:\/\/occhio-instruments.com\/fr\/instruments\/notes-application\/controle-qualite-poudres-atomisees\/\",\"name\":\"Contr\u00f4le de la qualit\u00e9 des poudres atomis\u00e9es (Apn16-SD004) - Occhio\",\"isPartOf\":{\"@id\":\"https:\/\/occhio-instruments.com\/#website\"},\"datePublished\":\"2020-06-16T09:54:19+00:00\",\"dateModified\":\"2023-09-11T14:49:42+00:00\",\"description\":\"Analyse de poudres - Contr\u00f4le de la qualit\u00e9 des poudres atomis\u00e9es par Occhio Instruments, granulom\u00e9trie de poudres.\",\"breadcrumb\":{\"@id\":\"https:\/\/occhio-instruments.com\/fr\/instruments\/notes-application\/controle-qualite-poudres-atomisees\/#breadcrumb\"},\"inLanguage\":\"fr-FR\",\"potentialAction\":[{\"@type\":\"ReadAction\",\"target\":[\"https:\/\/occhio-instruments.com\/fr\/instruments\/notes-application\/controle-qualite-poudres-atomisees\/\"]}]},{\"@type\":\"BreadcrumbList\",\"@id\":\"https:\/\/occhio-instruments.com\/fr\/instruments\/notes-application\/controle-qualite-poudres-atomisees\/#breadcrumb\",\"itemListElement\":[{\"@type\":\"ListItem\",\"position\":1,\"name\":\"Instruments\",\"item\":\"https:\/\/occhio-instruments.com\/fr\/instruments\/\"},{\"@type\":\"ListItem\",\"position\":2,\"name\":\"Notes d&#8217;application (FR)\",\"item\":\"https:\/\/occhio-instruments.com\/fr\/instruments\/notes-application\/\"},{\"@type\":\"ListItem\",\"position\":3,\"name\":\"Contr\u00f4le de la qualit\u00e9 des poudres atomis\u00e9es (Apn16-SD004)\"}]},{\"@type\":\"WebSite\",\"@id\":\"https:\/\/occhio-instruments.com\/#website\",\"url\":\"https:\/\/occhio-instruments.com\/\",\"name\":\"Occhio\",\"description\":\"Un site utilisant WordPress\",\"potentialAction\":[{\"@type\":\"SearchAction\",\"target\":{\"@type\":\"EntryPoint\",\"urlTemplate\":\"https:\/\/occhio-instruments.com\/?s={search_term_string}\"},\"query-input\":\"required name=search_term_string\"}],\"inLanguage\":\"fr-FR\"}]}<\/script>\n<!-- \/ Yoast SEO plugin. -->","yoast_head_json":{"title":"Contr\u00f4le de la qualit\u00e9 des poudres atomis\u00e9es (Apn16-SD004) - Occhio","description":"Analyse de poudres - Contr\u00f4le de la qualit\u00e9 des poudres atomis\u00e9es par Occhio Instruments, granulom\u00e9trie de poudres.","robots":{"index":"index","follow":"follow","max-snippet":"max-snippet:-1","max-image-preview":"max-image-preview:large","max-video-preview":"max-video-preview:-1"},"canonical":"https:\/\/occhio-instruments.com\/fr\/instruments\/notes-application\/controle-qualite-poudres-atomisees\/","og_locale":"fr_FR","og_type":"article","og_title":"Contr\u00f4le de la qualit\u00e9 des poudres atomis\u00e9es (Apn16-SD004) - Occhio","og_description":"Analyse de poudres - Contr\u00f4le de la qualit\u00e9 des poudres atomis\u00e9es par Occhio Instruments, granulom\u00e9trie de poudres.","og_url":"https:\/\/occhio-instruments.com\/fr\/instruments\/notes-application\/controle-qualite-poudres-atomisees\/","og_site_name":"Occhio","article_modified_time":"2023-09-11T14:49:42+00:00","og_image":[{"width":1200,"height":630,"url":"https:\/\/occhio-instruments.com\/wp-content\/uploads\/2021\/12\/occhio-instruments.jpg","type":"image\/jpeg"}],"twitter_card":"summary_large_image","twitter_misc":{"Dur\u00e9e de lecture estim\u00e9e":"2 minutes"},"schema":{"@context":"https:\/\/schema.org","@graph":[{"@type":"WebPage","@id":"https:\/\/occhio-instruments.com\/fr\/instruments\/notes-application\/controle-qualite-poudres-atomisees\/","url":"https:\/\/occhio-instruments.com\/fr\/instruments\/notes-application\/controle-qualite-poudres-atomisees\/","name":"Contr\u00f4le de la qualit\u00e9 des poudres atomis\u00e9es (Apn16-SD004) - Occhio","isPartOf":{"@id":"https:\/\/occhio-instruments.com\/#website"},"datePublished":"2020-06-16T09:54:19+00:00","dateModified":"2023-09-11T14:49:42+00:00","description":"Analyse de poudres - Contr\u00f4le de la qualit\u00e9 des poudres atomis\u00e9es par Occhio Instruments, granulom\u00e9trie de poudres.","breadcrumb":{"@id":"https:\/\/occhio-instruments.com\/fr\/instruments\/notes-application\/controle-qualite-poudres-atomisees\/#breadcrumb"},"inLanguage":"fr-FR","potentialAction":[{"@type":"ReadAction","target":["https:\/\/occhio-instruments.com\/fr\/instruments\/notes-application\/controle-qualite-poudres-atomisees\/"]}]},{"@type":"BreadcrumbList","@id":"https:\/\/occhio-instruments.com\/fr\/instruments\/notes-application\/controle-qualite-poudres-atomisees\/#breadcrumb","itemListElement":[{"@type":"ListItem","position":1,"name":"Instruments","item":"https:\/\/occhio-instruments.com\/fr\/instruments\/"},{"@type":"ListItem","position":2,"name":"Notes d&#8217;application (FR)","item":"https:\/\/occhio-instruments.com\/fr\/instruments\/notes-application\/"},{"@type":"ListItem","position":3,"name":"Contr\u00f4le de la qualit\u00e9 des poudres atomis\u00e9es (Apn16-SD004)"}]},{"@type":"WebSite","@id":"https:\/\/occhio-instruments.com\/#website","url":"https:\/\/occhio-instruments.com\/","name":"Occhio","description":"Un site utilisant WordPress","potentialAction":[{"@type":"SearchAction","target":{"@type":"EntryPoint","urlTemplate":"https:\/\/occhio-instruments.com\/?s={search_term_string}"},"query-input":"required name=search_term_string"}],"inLanguage":"fr-FR"}]}},"_links":{"self":[{"href":"https:\/\/occhio-instruments.com\/fr\/wp-json\/wp\/v2\/pages\/2720"}],"collection":[{"href":"https:\/\/occhio-instruments.com\/fr\/wp-json\/wp\/v2\/pages"}],"about":[{"href":"https:\/\/occhio-instruments.com\/fr\/wp-json\/wp\/v2\/types\/page"}],"author":[{"embeddable":true,"href":"https:\/\/occhio-instruments.com\/fr\/wp-json\/wp\/v2\/users\/1"}],"replies":[{"embeddable":true,"href":"https:\/\/occhio-instruments.com\/fr\/wp-json\/wp\/v2\/comments?post=2720"}],"version-history":[{"count":8,"href":"https:\/\/occhio-instruments.com\/fr\/wp-json\/wp\/v2\/pages\/2720\/revisions"}],"predecessor-version":[{"id":10415,"href":"https:\/\/occhio-instruments.com\/fr\/wp-json\/wp\/v2\/pages\/2720\/revisions\/10415"}],"up":[{"embeddable":true,"href":"https:\/\/occhio-instruments.com\/fr\/wp-json\/wp\/v2\/pages\/2695"}],"wp:attachment":[{"href":"https:\/\/occhio-instruments.com\/fr\/wp-json\/wp\/v2\/media?parent=2720"}],"curies":[{"name":"wp","href":"https:\/\/api.w.org\/{rel}","templated":true}]}}