{"id":2701,"date":"2020-06-16T11:49:15","date_gmt":"2020-06-16T09:49:15","guid":{"rendered":"https:\/\/occhio-instruments.com\/notes-application\/analysis-of-cement-in-ethanol-suspension-apn16-sd001\/"},"modified":"2023-07-25T15:28:53","modified_gmt":"2023-07-25T13:28:53","slug":"analyse-ciment-suspension-ethanol","status":"publish","type":"page","link":"https:\/\/occhio-instruments.com\/fr\/instruments\/notes-application\/analyse-ciment-suspension-ethanol\/","title":{"rendered":"Analyse du ciment en suspension dans l&rsquo;\u00e9thanol (Apn16-SD001)"},"content":{"rendered":"<p>[et_pb_section fb_built=\u00a0\u00bb1&Prime; module_id=\u00a0\u00bbbanner\u00a0\u00bb _builder_version=\u00a0\u00bb4.15&Prime; background_image=\u00a0\u00bbhttps:\/\/occhio-instruments.com\/wp-content\/uploads\/2020\/04\/banner-bg.png\u00a0\u00bb global_colors_info=\u00a0\u00bb{}\u00a0\u00bb][et_pb_row _builder_version=\u00a0\u00bb4.15&Prime; background_size=\u00a0\u00bbinitial\u00a0\u00bb background_position=\u00a0\u00bbtop_left\u00a0\u00bb background_repeat=\u00a0\u00bbrepeat\u00a0\u00bb global_colors_info=\u00a0\u00bb{}\u00a0\u00bb][et_pb_column type=\u00a0\u00bb4_4&Prime; _builder_version=\u00a0\u00bb4.15&Prime; custom_padding=\u00a0\u00bb|||\u00a0\u00bb global_colors_info=\u00a0\u00bb{}\u00a0\u00bb custom_padding__hover=\u00a0\u00bb|||\u00a0\u00bb][et_pb_text _builder_version=\u00a0\u00bb4.15&Prime; global_colors_info=\u00a0\u00bb{}\u00a0\u00bb]<\/p>\n<p style=\"text-align: center;\"><span data-sheets-value=\"{&quot;1&quot;:2,&quot;2&quot;:&quot;Analyse du ciment en suspension dans l'\u00e9thanol (Apn16-SD001)&quot;}\" data-sheets-userformat=\"{&quot;2&quot;:14721,&quot;3&quot;:{&quot;1&quot;:0,&quot;3&quot;:1},&quot;10&quot;:0,&quot;11&quot;:4,&quot;14&quot;:{&quot;1&quot;:2,&quot;2&quot;:28864},&quot;15&quot;:&quot;Arial&quot;,&quot;16&quot;:10}\">Analyse du ciment en suspension dans l&rsquo;\u00e9thanol (Apn16-SD001)<\/span><\/p>\n<p>[\/et_pb_text][\/et_pb_column][\/et_pb_row][\/et_pb_section][et_pb_section fb_built=\u00a0\u00bb1&Prime; _builder_version=\u00a0\u00bb4.15&Prime; global_colors_info=\u00a0\u00bb{}\u00a0\u00bb][et_pb_row column_structure=\u00a0\u00bb2_5,3_5&Prime; _builder_version=\u00a0\u00bb4.15&Prime; global_colors_info=\u00a0\u00bb{}\u00a0\u00bb][et_pb_column type=\u00a0\u00bb2_5&Prime; _builder_version=\u00a0\u00bb4.15&Prime; global_colors_info=\u00a0\u00bb{}\u00a0\u00bb][et_pb_image src=\u00a0\u00bbhttps:\/\/occhio-instruments.com\/wp-content\/uploads\/2020\/06\/occhio-42-m.jpg\u00a0\u00bb _builder_version=\u00a0\u00bb4.15&Prime; global_colors_info=\u00a0\u00bb{}\u00a0\u00bb][\/et_pb_image][\/et_pb_column][et_pb_column type=\u00a0\u00bb3_5&Prime; _builder_version=\u00a0\u00bb4.15&Prime; global_colors_info=\u00a0\u00bb{}\u00a0\u00bb][et_pb_text _builder_version=\u00a0\u00bb4.15.1&Prime; global_colors_info=\u00a0\u00bb{}\u00a0\u00bb]<\/p>\n<h1>Apn16-SD001 &#8211; Analyse d&rsquo;un \u00e9chantillon de ciment hydraulique dans une suspension d&rsquo;alcool isopropylique<br \/><strong>Echantillon : ATM C150 Cem 1, ciment portland \u00e0 usage g\u00e9n\u00e9ral<\/strong><\/h1>\n<p style=\"text-align: justify;\">En raison des difficult\u00e9s li\u00e9es au stockage des \u00e9chantillons de ciment \u00e0 l&rsquo;\u00e9tat sec en raison de l&rsquo;<a href=\"https:\/\/occhio-instruments.com\/fr\/biotechnologie-pharmaceutique\/applications\/agregation-proteines\/\">agr\u00e9gation<\/a> des \u00e9chantillons, une <strong>m\u00e9thode <a href=\"https:\/\/occhio-instruments.com\/fr\/instruments\/nos-produits\/dispersion-voie-liquide\/\">humide<\/a> est pr\u00e9f\u00e9rable<\/strong>. Dans cette exp\u00e9rience, la poudre de ciment a \u00e9t\u00e9 dispers\u00e9e dans un milieu d&rsquo;alcool isopropylique pour \u00eatre test\u00e9e.<\/p>\n<p style=\"text-align: justify;\">L&rsquo;instrument utilis\u00e9 pour effectuer l&rsquo;analyse \u00e9tait l&rsquo;Occhio <strong><a href=\"https:\/\/occhio-instruments.com\/fr\/instruments\/nos-produits\/dispersion-voie-liquide\/fc200mhr-comptage-particules\/\">FC200M-HR<\/a>.<\/strong> Cet instrument est <strong>id\u00e9al pour cette <a href=\"https:\/\/occhio-instruments.com\/fr\/instruments\/applications\/\">application<\/a><\/strong> et d&rsquo;autres applications similaires gr\u00e2ce \u00e0 la <strong>pompe \u00e0 membrane int\u00e9gr\u00e9e<\/strong> et \u00e0 la <strong>m\u00e9thode d&rsquo;analyse directe des images<\/strong>.<\/p>\n<p style=\"text-align: justify;\">La pompe \u00e0 membrane est plus robuste et plus fiable lorsqu&rsquo;on travaille avec des liquides contenant des particules plus grosses et la m\u00e9thode d&rsquo;imagerie directe permet \u00e0 l&rsquo;utilisateur de voir non seulement la <strong>distribution des tailles<\/strong>, mais aussi la <strong>forme<\/strong> et la <strong>concentration des particules<\/strong>.<\/p>\n<p style=\"text-align: justify;\">L&rsquo;<a href=\"https:\/\/occhio-instruments.com\/fr\/analyse-granulometrique\/analyse-image\/\"><strong>analyse d&rsquo;image<\/strong><\/a> est une mesure directe ; il n&rsquo;est donc pas n\u00e9cessaire de conna\u00eetre la nature de l&rsquo;\u00e9chantillon, contrairement \u00e0 la<a href=\"https:\/\/occhio-instruments.com\/fr\/granulometrie-laser\/\"><strong> diffraction laser<\/strong><\/a> qui n\u00e9cessite la connaissance de l&rsquo;indice de r\u00e9fraction complexe ; apr\u00e8s quoi, cette valeur doit \u00eatre ajust\u00e9e si la composition de l&rsquo;\u00e9chantillon change (par exemple, la pr\u00e9sence de calcaire ou d&rsquo;autres additifs).<\/p>\n<p style=\"text-align: justify;\">La capacit\u00e9 \u00e0 visualiser la forme de chaque particule pour effectuer un<strong> calibrage plus pr\u00e9cis<\/strong> et <strong>plus complet<\/strong> de l&rsquo;\u00e9chantillon est ce qui distingue nos instruments des autres.<\/p>\n<p style=\"text-align: justify;\">La seule taille disponible avec la m\u00e9thode de mesure de la DL est le diam\u00e8tre \u00e9quivalent ; cependant, avec l&rsquo;analyse d&rsquo;images, nous pouvons calculer la <strong>longueur,<\/strong> la <strong>largeur,<\/strong> le <strong>diam\u00e8tre<\/strong> int\u00e9rieur (diam\u00e8tre du tamis), la r\u00e9partition de la <strong>taille<\/strong> <strong>des particules<\/strong> ainsi que plus de 60 autres param\u00e8tres ; tout cela en utilisant moins de solvant en raison de la robustesse de la m\u00e9thode de mesure.<\/p>\n<p>[\/et_pb_text][\/et_pb_column][\/et_pb_row][et_pb_row column_structure=\u00a0\u00bb2_3,1_3&Prime; _builder_version=\u00a0\u00bb4.15&Prime; global_colors_info=\u00a0\u00bb{}\u00a0\u00bb][et_pb_column type=\u00a0\u00bb2_3&Prime; _builder_version=\u00a0\u00bb4.15&Prime; global_colors_info=\u00a0\u00bb{}\u00a0\u00bb][et_pb_code _builder_version=\u00a0\u00bb4.15&Prime; global_colors_info=\u00a0\u00bb{}\u00a0\u00bb][\/et_pb_code][\/et_pb_column][et_pb_column type=\u00a0\u00bb1_3&Prime; _builder_version=\u00a0\u00bb4.15&Prime; global_colors_info=\u00a0\u00bb{}\u00a0\u00bb][et_pb_blurb title=\u00a0\u00bbFC200M-HR\u00a0\u00bb image=\u00a0\u00bbhttps:\/\/occhio-instruments.com\/wp-content\/uploads\/2020\/06\/FC200M-HR-1.jpg\u00a0\u00bb alt=\u00a0\u00bbFC200M-HR, analyse de particules en suspensions\u00a0\u00bb _builder_version=\u00a0\u00bb4.15.1&Prime; header_text_align=\u00a0\u00bbcenter\u00a0\u00bb link_option_url=\u00a0\u00bb\/fr\/instruments\/nos-produits\/dispersion-voie-liquide\/fc200mhr-comptage-particules\/\u00a0\u00bb hover_enabled=\u00a0\u00bb0&Prime; global_colors_info=\u00a0\u00bb{}\u00a0\u00bb sticky_enabled=\u00a0\u00bb0&Prime;]<\/p>\n<p>Pour l&rsquo;analyse des particules en suspension \u00e0 partir de 800 nm, l&rsquo;\u00e9chantillon est introduit dans un b\u00e9cher externe de 300 ml ou par pr\u00e9l\u00e8vement direct dans un lot de cristallisation.<\/p>\n<p>[\/et_pb_blurb][et_pb_blurb title=\u00a0\u00bbCONTACT OCCHIO\u00a0\u00bb _builder_version=\u00a0\u00bb4.15&Prime; header_text_align=\u00a0\u00bbcenter\u00a0\u00bb link_option_url=\u00a0\u00bb\/fr\/contact\/\u00a0\u00bb global_colors_info=\u00a0\u00bb{}\u00a0\u00bb][\/et_pb_blurb][\/et_pb_column][\/et_pb_row][\/et_pb_section][et_pb_section fb_built=\u00a0\u00bb1&Prime; module_id=\u00a0\u00bbcta-bottom\u00a0\u00bb _builder_version=\u00a0\u00bb4.4.3&Prime; background_color=\u00a0\u00bb#51595D\u00a0\u00bb custom_padding=\u00a0\u00bb30px||30px||false|false\u00a0\u00bb global_module=\u00a0\u00bb89&Prime; saved_tabs=\u00a0\u00bball\u00a0\u00bb global_colors_info=\u00a0\u00bb{}\u00a0\u00bb][et_pb_row column_structure=\u00a0\u00bb2_3,1_3&Prime; _builder_version=\u00a0\u00bb4.15&Prime; global_colors_info=\u00a0\u00bb{}\u00a0\u00bb][et_pb_column type=\u00a0\u00bb2_3&Prime; _builder_version=\u00a0\u00bb4.15&Prime; global_colors_info=\u00a0\u00bb{}\u00a0\u00bb][et_pb_text _builder_version=\u00a0\u00bb4.15&Prime; text_text_color=\u00a0\u00bb#ffffff\u00a0\u00bb header_text_color=\u00a0\u00bb#ffffff\u00a0\u00bb global_colors_info=\u00a0\u00bb{}\u00a0\u00bb]<\/p>\n<h2>Vous souhaitez recevoir plus d&rsquo;infos ?<br \/><strong>Contactez-nous !<\/strong><\/h2>\n<p>[\/et_pb_text][\/et_pb_column][et_pb_column type=\u00a0\u00bb1_3&Prime; _builder_version=\u00a0\u00bb4.15&Prime; global_colors_info=\u00a0\u00bb{}\u00a0\u00bb][et_pb_button button_url=\u00a0\u00bb\/fr\/contact\/\u00a0\u00bb button_text=\u00a0\u00bbContactez-nous !\u00a0\u00bb _builder_version=\u00a0\u00bb4.4.3&Prime; global_colors_info=\u00a0\u00bb{}\u00a0\u00bb][\/et_pb_button][\/et_pb_column][\/et_pb_row][\/et_pb_section]<\/p>\n","protected":false},"excerpt":{"rendered":"<p>Analyse du ciment en suspension dans l&rsquo;\u00e9thanol (Apn16-SD001)Apn16-SD001 &#8211; Analyse d&rsquo;un \u00e9chantillon de ciment hydraulique dans une suspension d&rsquo;alcool isopropyliqueEchantillon : ATM C150 Cem 1, ciment portland \u00e0 usage g\u00e9n\u00e9ral En raison des difficult\u00e9s li\u00e9es au stockage des \u00e9chantillons de ciment \u00e0 l&rsquo;\u00e9tat sec en raison de l&rsquo;agr\u00e9gation des \u00e9chantillons, une m\u00e9thode humide est pr\u00e9f\u00e9rable. [&hellip;]<\/p>\n","protected":false},"author":1,"featured_media":0,"parent":2695,"menu_order":0,"comment_status":"closed","ping_status":"closed","template":"","meta":{"_et_pb_use_builder":"on","_et_pb_old_content":"","_et_gb_content_width":"","footnotes":""},"yoast_head":"<!-- This site is optimized with the Yoast SEO plugin v22.9 - https:\/\/yoast.com\/wordpress\/plugins\/seo\/ -->\n<title>Analyse du ciment en suspension dans l&#039;\u00e9thanol - Occhio<\/title>\n<meta name=\"description\" content=\"Analyse du ciment en suspension dans l&#039;\u00e9thanol - Occhio, instruments de laboratoire pour l&#039;analyse d&#039;\u00e9mulsions et de suspensions.\" \/>\n<meta name=\"robots\" content=\"index, follow, max-snippet:-1, max-image-preview:large, max-video-preview:-1\" \/>\n<link rel=\"canonical\" href=\"https:\/\/occhio-instruments.com\/fr\/instruments\/notes-application\/analyse-ciment-suspension-ethanol\/\" \/>\n<meta property=\"og:locale\" content=\"fr_FR\" \/>\n<meta property=\"og:type\" content=\"article\" \/>\n<meta property=\"og:title\" content=\"Analyse du ciment en suspension dans l&#039;\u00e9thanol - Occhio\" \/>\n<meta property=\"og:description\" content=\"Analyse du ciment en suspension dans l&#039;\u00e9thanol - Occhio, instruments de laboratoire pour l&#039;analyse d&#039;\u00e9mulsions et de suspensions.\" \/>\n<meta property=\"og:url\" content=\"https:\/\/occhio-instruments.com\/fr\/instruments\/notes-application\/analyse-ciment-suspension-ethanol\/\" \/>\n<meta property=\"og:site_name\" content=\"Occhio\" \/>\n<meta property=\"article:modified_time\" content=\"2023-07-25T13:28:53+00:00\" \/>\n<meta property=\"og:image\" content=\"https:\/\/occhio-instruments.com\/wp-content\/uploads\/2021\/12\/occhio-instruments.jpg\" \/>\n\t<meta property=\"og:image:width\" content=\"1200\" \/>\n\t<meta property=\"og:image:height\" content=\"630\" \/>\n\t<meta property=\"og:image:type\" content=\"image\/jpeg\" \/>\n<meta name=\"twitter:card\" content=\"summary_large_image\" \/>\n<meta name=\"twitter:label1\" content=\"Dur\u00e9e de lecture estim\u00e9e\" \/>\n\t<meta name=\"twitter:data1\" content=\"2 minutes\" \/>\n<script type=\"application\/ld+json\" class=\"yoast-schema-graph\">{\"@context\":\"https:\/\/schema.org\",\"@graph\":[{\"@type\":\"WebPage\",\"@id\":\"https:\/\/occhio-instruments.com\/fr\/instruments\/notes-application\/analyse-ciment-suspension-ethanol\/\",\"url\":\"https:\/\/occhio-instruments.com\/fr\/instruments\/notes-application\/analyse-ciment-suspension-ethanol\/\",\"name\":\"Analyse du ciment en suspension dans l'\u00e9thanol - Occhio\",\"isPartOf\":{\"@id\":\"https:\/\/occhio-instruments.com\/#website\"},\"datePublished\":\"2020-06-16T09:49:15+00:00\",\"dateModified\":\"2023-07-25T13:28:53+00:00\",\"description\":\"Analyse du ciment en suspension dans l'\u00e9thanol - Occhio, instruments de laboratoire pour l'analyse d'\u00e9mulsions et de suspensions.\",\"breadcrumb\":{\"@id\":\"https:\/\/occhio-instruments.com\/fr\/instruments\/notes-application\/analyse-ciment-suspension-ethanol\/#breadcrumb\"},\"inLanguage\":\"fr-FR\",\"potentialAction\":[{\"@type\":\"ReadAction\",\"target\":[\"https:\/\/occhio-instruments.com\/fr\/instruments\/notes-application\/analyse-ciment-suspension-ethanol\/\"]}]},{\"@type\":\"BreadcrumbList\",\"@id\":\"https:\/\/occhio-instruments.com\/fr\/instruments\/notes-application\/analyse-ciment-suspension-ethanol\/#breadcrumb\",\"itemListElement\":[{\"@type\":\"ListItem\",\"position\":1,\"name\":\"Instruments\",\"item\":\"https:\/\/occhio-instruments.com\/fr\/instruments\/\"},{\"@type\":\"ListItem\",\"position\":2,\"name\":\"Notes d&#8217;application (FR)\",\"item\":\"https:\/\/occhio-instruments.com\/fr\/instruments\/notes-application\/\"},{\"@type\":\"ListItem\",\"position\":3,\"name\":\"Analyse du ciment en suspension dans l&#8217;\u00e9thanol (Apn16-SD001)\"}]},{\"@type\":\"WebSite\",\"@id\":\"https:\/\/occhio-instruments.com\/#website\",\"url\":\"https:\/\/occhio-instruments.com\/\",\"name\":\"Occhio\",\"description\":\"Un site utilisant WordPress\",\"potentialAction\":[{\"@type\":\"SearchAction\",\"target\":{\"@type\":\"EntryPoint\",\"urlTemplate\":\"https:\/\/occhio-instruments.com\/?s={search_term_string}\"},\"query-input\":\"required name=search_term_string\"}],\"inLanguage\":\"fr-FR\"}]}<\/script>\n<!-- \/ Yoast SEO plugin. -->","yoast_head_json":{"title":"Analyse du ciment en suspension dans l'\u00e9thanol - Occhio","description":"Analyse du ciment en suspension dans l'\u00e9thanol - Occhio, instruments de laboratoire pour l'analyse d'\u00e9mulsions et de suspensions.","robots":{"index":"index","follow":"follow","max-snippet":"max-snippet:-1","max-image-preview":"max-image-preview:large","max-video-preview":"max-video-preview:-1"},"canonical":"https:\/\/occhio-instruments.com\/fr\/instruments\/notes-application\/analyse-ciment-suspension-ethanol\/","og_locale":"fr_FR","og_type":"article","og_title":"Analyse du ciment en suspension dans l'\u00e9thanol - Occhio","og_description":"Analyse du ciment en suspension dans l'\u00e9thanol - Occhio, instruments de laboratoire pour l'analyse d'\u00e9mulsions et de suspensions.","og_url":"https:\/\/occhio-instruments.com\/fr\/instruments\/notes-application\/analyse-ciment-suspension-ethanol\/","og_site_name":"Occhio","article_modified_time":"2023-07-25T13:28:53+00:00","og_image":[{"width":1200,"height":630,"url":"https:\/\/occhio-instruments.com\/wp-content\/uploads\/2021\/12\/occhio-instruments.jpg","type":"image\/jpeg"}],"twitter_card":"summary_large_image","twitter_misc":{"Dur\u00e9e de lecture estim\u00e9e":"2 minutes"},"schema":{"@context":"https:\/\/schema.org","@graph":[{"@type":"WebPage","@id":"https:\/\/occhio-instruments.com\/fr\/instruments\/notes-application\/analyse-ciment-suspension-ethanol\/","url":"https:\/\/occhio-instruments.com\/fr\/instruments\/notes-application\/analyse-ciment-suspension-ethanol\/","name":"Analyse du ciment en suspension dans l'\u00e9thanol - Occhio","isPartOf":{"@id":"https:\/\/occhio-instruments.com\/#website"},"datePublished":"2020-06-16T09:49:15+00:00","dateModified":"2023-07-25T13:28:53+00:00","description":"Analyse du ciment en suspension dans l'\u00e9thanol - Occhio, instruments de laboratoire pour l'analyse d'\u00e9mulsions et de suspensions.","breadcrumb":{"@id":"https:\/\/occhio-instruments.com\/fr\/instruments\/notes-application\/analyse-ciment-suspension-ethanol\/#breadcrumb"},"inLanguage":"fr-FR","potentialAction":[{"@type":"ReadAction","target":["https:\/\/occhio-instruments.com\/fr\/instruments\/notes-application\/analyse-ciment-suspension-ethanol\/"]}]},{"@type":"BreadcrumbList","@id":"https:\/\/occhio-instruments.com\/fr\/instruments\/notes-application\/analyse-ciment-suspension-ethanol\/#breadcrumb","itemListElement":[{"@type":"ListItem","position":1,"name":"Instruments","item":"https:\/\/occhio-instruments.com\/fr\/instruments\/"},{"@type":"ListItem","position":2,"name":"Notes d&#8217;application (FR)","item":"https:\/\/occhio-instruments.com\/fr\/instruments\/notes-application\/"},{"@type":"ListItem","position":3,"name":"Analyse du ciment en suspension dans l&#8217;\u00e9thanol (Apn16-SD001)"}]},{"@type":"WebSite","@id":"https:\/\/occhio-instruments.com\/#website","url":"https:\/\/occhio-instruments.com\/","name":"Occhio","description":"Un site utilisant WordPress","potentialAction":[{"@type":"SearchAction","target":{"@type":"EntryPoint","urlTemplate":"https:\/\/occhio-instruments.com\/?s={search_term_string}"},"query-input":"required name=search_term_string"}],"inLanguage":"fr-FR"}]}},"_links":{"self":[{"href":"https:\/\/occhio-instruments.com\/fr\/wp-json\/wp\/v2\/pages\/2701"}],"collection":[{"href":"https:\/\/occhio-instruments.com\/fr\/wp-json\/wp\/v2\/pages"}],"about":[{"href":"https:\/\/occhio-instruments.com\/fr\/wp-json\/wp\/v2\/types\/page"}],"author":[{"embeddable":true,"href":"https:\/\/occhio-instruments.com\/fr\/wp-json\/wp\/v2\/users\/1"}],"replies":[{"embeddable":true,"href":"https:\/\/occhio-instruments.com\/fr\/wp-json\/wp\/v2\/comments?post=2701"}],"version-history":[{"count":12,"href":"https:\/\/occhio-instruments.com\/fr\/wp-json\/wp\/v2\/pages\/2701\/revisions"}],"predecessor-version":[{"id":10303,"href":"https:\/\/occhio-instruments.com\/fr\/wp-json\/wp\/v2\/pages\/2701\/revisions\/10303"}],"up":[{"embeddable":true,"href":"https:\/\/occhio-instruments.com\/fr\/wp-json\/wp\/v2\/pages\/2695"}],"wp:attachment":[{"href":"https:\/\/occhio-instruments.com\/fr\/wp-json\/wp\/v2\/media?parent=2701"}],"curies":[{"name":"wp","href":"https:\/\/api.w.org\/{rel}","templated":true}]}}