{"id":2695,"date":"2020-06-16T10:23:10","date_gmt":"2020-06-16T08:23:10","guid":{"rendered":"https:\/\/occhio-instruments.com\/application-notes\/"},"modified":"2023-07-25T14:58:06","modified_gmt":"2023-07-25T12:58:06","slug":"notes-application","status":"publish","type":"page","link":"https:\/\/occhio-instruments.com\/fr\/instruments\/notes-application\/","title":{"rendered":"Notes d&rsquo;application (FR)"},"content":{"rendered":"<p>[et_pb_section fb_built=\u00a0\u00bb1&Prime; module_id=\u00a0\u00bbbanner\u00a0\u00bb _builder_version=\u00a0\u00bb4.15&Prime; background_image=\u00a0\u00bbhttps:\/\/occhio-instruments.com\/wp-content\/uploads\/2020\/04\/banner-bg.png\u00a0\u00bb global_colors_info=\u00a0\u00bb{}\u00a0\u00bb][et_pb_row _builder_version=\u00a0\u00bb4.15&Prime; background_size=\u00a0\u00bbinitial\u00a0\u00bb background_position=\u00a0\u00bbtop_left\u00a0\u00bb background_repeat=\u00a0\u00bbrepeat\u00a0\u00bb global_colors_info=\u00a0\u00bb{}\u00a0\u00bb][et_pb_column type=\u00a0\u00bb4_4&Prime; _builder_version=\u00a0\u00bb4.15&Prime; custom_padding=\u00a0\u00bb|||\u00a0\u00bb global_colors_info=\u00a0\u00bb{}\u00a0\u00bb custom_padding__hover=\u00a0\u00bb|||\u00a0\u00bb][et_pb_text _builder_version=\u00a0\u00bb4.15&Prime; global_colors_info=\u00a0\u00bb{}\u00a0\u00bb]<\/p>\n<p style=\"text-align: center;\">D\u00e9couvrir notre gamme de produits<\/p>\n<p>[\/et_pb_text][\/et_pb_column][\/et_pb_row][\/et_pb_section][et_pb_section fb_built=\u00a0\u00bb1&Prime; _builder_version=\u00a0\u00bb4.15&Prime; global_colors_info=\u00a0\u00bb{}\u00a0\u00bb][et_pb_row _builder_version=\u00a0\u00bb4.15&Prime; global_colors_info=\u00a0\u00bb{}\u00a0\u00bb][et_pb_column type=\u00a0\u00bb4_4&Prime; _builder_version=\u00a0\u00bb4.15&Prime; global_colors_info=\u00a0\u00bb{}\u00a0\u00bb][et_pb_text _builder_version=\u00a0\u00bb4.15.1&Prime; global_colors_info=\u00a0\u00bb{}\u00a0\u00bb]<\/p>\n<h1><strong>Notes d&rsquo;application<\/strong><\/h1>\n<p>Pour toute question relative \u00e0 la candidature, \u00e0 nos <a href=\"https:\/\/occhio-instruments.com\/fr\/instruments\/\"><strong>instruments<\/strong> <\/a>ou toute autre question, <a href=\"https:\/\/occhio-instruments.com\/fr\/contact\/\"><strong>n&rsquo;h\u00e9sitez pas \u00e0 nous contacter<\/strong><\/a>, ou peut-\u00eatre trouverez-vous une r\u00e9ponse dans l&rsquo;une de ces \u00e9num\u00e9rations :<\/p>\n<ul>\n<li><a href=\"https:\/\/occhio-instruments.com\/fr\/instruments\/notes-application\/analyse-ciment-suspension-ethanol\/\">Analyse du ciment en suspension dans l&rsquo;\u00e9thanol (Apn16-SD001)<\/a><\/li>\n<li><a href=\"https:\/\/occhio-instruments.com\/fr\/instruments\/notes-application\/caracterisation-du-polyethylene-broye\/\">Caract\u00e9risation du poly\u00e9thyl\u00e8ne broy\u00e9 (Apn16-SD002)<\/a><\/li>\n<li><a href=\"https:\/\/occhio-instruments.com\/fr\/instruments\/notes-application\/correlation-tamis\/\">Corr\u00e9lation des tamis (Apn-16SD003)<\/a><\/li>\n<li><a href=\"https:\/\/occhio-instruments.com\/fr\/instruments\/notes-application\/controle-de-la-qualite-des-poudres-atomisees\/\">Contr\u00f4le de la qualit\u00e9 des poudres atomis\u00e9es (Apn16-SD004)<\/a><\/li>\n<li><a href=\"https:\/\/occhio-instruments.com\/fr\/instruments\/notes-application\/propriete-abrasive-diamant-industriel\/\">Propri\u00e9t\u00e9 abrasive du diamant industriel (Apn16-SD005)<\/a><\/li>\n<li><a href=\"https:\/\/occhio-instruments.com\/fr\/instruments\/notes-application\/dispersion-et-analyse-agregat-sec-fibres\/\">Dispersion et analyse d&rsquo;un agr\u00e9gat sec de fibres (Apn16-SD006)<\/a><\/li>\n<li><a href=\"https:\/\/occhio-instruments.com\/fr\/instruments\/notes-application\/analyse-de-tabac\/\">Analyse du tabac (Apn16-SD007)<\/a><\/li>\n<li><a href=\"https:\/\/occhio-instruments.com\/fr\/instruments\/notes-application\/caracterisation-tridimensionnelle-granules\/\">Caract\u00e9risation des granul\u00e9s en 3D (Apn16-SD008)<\/a><\/li>\n<li><a href=\"https:\/\/occhio-instruments.com\/fr\/instruments\/notes-application\/caracterisation-lisier-cmp-suspension-haute-concentration\/\">Caract\u00e9risation des boues CMP, suspension \u00e0 haute concentration (Apn-16SD009)<\/a><\/li>\n<\/ul>\n<p>D\u00e9couvrez \u00e9galement notre large vari\u00e9t\u00e9 <a href=\"https:\/\/occhio-instruments.com\/fr\/instruments\/applications\/\">d&rsquo;application<\/a> ainsi que nos gamme de <a href=\"https:\/\/occhio-instruments.com\/fr\/instruments\/nos-produits\/\">produits<\/a> de haute pr\u00e9cision gr\u00e2ce auxquels toutes ces applications sont possibles !<\/p>\n<p>&nbsp;<\/p>\n<p>[\/et_pb_text][\/et_pb_column][\/et_pb_row][\/et_pb_section][et_pb_section fb_built=\u00a0\u00bb1&Prime; module_id=\u00a0\u00bbcta-bottom\u00a0\u00bb _builder_version=\u00a0\u00bb4.4.3&Prime; background_color=\u00a0\u00bb#51595D\u00a0\u00bb custom_padding=\u00a0\u00bb30px||30px||false|false\u00a0\u00bb global_module=\u00a0\u00bb89&Prime; saved_tabs=\u00a0\u00bball\u00a0\u00bb global_colors_info=\u00a0\u00bb{}\u00a0\u00bb][et_pb_row column_structure=\u00a0\u00bb2_3,1_3&Prime; _builder_version=\u00a0\u00bb4.15&Prime; global_colors_info=\u00a0\u00bb{}\u00a0\u00bb][et_pb_column type=\u00a0\u00bb2_3&Prime; _builder_version=\u00a0\u00bb4.15&Prime; global_colors_info=\u00a0\u00bb{}\u00a0\u00bb][et_pb_text _builder_version=\u00a0\u00bb4.15&Prime; text_text_color=\u00a0\u00bb#ffffff\u00a0\u00bb header_text_color=\u00a0\u00bb#ffffff\u00a0\u00bb global_colors_info=\u00a0\u00bb{}\u00a0\u00bb]<\/p>\n<h2>Vous souhaitez recevoir plus d&rsquo;infos ?<br \/><strong>Contactez-nous !<\/strong><\/h2>\n<p>[\/et_pb_text][\/et_pb_column][et_pb_column type=\u00a0\u00bb1_3&Prime; _builder_version=\u00a0\u00bb4.15&Prime; global_colors_info=\u00a0\u00bb{}\u00a0\u00bb][et_pb_button button_url=\u00a0\u00bb\/fr\/contact\/\u00a0\u00bb button_text=\u00a0\u00bbContactez-nous !\u00a0\u00bb _builder_version=\u00a0\u00bb4.4.3&Prime; global_colors_info=\u00a0\u00bb{}\u00a0\u00bb][\/et_pb_button][\/et_pb_column][\/et_pb_row][\/et_pb_section]<\/p>\n","protected":false},"excerpt":{"rendered":"<p>D\u00e9couvrir notre gamme de produitsNotes d&rsquo;application Pour toute question relative \u00e0 la candidature, \u00e0 nos instruments ou toute autre question, n&rsquo;h\u00e9sitez pas \u00e0 nous contacter, ou peut-\u00eatre trouverez-vous une r\u00e9ponse dans l&rsquo;une de ces \u00e9num\u00e9rations : Analyse du ciment en suspension dans l&rsquo;\u00e9thanol (Apn16-SD001) Caract\u00e9risation du poly\u00e9thyl\u00e8ne broy\u00e9 (Apn16-SD002) Corr\u00e9lation des tamis (Apn-16SD003) Contr\u00f4le de [&hellip;]<\/p>\n","protected":false},"author":1,"featured_media":0,"parent":2750,"menu_order":0,"comment_status":"closed","ping_status":"closed","template":"","meta":{"_et_pb_use_builder":"on","_et_pb_old_content":"","_et_gb_content_width":"","footnotes":""},"yoast_head":"<!-- This site is optimized with the Yoast SEO plugin v22.9 - https:\/\/yoast.com\/wordpress\/plugins\/seo\/ -->\n<title>Notes d&#039;application (FR) - Occhio<\/title>\n<meta name=\"description\" content=\"Notes d&#039;application - d\u00e9couvrez les applications des instruments d&#039;analyse de particules d&#039;Occhio-Instruments !\" \/>\n<meta name=\"robots\" content=\"index, follow, max-snippet:-1, max-image-preview:large, max-video-preview:-1\" \/>\n<link rel=\"canonical\" href=\"https:\/\/occhio-instruments.com\/fr\/instruments\/notes-application\/\" \/>\n<meta property=\"og:locale\" content=\"fr_FR\" \/>\n<meta property=\"og:type\" content=\"article\" \/>\n<meta property=\"og:title\" content=\"Notes d&#039;application (FR) - Occhio\" \/>\n<meta property=\"og:description\" content=\"Notes d&#039;application - d\u00e9couvrez les applications des instruments d&#039;analyse de particules d&#039;Occhio-Instruments !\" \/>\n<meta property=\"og:url\" content=\"https:\/\/occhio-instruments.com\/fr\/instruments\/notes-application\/\" \/>\n<meta property=\"og:site_name\" content=\"Occhio\" \/>\n<meta property=\"article:modified_time\" content=\"2023-07-25T12:58:06+00:00\" \/>\n<meta property=\"og:image\" content=\"https:\/\/occhio-instruments.com\/wp-content\/uploads\/2021\/12\/occhio-instruments.jpg\" \/>\n\t<meta property=\"og:image:width\" content=\"1200\" \/>\n\t<meta property=\"og:image:height\" content=\"630\" \/>\n\t<meta property=\"og:image:type\" content=\"image\/jpeg\" \/>\n<meta name=\"twitter:card\" content=\"summary_large_image\" \/>\n<meta name=\"twitter:label1\" content=\"Dur\u00e9e de lecture estim\u00e9e\" \/>\n\t<meta name=\"twitter:data1\" content=\"1 minute\" \/>\n<script type=\"application\/ld+json\" class=\"yoast-schema-graph\">{\"@context\":\"https:\/\/schema.org\",\"@graph\":[{\"@type\":\"WebPage\",\"@id\":\"https:\/\/occhio-instruments.com\/fr\/instruments\/notes-application\/\",\"url\":\"https:\/\/occhio-instruments.com\/fr\/instruments\/notes-application\/\",\"name\":\"Notes d'application (FR) - Occhio\",\"isPartOf\":{\"@id\":\"https:\/\/occhio-instruments.com\/#website\"},\"datePublished\":\"2020-06-16T08:23:10+00:00\",\"dateModified\":\"2023-07-25T12:58:06+00:00\",\"description\":\"Notes d'application - d\u00e9couvrez les applications des instruments d'analyse de particules d'Occhio-Instruments !\",\"breadcrumb\":{\"@id\":\"https:\/\/occhio-instruments.com\/fr\/instruments\/notes-application\/#breadcrumb\"},\"inLanguage\":\"fr-FR\",\"potentialAction\":[{\"@type\":\"ReadAction\",\"target\":[\"https:\/\/occhio-instruments.com\/fr\/instruments\/notes-application\/\"]}]},{\"@type\":\"BreadcrumbList\",\"@id\":\"https:\/\/occhio-instruments.com\/fr\/instruments\/notes-application\/#breadcrumb\",\"itemListElement\":[{\"@type\":\"ListItem\",\"position\":1,\"name\":\"Instruments\",\"item\":\"https:\/\/occhio-instruments.com\/fr\/instruments\/\"},{\"@type\":\"ListItem\",\"position\":2,\"name\":\"Notes d&#8217;application (FR)\"}]},{\"@type\":\"WebSite\",\"@id\":\"https:\/\/occhio-instruments.com\/#website\",\"url\":\"https:\/\/occhio-instruments.com\/\",\"name\":\"Occhio\",\"description\":\"Un site utilisant WordPress\",\"potentialAction\":[{\"@type\":\"SearchAction\",\"target\":{\"@type\":\"EntryPoint\",\"urlTemplate\":\"https:\/\/occhio-instruments.com\/?s={search_term_string}\"},\"query-input\":\"required name=search_term_string\"}],\"inLanguage\":\"fr-FR\"}]}<\/script>\n<!-- \/ Yoast SEO plugin. -->","yoast_head_json":{"title":"Notes d'application (FR) - Occhio","description":"Notes d'application - d\u00e9couvrez les applications des instruments d'analyse de particules d'Occhio-Instruments !","robots":{"index":"index","follow":"follow","max-snippet":"max-snippet:-1","max-image-preview":"max-image-preview:large","max-video-preview":"max-video-preview:-1"},"canonical":"https:\/\/occhio-instruments.com\/fr\/instruments\/notes-application\/","og_locale":"fr_FR","og_type":"article","og_title":"Notes d'application (FR) - Occhio","og_description":"Notes d'application - d\u00e9couvrez les applications des instruments d'analyse de particules d'Occhio-Instruments !","og_url":"https:\/\/occhio-instruments.com\/fr\/instruments\/notes-application\/","og_site_name":"Occhio","article_modified_time":"2023-07-25T12:58:06+00:00","og_image":[{"width":1200,"height":630,"url":"https:\/\/occhio-instruments.com\/wp-content\/uploads\/2021\/12\/occhio-instruments.jpg","type":"image\/jpeg"}],"twitter_card":"summary_large_image","twitter_misc":{"Dur\u00e9e de lecture estim\u00e9e":"1 minute"},"schema":{"@context":"https:\/\/schema.org","@graph":[{"@type":"WebPage","@id":"https:\/\/occhio-instruments.com\/fr\/instruments\/notes-application\/","url":"https:\/\/occhio-instruments.com\/fr\/instruments\/notes-application\/","name":"Notes d'application (FR) - Occhio","isPartOf":{"@id":"https:\/\/occhio-instruments.com\/#website"},"datePublished":"2020-06-16T08:23:10+00:00","dateModified":"2023-07-25T12:58:06+00:00","description":"Notes d'application - d\u00e9couvrez les applications des instruments d'analyse de particules d'Occhio-Instruments !","breadcrumb":{"@id":"https:\/\/occhio-instruments.com\/fr\/instruments\/notes-application\/#breadcrumb"},"inLanguage":"fr-FR","potentialAction":[{"@type":"ReadAction","target":["https:\/\/occhio-instruments.com\/fr\/instruments\/notes-application\/"]}]},{"@type":"BreadcrumbList","@id":"https:\/\/occhio-instruments.com\/fr\/instruments\/notes-application\/#breadcrumb","itemListElement":[{"@type":"ListItem","position":1,"name":"Instruments","item":"https:\/\/occhio-instruments.com\/fr\/instruments\/"},{"@type":"ListItem","position":2,"name":"Notes d&#8217;application (FR)"}]},{"@type":"WebSite","@id":"https:\/\/occhio-instruments.com\/#website","url":"https:\/\/occhio-instruments.com\/","name":"Occhio","description":"Un site utilisant WordPress","potentialAction":[{"@type":"SearchAction","target":{"@type":"EntryPoint","urlTemplate":"https:\/\/occhio-instruments.com\/?s={search_term_string}"},"query-input":"required name=search_term_string"}],"inLanguage":"fr-FR"}]}},"_links":{"self":[{"href":"https:\/\/occhio-instruments.com\/fr\/wp-json\/wp\/v2\/pages\/2695"}],"collection":[{"href":"https:\/\/occhio-instruments.com\/fr\/wp-json\/wp\/v2\/pages"}],"about":[{"href":"https:\/\/occhio-instruments.com\/fr\/wp-json\/wp\/v2\/types\/page"}],"author":[{"embeddable":true,"href":"https:\/\/occhio-instruments.com\/fr\/wp-json\/wp\/v2\/users\/1"}],"replies":[{"embeddable":true,"href":"https:\/\/occhio-instruments.com\/fr\/wp-json\/wp\/v2\/comments?post=2695"}],"version-history":[{"count":12,"href":"https:\/\/occhio-instruments.com\/fr\/wp-json\/wp\/v2\/pages\/2695\/revisions"}],"predecessor-version":[{"id":10289,"href":"https:\/\/occhio-instruments.com\/fr\/wp-json\/wp\/v2\/pages\/2695\/revisions\/10289"}],"up":[{"embeddable":true,"href":"https:\/\/occhio-instruments.com\/fr\/wp-json\/wp\/v2\/pages\/2750"}],"wp:attachment":[{"href":"https:\/\/occhio-instruments.com\/fr\/wp-json\/wp\/v2\/media?parent=2695"}],"curies":[{"name":"wp","href":"https:\/\/api.w.org\/{rel}","templated":true}]}}