{"id":2680,"date":"2020-08-19T11:30:08","date_gmt":"2020-08-19T09:30:08","guid":{"rendered":"https:\/\/occhio-instruments.com\/500-nano-xy-dry-powder\/"},"modified":"2023-01-27T09:43:55","modified_gmt":"2023-01-27T08:43:55","slug":"500-nano-xy-dispersion-seche","status":"publish","type":"page","link":"https:\/\/occhio-instruments.com\/fr\/500-nano-xy-dispersion-seche\/","title":{"rendered":"500 Nano XY \u00e0 dispersion s\u00e8che"},"content":{"rendered":"<p>[et_pb_section fb_built=\u00a0\u00bb1&Prime; module_id=\u00a0\u00bbbanner\u00a0\u00bb _builder_version=\u00a0\u00bb4.15&Prime; background_image=\u00a0\u00bbhttps:\/\/occhio-instruments.com\/wp-content\/uploads\/2020\/04\/banner-bg.png\u00a0\u00bb global_colors_info=\u00a0\u00bb{}\u00a0\u00bb][et_pb_row _builder_version=\u00a0\u00bb4.15&Prime; background_size=\u00a0\u00bbinitial\u00a0\u00bb background_position=\u00a0\u00bbtop_left\u00a0\u00bb background_repeat=\u00a0\u00bbrepeat\u00a0\u00bb global_colors_info=\u00a0\u00bb{}\u00a0\u00bb][et_pb_column type=\u00a0\u00bb4_4&Prime; _builder_version=\u00a0\u00bb4.15&Prime; custom_padding=\u00a0\u00bb|||\u00a0\u00bb global_colors_info=\u00a0\u00bb{}\u00a0\u00bb custom_padding__hover=\u00a0\u00bb|||\u00a0\u00bb][et_pb_text _builder_version=\u00a0\u00bb4.15&Prime; global_colors_info=\u00a0\u00bb{}\u00a0\u00bb]<\/p>\n<p style=\"text-align: center;\">500 Nano XY<\/p>\n<p>[\/et_pb_text][\/et_pb_column][\/et_pb_row][\/et_pb_section][et_pb_section fb_built=\u00a0\u00bb1&Prime; _builder_version=\u00a0\u00bb4.15&Prime; global_colors_info=\u00a0\u00bb{}\u00a0\u00bb][et_pb_row column_structure=\u00a0\u00bb2_5,3_5&Prime; _builder_version=\u00a0\u00bb4.15&Prime; global_colors_info=\u00a0\u00bb{}\u00a0\u00bb][et_pb_column type=\u00a0\u00bb2_5&Prime; _builder_version=\u00a0\u00bb4.15&Prime; global_colors_info=\u00a0\u00bb{}\u00a0\u00bb][et_pb_gallery gallery_ids=\u00a0\u00bb2075&Prime; show_title_and_caption=\u00a0\u00bboff\u00a0\u00bb _builder_version=\u00a0\u00bb4.15.1&Prime; hover_enabled=\u00a0\u00bb0&Prime; global_colors_info=\u00a0\u00bb{}\u00a0\u00bb sticky_enabled=\u00a0\u00bb0&Prime;][\/et_pb_gallery][\/et_pb_column][et_pb_column type=\u00a0\u00bb3_5&Prime; _builder_version=\u00a0\u00bb4.15&Prime; global_colors_info=\u00a0\u00bb{}\u00a0\u00bb][et_pb_text _builder_version=\u00a0\u00bb4.15.1&Prime; global_colors_info=\u00a0\u00bb{}\u00a0\u00bb]<\/p>\n<h1 style=\"text-align: justify;\">500 NanoXY : caract\u00e9risation des particules par analyse d&rsquo;image<\/h1>\n<p style=\"text-align: justify;\">La technologie d&rsquo;<a href=\"https:\/\/occhio-instruments.com\/fr\/analyse-granulometrique\/analyse-image\/\"><strong>analyse d&rsquo;image<\/strong><\/a> pour les applications en voie s\u00e8che et liquide : <strong>taille de particules<\/strong>, <strong>caract\u00e9risation<\/strong> de la <strong>forme<\/strong> et de la <strong>couleur.<\/strong> Dispositif de dispersion sous vide int\u00e9gr\u00e9.<\/p>\n<h2 style=\"text-align: justify;\">APER\u00c7U DE L&rsquo;INSTRUMENT DE LABORATOIRE<\/h2>\n<p style=\"text-align: justify;\">La solution compl\u00e8te d&rsquo;\u00e9chantillons dispers\u00e9s secs \u00e0 liquides, y compris l&rsquo;analyse monochrome ou couleur.<\/p>\n<h4 style=\"text-align: justify;\">Pour les \u00e9chantillons secs<\/h4>\n<p style=\"text-align: justify;\">Un appareil \u00e0 vide sp\u00e9cialement con\u00e7u<strong> disperse les particules<\/strong> directement sur la plaque de verre. Apr\u00e8s dispersion, l&rsquo;instrument <strong>v\u00e9rifie la valeur d&rsquo;\u00e9talonnage<\/strong> par un r\u00e9ticule de r\u00e9f\u00e9rence int\u00e9gr\u00e9 et lance l&rsquo;<strong>analyse en capturant les images sur la plaque de verre<\/strong>.<\/p>\n<h4 style=\"text-align: justify;\">Pour l&rsquo;analyse de suspensions liquides ou \u00e9mulsions<\/h4>\n<p style=\"text-align: justify;\">Les particules passent \u00e0 travers une <strong>cuve \u00e0 circulation int\u00e9gr\u00e9e<\/strong> et les <strong>images sont captur\u00e9es pendant l&rsquo;\u00e9coulement<\/strong>. Le d\u00e9bit de liquide est contr\u00f4l\u00e9 par une seringue interne. La proc\u00e9dure op\u00e9rationnelle standard comprend le contr\u00f4le total de chaque m\u00e9thode, de la dispersion de l&rsquo;\u00e9chantillon \u00e0 l&rsquo;impression du rapport final, ainsi que pour les applications s\u00e8ches et liquides.<\/p>\n<h3 style=\"text-align: justify;\">L&rsquo;instrument complet pour la caract\u00e9risation des particules par analyse d&rsquo;image comprend :<\/h3>\n<ul style=\"text-align: justify;\">\n<li>Surface de dispersion d&rsquo;\u00e9chantillon plus grande<\/li>\n<li>Analyse de la lumi\u00e8re transmise monochrome<\/li>\n<li>Analyse de la lumi\u00e8re r\u00e9fl\u00e9chie couleur<\/li>\n<li>Dispositif de dispersion sous vide int\u00e9gr\u00e9<\/li>\n<li>Proc\u00e9dure d&rsquo;\u00e9talonnage automatique<\/li>\n<li>Autofocus Identification de la position des particules (apr\u00e8s l&rsquo;analyse, l&rsquo;\u00e9tape XY est capable de r\u00e9cup\u00e9rer les particules s\u00e9lectionn\u00e9es par l&rsquo;utilisateur)<\/li>\n<li>Module de dispersion liquide, cuve \u00e0 circulation int\u00e9gr\u00e9e et seringue<\/li>\n<li>Zoom t\u00e9l\u00e9centrique avec 5 magnifications<\/li>\n<\/ul>\n<p style=\"text-align: justify;\">La <strong>r\u00e9solution d&rsquo;image<\/strong> est l&rsquo;un des <strong>points cl\u00e9s<\/strong> des instruments bas\u00e9s sur l&rsquo;analyse d&rsquo;image. Le capteur de la cam\u00e9ra HR vous offre une <strong>image plus nette<\/strong> et un <strong>calibrage optique inf\u00e9rieur<\/strong> (moins de 200 nm \/ pixel au grossissement maximal).<\/p>\n<p style=\"text-align: justify;\">Tous les param\u00e8tres et r\u00e9glages font partie de la proc\u00e9dure de fonctionnement. L&rsquo;utilisateur a un <strong>contr\u00f4le<\/strong> et une <strong>tra\u00e7abilit\u00e9<\/strong> <strong>complets<\/strong> de chaque analyse.<\/p>\n<h2 style=\"text-align: justify;\">\u00c0 L&rsquo;AIDE DE OCCHIO 500 NANO XY VOUS POUVEZ MESURER :<\/h2>\n<ul style=\"text-align: justify;\">\n<li><strong>Taille<\/strong> des particules<\/li>\n<li><strong>Forme<\/strong> des particules<\/li>\n<li><strong>Transparence<\/strong> des particules<\/li>\n<li>Particules <strong>couleurs<\/strong> (uniquement en voie s\u00e8che)<\/li>\n<li>Particules <strong>s\u00e8ches<\/strong><\/li>\n<li><strong>Suspensions<\/strong> ou <strong>\u00e9mulsions<\/strong><\/li>\n<\/ul>\n<h2 style=\"text-align: justify;\">LOGICIELS POUR L&rsquo;ANALYSE D&rsquo;IMAGE<\/h2>\n<p style=\"text-align: justify;\">Les <strong>donn\u00e9es<\/strong> et les <strong>images<\/strong> de chaque particule sont stock\u00e9es dans une <strong>base de donn\u00e9es binaire<\/strong> propre \u00e0 Occhio.<\/p>\n<p style=\"text-align: justify;\">L\u2019instrument est pilot\u00e9 par le logiciel <a href=\"https:\/\/occhio-instruments.com\/fr\/instruments\/nos-produits\/logiciels\/callisto-3d\/\"><strong>Callisto3D,<\/strong><\/a> qui contr\u00f4le l\u2019ensemble de l\u2019<strong>analyse<\/strong>: \u00abSOP\u00bb, <strong>statistiques<\/strong>, <strong>rapports<\/strong> et <strong>stockage<\/strong> des donn\u00e9es.<\/p>\n<h2 style=\"text-align: justify;\">CARACTERISITIQUES PRINCIPALES<\/h2>\n<table class=\"mainfeatures\" border=\"0\" cellspacing=\"0\" cellpadding=\"0\">\n<tbody>\n<tr>\n<td><strong>Gamme de taille des particules (mode voie s\u00e8che)<\/strong><\/td>\n<td>0.2 \u00b5m to 3000\u00b5m<\/td>\n<\/tr>\n<tr>\n<td><strong>Plage de taille des particules (mode humide))<\/strong><\/td>\n<td>0.8 \u00b5m to 300\u00b5m<\/td>\n<\/tr>\n<tr>\n<td><strong>R\u00e9tro-\u00e9clairage<\/strong><\/td>\n<td>Integrated with the base<\/td>\n<\/tr>\n<tr>\n<td><strong>Lumi\u00e8re r\u00e9fl\u00e9chie<\/strong><\/td>\n<td>\u00c9paisseur variable<\/td>\n<\/tr>\n<tr>\n<td><strong>Dispersion de l&rsquo;\u00e9chantillon sec<\/strong><\/td>\n<td>Dispositif int\u00e9gr\u00e9 de dispersion sous vide<\/td>\n<\/tr>\n<tr>\n<td><strong>\u00c9coulement de l&rsquo;\u00e9chantillon (mode humide)<\/strong><\/td>\n<td>Seringue int\u00e9gr\u00e9e<\/td>\n<\/tr>\n<tr>\n<td><strong>Dimensions de la plaque de verre<\/strong><\/td>\n<td>200 x 200 mm<\/td>\n<\/tr>\n<\/tbody>\n<\/table>\n<p style=\"text-align: justify;\">[\/et_pb_text][\/et_pb_column][\/et_pb_row][\/et_pb_section][et_pb_section fb_built=\u00a0\u00bb1&Prime; module_id=\u00a0\u00bbcta-bottom\u00a0\u00bb _builder_version=\u00a0\u00bb4.4.3&Prime; background_color=\u00a0\u00bb#51595D\u00a0\u00bb custom_padding=\u00a0\u00bb30px||30px||false|false\u00a0\u00bb global_module=\u00a0\u00bb89&Prime; saved_tabs=\u00a0\u00bball\u00a0\u00bb global_colors_info=\u00a0\u00bb{}\u00a0\u00bb][et_pb_row column_structure=\u00a0\u00bb2_3,1_3&Prime; _builder_version=\u00a0\u00bb4.15&Prime; global_colors_info=\u00a0\u00bb{}\u00a0\u00bb][et_pb_column type=\u00a0\u00bb2_3&Prime; _builder_version=\u00a0\u00bb4.15&Prime; global_colors_info=\u00a0\u00bb{}\u00a0\u00bb][et_pb_text _builder_version=\u00a0\u00bb4.15&Prime; text_text_color=\u00a0\u00bb#ffffff\u00a0\u00bb header_text_color=\u00a0\u00bb#ffffff\u00a0\u00bb global_colors_info=\u00a0\u00bb{}\u00a0\u00bb]<\/p>\n<h2>Vous souhaitez recevoir plus d&rsquo;infos ?<br \/><strong>Contactez-nous !<\/strong><\/h2>\n<p>[\/et_pb_text][\/et_pb_column][et_pb_column type=\u00a0\u00bb1_3&Prime; _builder_version=\u00a0\u00bb4.15&Prime; global_colors_info=\u00a0\u00bb{}\u00a0\u00bb][et_pb_button button_url=\u00a0\u00bb\/fr\/contact\/\u00a0\u00bb button_text=\u00a0\u00bbContactez-nous !\u00a0\u00bb _builder_version=\u00a0\u00bb4.4.3&Prime; global_colors_info=\u00a0\u00bb{}\u00a0\u00bb][\/et_pb_button][\/et_pb_column][\/et_pb_row][\/et_pb_section]<\/p>\n","protected":false},"excerpt":{"rendered":"<p>500 Nano XY500 NanoXY : caract\u00e9risation des particules par analyse d&rsquo;image La technologie d&rsquo;analyse d&rsquo;image pour les applications en voie s\u00e8che et liquide : taille de particules, caract\u00e9risation de la forme et de la couleur. Dispositif de dispersion sous vide int\u00e9gr\u00e9. APER\u00c7U DE L&rsquo;INSTRUMENT DE LABORATOIRE La solution compl\u00e8te d&rsquo;\u00e9chantillons dispers\u00e9s secs \u00e0 liquides, y [&hellip;]<\/p>\n","protected":false},"author":1,"featured_media":0,"parent":0,"menu_order":0,"comment_status":"closed","ping_status":"closed","template":"","meta":{"_et_pb_use_builder":"on","_et_pb_old_content":"","_et_gb_content_width":"","footnotes":""},"yoast_head":"<!-- This site is optimized with the Yoast SEO plugin v22.9 - https:\/\/yoast.com\/wordpress\/plugins\/seo\/ -->\n<title>Analyse de forme, de taille de particules - 500nano XY par Occhio<\/title>\n<meta name=\"description\" content=\"Technologie d\u2019analyse de la forme, de la couleur, de la taille des particules. Analyse d&#039;image en voie s\u00e8che et liquide avec le 500 nano XY.\" \/>\n<meta name=\"robots\" content=\"index, follow, max-snippet:-1, max-image-preview:large, max-video-preview:-1\" \/>\n<link rel=\"canonical\" href=\"https:\/\/occhio-instruments.com\/fr\/500-nano-xy-dispersion-seche\/\" \/>\n<meta property=\"og:locale\" content=\"fr_FR\" \/>\n<meta property=\"og:type\" content=\"article\" \/>\n<meta property=\"og:title\" content=\"Analyse de forme, de taille de particules - 500nano XY par Occhio\" \/>\n<meta property=\"og:description\" content=\"Technologie d\u2019analyse de la forme, de la couleur, de la taille des particules. Analyse d&#039;image en voie s\u00e8che et liquide avec le 500 nano XY.\" \/>\n<meta property=\"og:url\" content=\"https:\/\/occhio-instruments.com\/fr\/500-nano-xy-dispersion-seche\/\" \/>\n<meta property=\"og:site_name\" content=\"Occhio\" \/>\n<meta property=\"article:modified_time\" content=\"2023-01-27T08:43:55+00:00\" \/>\n<meta property=\"og:image\" content=\"https:\/\/occhio-instruments.com\/wp-content\/uploads\/2021\/12\/occhio-instruments.jpg\" \/>\n\t<meta property=\"og:image:width\" content=\"1200\" \/>\n\t<meta property=\"og:image:height\" content=\"630\" \/>\n\t<meta property=\"og:image:type\" content=\"image\/jpeg\" \/>\n<meta name=\"twitter:card\" content=\"summary_large_image\" \/>\n<meta name=\"twitter:label1\" content=\"Dur\u00e9e de lecture estim\u00e9e\" \/>\n\t<meta name=\"twitter:data1\" content=\"3 minutes\" \/>\n<script type=\"application\/ld+json\" class=\"yoast-schema-graph\">{\"@context\":\"https:\/\/schema.org\",\"@graph\":[{\"@type\":\"WebPage\",\"@id\":\"https:\/\/occhio-instruments.com\/fr\/500-nano-xy-dispersion-seche\/\",\"url\":\"https:\/\/occhio-instruments.com\/fr\/500-nano-xy-dispersion-seche\/\",\"name\":\"Analyse de forme, de taille de particules - 500nano XY par Occhio\",\"isPartOf\":{\"@id\":\"https:\/\/occhio-instruments.com\/#website\"},\"datePublished\":\"2020-08-19T09:30:08+00:00\",\"dateModified\":\"2023-01-27T08:43:55+00:00\",\"description\":\"Technologie d\u2019analyse de la forme, de la couleur, de la taille des particules. Analyse d'image en voie s\u00e8che et liquide avec le 500 nano XY.\",\"inLanguage\":\"fr-FR\",\"potentialAction\":[{\"@type\":\"ReadAction\",\"target\":[\"https:\/\/occhio-instruments.com\/fr\/500-nano-xy-dispersion-seche\/\"]}]},{\"@type\":\"WebSite\",\"@id\":\"https:\/\/occhio-instruments.com\/#website\",\"url\":\"https:\/\/occhio-instruments.com\/\",\"name\":\"Occhio\",\"description\":\"Un site utilisant WordPress\",\"potentialAction\":[{\"@type\":\"SearchAction\",\"target\":{\"@type\":\"EntryPoint\",\"urlTemplate\":\"https:\/\/occhio-instruments.com\/?s={search_term_string}\"},\"query-input\":\"required name=search_term_string\"}],\"inLanguage\":\"fr-FR\"}]}<\/script>\n<!-- \/ Yoast SEO plugin. -->","yoast_head_json":{"title":"Analyse de forme, de taille de particules - 500nano XY par Occhio","description":"Technologie d\u2019analyse de la forme, de la couleur, de la taille des particules. Analyse d'image en voie s\u00e8che et liquide avec le 500 nano XY.","robots":{"index":"index","follow":"follow","max-snippet":"max-snippet:-1","max-image-preview":"max-image-preview:large","max-video-preview":"max-video-preview:-1"},"canonical":"https:\/\/occhio-instruments.com\/fr\/500-nano-xy-dispersion-seche\/","og_locale":"fr_FR","og_type":"article","og_title":"Analyse de forme, de taille de particules - 500nano XY par Occhio","og_description":"Technologie d\u2019analyse de la forme, de la couleur, de la taille des particules. Analyse d'image en voie s\u00e8che et liquide avec le 500 nano XY.","og_url":"https:\/\/occhio-instruments.com\/fr\/500-nano-xy-dispersion-seche\/","og_site_name":"Occhio","article_modified_time":"2023-01-27T08:43:55+00:00","og_image":[{"width":1200,"height":630,"url":"https:\/\/occhio-instruments.com\/wp-content\/uploads\/2021\/12\/occhio-instruments.jpg","type":"image\/jpeg"}],"twitter_card":"summary_large_image","twitter_misc":{"Dur\u00e9e de lecture estim\u00e9e":"3 minutes"},"schema":{"@context":"https:\/\/schema.org","@graph":[{"@type":"WebPage","@id":"https:\/\/occhio-instruments.com\/fr\/500-nano-xy-dispersion-seche\/","url":"https:\/\/occhio-instruments.com\/fr\/500-nano-xy-dispersion-seche\/","name":"Analyse de forme, de taille de particules - 500nano XY par Occhio","isPartOf":{"@id":"https:\/\/occhio-instruments.com\/#website"},"datePublished":"2020-08-19T09:30:08+00:00","dateModified":"2023-01-27T08:43:55+00:00","description":"Technologie d\u2019analyse de la forme, de la couleur, de la taille des particules. Analyse d'image en voie s\u00e8che et liquide avec le 500 nano XY.","inLanguage":"fr-FR","potentialAction":[{"@type":"ReadAction","target":["https:\/\/occhio-instruments.com\/fr\/500-nano-xy-dispersion-seche\/"]}]},{"@type":"WebSite","@id":"https:\/\/occhio-instruments.com\/#website","url":"https:\/\/occhio-instruments.com\/","name":"Occhio","description":"Un site utilisant WordPress","potentialAction":[{"@type":"SearchAction","target":{"@type":"EntryPoint","urlTemplate":"https:\/\/occhio-instruments.com\/?s={search_term_string}"},"query-input":"required name=search_term_string"}],"inLanguage":"fr-FR"}]}},"_links":{"self":[{"href":"https:\/\/occhio-instruments.com\/fr\/wp-json\/wp\/v2\/pages\/2680"}],"collection":[{"href":"https:\/\/occhio-instruments.com\/fr\/wp-json\/wp\/v2\/pages"}],"about":[{"href":"https:\/\/occhio-instruments.com\/fr\/wp-json\/wp\/v2\/types\/page"}],"author":[{"embeddable":true,"href":"https:\/\/occhio-instruments.com\/fr\/wp-json\/wp\/v2\/users\/1"}],"replies":[{"embeddable":true,"href":"https:\/\/occhio-instruments.com\/fr\/wp-json\/wp\/v2\/comments?post=2680"}],"version-history":[{"count":12,"href":"https:\/\/occhio-instruments.com\/fr\/wp-json\/wp\/v2\/pages\/2680\/revisions"}],"predecessor-version":[{"id":9164,"href":"https:\/\/occhio-instruments.com\/fr\/wp-json\/wp\/v2\/pages\/2680\/revisions\/9164"}],"wp:attachment":[{"href":"https:\/\/occhio-instruments.com\/fr\/wp-json\/wp\/v2\/media?parent=2680"}],"curies":[{"name":"wp","href":"https:\/\/api.w.org\/{rel}","templated":true}]}}