{"id":2664,"date":"2020-08-19T11:06:46","date_gmt":"2020-08-19T09:06:46","guid":{"rendered":"https:\/\/occhio-instruments.com\/ipac-2\/"},"modified":"2023-02-02T12:45:51","modified_gmt":"2023-02-02T11:45:51","slug":"ipac-2","status":"publish","type":"page","link":"https:\/\/occhio-instruments.com\/fr\/ipac-2\/","title":{"rendered":"Ipac 2"},"content":{"rendered":"<p>[et_pb_section fb_built=\u00a0\u00bb1&Prime; module_id=\u00a0\u00bbbanner\u00a0\u00bb _builder_version=\u00a0\u00bb4.15&Prime; background_image=\u00a0\u00bbhttps:\/\/occhio-instruments.com\/wp-content\/uploads\/2020\/04\/banner-bg.png\u00a0\u00bb global_colors_info=\u00a0\u00bb{}\u00a0\u00bb][et_pb_row _builder_version=\u00a0\u00bb4.15&Prime; background_size=\u00a0\u00bbinitial\u00a0\u00bb background_position=\u00a0\u00bbtop_left\u00a0\u00bb background_repeat=\u00a0\u00bbrepeat\u00a0\u00bb global_colors_info=\u00a0\u00bb{}\u00a0\u00bb][et_pb_column type=\u00a0\u00bb4_4&Prime; _builder_version=\u00a0\u00bb4.15&Prime; custom_padding=\u00a0\u00bb|||\u00a0\u00bb global_colors_info=\u00a0\u00bb{}\u00a0\u00bb custom_padding__hover=\u00a0\u00bb|||\u00a0\u00bb][et_pb_text _builder_version=\u00a0\u00bb4.15&Prime; global_colors_info=\u00a0\u00bb{}\u00a0\u00bb]<\/p>\n<p style=\"text-align: center;\">Ipac 2<\/p>\n<p>[\/et_pb_text][\/et_pb_column][\/et_pb_row][\/et_pb_section][et_pb_section fb_built=\u00a0\u00bb1&Prime; _builder_version=\u00a0\u00bb4.15&Prime; global_colors_info=\u00a0\u00bb{}\u00a0\u00bb][et_pb_row column_structure=\u00a0\u00bb2_5,3_5&Prime; _builder_version=\u00a0\u00bb4.15&Prime; global_colors_info=\u00a0\u00bb{}\u00a0\u00bb][et_pb_column type=\u00a0\u00bb2_5&Prime; _builder_version=\u00a0\u00bb4.15&Prime; global_colors_info=\u00a0\u00bb{}\u00a0\u00bb][et_pb_gallery gallery_ids=\u00a0\u00bb2066&Prime; show_title_and_caption=\u00a0\u00bboff\u00a0\u00bb _builder_version=\u00a0\u00bb4.15&Prime; hover_enabled=\u00a0\u00bb0&Prime; global_colors_info=\u00a0\u00bb{}\u00a0\u00bb sticky_enabled=\u00a0\u00bb0&Prime;][\/et_pb_gallery][\/et_pb_column][et_pb_column type=\u00a0\u00bb3_5&Prime; _builder_version=\u00a0\u00bb4.15&Prime; global_colors_info=\u00a0\u00bb{}\u00a0\u00bb][et_pb_text _builder_version=\u00a0\u00bb4.15.1&Prime; hover_enabled=\u00a0\u00bb0&Prime; global_colors_info=\u00a0\u00bb{}\u00a0\u00bb sticky_enabled=\u00a0\u00bb0&Prime;]<\/p>\n<h1><strong>Ipac 2, analyse d&rsquo;image pour applications liquides<\/strong><\/h1>\n<p>L&rsquo;instrument de laboratoire Ipac 2 est bas\u00e9 sur l&rsquo;<strong>analyse d&rsquo;image pour les applications liquides<\/strong>.<\/p>\n<p><strong>Densit\u00e9<\/strong> de suspension (<a href=\"https:\/\/occhio-instruments.com\/fr\/comptage-particules\/\">comptage de particules<\/a>), <strong>caract\u00e9risation de la taille et de la forme<\/strong> <strong>des particules<\/strong> pour des applications d&rsquo;<a href=\"https:\/\/occhio-instruments.com\/fr\/biotechnologie-pharmaceutique\/applications\/agregation-proteines\/\"><strong>agr\u00e9gation de prot\u00e9ines<\/strong><\/a> (\u00e9galement \u00e9mulsion, bact\u00e9ries, liposomes, micro-algues).<\/p>\n<h2>Aper\u00e7u de l&rsquo;Ipac 2 pour l&rsquo;analyse d&rsquo;agr\u00e9gations de prot\u00e9ines\u00a0<\/h2>\n<p>Occhio ipac est le dernier d\u00e9veloppement en mati\u00e8re d&rsquo;a<strong>nalyse de l&rsquo;agr\u00e9gation des prot\u00e9ines<\/strong>. L&rsquo;instrument est le r\u00e9sultat d&rsquo;ann\u00e9es de travail sur la <strong>caract\u00e9risation des particules par l&rsquo;analyse d&rsquo;images<\/strong>. En partant de notre exp\u00e9rience avec le mod\u00e8le pr\u00e9c\u00e9dent (IPAC 1), nous avons <strong>am\u00e9lior\u00e9<\/strong> et <strong>redessin\u00e9<\/strong> l&rsquo;instrument pour mieux l&rsquo;adapter au domaine des prot\u00e9ines.<\/p>\n<h3>Ipac 2 pour l&rsquo;analyse d&rsquo;agr\u00e9gation de prot\u00e9ines :<\/h3>\n<ul>\n<li>Capteur \u00e0<strong> ultra-haute r\u00e9solution<\/strong> de qualit\u00e9 scientifique<\/li>\n<li><strong>Seringue int\u00e9gr\u00e9e<\/strong> \u00e0 l&rsquo;instrument pour r\u00e9duire la longueur des tuyaux<\/li>\n<li><strong>Nouvelle cellule<\/strong> \u00e0 micropuce, facile \u00e0 remplacer, \u00e9tanch\u00e9it\u00e9 parfaite du tube par une simple op\u00e9ration.<\/li>\n<li>Derni\u00e8re version du logiciel <a href=\"https:\/\/occhio-instruments.com\/fr\/instruments\/nos-produits\/logiciels\/callisto-3d\/\"><strong>Callisto 3D<\/strong><\/a><\/li>\n<li><strong>Analyse de suivi<\/strong> des particules, couverture de l&rsquo;\u00e9chantillon \u00e0 100<\/li>\n<li><strong>Lentille<\/strong> motoris\u00e9e \u00e0 <strong>5 grossissements<\/strong> (grossissement int\u00e9gr\u00e9 au SOP)<\/li>\n<li>Autofocus<\/li>\n<li>Option : <strong>robot de distribution automatique<\/strong><\/li>\n<\/ul>\n<h2><strong>Occhio Ipac 2 vous permet de mesurer :<\/strong><\/h2>\n<ul>\n<li>La taille des particules<\/li>\n<li>La forme des particules<\/li>\n<li>La concentration en particules (comptage de particules)<\/li>\n<li>La transparence des particules<\/li>\n<\/ul>\n<h2><strong>Les logiciels associ\u00e9s \u00e0 l&rsquo;Ipac 2 pour l&rsquo;analyse d&rsquo;agr\u00e9gation de prot\u00e9ines\u00a0<\/strong><\/h2>\n<p>Les donn\u00e9es et les images de chaque particule sont stock\u00e9es dans une <strong>base de donn\u00e9es binaire Occhio<\/strong>. L&rsquo;instrument est pilot\u00e9 par le <a href=\"https:\/\/occhio-instruments.com\/fr\/instruments\/nos-produits\/logiciels\/\"><strong>logiciel<\/strong> <\/a><a href=\"https:\/\/occhio-instruments.com\/fr\/instruments\/nos-produits\/logiciels\/\"><strong>Callisto 3D<\/strong><\/a>, qui contr\u00f4le l&rsquo;ensemble de l&rsquo;analyse : \u00ab\u00a0SOP\u00a0\u00bb, statistiques, rapports et stockage des donn\u00e9es.<\/p>\n<h2><strong>Principales caract\u00e9ristiques<\/strong><\/h2>\n<table border=\"1\" cellspacing=\"1\" cellpadding=\"1\">\n<tbody>\n<tr>\n<td>Taille des particules<\/td>\n<td>De 0.3 \u00b5m to 1000 \u00b5m<\/td>\n<\/tr>\n<tr>\n<td>D\u00e9bit de l&rsquo;\u00e9chantillon<\/td>\n<td>Seringue pr\u00e9cise<\/td>\n<\/tr>\n<tr>\n<td>Cell type<\/td>\n<td>Microchip cell<\/td>\n<\/tr>\n<tr>\n<td>\u00c9paisseur de la cellule<\/td>\n<td>\u00c9paisseur variable<\/td>\n<\/tr>\n<\/tbody>\n<\/table>\n<p>&nbsp;<\/p>\n<p>[\/et_pb_text][\/et_pb_column][\/et_pb_row][\/et_pb_section][et_pb_section fb_built=\u00a0\u00bb1&Prime; module_id=\u00a0\u00bbcta-bottom\u00a0\u00bb _builder_version=\u00a0\u00bb4.4.3&Prime; background_color=\u00a0\u00bb#51595D\u00a0\u00bb custom_padding=\u00a0\u00bb30px||30px||false|false\u00a0\u00bb global_module=\u00a0\u00bb89&Prime; saved_tabs=\u00a0\u00bball\u00a0\u00bb global_colors_info=\u00a0\u00bb{}\u00a0\u00bb][et_pb_row column_structure=\u00a0\u00bb2_3,1_3&Prime; _builder_version=\u00a0\u00bb4.15&Prime; global_colors_info=\u00a0\u00bb{}\u00a0\u00bb][et_pb_column type=\u00a0\u00bb2_3&Prime; _builder_version=\u00a0\u00bb4.15&Prime; global_colors_info=\u00a0\u00bb{}\u00a0\u00bb][et_pb_text _builder_version=\u00a0\u00bb4.15&Prime; text_text_color=\u00a0\u00bb#ffffff\u00a0\u00bb header_text_color=\u00a0\u00bb#ffffff\u00a0\u00bb global_colors_info=\u00a0\u00bb{}\u00a0\u00bb]<\/p>\n<h2>Vous souhaitez recevoir plus d&rsquo;infos ?<br \/><strong>Contactez-nous !<\/strong><\/h2>\n<p>[\/et_pb_text][\/et_pb_column][et_pb_column type=\u00a0\u00bb1_3&Prime; _builder_version=\u00a0\u00bb4.15&Prime; global_colors_info=\u00a0\u00bb{}\u00a0\u00bb][et_pb_button button_url=\u00a0\u00bb\/fr\/contact\/\u00a0\u00bb button_text=\u00a0\u00bbContactez-nous !\u00a0\u00bb _builder_version=\u00a0\u00bb4.4.3&Prime; global_colors_info=\u00a0\u00bb{}\u00a0\u00bb][\/et_pb_button][\/et_pb_column][\/et_pb_row][\/et_pb_section]<\/p>\n","protected":false},"excerpt":{"rendered":"<p>Ipac 2Ipac 2, analyse d&rsquo;image pour applications liquides L&rsquo;instrument de laboratoire Ipac 2 est bas\u00e9 sur l&rsquo;analyse d&rsquo;image pour les applications liquides. Densit\u00e9 de suspension (comptage de particules), caract\u00e9risation de la taille et de la forme des particules pour des applications d&rsquo;agr\u00e9gation de prot\u00e9ines (\u00e9galement \u00e9mulsion, bact\u00e9ries, liposomes, micro-algues). Aper\u00e7u de l&rsquo;Ipac 2 pour l&rsquo;analyse [&hellip;]<\/p>\n","protected":false},"author":1,"featured_media":0,"parent":0,"menu_order":0,"comment_status":"closed","ping_status":"closed","template":"","meta":{"_et_pb_use_builder":"on","_et_pb_old_content":"","_et_gb_content_width":"","footnotes":""},"yoast_head":"<!-- This site is optimized with the Yoast SEO plugin v22.9 - https:\/\/yoast.com\/wordpress\/plugins\/seo\/ -->\n<title>Analyse d&#039;agr\u00e9gation de prot\u00e9ines - Occhio Ipac 2, analyse d&#039;image<\/title>\n<meta name=\"description\" content=\"Analyse d&#039;agr\u00e9gations de prot\u00e9ines avec \u00e9chantillonneur automatique - Ipac 2, analyse d&#039;images pour les applications liquides .\" \/>\n<meta name=\"robots\" content=\"index, follow, max-snippet:-1, max-image-preview:large, max-video-preview:-1\" \/>\n<link rel=\"canonical\" href=\"https:\/\/occhio-instruments.com\/fr\/ipac-2\/\" \/>\n<meta property=\"og:locale\" content=\"fr_FR\" \/>\n<meta property=\"og:type\" content=\"article\" \/>\n<meta property=\"og:title\" content=\"Analyse d&#039;agr\u00e9gation de prot\u00e9ines - Occhio Ipac 2, analyse d&#039;image\" \/>\n<meta property=\"og:description\" content=\"Analyse d&#039;agr\u00e9gations de prot\u00e9ines avec \u00e9chantillonneur automatique - Ipac 2, analyse d&#039;images pour les applications liquides .\" \/>\n<meta property=\"og:url\" content=\"https:\/\/occhio-instruments.com\/fr\/ipac-2\/\" \/>\n<meta property=\"og:site_name\" content=\"Occhio\" \/>\n<meta property=\"article:modified_time\" content=\"2023-02-02T11:45:51+00:00\" \/>\n<meta property=\"og:image\" content=\"https:\/\/occhio-instruments.com\/wp-content\/uploads\/2021\/12\/occhio-instruments.jpg\" \/>\n\t<meta property=\"og:image:width\" content=\"1200\" \/>\n\t<meta property=\"og:image:height\" content=\"630\" \/>\n\t<meta property=\"og:image:type\" content=\"image\/jpeg\" \/>\n<meta name=\"twitter:card\" content=\"summary_large_image\" \/>\n<meta name=\"twitter:label1\" content=\"Dur\u00e9e de lecture estim\u00e9e\" \/>\n\t<meta name=\"twitter:data1\" content=\"2 minutes\" \/>\n<script type=\"application\/ld+json\" class=\"yoast-schema-graph\">{\"@context\":\"https:\/\/schema.org\",\"@graph\":[{\"@type\":\"WebPage\",\"@id\":\"https:\/\/occhio-instruments.com\/fr\/ipac-2\/\",\"url\":\"https:\/\/occhio-instruments.com\/fr\/ipac-2\/\",\"name\":\"Analyse d'agr\u00e9gation de prot\u00e9ines - Occhio Ipac 2, analyse d'image\",\"isPartOf\":{\"@id\":\"https:\/\/occhio-instruments.com\/#website\"},\"datePublished\":\"2020-08-19T09:06:46+00:00\",\"dateModified\":\"2023-02-02T11:45:51+00:00\",\"description\":\"Analyse d'agr\u00e9gations de prot\u00e9ines avec \u00e9chantillonneur automatique - Ipac 2, analyse d'images pour les applications liquides .\",\"inLanguage\":\"fr-FR\",\"potentialAction\":[{\"@type\":\"ReadAction\",\"target\":[\"https:\/\/occhio-instruments.com\/fr\/ipac-2\/\"]}]},{\"@type\":\"WebSite\",\"@id\":\"https:\/\/occhio-instruments.com\/#website\",\"url\":\"https:\/\/occhio-instruments.com\/\",\"name\":\"Occhio\",\"description\":\"Un site utilisant WordPress\",\"potentialAction\":[{\"@type\":\"SearchAction\",\"target\":{\"@type\":\"EntryPoint\",\"urlTemplate\":\"https:\/\/occhio-instruments.com\/?s={search_term_string}\"},\"query-input\":\"required name=search_term_string\"}],\"inLanguage\":\"fr-FR\"}]}<\/script>\n<!-- \/ Yoast SEO plugin. -->","yoast_head_json":{"title":"Analyse d'agr\u00e9gation de prot\u00e9ines - Occhio Ipac 2, analyse d'image","description":"Analyse d'agr\u00e9gations de prot\u00e9ines avec \u00e9chantillonneur automatique - Ipac 2, analyse d'images pour les applications liquides .","robots":{"index":"index","follow":"follow","max-snippet":"max-snippet:-1","max-image-preview":"max-image-preview:large","max-video-preview":"max-video-preview:-1"},"canonical":"https:\/\/occhio-instruments.com\/fr\/ipac-2\/","og_locale":"fr_FR","og_type":"article","og_title":"Analyse d'agr\u00e9gation de prot\u00e9ines - Occhio Ipac 2, analyse d'image","og_description":"Analyse d'agr\u00e9gations de prot\u00e9ines avec \u00e9chantillonneur automatique - Ipac 2, analyse d'images pour les applications liquides .","og_url":"https:\/\/occhio-instruments.com\/fr\/ipac-2\/","og_site_name":"Occhio","article_modified_time":"2023-02-02T11:45:51+00:00","og_image":[{"width":1200,"height":630,"url":"https:\/\/occhio-instruments.com\/wp-content\/uploads\/2021\/12\/occhio-instruments.jpg","type":"image\/jpeg"}],"twitter_card":"summary_large_image","twitter_misc":{"Dur\u00e9e de lecture estim\u00e9e":"2 minutes"},"schema":{"@context":"https:\/\/schema.org","@graph":[{"@type":"WebPage","@id":"https:\/\/occhio-instruments.com\/fr\/ipac-2\/","url":"https:\/\/occhio-instruments.com\/fr\/ipac-2\/","name":"Analyse d'agr\u00e9gation de prot\u00e9ines - Occhio Ipac 2, analyse d'image","isPartOf":{"@id":"https:\/\/occhio-instruments.com\/#website"},"datePublished":"2020-08-19T09:06:46+00:00","dateModified":"2023-02-02T11:45:51+00:00","description":"Analyse d'agr\u00e9gations de prot\u00e9ines avec \u00e9chantillonneur automatique - Ipac 2, analyse d'images pour les applications liquides .","inLanguage":"fr-FR","potentialAction":[{"@type":"ReadAction","target":["https:\/\/occhio-instruments.com\/fr\/ipac-2\/"]}]},{"@type":"WebSite","@id":"https:\/\/occhio-instruments.com\/#website","url":"https:\/\/occhio-instruments.com\/","name":"Occhio","description":"Un site utilisant WordPress","potentialAction":[{"@type":"SearchAction","target":{"@type":"EntryPoint","urlTemplate":"https:\/\/occhio-instruments.com\/?s={search_term_string}"},"query-input":"required name=search_term_string"}],"inLanguage":"fr-FR"}]}},"_links":{"self":[{"href":"https:\/\/occhio-instruments.com\/fr\/wp-json\/wp\/v2\/pages\/2664"}],"collection":[{"href":"https:\/\/occhio-instruments.com\/fr\/wp-json\/wp\/v2\/pages"}],"about":[{"href":"https:\/\/occhio-instruments.com\/fr\/wp-json\/wp\/v2\/types\/page"}],"author":[{"embeddable":true,"href":"https:\/\/occhio-instruments.com\/fr\/wp-json\/wp\/v2\/users\/1"}],"replies":[{"embeddable":true,"href":"https:\/\/occhio-instruments.com\/fr\/wp-json\/wp\/v2\/comments?post=2664"}],"version-history":[{"count":8,"href":"https:\/\/occhio-instruments.com\/fr\/wp-json\/wp\/v2\/pages\/2664\/revisions"}],"predecessor-version":[{"id":9505,"href":"https:\/\/occhio-instruments.com\/fr\/wp-json\/wp\/v2\/pages\/2664\/revisions\/9505"}],"wp:attachment":[{"href":"https:\/\/occhio-instruments.com\/fr\/wp-json\/wp\/v2\/media?parent=2664"}],"curies":[{"name":"wp","href":"https:\/\/api.w.org\/{rel}","templated":true}]}}