{"id":2563,"date":"2020-08-19T11:20:58","date_gmt":"2020-08-19T09:20:58","guid":{"rendered":"https:\/\/occhio-instruments.com\/morpho-3d\/"},"modified":"2023-09-12T12:43:18","modified_gmt":"2023-09-12T10:43:18","slug":"morpho-3d","status":"publish","type":"page","link":"https:\/\/occhio-instruments.com\/fr\/morpho-3d\/","title":{"rendered":"Morpho 3D"},"content":{"rendered":"<p>[et_pb_section fb_built=\u00a0\u00bb1&Prime; module_id=\u00a0\u00bbbanner\u00a0\u00bb _builder_version=\u00a0\u00bb4.15&Prime; background_image=\u00a0\u00bbhttps:\/\/occhio-instruments.com\/wp-content\/uploads\/2020\/04\/banner-bg.png\u00a0\u00bb global_colors_info=\u00a0\u00bb{}\u00a0\u00bb][et_pb_row _builder_version=\u00a0\u00bb4.15&Prime; background_size=\u00a0\u00bbinitial\u00a0\u00bb background_position=\u00a0\u00bbtop_left\u00a0\u00bb background_repeat=\u00a0\u00bbrepeat\u00a0\u00bb global_colors_info=\u00a0\u00bb{}\u00a0\u00bb][et_pb_column type=\u00a0\u00bb4_4&Prime; _builder_version=\u00a0\u00bb4.15&Prime; custom_padding=\u00a0\u00bb|||\u00a0\u00bb global_colors_info=\u00a0\u00bb{}\u00a0\u00bb custom_padding__hover=\u00a0\u00bb|||\u00a0\u00bb][et_pb_text _builder_version=\u00a0\u00bb4.15&Prime; global_colors_info=\u00a0\u00bb{}\u00a0\u00bb]<\/p>\n<p style=\"text-align: center;\">Morpho 3D<\/p>\n<p>[\/et_pb_text][\/et_pb_column][\/et_pb_row][\/et_pb_section][et_pb_section fb_built=\u00a0\u00bb1&Prime; _builder_version=\u00a0\u00bb4.15&Prime; global_colors_info=\u00a0\u00bb{}\u00a0\u00bb][et_pb_row column_structure=\u00a0\u00bb2_5,3_5&Prime; _builder_version=\u00a0\u00bb4.15&Prime; global_colors_info=\u00a0\u00bb{}\u00a0\u00bb][et_pb_column type=\u00a0\u00bb2_5&Prime; _builder_version=\u00a0\u00bb4.15&Prime; global_colors_info=\u00a0\u00bb{}\u00a0\u00bb][et_pb_gallery gallery_ids=\u00a0\u00bb2073&Prime; show_title_and_caption=\u00a0\u00bboff\u00a0\u00bb _builder_version=\u00a0\u00bb4.15.1&Prime; global_colors_info=\u00a0\u00bb{}\u00a0\u00bb][\/et_pb_gallery][\/et_pb_column][et_pb_column type=\u00a0\u00bb3_5&Prime; _builder_version=\u00a0\u00bb4.15&Prime; global_colors_info=\u00a0\u00bb{}\u00a0\u00bb][et_pb_text _builder_version=\u00a0\u00bb4.15.1&Prime; global_colors_info=\u00a0\u00bb{}\u00a0\u00bb]<\/p>\n<h1>Morpho 3D, caract\u00e9risation de particules en trois dimensions<\/h1>\n<p>L&rsquo;instrument de laboratoire Morpho 3D mesure la <strong>taille,<\/strong> la <strong>forme<\/strong> et la <strong>couleur<\/strong> de particules par l\u2019<a href=\"https:\/\/occhio-instruments.com\/fr\/analyse-granulometrique\/analyse-image\/\"><strong>analyse d\u2019image<\/strong><\/a> <strong>avec la mesure pr\u00e9cise de la troisi\u00e8me dimension<\/strong>.<\/p>\n<p>Pour des <strong>\u00e9chantillons secs<\/strong>. Syst\u00e8me de dispersion par vibration et bande transporteuse.<\/p>\n<h2>PRINCIPE DE FONCTIONNEMENT<\/h2>\n<p>Morpho 3D permet de mesurer avec pr\u00e9cision la\u00a0<strong>vraie \u00e9paisseur des particules<\/strong> en utilisant deux cam\u00e9ras synchronis\u00e9es, avec la m\u00eame magnification.<\/p>\n<p>La cam\u00e9ra du haut \u00e9value la <strong>taille,<\/strong> la <strong>forme<\/strong> et la <strong>couleur<\/strong> de chaque particule. Simultan\u00e9ment, la cam\u00e9ra lat\u00e9rale\u00a0\u00e9value le <strong>profil<\/strong> des particules. Un puissant algorithme, qui utilise les 2 images, g\u00e9n\u00e8re la particule en trois dimensions, ce qui permet de donner des <strong>distributions de taille selon\u00a0les trois axes<\/strong>: <strong>largeur, longueur<\/strong>\u00a0et <strong>hauteur.<\/strong><\/p>\n<h2>Occhio Morpho 3D vous permet de mesurer<\/h2>\n<ul>\n<li>La taille des particules<\/li>\n<li>De vraies particules 3D (largeur, longueur et \u00e9paisseur de particules)<\/li>\n<li>La forme des particules<\/li>\n<li>La couleur des particules<\/li>\n<\/ul>\n<h2>Logiciel pour l&rsquo;analyse d&rsquo;image avec Morpho 3D<\/h2>\n<p>Les donn\u00e9es et les images de chaque particule sont stock\u00e9es dans une<strong> base de donn\u00e9es binaire propre \u00e0 Occhio<\/strong>. L\u2019instrument est pilot\u00e9\u00a0par le <a href=\"https:\/\/occhio-instruments.com\/fr\/instruments\/nos-produits\/logiciels\/callisto-3d\/\"><strong>logiciel Callisto 3D<\/strong><\/a>, qui contr\u00f4le l\u2019enti\u00e8ret\u00e9\u00a0de\u00a0l\u2019analyse: m\u00e9thodes, statistiques, reporting et sauvegarde de donn\u00e9es.<\/p>\n<h2>CARACT\u00c9RISTIQUES PRINCIPALES<\/h2>\n<table class=\"mainfeatures\" border=\"0\" cellspacing=\"0\" cellpadding=\"0\">\n<tbody>\n<tr>\n<td><strong>Taille de particules\u00a0<\/strong><\/td>\n<td>\u00a0De 500\u00b5m \u00e0 10mm<\/td>\n<\/tr>\n<tr>\n<td><strong>Dispersion<\/strong><\/td>\n<td>\u00a0Vibration et bande transporteuse<\/td>\n<\/tr>\n<\/tbody>\n<\/table>\n<p>[\/et_pb_text][\/et_pb_column][\/et_pb_row][\/et_pb_section][et_pb_section fb_built=\u00a0\u00bb1&Prime; module_id=\u00a0\u00bbcta-bottom\u00a0\u00bb _builder_version=\u00a0\u00bb4.4.3&Prime; background_color=\u00a0\u00bb#51595D\u00a0\u00bb custom_padding=\u00a0\u00bb30px||30px||false|false\u00a0\u00bb global_module=\u00a0\u00bb89&Prime; saved_tabs=\u00a0\u00bball\u00a0\u00bb global_colors_info=\u00a0\u00bb{}\u00a0\u00bb][et_pb_row column_structure=\u00a0\u00bb2_3,1_3&Prime; _builder_version=\u00a0\u00bb4.15&Prime; global_colors_info=\u00a0\u00bb{}\u00a0\u00bb][et_pb_column type=\u00a0\u00bb2_3&Prime; _builder_version=\u00a0\u00bb4.15&Prime; global_colors_info=\u00a0\u00bb{}\u00a0\u00bb][et_pb_text _builder_version=\u00a0\u00bb4.15&Prime; text_text_color=\u00a0\u00bb#ffffff\u00a0\u00bb header_text_color=\u00a0\u00bb#ffffff\u00a0\u00bb global_colors_info=\u00a0\u00bb{}\u00a0\u00bb]<\/p>\n<h2>Vous souhaitez recevoir plus d&rsquo;infos ?<br \/><strong>Contactez-nous !<\/strong><\/h2>\n<p>[\/et_pb_text][\/et_pb_column][et_pb_column type=\u00a0\u00bb1_3&Prime; _builder_version=\u00a0\u00bb4.15&Prime; global_colors_info=\u00a0\u00bb{}\u00a0\u00bb][et_pb_button button_url=\u00a0\u00bb\/fr\/contact\/\u00a0\u00bb button_text=\u00a0\u00bbContactez-nous !\u00a0\u00bb _builder_version=\u00a0\u00bb4.4.3&Prime; global_colors_info=\u00a0\u00bb{}\u00a0\u00bb][\/et_pb_button][\/et_pb_column][\/et_pb_row][\/et_pb_section]<\/p>\n","protected":false},"excerpt":{"rendered":"<p>Morpho 3DMorpho 3D, caract\u00e9risation de particules en trois dimensions L&rsquo;instrument de laboratoire Morpho 3D mesure la taille, la forme et la couleur de particules par l\u2019analyse d\u2019image avec la mesure pr\u00e9cise de la troisi\u00e8me dimension. Pour des \u00e9chantillons secs. Syst\u00e8me de dispersion par vibration et bande transporteuse. PRINCIPE DE FONCTIONNEMENT Morpho 3D permet de mesurer [&hellip;]<\/p>\n","protected":false},"author":1,"featured_media":0,"parent":0,"menu_order":0,"comment_status":"closed","ping_status":"closed","template":"","meta":{"_et_pb_use_builder":"on","_et_pb_old_content":"","_et_gb_content_width":"","footnotes":""},"yoast_head":"<!-- This site is optimized with the Yoast SEO plugin v22.9 - https:\/\/yoast.com\/wordpress\/plugins\/seo\/ -->\n<title>Morpho 3D, analyse de la taille, forme et couleur de particules<\/title>\n<meta name=\"description\" content=\"Analyse de la taille, de la forme ou encore de la couleur de particules par l&#039;analyse d&#039;image avec mesure en trois dimensions - Morpho 3D.\" \/>\n<meta name=\"robots\" content=\"index, follow, max-snippet:-1, max-image-preview:large, max-video-preview:-1\" \/>\n<link rel=\"canonical\" href=\"https:\/\/occhio-instruments.com\/fr\/morpho-3d\/\" \/>\n<meta property=\"og:locale\" content=\"fr_FR\" \/>\n<meta property=\"og:type\" content=\"article\" \/>\n<meta property=\"og:title\" content=\"Morpho 3D, analyse de la taille, forme et couleur de particules\" \/>\n<meta property=\"og:description\" content=\"Analyse de la taille, de la forme ou encore de la couleur de particules par l&#039;analyse d&#039;image avec mesure en trois dimensions - Morpho 3D.\" \/>\n<meta property=\"og:url\" content=\"https:\/\/occhio-instruments.com\/fr\/morpho-3d\/\" \/>\n<meta property=\"og:site_name\" content=\"Occhio\" \/>\n<meta property=\"article:modified_time\" content=\"2023-09-12T10:43:18+00:00\" \/>\n<meta property=\"og:image\" content=\"https:\/\/occhio-instruments.com\/wp-content\/uploads\/2021\/12\/occhio-instruments.jpg\" \/>\n\t<meta property=\"og:image:width\" content=\"1200\" \/>\n\t<meta property=\"og:image:height\" content=\"630\" \/>\n\t<meta property=\"og:image:type\" content=\"image\/jpeg\" \/>\n<meta name=\"twitter:card\" content=\"summary_large_image\" \/>\n<meta name=\"twitter:label1\" content=\"Dur\u00e9e de lecture estim\u00e9e\" \/>\n\t<meta name=\"twitter:data1\" content=\"2 minutes\" \/>\n<script type=\"application\/ld+json\" class=\"yoast-schema-graph\">{\"@context\":\"https:\/\/schema.org\",\"@graph\":[{\"@type\":\"WebPage\",\"@id\":\"https:\/\/occhio-instruments.com\/fr\/morpho-3d\/\",\"url\":\"https:\/\/occhio-instruments.com\/fr\/morpho-3d\/\",\"name\":\"Morpho 3D, analyse de la taille, forme et couleur de particules\",\"isPartOf\":{\"@id\":\"https:\/\/occhio-instruments.com\/#website\"},\"datePublished\":\"2020-08-19T09:20:58+00:00\",\"dateModified\":\"2023-09-12T10:43:18+00:00\",\"description\":\"Analyse de la taille, de la forme ou encore de la couleur de particules par l'analyse d'image avec mesure en trois dimensions - Morpho 3D.\",\"inLanguage\":\"fr-FR\",\"potentialAction\":[{\"@type\":\"ReadAction\",\"target\":[\"https:\/\/occhio-instruments.com\/fr\/morpho-3d\/\"]}]},{\"@type\":\"WebSite\",\"@id\":\"https:\/\/occhio-instruments.com\/#website\",\"url\":\"https:\/\/occhio-instruments.com\/\",\"name\":\"Occhio\",\"description\":\"Un site utilisant WordPress\",\"potentialAction\":[{\"@type\":\"SearchAction\",\"target\":{\"@type\":\"EntryPoint\",\"urlTemplate\":\"https:\/\/occhio-instruments.com\/?s={search_term_string}\"},\"query-input\":\"required name=search_term_string\"}],\"inLanguage\":\"fr-FR\"}]}<\/script>\n<!-- \/ Yoast SEO plugin. -->","yoast_head_json":{"title":"Morpho 3D, analyse de la taille, forme et couleur de particules","description":"Analyse de la taille, de la forme ou encore de la couleur de particules par l'analyse d'image avec mesure en trois dimensions - Morpho 3D.","robots":{"index":"index","follow":"follow","max-snippet":"max-snippet:-1","max-image-preview":"max-image-preview:large","max-video-preview":"max-video-preview:-1"},"canonical":"https:\/\/occhio-instruments.com\/fr\/morpho-3d\/","og_locale":"fr_FR","og_type":"article","og_title":"Morpho 3D, analyse de la taille, forme et couleur de particules","og_description":"Analyse de la taille, de la forme ou encore de la couleur de particules par l'analyse d'image avec mesure en trois dimensions - Morpho 3D.","og_url":"https:\/\/occhio-instruments.com\/fr\/morpho-3d\/","og_site_name":"Occhio","article_modified_time":"2023-09-12T10:43:18+00:00","og_image":[{"width":1200,"height":630,"url":"https:\/\/occhio-instruments.com\/wp-content\/uploads\/2021\/12\/occhio-instruments.jpg","type":"image\/jpeg"}],"twitter_card":"summary_large_image","twitter_misc":{"Dur\u00e9e de lecture estim\u00e9e":"2 minutes"},"schema":{"@context":"https:\/\/schema.org","@graph":[{"@type":"WebPage","@id":"https:\/\/occhio-instruments.com\/fr\/morpho-3d\/","url":"https:\/\/occhio-instruments.com\/fr\/morpho-3d\/","name":"Morpho 3D, analyse de la taille, forme et couleur de particules","isPartOf":{"@id":"https:\/\/occhio-instruments.com\/#website"},"datePublished":"2020-08-19T09:20:58+00:00","dateModified":"2023-09-12T10:43:18+00:00","description":"Analyse de la taille, de la forme ou encore de la couleur de particules par l'analyse d'image avec mesure en trois dimensions - Morpho 3D.","inLanguage":"fr-FR","potentialAction":[{"@type":"ReadAction","target":["https:\/\/occhio-instruments.com\/fr\/morpho-3d\/"]}]},{"@type":"WebSite","@id":"https:\/\/occhio-instruments.com\/#website","url":"https:\/\/occhio-instruments.com\/","name":"Occhio","description":"Un site utilisant WordPress","potentialAction":[{"@type":"SearchAction","target":{"@type":"EntryPoint","urlTemplate":"https:\/\/occhio-instruments.com\/?s={search_term_string}"},"query-input":"required name=search_term_string"}],"inLanguage":"fr-FR"}]}},"_links":{"self":[{"href":"https:\/\/occhio-instruments.com\/fr\/wp-json\/wp\/v2\/pages\/2563"}],"collection":[{"href":"https:\/\/occhio-instruments.com\/fr\/wp-json\/wp\/v2\/pages"}],"about":[{"href":"https:\/\/occhio-instruments.com\/fr\/wp-json\/wp\/v2\/types\/page"}],"author":[{"embeddable":true,"href":"https:\/\/occhio-instruments.com\/fr\/wp-json\/wp\/v2\/users\/1"}],"replies":[{"embeddable":true,"href":"https:\/\/occhio-instruments.com\/fr\/wp-json\/wp\/v2\/comments?post=2563"}],"version-history":[{"count":4,"href":"https:\/\/occhio-instruments.com\/fr\/wp-json\/wp\/v2\/pages\/2563\/revisions"}],"predecessor-version":[{"id":10450,"href":"https:\/\/occhio-instruments.com\/fr\/wp-json\/wp\/v2\/pages\/2563\/revisions\/10450"}],"wp:attachment":[{"href":"https:\/\/occhio-instruments.com\/fr\/wp-json\/wp\/v2\/media?parent=2563"}],"curies":[{"name":"wp","href":"https:\/\/api.w.org\/{rel}","templated":true}]}}