{"id":2524,"date":"2020-06-16T11:40:48","date_gmt":"2020-06-16T09:40:48","guid":{"rendered":"https:\/\/occhio-instruments.com\/applications\/special-customer-development\/"},"modified":"2023-09-12T15:29:01","modified_gmt":"2023-09-12T13:29:01","slug":"developpement-sur-mesure","status":"publish","type":"page","link":"https:\/\/occhio-instruments.com\/fr\/instruments\/applications\/developpement-sur-mesure\/","title":{"rendered":"D\u00e9veloppement sur mesure"},"content":{"rendered":"<p>[et_pb_section fb_built=\u00a0\u00bb1&Prime; module_id=\u00a0\u00bbbanner\u00a0\u00bb _builder_version=\u00a0\u00bb4.15&Prime; background_image=\u00a0\u00bbhttps:\/\/occhio-instruments.com\/wp-content\/uploads\/2020\/04\/banner-bg.png\u00a0\u00bb global_colors_info=\u00a0\u00bb{}\u00a0\u00bb][et_pb_row _builder_version=\u00a0\u00bb4.15&Prime; background_size=\u00a0\u00bbinitial\u00a0\u00bb background_position=\u00a0\u00bbtop_left\u00a0\u00bb background_repeat=\u00a0\u00bbrepeat\u00a0\u00bb global_colors_info=\u00a0\u00bb{}\u00a0\u00bb][et_pb_column type=\u00a0\u00bb4_4&Prime; _builder_version=\u00a0\u00bb4.15&Prime; custom_padding=\u00a0\u00bb|||\u00a0\u00bb global_colors_info=\u00a0\u00bb{}\u00a0\u00bb custom_padding__hover=\u00a0\u00bb|||\u00a0\u00bb][et_pb_text _builder_version=\u00a0\u00bb4.15&Prime; global_colors_info=\u00a0\u00bb{}\u00a0\u00bb]<\/p>\n<p style=\"text-align: center;\">D\u00e9veloppement sur mesure<\/p>\n<p>[\/et_pb_text][\/et_pb_column][\/et_pb_row][\/et_pb_section][et_pb_section fb_built=\u00a0\u00bb1&Prime; _builder_version=\u00a0\u00bb4.15&Prime; global_colors_info=\u00a0\u00bb{}\u00a0\u00bb][et_pb_row column_structure=\u00a0\u00bb2_3,1_3&Prime; _builder_version=\u00a0\u00bb4.15&Prime; global_colors_info=\u00a0\u00bb{}\u00a0\u00bb][et_pb_column type=\u00a0\u00bb2_3&Prime; _builder_version=\u00a0\u00bb4.15&Prime; global_colors_info=\u00a0\u00bb{}\u00a0\u00bb][et_pb_text _builder_version=\u00a0\u00bb4.15.1&Prime; hover_enabled=\u00a0\u00bb0&Prime; global_colors_info=\u00a0\u00bb{}\u00a0\u00bb sticky_enabled=\u00a0\u00bb0&Prime;]<\/p>\n<h1 style=\"text-align: justify;\">D\u00e9veloppement sur mesure<\/h1>\n<p style=\"text-align: justify;\">Pour certains projets particuliers o\u00f9\u00a0l\u2019instrument standard n\u2019est pas adapt\u00e9 \u00e0 la mesure, Occhio propose des <strong>adaptations<\/strong> <strong>personnalis\u00e9es<\/strong> pour une solution finale apte \u00e0 couvrir les sp\u00e9cificit\u00e9s de <a href=\"https:\/\/occhio-instruments.com\/fr\/instruments\/applications\/\">l\u2019application<\/a>. Nous avons une large exp\u00e9rience dans de\u00a0multiples secteurs et applications, <strong><a href=\"https:\/\/occhio-instruments.com\/fr\/contact\/\">n\u2019h\u00e9sitez pas \u00e0 nous contacter<\/a><\/strong> pour discuter ensemble de vos besoins.<\/p>\n<h2 style=\"text-align: justify;\">Parmi certains de nos projets personnalis\u00e9s :<\/h2>\n<ul style=\"text-align: justify;\">\n<li>l&rsquo;analyse multi-\u00e9chantillons<\/li>\n<li>le suivi de production avec l&rsquo;analyse en boucle<\/li>\n<li>l&rsquo;adaptation d\u2019instrument pour le contr\u00f4le en ligne<\/li>\n<li>la sauvegarde des donn\u00e9es en format sp\u00e9cifi\u00e9\u00a0par le\u00a0client<\/li>\n<li>la d\u00e9tection d\u2019impuret\u00e9 dans un flux de particules<\/li>\n<li>l&rsquo;adaptation du pr\u00e9l\u00e8vement pour l\u2019analyse dans un processus de cristallisation<\/li>\n<li>le syst\u00e8me chauffant int\u00e9gr\u00e9 pour l\u2019analyse de suspension alimentaire<\/li>\n<li>interface sp\u00e9cifique sur \u00e9cran tactile<\/li>\n<li>&#8230;<\/li>\n<\/ul>\n<p style=\"text-align: justify;\"><a href=\"https:\/\/occhio-instruments.com\/fr\/support\/\">Contactez nous<\/a><strong> pour une consultation, nous serions ravis de pouvoir vous aider \u00e0 trouver ou \u00e0 construire <a href=\"https:\/\/occhio-instruments.com\/fr\/instruments\/\">l&rsquo;instrument de laboratoire<\/a> parfait pour vous !\u00a0<\/strong><\/p>\n<p>[\/et_pb_text][\/et_pb_column][et_pb_column type=\u00a0\u00bb1_3&Prime; _builder_version=\u00a0\u00bb4.15&Prime; global_colors_info=\u00a0\u00bb{}\u00a0\u00bb][\/et_pb_column][\/et_pb_row][et_pb_row _builder_version=\u00a0\u00bb4.15&Prime; global_colors_info=\u00a0\u00bb{}\u00a0\u00bb][et_pb_column type=\u00a0\u00bb4_4&Prime; _builder_version=\u00a0\u00bb4.15&Prime; global_colors_info=\u00a0\u00bb{}\u00a0\u00bb][et_pb_text _builder_version=\u00a0\u00bb4.15&Prime; global_colors_info=\u00a0\u00bb{}\u00a0\u00bb]<\/p>\n<h3><strong>D\u00e9couvrez nos autres applications<\/strong><\/h3>\n<p>[\/et_pb_text][\/et_pb_column][\/et_pb_row][et_pb_row column_structure=\u00a0\u00bb1_4,1_4,1_4,1_4&Prime; _builder_version=\u00a0\u00bb4.15&Prime; global_colors_info=\u00a0\u00bb{}\u00a0\u00bb][et_pb_column type=\u00a0\u00bb1_4&Prime; _builder_version=\u00a0\u00bb4.15&Prime; global_colors_info=\u00a0\u00bb{}\u00a0\u00bb][et_pb_blurb title=\u00a0\u00bbAnalyse d\u2019\u00e9mulsions\u00a0\u00bb image=\u00a0\u00bbhttps:\/\/occhio-instruments.com\/wp-content\/uploads\/2022\/02\/analyse-emulsions.jpg\u00a0\u00bb alt=\u00a0\u00bbD\u00e9veloppement sur mesure\u00a0\u00bb admin_label=\u00a0\u00bbAnalyse d\u2019\u00e9mulsions\u00a0\u00bb _builder_version=\u00a0\u00bb4.15&Prime; header_text_align=\u00a0\u00bbcenter\u00a0\u00bb link_option_url=\u00a0\u00bbhttps:\/\/occhio-instruments.com\/fr\/instruments\/applications\/analyse-emulsion\/\u00a0\u00bb global_colors_info=\u00a0\u00bb{}\u00a0\u00bb][\/et_pb_blurb][et_pb_blurb title=\u00a0\u00bbAnalyse de forme pour suspension\u00a0\u00bb image=\u00a0\u00bbhttps:\/\/occhio-instruments.com\/wp-content\/uploads\/2022\/02\/analyse-suspension-liquide.jpg\u00a0\u00bb alt=\u00a0\u00bbAnalyse de suspensions de liquide\u00a0\u00bb admin_label=\u00a0\u00bbAnalyse de forme pour suspension\u00a0\u00bb _builder_version=\u00a0\u00bb4.15&Prime; header_text_align=\u00a0\u00bbcenter\u00a0\u00bb link_option_url=\u00a0\u00bbhttps:\/\/occhio-instruments.com\/fr\/instruments\/applications\/analyse-forme-suspensions\/\u00a0\u00bb global_colors_info=\u00a0\u00bb{}\u00a0\u00bb][\/et_pb_blurb][\/et_pb_column][et_pb_column type=\u00a0\u00bb1_4&Prime; _builder_version=\u00a0\u00bb4.15&Prime; global_colors_info=\u00a0\u00bb{}\u00a0\u00bb][et_pb_blurb title=\u00a0\u00bbAnalyse de la couleur de particules\u00a0\u00bb image=\u00a0\u00bbhttps:\/\/occhio-instruments.com\/wp-content\/uploads\/2022\/02\/analyse-couleurs.jpg\u00a0\u00bb alt=\u00a0\u00bbFC200TC &#8211; comptage de particules avec contr\u00f4le de temp\u00e9rature\u00a0\u00bb admin_label=\u00a0\u00bbAnalyse de la couleur de particules\u00a0\u00bb _builder_version=\u00a0\u00bb4.15&Prime; header_text_align=\u00a0\u00bbcenter\u00a0\u00bb background_enable_color=\u00a0\u00bboff\u00a0\u00bb link_option_url=\u00a0\u00bbhttps:\/\/occhio-instruments.com\/fr\/instruments\/applications\/analyse-couleur-particules\/\u00a0\u00bb global_colors_info=\u00a0\u00bb{}\u00a0\u00bb][\/et_pb_blurb][et_pb_blurb title=\u00a0\u00bbTamisage et contr\u00f4le de la qualit\u00e9 de production\u00a0\u00bb image=\u00a0\u00bbhttps:\/\/occhio-instruments.com\/wp-content\/uploads\/2022\/02\/tamisage-controle-production.jpg\u00a0\u00bb alt=\u00a0\u00bbTamisage contr\u00f4le de production\u00a0\u00bb admin_label=\u00a0\u00bbTamisage et contr\u00f4le de la qualit\u00e9 de production\u00a0\u00bb _builder_version=\u00a0\u00bb4.15&Prime; header_text_align=\u00a0\u00bbcenter\u00a0\u00bb link_option_url=\u00a0\u00bbhttps:\/\/occhio-instruments.com\/fr\/instruments\/applications\/tamisage-controle-qualite-production\/\u00a0\u00bb global_colors_info=\u00a0\u00bb{}\u00a0\u00bb][\/et_pb_blurb][\/et_pb_column][et_pb_column type=\u00a0\u00bb1_4&Prime; _builder_version=\u00a0\u00bb4.15&Prime; global_colors_info=\u00a0\u00bb{}\u00a0\u00bb][et_pb_blurb title=\u00a0\u00bbConcentration de particules\u00a0\u00bb image=\u00a0\u00bbhttps:\/\/occhio-instruments.com\/wp-content\/uploads\/2022\/02\/concentration-de-particules.jpg\u00a0\u00bb alt=\u00a0\u00bbFC200TC &#8211; comptage de particules avec contr\u00f4le de temp\u00e9rature\u00a0\u00bb admin_label=\u00a0\u00bbConcentration de particules\u00a0\u00bb _builder_version=\u00a0\u00bb4.15&Prime; header_text_align=\u00a0\u00bbcenter\u00a0\u00bb link_option_url=\u00a0\u00bbhttps:\/\/occhio-instruments.com\/fr\/instruments\/applications\/concentration-particules\/\u00a0\u00bb global_colors_info=\u00a0\u00bb{}\u00a0\u00bb][\/et_pb_blurb][et_pb_blurb title=\u00a0\u00bbCaract\u00e9risation de particules en trois dimensions\u00a0\u00bb image=\u00a0\u00bbhttps:\/\/occhio-instruments.com\/wp-content\/uploads\/2022\/02\/caracterisation-particules-3dimensions.jpg\u00a0\u00bb alt=\u00a0\u00bbCaract\u00e9risation de particules en trois dimensions\u00a0\u00bb admin_label=\u00a0\u00bbCaract\u00e9risation de particules en trois dimensions\u00a0\u00bb _builder_version=\u00a0\u00bb4.15&Prime; header_text_align=\u00a0\u00bbcenter\u00a0\u00bb link_option_url=\u00a0\u00bbhttps:\/\/occhio-instruments.com\/fr\/instruments\/applications\/caracterisation-particules-trois-dimensions\/\u00a0\u00bb global_colors_info=\u00a0\u00bb{}\u00a0\u00bb][\/et_pb_blurb][\/et_pb_column][et_pb_column type=\u00a0\u00bb1_4&Prime; _builder_version=\u00a0\u00bb4.15&Prime; global_colors_info=\u00a0\u00bb{}\u00a0\u00bb][et_pb_blurb title=\u00a0\u00bbAnalyse de forme pour poudre s\u00e8che\u00a0\u00bb image=\u00a0\u00bbhttps:\/\/occhio-instruments.com\/wp-content\/uploads\/2022\/02\/poudres-seches.jpg\u00a0\u00bb alt=\u00a0\u00bbAnalyse de poudres s\u00e8ches\u00a0\u00bb admin_label=\u00a0\u00bbAnalyse de forme pour poudre s\u00e8che\u00a0\u00bb _builder_version=\u00a0\u00bb4.15&Prime; header_text_align=\u00a0\u00bbcenter\u00a0\u00bb link_option_url=\u00a0\u00bbhttps:\/\/occhio-instruments.com\/fr\/instruments\/applications\/analyse-forme-poudres-seches\/\u00a0\u00bb global_colors_info=\u00a0\u00bb{}\u00a0\u00bb][\/et_pb_blurb][\/et_pb_column][\/et_pb_row][\/et_pb_section][et_pb_section fb_built=\u00a0\u00bb1&Prime; module_id=\u00a0\u00bbcta-bottom\u00a0\u00bb _builder_version=\u00a0\u00bb4.4.3&Prime; background_color=\u00a0\u00bb#51595D\u00a0\u00bb custom_padding=\u00a0\u00bb30px||30px||false|false\u00a0\u00bb global_module=\u00a0\u00bb89&Prime; saved_tabs=\u00a0\u00bball\u00a0\u00bb global_colors_info=\u00a0\u00bb{}\u00a0\u00bb][et_pb_row column_structure=\u00a0\u00bb2_3,1_3&Prime; _builder_version=\u00a0\u00bb4.15&Prime; global_colors_info=\u00a0\u00bb{}\u00a0\u00bb][et_pb_column type=\u00a0\u00bb2_3&Prime; _builder_version=\u00a0\u00bb4.15&Prime; global_colors_info=\u00a0\u00bb{}\u00a0\u00bb][et_pb_text _builder_version=\u00a0\u00bb4.15&Prime; text_text_color=\u00a0\u00bb#ffffff\u00a0\u00bb header_text_color=\u00a0\u00bb#ffffff\u00a0\u00bb global_colors_info=\u00a0\u00bb{}\u00a0\u00bb]<\/p>\n<h2>Vous souhaitez recevoir plus d&rsquo;infos ?<br \/><strong>Contactez-nous !<\/strong><\/h2>\n<p>[\/et_pb_text][\/et_pb_column][et_pb_column type=\u00a0\u00bb1_3&Prime; _builder_version=\u00a0\u00bb4.15&Prime; global_colors_info=\u00a0\u00bb{}\u00a0\u00bb][et_pb_button button_url=\u00a0\u00bb\/fr\/contact\/\u00a0\u00bb button_text=\u00a0\u00bbContactez-nous !\u00a0\u00bb _builder_version=\u00a0\u00bb4.4.3&Prime; global_colors_info=\u00a0\u00bb{}\u00a0\u00bb][\/et_pb_button][\/et_pb_column][\/et_pb_row][\/et_pb_section]<\/p>\n","protected":false},"excerpt":{"rendered":"<p>D\u00e9veloppement sur mesureD\u00e9veloppement sur mesure Pour certains projets particuliers o\u00f9\u00a0l\u2019instrument standard n\u2019est pas adapt\u00e9 \u00e0 la mesure, Occhio propose des adaptations personnalis\u00e9es pour une solution finale apte \u00e0 couvrir les sp\u00e9cificit\u00e9s de l\u2019application. Nous avons une large exp\u00e9rience dans de\u00a0multiples secteurs et applications, n\u2019h\u00e9sitez pas \u00e0 nous contacter pour discuter ensemble de vos besoins. Parmi [&hellip;]<\/p>\n","protected":false},"author":1,"featured_media":0,"parent":2471,"menu_order":0,"comment_status":"closed","ping_status":"closed","template":"","meta":{"_et_pb_use_builder":"on","_et_pb_old_content":"","_et_gb_content_width":"","footnotes":""},"yoast_head":"<!-- This site is optimized with the Yoast SEO plugin v22.9 - https:\/\/yoast.com\/wordpress\/plugins\/seo\/ -->\n<title>D\u00e9veloppement sur mesure - Des adaptations pour vos instruments<\/title>\n<meta name=\"description\" content=\"Analyse granulom\u00e9trique par analyse d&#039;image - Pour vos projets o\u00f9 l\u2019instrument standard n\u2019est pas adapt\u00e9, faites appel \u00e0 Occhio !\" \/>\n<meta name=\"robots\" content=\"index, follow, max-snippet:-1, max-image-preview:large, max-video-preview:-1\" \/>\n<link rel=\"canonical\" href=\"https:\/\/occhio-instruments.com\/fr\/instruments\/applications\/developpement-sur-mesure\/\" \/>\n<meta property=\"og:locale\" content=\"fr_FR\" \/>\n<meta property=\"og:type\" content=\"article\" \/>\n<meta property=\"og:title\" content=\"D\u00e9veloppement sur mesure - Des adaptations pour vos instruments\" \/>\n<meta property=\"og:description\" content=\"Analyse granulom\u00e9trique par analyse d&#039;image - Pour vos projets o\u00f9 l\u2019instrument standard n\u2019est pas adapt\u00e9, faites appel \u00e0 Occhio !\" \/>\n<meta property=\"og:url\" content=\"https:\/\/occhio-instruments.com\/fr\/instruments\/applications\/developpement-sur-mesure\/\" \/>\n<meta property=\"og:site_name\" content=\"Occhio\" \/>\n<meta property=\"article:modified_time\" content=\"2023-09-12T13:29:01+00:00\" \/>\n<meta property=\"og:image\" content=\"https:\/\/occhio-instruments.com\/wp-content\/uploads\/2021\/12\/occhio-instruments.jpg\" \/>\n\t<meta property=\"og:image:width\" content=\"1200\" \/>\n\t<meta property=\"og:image:height\" content=\"630\" \/>\n\t<meta property=\"og:image:type\" content=\"image\/jpeg\" \/>\n<meta name=\"twitter:card\" content=\"summary_large_image\" \/>\n<meta name=\"twitter:label1\" content=\"Dur\u00e9e de lecture estim\u00e9e\" \/>\n\t<meta name=\"twitter:data1\" content=\"2 minutes\" \/>\n<script type=\"application\/ld+json\" class=\"yoast-schema-graph\">{\"@context\":\"https:\/\/schema.org\",\"@graph\":[{\"@type\":\"WebPage\",\"@id\":\"https:\/\/occhio-instruments.com\/fr\/instruments\/applications\/developpement-sur-mesure\/\",\"url\":\"https:\/\/occhio-instruments.com\/fr\/instruments\/applications\/developpement-sur-mesure\/\",\"name\":\"D\u00e9veloppement sur mesure - Des adaptations pour vos instruments\",\"isPartOf\":{\"@id\":\"https:\/\/occhio-instruments.com\/#website\"},\"datePublished\":\"2020-06-16T09:40:48+00:00\",\"dateModified\":\"2023-09-12T13:29:01+00:00\",\"description\":\"Analyse granulom\u00e9trique par analyse d'image - Pour vos projets o\u00f9 l\u2019instrument standard n\u2019est pas adapt\u00e9, faites appel \u00e0 Occhio !\",\"breadcrumb\":{\"@id\":\"https:\/\/occhio-instruments.com\/fr\/instruments\/applications\/developpement-sur-mesure\/#breadcrumb\"},\"inLanguage\":\"fr-FR\",\"potentialAction\":[{\"@type\":\"ReadAction\",\"target\":[\"https:\/\/occhio-instruments.com\/fr\/instruments\/applications\/developpement-sur-mesure\/\"]}]},{\"@type\":\"BreadcrumbList\",\"@id\":\"https:\/\/occhio-instruments.com\/fr\/instruments\/applications\/developpement-sur-mesure\/#breadcrumb\",\"itemListElement\":[{\"@type\":\"ListItem\",\"position\":1,\"name\":\"Instruments\",\"item\":\"https:\/\/occhio-instruments.com\/fr\/instruments\/\"},{\"@type\":\"ListItem\",\"position\":2,\"name\":\"Applications FR\",\"item\":\"https:\/\/occhio-instruments.com\/fr\/instruments\/applications\/\"},{\"@type\":\"ListItem\",\"position\":3,\"name\":\"D\u00e9veloppement sur mesure\"}]},{\"@type\":\"WebSite\",\"@id\":\"https:\/\/occhio-instruments.com\/#website\",\"url\":\"https:\/\/occhio-instruments.com\/\",\"name\":\"Occhio\",\"description\":\"Un site utilisant WordPress\",\"potentialAction\":[{\"@type\":\"SearchAction\",\"target\":{\"@type\":\"EntryPoint\",\"urlTemplate\":\"https:\/\/occhio-instruments.com\/?s={search_term_string}\"},\"query-input\":\"required name=search_term_string\"}],\"inLanguage\":\"fr-FR\"}]}<\/script>\n<!-- \/ Yoast SEO plugin. -->","yoast_head_json":{"title":"D\u00e9veloppement sur mesure - Des adaptations pour vos instruments","description":"Analyse granulom\u00e9trique par analyse d'image - Pour vos projets o\u00f9 l\u2019instrument standard n\u2019est pas adapt\u00e9, faites appel \u00e0 Occhio !","robots":{"index":"index","follow":"follow","max-snippet":"max-snippet:-1","max-image-preview":"max-image-preview:large","max-video-preview":"max-video-preview:-1"},"canonical":"https:\/\/occhio-instruments.com\/fr\/instruments\/applications\/developpement-sur-mesure\/","og_locale":"fr_FR","og_type":"article","og_title":"D\u00e9veloppement sur mesure - Des adaptations pour vos instruments","og_description":"Analyse granulom\u00e9trique par analyse d'image - Pour vos projets o\u00f9 l\u2019instrument standard n\u2019est pas adapt\u00e9, faites appel \u00e0 Occhio !","og_url":"https:\/\/occhio-instruments.com\/fr\/instruments\/applications\/developpement-sur-mesure\/","og_site_name":"Occhio","article_modified_time":"2023-09-12T13:29:01+00:00","og_image":[{"width":1200,"height":630,"url":"https:\/\/occhio-instruments.com\/wp-content\/uploads\/2021\/12\/occhio-instruments.jpg","type":"image\/jpeg"}],"twitter_card":"summary_large_image","twitter_misc":{"Dur\u00e9e de lecture estim\u00e9e":"2 minutes"},"schema":{"@context":"https:\/\/schema.org","@graph":[{"@type":"WebPage","@id":"https:\/\/occhio-instruments.com\/fr\/instruments\/applications\/developpement-sur-mesure\/","url":"https:\/\/occhio-instruments.com\/fr\/instruments\/applications\/developpement-sur-mesure\/","name":"D\u00e9veloppement sur mesure - Des adaptations pour vos instruments","isPartOf":{"@id":"https:\/\/occhio-instruments.com\/#website"},"datePublished":"2020-06-16T09:40:48+00:00","dateModified":"2023-09-12T13:29:01+00:00","description":"Analyse granulom\u00e9trique par analyse d'image - Pour vos projets o\u00f9 l\u2019instrument standard n\u2019est pas adapt\u00e9, faites appel \u00e0 Occhio !","breadcrumb":{"@id":"https:\/\/occhio-instruments.com\/fr\/instruments\/applications\/developpement-sur-mesure\/#breadcrumb"},"inLanguage":"fr-FR","potentialAction":[{"@type":"ReadAction","target":["https:\/\/occhio-instruments.com\/fr\/instruments\/applications\/developpement-sur-mesure\/"]}]},{"@type":"BreadcrumbList","@id":"https:\/\/occhio-instruments.com\/fr\/instruments\/applications\/developpement-sur-mesure\/#breadcrumb","itemListElement":[{"@type":"ListItem","position":1,"name":"Instruments","item":"https:\/\/occhio-instruments.com\/fr\/instruments\/"},{"@type":"ListItem","position":2,"name":"Applications FR","item":"https:\/\/occhio-instruments.com\/fr\/instruments\/applications\/"},{"@type":"ListItem","position":3,"name":"D\u00e9veloppement sur mesure"}]},{"@type":"WebSite","@id":"https:\/\/occhio-instruments.com\/#website","url":"https:\/\/occhio-instruments.com\/","name":"Occhio","description":"Un site utilisant WordPress","potentialAction":[{"@type":"SearchAction","target":{"@type":"EntryPoint","urlTemplate":"https:\/\/occhio-instruments.com\/?s={search_term_string}"},"query-input":"required name=search_term_string"}],"inLanguage":"fr-FR"}]}},"_links":{"self":[{"href":"https:\/\/occhio-instruments.com\/fr\/wp-json\/wp\/v2\/pages\/2524"}],"collection":[{"href":"https:\/\/occhio-instruments.com\/fr\/wp-json\/wp\/v2\/pages"}],"about":[{"href":"https:\/\/occhio-instruments.com\/fr\/wp-json\/wp\/v2\/types\/page"}],"author":[{"embeddable":true,"href":"https:\/\/occhio-instruments.com\/fr\/wp-json\/wp\/v2\/users\/1"}],"replies":[{"embeddable":true,"href":"https:\/\/occhio-instruments.com\/fr\/wp-json\/wp\/v2\/comments?post=2524"}],"version-history":[{"count":12,"href":"https:\/\/occhio-instruments.com\/fr\/wp-json\/wp\/v2\/pages\/2524\/revisions"}],"predecessor-version":[{"id":10501,"href":"https:\/\/occhio-instruments.com\/fr\/wp-json\/wp\/v2\/pages\/2524\/revisions\/10501"}],"up":[{"embeddable":true,"href":"https:\/\/occhio-instruments.com\/fr\/wp-json\/wp\/v2\/pages\/2471"}],"wp:attachment":[{"href":"https:\/\/occhio-instruments.com\/fr\/wp-json\/wp\/v2\/media?parent=2524"}],"curies":[{"name":"wp","href":"https:\/\/api.w.org\/{rel}","templated":true}]}}