{"id":2518,"date":"2020-06-16T11:39:43","date_gmt":"2020-06-16T09:39:43","guid":{"rendered":"https:\/\/occhio-instruments.com\/applications\/three-dimensional-particle-characterization\/"},"modified":"2023-09-12T15:32:22","modified_gmt":"2023-09-12T13:32:22","slug":"caracterisation-particules-trois-dimensions","status":"publish","type":"page","link":"https:\/\/occhio-instruments.com\/fr\/instruments\/applications\/caracterisation-particules-trois-dimensions\/","title":{"rendered":"Caract\u00e9risation de particules en trois dimensions"},"content":{"rendered":"<p>[et_pb_section fb_built=\u00a0\u00bb1&Prime; module_id=\u00a0\u00bbbanner\u00a0\u00bb _builder_version=\u00a0\u00bb4.15&Prime; background_image=\u00a0\u00bbhttps:\/\/occhio-instruments.com\/wp-content\/uploads\/2020\/04\/banner-bg.png\u00a0\u00bb global_colors_info=\u00a0\u00bb{}\u00a0\u00bb][et_pb_row _builder_version=\u00a0\u00bb4.15&Prime; background_size=\u00a0\u00bbinitial\u00a0\u00bb background_position=\u00a0\u00bbtop_left\u00a0\u00bb background_repeat=\u00a0\u00bbrepeat\u00a0\u00bb global_colors_info=\u00a0\u00bb{}\u00a0\u00bb][et_pb_column type=\u00a0\u00bb4_4&Prime; _builder_version=\u00a0\u00bb4.15&Prime; custom_padding=\u00a0\u00bb|||\u00a0\u00bb global_colors_info=\u00a0\u00bb{}\u00a0\u00bb custom_padding__hover=\u00a0\u00bb|||\u00a0\u00bb][et_pb_text _builder_version=\u00a0\u00bb4.15&Prime; global_colors_info=\u00a0\u00bb{}\u00a0\u00bb]<\/p>\n<p style=\"text-align: center;\">Caract\u00e9risation de particules en trois dimensions<\/p>\n<p>[\/et_pb_text][\/et_pb_column][\/et_pb_row][\/et_pb_section][et_pb_section fb_built=\u00a0\u00bb1&Prime; _builder_version=\u00a0\u00bb4.15&Prime; global_colors_info=\u00a0\u00bb{}\u00a0\u00bb][et_pb_row column_structure=\u00a0\u00bb2_3,1_3&Prime; _builder_version=\u00a0\u00bb4.15&Prime; global_colors_info=\u00a0\u00bb{}\u00a0\u00bb][et_pb_column type=\u00a0\u00bb2_3&Prime; _builder_version=\u00a0\u00bb4.15&Prime; global_colors_info=\u00a0\u00bb{}\u00a0\u00bb][et_pb_text _builder_version=\u00a0\u00bb4.15.1&Prime; hover_enabled=\u00a0\u00bb0&Prime; global_colors_info=\u00a0\u00bb{}\u00a0\u00bb sticky_enabled=\u00a0\u00bb0&Prime;]<\/p>\n<h1 style=\"text-align: justify;\">Caract\u00e9risation de particules en trois dimensions<br \/><strong>Caract\u00e9risation avanc\u00e9e de particules : mesure r\u00e9elle de l&rsquo;\u00e9paisseur de la particule<\/strong><\/h1>\n<p style=\"text-align: justify;\">Occhio <a href=\"https:\/\/occhio-instruments.com\/fr\/morpho-3d\/\">Morpho 3D<\/a> est un syst\u00e8me de mesure totalement automatis\u00e9,\u00a0capable de <strong>caract\u00e9riser des milliers de particules en 3D<\/strong>. A partir de 500\u00b5m et allant jusqu&rsquo;\u00e0 plusieurs millim\u00e8tres, Morpho 3D effectue une analyse pr\u00e9cise en temps r\u00e9el pour chaque particule et enregistre les <strong>caract\u00e9ristiques de taille<\/strong>, de <strong>forme<\/strong> et de <strong>couleur<\/strong> ainsi qu&rsquo;une <strong>image 3D<\/strong> de la particule.<\/p>\n<p style=\"text-align: justify;\">Les <strong><a href=\"https:\/\/occhio-instruments.com\/fr\/instruments\/applications\/\">applications<\/a> <\/strong>sont multiples, en particulier quand la troisi\u00e8me dimension est un param\u00e8tre important qui rentre en jeu\u00a0dans le r\u00e9glage du proc\u00e9d\u00e9\u00a0de production.<\/p>\n<p style=\"text-align: justify;\">Les principales applications sont\u00a0:<\/p>\n<ul>\n<li style=\"text-align: justify;\"><strong>semences<\/strong>,<\/li>\n<li style=\"text-align: justify;\"><strong>pellets<\/strong> (plastique, bois, chimique, compos\u00e9s pharmaceutiques),<\/li>\n<li style=\"text-align: justify;\"><strong>\u00e9chantillons<\/strong> <strong>granuleux<\/strong><\/li>\n<li style=\"text-align: justify;\">\u2026.<\/li>\n<\/ul>\n<h2>D\u00e9couvrez nos instruments de laboratoire pour la caract\u00e9risation de particules en trois dimensions<\/h2>\n<p>Chez Occhio, nous proposons un<strong> vaste catalogue d&rsquo;instruments de laboratoire<\/strong> pour la r\u00e9alisation de vos analyses. D\u00e9couvrez nos <a href=\"https:\/\/occhio-instruments.com\/fr\/instruments\/nos-produits\/logiciels\/\"><strong>logiciels<\/strong> <\/a>et nos<a href=\"https:\/\/occhio-instruments.com\/fr\/instruments\/\"><strong> instruments de laboratoire<\/strong> <\/a>par analyse d&rsquo;image pour la caract\u00e9risation de particules en trois dimensions et pour bien d&rsquo;autres applications \u00e9galement chez Occhio-Instruments !<\/p>\n<p>Vous ne trouvez pas votre bonheur parmi notre large gamme d&rsquo;instruments de mesure ? Alors,<a href=\"https:\/\/occhio-instruments.com\/fr\/instruments\/applications\/developpement-sur-mesure\/\"><strong> d\u00e9couvrez \u00e9galement notre service de d\u00e9veloppement sur mesure<\/strong><\/a> ! Notre \u00e9quipe d&rsquo;ing\u00e9nieurs sera \u00e0 votre \u00e9coute afin de comprendre au mieux vos besoins et ainsi d\u00e9velopper un instrument de laboratoire parfaitement adapt\u00e9 \u00e0 votre projet !<\/p>\n<p>[\/et_pb_text][\/et_pb_column][et_pb_column type=\u00a0\u00bb1_3&Prime; _builder_version=\u00a0\u00bb4.15&Prime; global_colors_info=\u00a0\u00bb{}\u00a0\u00bb][et_pb_blurb title=\u00a0\u00bbMorpho 3D\u00a0\u00bb image=\u00a0\u00bbhttps:\/\/occhio-instruments.com\/wp-content\/uploads\/2020\/06\/morpho3d.png\u00a0\u00bb alt=\u00a0\u00bbMorpho 3D &#8211; Mesure avec pr\u00e9cision la vraie \u00e9paisseur des particules\u00a0\u00bb _builder_version=\u00a0\u00bb4.15.1&Prime; header_text_align=\u00a0\u00bbcenter\u00a0\u00bb link_option_url=\u00a0\u00bb\/fr\/instruments\/nos-produits\/dispersion-voie-seche\/morpho-3d\/\u00a0\u00bb global_colors_info=\u00a0\u00bb{}\u00a0\u00bb][\/et_pb_blurb][\/et_pb_column][\/et_pb_row][et_pb_row _builder_version=\u00a0\u00bb4.15&Prime; global_colors_info=\u00a0\u00bb{}\u00a0\u00bb][et_pb_column type=\u00a0\u00bb4_4&Prime; _builder_version=\u00a0\u00bb4.15&Prime; global_colors_info=\u00a0\u00bb{}\u00a0\u00bb][et_pb_text _builder_version=\u00a0\u00bb4.15&Prime; global_colors_info=\u00a0\u00bb{}\u00a0\u00bb]<\/p>\n<h3><strong>D\u00e9couvrez nos autres applications<\/strong><\/h3>\n<p>[\/et_pb_text][\/et_pb_column][\/et_pb_row][et_pb_row column_structure=\u00a0\u00bb1_4,1_4,1_4,1_4&Prime; _builder_version=\u00a0\u00bb4.15&Prime; global_colors_info=\u00a0\u00bb{}\u00a0\u00bb][et_pb_column type=\u00a0\u00bb1_4&Prime; _builder_version=\u00a0\u00bb4.15&Prime; global_colors_info=\u00a0\u00bb{}\u00a0\u00bb][et_pb_blurb title=\u00a0\u00bbAnalyse d&rsquo;\u00e9mulsions\u00a0\u00bb image=\u00a0\u00bbhttps:\/\/occhio-instruments.com\/wp-content\/uploads\/2022\/02\/analyse-emulsions.jpg\u00a0\u00bb alt=\u00a0\u00bbCaract\u00e9risation de particules en trois dimensions\u00a0\u00bb admin_label=\u00a0\u00bbAnalyse d&rsquo;\u00e9mulsions\u00a0\u00bb _builder_version=\u00a0\u00bb4.15&Prime; header_text_align=\u00a0\u00bbcenter\u00a0\u00bb link_option_url=\u00a0\u00bbhttps:\/\/occhio-instruments.com\/fr\/instruments\/applications\/analyse-emulsion\/\u00a0\u00bb global_colors_info=\u00a0\u00bb{}\u00a0\u00bb][\/et_pb_blurb][et_pb_blurb title=\u00a0\u00bbAnalyse de forme pour suspension\u00a0\u00bb image=\u00a0\u00bbhttps:\/\/occhio-instruments.com\/wp-content\/uploads\/2022\/02\/analyse-suspension-liquide.jpg\u00a0\u00bb alt=\u00a0\u00bbAnalyse de suspensions de liquide\u00a0\u00bb admin_label=\u00a0\u00bbAnalyse de forme pour suspension\u00a0\u00bb _builder_version=\u00a0\u00bb4.15&Prime; header_text_align=\u00a0\u00bbcenter\u00a0\u00bb link_option_url=\u00a0\u00bbhttps:\/\/occhio-instruments.com\/fr\/instruments\/applications\/analyse-forme-suspensions\/\u00a0\u00bb global_colors_info=\u00a0\u00bb{}\u00a0\u00bb][\/et_pb_blurb][\/et_pb_column][et_pb_column type=\u00a0\u00bb1_4&Prime; _builder_version=\u00a0\u00bb4.15&Prime; global_colors_info=\u00a0\u00bb{}\u00a0\u00bb][et_pb_blurb title=\u00a0\u00bbAnalyse de la couleur de particules\u00a0\u00bb image=\u00a0\u00bbhttps:\/\/occhio-instruments.com\/wp-content\/uploads\/2022\/02\/analyse-couleurs.jpg\u00a0\u00bb alt=\u00a0\u00bbFC200TC &#8211; comptage de particules avec contr\u00f4le de temp\u00e9rature\u00a0\u00bb admin_label=\u00a0\u00bbAnalyse de la couleur de particules\u00a0\u00bb _builder_version=\u00a0\u00bb4.15&Prime; header_text_align=\u00a0\u00bbcenter\u00a0\u00bb background_enable_color=\u00a0\u00bboff\u00a0\u00bb link_option_url=\u00a0\u00bbhttps:\/\/occhio-instruments.com\/fr\/instruments\/applications\/analyse-couleur-particules\/\u00a0\u00bb global_colors_info=\u00a0\u00bb{}\u00a0\u00bb][\/et_pb_blurb][et_pb_blurb title=\u00a0\u00bbTamisage et contr\u00f4le de la qualit\u00e9 de production\u00a0\u00bb image=\u00a0\u00bbhttps:\/\/occhio-instruments.com\/wp-content\/uploads\/2022\/02\/tamisage-controle-production.jpg\u00a0\u00bb alt=\u00a0\u00bbTamisage contr\u00f4le de production\u00a0\u00bb admin_label=\u00a0\u00bbTamisage et contr\u00f4le de la qualit\u00e9 de production\u00a0\u00bb _builder_version=\u00a0\u00bb4.15&Prime; header_text_align=\u00a0\u00bbcenter\u00a0\u00bb link_option_url=\u00a0\u00bbhttps:\/\/occhio-instruments.com\/fr\/instruments\/applications\/tamisage-controle-qualite-production\/\u00a0\u00bb global_colors_info=\u00a0\u00bb{}\u00a0\u00bb][\/et_pb_blurb][\/et_pb_column][et_pb_column type=\u00a0\u00bb1_4&Prime; _builder_version=\u00a0\u00bb4.15&Prime; global_colors_info=\u00a0\u00bb{}\u00a0\u00bb][et_pb_blurb title=\u00a0\u00bbConcentration de particules\u00a0\u00bb image=\u00a0\u00bbhttps:\/\/occhio-instruments.com\/wp-content\/uploads\/2022\/02\/concentration-de-particules.jpg\u00a0\u00bb alt=\u00a0\u00bbFC200TC &#8211; comptage de particules avec contr\u00f4le de temp\u00e9rature\u00a0\u00bb admin_label=\u00a0\u00bbConcentration de particules\u00a0\u00bb _builder_version=\u00a0\u00bb4.15&Prime; header_text_align=\u00a0\u00bbcenter\u00a0\u00bb link_option_url=\u00a0\u00bbhttps:\/\/occhio-instruments.com\/fr\/instruments\/applications\/concentration-particules\/\u00a0\u00bb global_colors_info=\u00a0\u00bb{}\u00a0\u00bb][\/et_pb_blurb][et_pb_blurb title=\u00a0\u00bbD\u00e9veloppement sur mesure\u00a0\u00bb image=\u00a0\u00bbhttps:\/\/occhio-instruments.com\/wp-content\/uploads\/2022\/02\/developpement-sur-mesure.jpg\u00a0\u00bb alt=\u00a0\u00bbD\u00e9veloppement sur mesure\u00a0\u00bb admin_label=\u00a0\u00bbD\u00e9veloppement sur mesure\u00a0\u00bb _builder_version=\u00a0\u00bb4.15&Prime; header_text_align=\u00a0\u00bbcenter\u00a0\u00bb link_option_url=\u00a0\u00bbhttps:\/\/occhio-instruments.com\/fr\/instruments\/applications\/developpement-sur-mesure\/\u00a0\u00bb global_colors_info=\u00a0\u00bb{}\u00a0\u00bb][\/et_pb_blurb][\/et_pb_column][et_pb_column type=\u00a0\u00bb1_4&Prime; _builder_version=\u00a0\u00bb4.15&Prime; global_colors_info=\u00a0\u00bb{}\u00a0\u00bb][et_pb_blurb title=\u00a0\u00bbAnalyse de forme pour poudre s\u00e8che\u00a0\u00bb image=\u00a0\u00bbhttps:\/\/occhio-instruments.com\/wp-content\/uploads\/2022\/02\/poudres-seches.jpg\u00a0\u00bb alt=\u00a0\u00bbAnalyse de poudres s\u00e8ches\u00a0\u00bb admin_label=\u00a0\u00bbAnalyse de forme pour poudre s\u00e8che\u00a0\u00bb _builder_version=\u00a0\u00bb4.15&Prime; header_text_align=\u00a0\u00bbcenter\u00a0\u00bb link_option_url=\u00a0\u00bbhttps:\/\/occhio-instruments.com\/fr\/instruments\/applications\/analyse-forme-poudres-seches\/\u00a0\u00bb global_colors_info=\u00a0\u00bb{}\u00a0\u00bb][\/et_pb_blurb][\/et_pb_column][\/et_pb_row][\/et_pb_section][et_pb_section fb_built=\u00a0\u00bb1&Prime; module_id=\u00a0\u00bbcta-bottom\u00a0\u00bb _builder_version=\u00a0\u00bb4.4.3&Prime; background_color=\u00a0\u00bb#51595D\u00a0\u00bb custom_padding=\u00a0\u00bb30px||30px||false|false\u00a0\u00bb global_module=\u00a0\u00bb89&Prime; saved_tabs=\u00a0\u00bball\u00a0\u00bb global_colors_info=\u00a0\u00bb{}\u00a0\u00bb][et_pb_row column_structure=\u00a0\u00bb2_3,1_3&Prime; _builder_version=\u00a0\u00bb4.15&Prime; global_colors_info=\u00a0\u00bb{}\u00a0\u00bb][et_pb_column type=\u00a0\u00bb2_3&Prime; _builder_version=\u00a0\u00bb4.15&Prime; global_colors_info=\u00a0\u00bb{}\u00a0\u00bb][et_pb_text _builder_version=\u00a0\u00bb4.15&Prime; text_text_color=\u00a0\u00bb#ffffff\u00a0\u00bb header_text_color=\u00a0\u00bb#ffffff\u00a0\u00bb global_colors_info=\u00a0\u00bb{}\u00a0\u00bb]<\/p>\n<h2>Vous souhaitez recevoir plus d&rsquo;infos ?<br \/><strong>Contactez-nous !<\/strong><\/h2>\n<p>[\/et_pb_text][\/et_pb_column][et_pb_column type=\u00a0\u00bb1_3&Prime; _builder_version=\u00a0\u00bb4.15&Prime; global_colors_info=\u00a0\u00bb{}\u00a0\u00bb][et_pb_button button_url=\u00a0\u00bb\/fr\/contact\/\u00a0\u00bb button_text=\u00a0\u00bbContactez-nous !\u00a0\u00bb _builder_version=\u00a0\u00bb4.4.3&Prime; global_colors_info=\u00a0\u00bb{}\u00a0\u00bb][\/et_pb_button][\/et_pb_column][\/et_pb_row][\/et_pb_section]<\/p>\n","protected":false},"excerpt":{"rendered":"<p>Caract\u00e9risation de particules en trois dimensionsCaract\u00e9risation de particules en trois dimensionsCaract\u00e9risation avanc\u00e9e de particules : mesure r\u00e9elle de l&rsquo;\u00e9paisseur de la particule Occhio Morpho 3D est un syst\u00e8me de mesure totalement automatis\u00e9,\u00a0capable de caract\u00e9riser des milliers de particules en 3D. A partir de 500\u00b5m et allant jusqu&rsquo;\u00e0 plusieurs millim\u00e8tres, Morpho 3D effectue une analyse pr\u00e9cise [&hellip;]<\/p>\n","protected":false},"author":1,"featured_media":0,"parent":2471,"menu_order":0,"comment_status":"closed","ping_status":"closed","template":"","meta":{"_et_pb_use_builder":"on","_et_pb_old_content":"","_et_gb_content_width":"","footnotes":""},"yoast_head":"<!-- This site is optimized with the Yoast SEO plugin v22.9 - https:\/\/yoast.com\/wordpress\/plugins\/seo\/ -->\n<title>Caract\u00e9risation de particules en 3 dimensions - Occhio-Instruments<\/title>\n<meta name=\"description\" content=\"Caract\u00e9risation de particules en trois dimensions: mesure de l&#039;\u00e9paisseur de particule. Caract\u00e9risation de particules par analyse d&#039;image.\" \/>\n<meta name=\"robots\" content=\"index, follow, max-snippet:-1, max-image-preview:large, max-video-preview:-1\" \/>\n<link rel=\"canonical\" href=\"https:\/\/occhio-instruments.com\/fr\/instruments\/applications\/caracterisation-particules-trois-dimensions\/\" \/>\n<meta property=\"og:locale\" content=\"fr_FR\" \/>\n<meta property=\"og:type\" content=\"article\" \/>\n<meta property=\"og:title\" content=\"Caract\u00e9risation de particules en 3 dimensions - Occhio-Instruments\" \/>\n<meta property=\"og:description\" content=\"Caract\u00e9risation de particules en trois dimensions: mesure de l&#039;\u00e9paisseur de particule. Caract\u00e9risation de particules par analyse d&#039;image.\" \/>\n<meta property=\"og:url\" content=\"https:\/\/occhio-instruments.com\/fr\/instruments\/applications\/caracterisation-particules-trois-dimensions\/\" \/>\n<meta property=\"og:site_name\" content=\"Occhio\" \/>\n<meta property=\"article:modified_time\" content=\"2023-09-12T13:32:22+00:00\" \/>\n<meta property=\"og:image\" content=\"https:\/\/occhio-instruments.com\/wp-content\/uploads\/2021\/12\/occhio-instruments.jpg\" \/>\n\t<meta property=\"og:image:width\" content=\"1200\" \/>\n\t<meta property=\"og:image:height\" content=\"630\" \/>\n\t<meta property=\"og:image:type\" content=\"image\/jpeg\" \/>\n<meta name=\"twitter:card\" content=\"summary_large_image\" \/>\n<meta name=\"twitter:label1\" content=\"Dur\u00e9e de lecture estim\u00e9e\" \/>\n\t<meta name=\"twitter:data1\" content=\"3 minutes\" \/>\n<script type=\"application\/ld+json\" class=\"yoast-schema-graph\">{\"@context\":\"https:\/\/schema.org\",\"@graph\":[{\"@type\":\"WebPage\",\"@id\":\"https:\/\/occhio-instruments.com\/fr\/instruments\/applications\/caracterisation-particules-trois-dimensions\/\",\"url\":\"https:\/\/occhio-instruments.com\/fr\/instruments\/applications\/caracterisation-particules-trois-dimensions\/\",\"name\":\"Caract\u00e9risation de particules en 3 dimensions - Occhio-Instruments\",\"isPartOf\":{\"@id\":\"https:\/\/occhio-instruments.com\/#website\"},\"datePublished\":\"2020-06-16T09:39:43+00:00\",\"dateModified\":\"2023-09-12T13:32:22+00:00\",\"description\":\"Caract\u00e9risation de particules en trois dimensions: mesure de l'\u00e9paisseur de particule. Caract\u00e9risation de particules par analyse d'image.\",\"breadcrumb\":{\"@id\":\"https:\/\/occhio-instruments.com\/fr\/instruments\/applications\/caracterisation-particules-trois-dimensions\/#breadcrumb\"},\"inLanguage\":\"fr-FR\",\"potentialAction\":[{\"@type\":\"ReadAction\",\"target\":[\"https:\/\/occhio-instruments.com\/fr\/instruments\/applications\/caracterisation-particules-trois-dimensions\/\"]}]},{\"@type\":\"BreadcrumbList\",\"@id\":\"https:\/\/occhio-instruments.com\/fr\/instruments\/applications\/caracterisation-particules-trois-dimensions\/#breadcrumb\",\"itemListElement\":[{\"@type\":\"ListItem\",\"position\":1,\"name\":\"Instruments\",\"item\":\"https:\/\/occhio-instruments.com\/fr\/instruments\/\"},{\"@type\":\"ListItem\",\"position\":2,\"name\":\"Applications FR\",\"item\":\"https:\/\/occhio-instruments.com\/fr\/instruments\/applications\/\"},{\"@type\":\"ListItem\",\"position\":3,\"name\":\"Caract\u00e9risation de particules en trois dimensions\"}]},{\"@type\":\"WebSite\",\"@id\":\"https:\/\/occhio-instruments.com\/#website\",\"url\":\"https:\/\/occhio-instruments.com\/\",\"name\":\"Occhio\",\"description\":\"Un site utilisant WordPress\",\"potentialAction\":[{\"@type\":\"SearchAction\",\"target\":{\"@type\":\"EntryPoint\",\"urlTemplate\":\"https:\/\/occhio-instruments.com\/?s={search_term_string}\"},\"query-input\":\"required name=search_term_string\"}],\"inLanguage\":\"fr-FR\"}]}<\/script>\n<!-- \/ Yoast SEO plugin. -->","yoast_head_json":{"title":"Caract\u00e9risation de particules en 3 dimensions - Occhio-Instruments","description":"Caract\u00e9risation de particules en trois dimensions: mesure de l'\u00e9paisseur de particule. Caract\u00e9risation de particules par analyse d'image.","robots":{"index":"index","follow":"follow","max-snippet":"max-snippet:-1","max-image-preview":"max-image-preview:large","max-video-preview":"max-video-preview:-1"},"canonical":"https:\/\/occhio-instruments.com\/fr\/instruments\/applications\/caracterisation-particules-trois-dimensions\/","og_locale":"fr_FR","og_type":"article","og_title":"Caract\u00e9risation de particules en 3 dimensions - Occhio-Instruments","og_description":"Caract\u00e9risation de particules en trois dimensions: mesure de l'\u00e9paisseur de particule. Caract\u00e9risation de particules par analyse d'image.","og_url":"https:\/\/occhio-instruments.com\/fr\/instruments\/applications\/caracterisation-particules-trois-dimensions\/","og_site_name":"Occhio","article_modified_time":"2023-09-12T13:32:22+00:00","og_image":[{"width":1200,"height":630,"url":"https:\/\/occhio-instruments.com\/wp-content\/uploads\/2021\/12\/occhio-instruments.jpg","type":"image\/jpeg"}],"twitter_card":"summary_large_image","twitter_misc":{"Dur\u00e9e de lecture estim\u00e9e":"3 minutes"},"schema":{"@context":"https:\/\/schema.org","@graph":[{"@type":"WebPage","@id":"https:\/\/occhio-instruments.com\/fr\/instruments\/applications\/caracterisation-particules-trois-dimensions\/","url":"https:\/\/occhio-instruments.com\/fr\/instruments\/applications\/caracterisation-particules-trois-dimensions\/","name":"Caract\u00e9risation de particules en 3 dimensions - Occhio-Instruments","isPartOf":{"@id":"https:\/\/occhio-instruments.com\/#website"},"datePublished":"2020-06-16T09:39:43+00:00","dateModified":"2023-09-12T13:32:22+00:00","description":"Caract\u00e9risation de particules en trois dimensions: mesure de l'\u00e9paisseur de particule. Caract\u00e9risation de particules par analyse d'image.","breadcrumb":{"@id":"https:\/\/occhio-instruments.com\/fr\/instruments\/applications\/caracterisation-particules-trois-dimensions\/#breadcrumb"},"inLanguage":"fr-FR","potentialAction":[{"@type":"ReadAction","target":["https:\/\/occhio-instruments.com\/fr\/instruments\/applications\/caracterisation-particules-trois-dimensions\/"]}]},{"@type":"BreadcrumbList","@id":"https:\/\/occhio-instruments.com\/fr\/instruments\/applications\/caracterisation-particules-trois-dimensions\/#breadcrumb","itemListElement":[{"@type":"ListItem","position":1,"name":"Instruments","item":"https:\/\/occhio-instruments.com\/fr\/instruments\/"},{"@type":"ListItem","position":2,"name":"Applications FR","item":"https:\/\/occhio-instruments.com\/fr\/instruments\/applications\/"},{"@type":"ListItem","position":3,"name":"Caract\u00e9risation de particules en trois dimensions"}]},{"@type":"WebSite","@id":"https:\/\/occhio-instruments.com\/#website","url":"https:\/\/occhio-instruments.com\/","name":"Occhio","description":"Un site utilisant WordPress","potentialAction":[{"@type":"SearchAction","target":{"@type":"EntryPoint","urlTemplate":"https:\/\/occhio-instruments.com\/?s={search_term_string}"},"query-input":"required name=search_term_string"}],"inLanguage":"fr-FR"}]}},"_links":{"self":[{"href":"https:\/\/occhio-instruments.com\/fr\/wp-json\/wp\/v2\/pages\/2518"}],"collection":[{"href":"https:\/\/occhio-instruments.com\/fr\/wp-json\/wp\/v2\/pages"}],"about":[{"href":"https:\/\/occhio-instruments.com\/fr\/wp-json\/wp\/v2\/types\/page"}],"author":[{"embeddable":true,"href":"https:\/\/occhio-instruments.com\/fr\/wp-json\/wp\/v2\/users\/1"}],"replies":[{"embeddable":true,"href":"https:\/\/occhio-instruments.com\/fr\/wp-json\/wp\/v2\/comments?post=2518"}],"version-history":[{"count":15,"href":"https:\/\/occhio-instruments.com\/fr\/wp-json\/wp\/v2\/pages\/2518\/revisions"}],"predecessor-version":[{"id":10505,"href":"https:\/\/occhio-instruments.com\/fr\/wp-json\/wp\/v2\/pages\/2518\/revisions\/10505"}],"up":[{"embeddable":true,"href":"https:\/\/occhio-instruments.com\/fr\/wp-json\/wp\/v2\/pages\/2471"}],"wp:attachment":[{"href":"https:\/\/occhio-instruments.com\/fr\/wp-json\/wp\/v2\/media?parent=2518"}],"curies":[{"name":"wp","href":"https:\/\/api.w.org\/{rel}","templated":true}]}}