{"id":2508,"date":"2020-06-16T11:36:43","date_gmt":"2020-06-16T09:36:43","guid":{"rendered":"https:\/\/occhio-instruments.com\/applications\/shape-analysis-for-liquid-suspension\/"},"modified":"2023-09-12T15:20:25","modified_gmt":"2023-09-12T13:20:25","slug":"analyse-forme-suspensions","status":"publish","type":"page","link":"https:\/\/occhio-instruments.com\/fr\/instruments\/applications\/analyse-forme-suspensions\/","title":{"rendered":"Analyse de forme pour suspensions"},"content":{"rendered":"<p>[et_pb_section fb_built=\u00a0\u00bb1&Prime; module_id=\u00a0\u00bbbanner\u00a0\u00bb _builder_version=\u00a0\u00bb4.15&Prime; background_image=\u00a0\u00bbhttps:\/\/occhio-instruments.com\/wp-content\/uploads\/2020\/04\/banner-bg.png\u00a0\u00bb global_colors_info=\u00a0\u00bb{}\u00a0\u00bb][et_pb_row _builder_version=\u00a0\u00bb4.15&Prime; background_size=\u00a0\u00bbinitial\u00a0\u00bb background_position=\u00a0\u00bbtop_left\u00a0\u00bb background_repeat=\u00a0\u00bbrepeat\u00a0\u00bb global_colors_info=\u00a0\u00bb{}\u00a0\u00bb][et_pb_column type=\u00a0\u00bb4_4&Prime; _builder_version=\u00a0\u00bb4.15&Prime; custom_padding=\u00a0\u00bb|||\u00a0\u00bb global_colors_info=\u00a0\u00bb{}\u00a0\u00bb custom_padding__hover=\u00a0\u00bb|||\u00a0\u00bb][et_pb_text _builder_version=\u00a0\u00bb4.15&Prime; global_colors_info=\u00a0\u00bb{}\u00a0\u00bb]<\/p>\n<p style=\"text-align: center;\">Analyse de forme pour suspensions<\/p>\n<p>[\/et_pb_text][\/et_pb_column][\/et_pb_row][\/et_pb_section][et_pb_section fb_built=\u00a0\u00bb1&Prime; _builder_version=\u00a0\u00bb4.15&Prime; global_colors_info=\u00a0\u00bb{}\u00a0\u00bb][et_pb_row column_structure=\u00a0\u00bb2_3,1_3&Prime; _builder_version=\u00a0\u00bb4.15&Prime; global_colors_info=\u00a0\u00bb{}\u00a0\u00bb][et_pb_column type=\u00a0\u00bb2_3&Prime; _builder_version=\u00a0\u00bb4.15&Prime; global_colors_info=\u00a0\u00bb{}\u00a0\u00bb][et_pb_text _builder_version=\u00a0\u00bb4.15.1&Prime; global_colors_info=\u00a0\u00bb{}\u00a0\u00bb]<\/p>\n<h1 style=\"text-align: justify;\">Analyse de forme pour suspensions<br \/><strong>Caract\u00e9risation morphologique pour des \u00e9chantillons dispers\u00e9s dans un liquide<\/strong><\/h1>\n<p style=\"text-align: justify;\">La<strong> caract\u00e9risation morphologique des suspensions et \u00e9mulsions<\/strong>\u00a0est un \u00e9l\u00e9ment fondamental dans de nombreuses \u00e9tapes\u00a0de la production\u00a0et du contr\u00f4le de la qualit\u00e9. Les\u00a0instruments de la gamme FC (Flowcell) ont \u00e9t\u00e9 d\u00e9velopp\u00e9s\u00a0pour couvrir un large spectre d&rsquo;applications:<\/p>\n<ul style=\"text-align: justify;\">\n<li><a href=\"https:\/\/occhio-instruments.com\/fr\/instruments\/nos-produits\/dispersion-voie-liquide\/fc200shr\/\">FC200S+HR<\/a> pour de\u00a0<strong>petites quantit\u00e9s de volume<\/strong>, circulation par\u00a0pompe \u00e0 seringue<\/li>\n<li><a href=\"https:\/\/occhio-instruments.com\/fr\/instruments\/nos-produits\/dispersion-voie-liquide\/fc200tc\/\">FC200TC<\/a> \u00e0 partir de<strong> 20ml<\/strong> de solution,\u00a0circulation par pompe \u00e0 seringue et contr\u00f4le de la temp\u00e9rature de l&rsquo;\u00e9chantillon<\/li>\n<li><a href=\"https:\/\/occhio-instruments.com\/fr\/instruments\/nos-produits\/dispersion-voie-liquide\/fc200ph-r\/\">FC200PHR<\/a> \u00e0 partir de <strong>50ml<\/strong> de solution, circulation par pompe p\u00e9ristaltique<\/li>\n<li><a href=\"https:\/\/occhio-instruments.com\/fr\/instruments\/nos-produits\/dispersion-voie-liquide\/fc200mhr-comptage-particules\/\">FC200MHR\u00a0<\/a>\u00e0 partir de <strong>30ml<\/strong> de solution, circulation par pompe \u00e0 membrane<\/li>\n<\/ul>\n<p style=\"text-align: justify;\">Tous nos instruments et notamment granulomorphom\u00e9tres sont pilot\u00e9s par le logiciel<a href=\"https:\/\/occhio-instruments.com\/fr\/instruments\/nos-produits\/logiciels\/callisto-3d\/\"><strong> Callisto 3D<\/strong><\/a>. Ce logiciel\u00a0permet l&rsquo;<strong>acquisition des images<\/strong> de chaque particule\u00a0et offre de\u00a0nombreuses<strong>\u00a0repr\u00e9sentations statistiques<\/strong>\u00a0innovantes.\u00a0Les param\u00e8tres de taille offrent une compr\u00e9hension plus proche de la r\u00e9alit\u00e9, par exemple la longueur et largeur d&rsquo;une fibre.<\/p>\n<h3 style=\"text-align: justify;\">Les param\u00e8tres morphologiques des particules offrent la possibilit\u00e9 de quantifier certaines propri\u00e9t\u00e9s physiques li\u00e9es \u00e0 l&rsquo;\u00e9chantillon :<\/h3>\n<ul>\n<li style=\"text-align: justify;\"><strong>Caract\u00e9risation de l\u2019\u00e9longation d&rsquo;une\u00a0particule:\u00a0<\/strong>largeur, longueur, distance maximale, Feret min, Feret max, longueur g\u00e9od\u00e9sique, \u00e9paisseur<\/li>\n<li style=\"text-align: justify;\"><strong>Caract\u00e9risation de la surface d&rsquo;une particule:<\/strong>\u00a0abrasivit\u00e9, arrondi, rugosit\u00e9, d\u00e9tection de sat\u00e9llite<\/li>\n<li style=\"text-align: justify;\"><strong>Caract\u00e9risation de l&rsquo;agr\u00e9gation d&rsquo;une particule:<\/strong>\u00a0solidit\u00e9, convexit\u00e9, circularit\u00e9<\/li>\n<li style=\"text-align: justify;\"><strong>Caract\u00e9risation de la transparence d&rsquo;une particule:<\/strong>\u00a0luminescence (valeurs moyennes et RSD)\u00a0: mesure de la lumi\u00e8re transmise \u00e0 travers la particule<\/li>\n<\/ul>\n<p>[\/et_pb_text][\/et_pb_column][et_pb_column type=\u00a0\u00bb1_3&Prime; _builder_version=\u00a0\u00bb4.15&Prime; global_colors_info=\u00a0\u00bb{}\u00a0\u00bb][et_pb_blurb title=\u00a0\u00bbFC200S+HR\u00a0\u00bb image=\u00a0\u00bbhttps:\/\/occhio-instruments.com\/wp-content\/uploads\/2020\/06\/FC200SHR.jpg\u00a0\u00bb alt=\u00a0\u00bbFC200S+HR &#8211; Comptage et mesure de pr\u00e9cision de particules \u00a0\u00bb _builder_version=\u00a0\u00bb4.15&Prime; header_text_align=\u00a0\u00bbcenter\u00a0\u00bb link_option_url=\u00a0\u00bb\/fr\/instruments\/nos-produits\/dispersion-voie-liquide\/fc200shr\/\u00a0\u00bb global_colors_info=\u00a0\u00bb{}\u00a0\u00bb][\/et_pb_blurb][et_pb_blurb title=\u00a0\u00bbFC200MHR\u00a0\u00bb image=\u00a0\u00bbhttps:\/\/occhio-instruments.com\/wp-content\/uploads\/2020\/06\/FC200M-HR-1.jpg\u00a0\u00bb alt=\u00a0\u00bbFC200MHR &#8211; mesure de particules par l&rsquo;analyse d&rsquo;image par Occhio\u00a0\u00bb _builder_version=\u00a0\u00bb4.15&Prime; header_text_align=\u00a0\u00bbcenter\u00a0\u00bb link_option_url=\u00a0\u00bb\/fr\/instruments\/nos-produits\/dispersion-voie-liquide\/fc200mhr-comptage-particules\/\u00a0\u00bb global_colors_info=\u00a0\u00bb{}\u00a0\u00bb][\/et_pb_blurb][et_pb_blurb title=\u00a0\u00bbFC200TC\u00a0\u00bb image=\u00a0\u00bbhttps:\/\/occhio-instruments.com\/wp-content\/uploads\/2020\/06\/fc200tc.png\u00a0\u00bb alt=\u00a0\u00bbFC200TC &#8211; Comptage de particules avec contr\u00f4le de temp\u00e9rature\u00a0\u00bb _builder_version=\u00a0\u00bb4.15&Prime; header_text_align=\u00a0\u00bbcenter\u00a0\u00bb link_option_url=\u00a0\u00bb\/fr\/instruments\/nos-produits\/dispersion-voie-liquide\/fc200tc\/\u00a0\u00bb global_colors_info=\u00a0\u00bb{}\u00a0\u00bb][\/et_pb_blurb][\/et_pb_column][\/et_pb_row][et_pb_row _builder_version=\u00a0\u00bb4.15&Prime; global_colors_info=\u00a0\u00bb{}\u00a0\u00bb][et_pb_column type=\u00a0\u00bb4_4&Prime; _builder_version=\u00a0\u00bb4.15&Prime; global_colors_info=\u00a0\u00bb{}\u00a0\u00bb][et_pb_text _builder_version=\u00a0\u00bb4.15&Prime; global_colors_info=\u00a0\u00bb{}\u00a0\u00bb]<\/p>\n<h3><strong>D\u00e9couvrez nos autres applications<\/strong><\/h3>\n<p>[\/et_pb_text][\/et_pb_column][\/et_pb_row][et_pb_row column_structure=\u00a0\u00bb1_4,1_4,1_4,1_4&Prime; _builder_version=\u00a0\u00bb4.15&Prime; global_colors_info=\u00a0\u00bb{}\u00a0\u00bb][et_pb_column type=\u00a0\u00bb1_4&Prime; _builder_version=\u00a0\u00bb4.15&Prime; global_colors_info=\u00a0\u00bb{}\u00a0\u00bb][et_pb_blurb title=\u00a0\u00bbAnalyse d&rsquo;\u00e9mulsions\u00a0\u00bb image=\u00a0\u00bbhttps:\/\/occhio-instruments.com\/wp-content\/uploads\/2022\/02\/analyse-emulsions.jpg\u00a0\u00bb alt=\u00a0\u00bbAnalyse de suspensions de liquide\u00a0\u00bb admin_label=\u00a0\u00bbAnalyse d&rsquo;\u00e9mulsions\u00a0\u00bb _builder_version=\u00a0\u00bb4.15&Prime; header_text_align=\u00a0\u00bbcenter\u00a0\u00bb link_option_url=\u00a0\u00bbhttps:\/\/occhio-instruments.com\/fr\/instruments\/applications\/analyse-emulsion\/\u00a0\u00bb global_colors_info=\u00a0\u00bb{}\u00a0\u00bb][\/et_pb_blurb][et_pb_blurb title=\u00a0\u00bbTamisage et contr\u00f4le de la qualit\u00e9 de production\u00a0\u00bb image=\u00a0\u00bbhttps:\/\/occhio-instruments.com\/wp-content\/uploads\/2022\/02\/tamisage-controle-production.jpg\u00a0\u00bb alt=\u00a0\u00bbTamisage contr\u00f4le de production\u00a0\u00bb admin_label=\u00a0\u00bbTamisage et contr\u00f4le de la qualit\u00e9 de production\u00a0\u00bb _builder_version=\u00a0\u00bb4.15&Prime; header_text_align=\u00a0\u00bbcenter\u00a0\u00bb link_option_url=\u00a0\u00bbhttps:\/\/occhio-instruments.com\/fr\/instruments\/applications\/tamisage-controle-qualite-production\/\u00a0\u00bb global_colors_info=\u00a0\u00bb{}\u00a0\u00bb][\/et_pb_blurb][\/et_pb_column][et_pb_column type=\u00a0\u00bb1_4&Prime; _builder_version=\u00a0\u00bb4.15&Prime; global_colors_info=\u00a0\u00bb{}\u00a0\u00bb][et_pb_blurb title=\u00a0\u00bbAnalyse de la couleur de particules\u00a0\u00bb image=\u00a0\u00bbhttps:\/\/occhio-instruments.com\/wp-content\/uploads\/2022\/02\/analyse-couleurs.jpg\u00a0\u00bb alt=\u00a0\u00bbFC200TC &#8211; comptage de particules avec contr\u00f4le de temp\u00e9rature\u00a0\u00bb admin_label=\u00a0\u00bbAnalyse de la couleur de particules\u00a0\u00bb _builder_version=\u00a0\u00bb4.15&Prime; header_text_align=\u00a0\u00bbcenter\u00a0\u00bb background_enable_color=\u00a0\u00bboff\u00a0\u00bb link_option_url=\u00a0\u00bbhttps:\/\/occhio-instruments.com\/fr\/instruments\/applications\/analyse-couleur-particules\/\u00a0\u00bb global_colors_info=\u00a0\u00bb{}\u00a0\u00bb][\/et_pb_blurb][et_pb_blurb title=\u00a0\u00bbCaract\u00e9risation de particules en trois dimensions\u00a0\u00bb image=\u00a0\u00bbhttps:\/\/occhio-instruments.com\/wp-content\/uploads\/2022\/02\/caracterisation-particules-3dimensions.jpg\u00a0\u00bb alt=\u00a0\u00bbCaract\u00e9risation de particules en trois dimensions\u00a0\u00bb admin_label=\u00a0\u00bbCaract\u00e9risation de particules en trois dimensions\u00a0\u00bb _builder_version=\u00a0\u00bb4.15&Prime; header_text_align=\u00a0\u00bbcenter\u00a0\u00bb link_option_url=\u00a0\u00bbhttps:\/\/occhio-instruments.com\/fr\/instruments\/applications\/caracterisation-particules-trois-dimensions\/\u00a0\u00bb global_colors_info=\u00a0\u00bb{}\u00a0\u00bb][\/et_pb_blurb][\/et_pb_column][et_pb_column type=\u00a0\u00bb1_4&Prime; _builder_version=\u00a0\u00bb4.15&Prime; global_colors_info=\u00a0\u00bb{}\u00a0\u00bb][et_pb_blurb title=\u00a0\u00bbConcentration de particules\u00a0\u00bb image=\u00a0\u00bbhttps:\/\/occhio-instruments.com\/wp-content\/uploads\/2022\/02\/concentration-de-particules.jpg\u00a0\u00bb alt=\u00a0\u00bbFC200TC &#8211; comptage de particules avec contr\u00f4le de temp\u00e9rature\u00a0\u00bb admin_label=\u00a0\u00bbConcentration de particules\u00a0\u00bb _builder_version=\u00a0\u00bb4.15&Prime; header_text_align=\u00a0\u00bbcenter\u00a0\u00bb link_option_url=\u00a0\u00bbhttps:\/\/occhio-instruments.com\/fr\/instruments\/applications\/concentration-particules\/\u00a0\u00bb global_colors_info=\u00a0\u00bb{}\u00a0\u00bb][\/et_pb_blurb][et_pb_blurb title=\u00a0\u00bbD\u00e9veloppement sur mesure\u00a0\u00bb image=\u00a0\u00bbhttps:\/\/occhio-instruments.com\/wp-content\/uploads\/2022\/02\/developpement-sur-mesure.jpg\u00a0\u00bb alt=\u00a0\u00bbD\u00e9veloppement sur mesure\u00a0\u00bb admin_label=\u00a0\u00bbD\u00e9veloppement sur mesure\u00a0\u00bb _builder_version=\u00a0\u00bb4.15&Prime; header_text_align=\u00a0\u00bbcenter\u00a0\u00bb link_option_url=\u00a0\u00bbhttps:\/\/occhio-instruments.com\/fr\/instruments\/applications\/developpement-sur-mesure\/\u00a0\u00bb global_colors_info=\u00a0\u00bb{}\u00a0\u00bb][\/et_pb_blurb][\/et_pb_column][et_pb_column type=\u00a0\u00bb1_4&Prime; _builder_version=\u00a0\u00bb4.15&Prime; global_colors_info=\u00a0\u00bb{}\u00a0\u00bb][et_pb_blurb title=\u00a0\u00bbAnalyse de forme pour poudre s\u00e8che\u00a0\u00bb image=\u00a0\u00bbhttps:\/\/occhio-instruments.com\/wp-content\/uploads\/2022\/02\/poudres-seches.jpg\u00a0\u00bb alt=\u00a0\u00bbAnalyse de poudres s\u00e8ches\u00a0\u00bb admin_label=\u00a0\u00bbAnalyse de forme pour poudre s\u00e8che\u00a0\u00bb _builder_version=\u00a0\u00bb4.15&Prime; header_text_align=\u00a0\u00bbcenter\u00a0\u00bb link_option_url=\u00a0\u00bbhttps:\/\/occhio-instruments.com\/fr\/instruments\/applications\/analyse-forme-poudres-seches\/\u00a0\u00bb global_colors_info=\u00a0\u00bb{}\u00a0\u00bb][\/et_pb_blurb][\/et_pb_column][\/et_pb_row][\/et_pb_section][et_pb_section fb_built=\u00a0\u00bb1&Prime; module_id=\u00a0\u00bbcta-bottom\u00a0\u00bb _builder_version=\u00a0\u00bb4.4.3&Prime; background_color=\u00a0\u00bb#51595D\u00a0\u00bb custom_padding=\u00a0\u00bb30px||30px||false|false\u00a0\u00bb global_module=\u00a0\u00bb89&Prime; saved_tabs=\u00a0\u00bball\u00a0\u00bb global_colors_info=\u00a0\u00bb{}\u00a0\u00bb][et_pb_row column_structure=\u00a0\u00bb2_3,1_3&Prime; _builder_version=\u00a0\u00bb4.15&Prime; global_colors_info=\u00a0\u00bb{}\u00a0\u00bb][et_pb_column type=\u00a0\u00bb2_3&Prime; _builder_version=\u00a0\u00bb4.15&Prime; global_colors_info=\u00a0\u00bb{}\u00a0\u00bb][et_pb_text _builder_version=\u00a0\u00bb4.15&Prime; text_text_color=\u00a0\u00bb#ffffff\u00a0\u00bb header_text_color=\u00a0\u00bb#ffffff\u00a0\u00bb global_colors_info=\u00a0\u00bb{}\u00a0\u00bb]<\/p>\n<h2>Vous souhaitez recevoir plus d&rsquo;infos ?<br \/><strong>Contactez-nous !<\/strong><\/h2>\n<p>[\/et_pb_text][\/et_pb_column][et_pb_column type=\u00a0\u00bb1_3&Prime; _builder_version=\u00a0\u00bb4.15&Prime; global_colors_info=\u00a0\u00bb{}\u00a0\u00bb][et_pb_button button_url=\u00a0\u00bb\/fr\/contact\/\u00a0\u00bb button_text=\u00a0\u00bbContactez-nous !\u00a0\u00bb _builder_version=\u00a0\u00bb4.4.3&Prime; global_colors_info=\u00a0\u00bb{}\u00a0\u00bb][\/et_pb_button][\/et_pb_column][\/et_pb_row][\/et_pb_section]<\/p>\n","protected":false},"excerpt":{"rendered":"<p>Analyse de forme pour suspensionsAnalyse de forme pour suspensionsCaract\u00e9risation morphologique pour des \u00e9chantillons dispers\u00e9s dans un liquide La caract\u00e9risation morphologique des suspensions et \u00e9mulsions\u00a0est un \u00e9l\u00e9ment fondamental dans de nombreuses \u00e9tapes\u00a0de la production\u00a0et du contr\u00f4le de la qualit\u00e9. Les\u00a0instruments de la gamme FC (Flowcell) ont \u00e9t\u00e9 d\u00e9velopp\u00e9s\u00a0pour couvrir un large spectre d&rsquo;applications: FC200S+HR pour de\u00a0petites [&hellip;]<\/p>\n","protected":false},"author":1,"featured_media":0,"parent":2471,"menu_order":0,"comment_status":"closed","ping_status":"closed","template":"","meta":{"_et_pb_use_builder":"on","_et_pb_old_content":"","_et_gb_content_width":"","footnotes":""},"yoast_head":"<!-- This site is optimized with the Yoast SEO plugin v22.9 - https:\/\/yoast.com\/wordpress\/plugins\/seo\/ -->\n<title>Analyse de forme pour suspensions - Occhio<\/title>\n<meta name=\"description\" content=\"Analyse de la forme des particules, suspensions : caract\u00e9risation morphologique pour des \u00e9chantillons dispers\u00e9s dans un liquide avec Occhio.\" \/>\n<meta name=\"robots\" content=\"index, follow, max-snippet:-1, max-image-preview:large, max-video-preview:-1\" \/>\n<link rel=\"canonical\" href=\"https:\/\/occhio-instruments.com\/fr\/instruments\/applications\/analyse-forme-suspensions\/\" \/>\n<meta property=\"og:locale\" content=\"fr_FR\" \/>\n<meta property=\"og:type\" content=\"article\" \/>\n<meta property=\"og:title\" content=\"Analyse de forme pour suspensions - Occhio\" \/>\n<meta property=\"og:description\" content=\"Analyse de la forme des particules, suspensions : caract\u00e9risation morphologique pour des \u00e9chantillons dispers\u00e9s dans un liquide avec Occhio.\" \/>\n<meta property=\"og:url\" content=\"https:\/\/occhio-instruments.com\/fr\/instruments\/applications\/analyse-forme-suspensions\/\" \/>\n<meta property=\"og:site_name\" content=\"Occhio\" \/>\n<meta property=\"article:modified_time\" content=\"2023-09-12T13:20:25+00:00\" \/>\n<meta property=\"og:image\" content=\"https:\/\/occhio-instruments.com\/wp-content\/uploads\/2021\/12\/occhio-instruments.jpg\" \/>\n\t<meta property=\"og:image:width\" content=\"1200\" \/>\n\t<meta property=\"og:image:height\" content=\"630\" \/>\n\t<meta property=\"og:image:type\" content=\"image\/jpeg\" \/>\n<meta name=\"twitter:card\" content=\"summary_large_image\" \/>\n<meta name=\"twitter:label1\" content=\"Dur\u00e9e de lecture estim\u00e9e\" \/>\n\t<meta name=\"twitter:data1\" content=\"3 minutes\" \/>\n<script type=\"application\/ld+json\" class=\"yoast-schema-graph\">{\"@context\":\"https:\/\/schema.org\",\"@graph\":[{\"@type\":\"WebPage\",\"@id\":\"https:\/\/occhio-instruments.com\/fr\/instruments\/applications\/analyse-forme-suspensions\/\",\"url\":\"https:\/\/occhio-instruments.com\/fr\/instruments\/applications\/analyse-forme-suspensions\/\",\"name\":\"Analyse de forme pour suspensions - Occhio\",\"isPartOf\":{\"@id\":\"https:\/\/occhio-instruments.com\/#website\"},\"datePublished\":\"2020-06-16T09:36:43+00:00\",\"dateModified\":\"2023-09-12T13:20:25+00:00\",\"description\":\"Analyse de la forme des particules, suspensions : caract\u00e9risation morphologique pour des \u00e9chantillons dispers\u00e9s dans un liquide avec Occhio.\",\"breadcrumb\":{\"@id\":\"https:\/\/occhio-instruments.com\/fr\/instruments\/applications\/analyse-forme-suspensions\/#breadcrumb\"},\"inLanguage\":\"fr-FR\",\"potentialAction\":[{\"@type\":\"ReadAction\",\"target\":[\"https:\/\/occhio-instruments.com\/fr\/instruments\/applications\/analyse-forme-suspensions\/\"]}]},{\"@type\":\"BreadcrumbList\",\"@id\":\"https:\/\/occhio-instruments.com\/fr\/instruments\/applications\/analyse-forme-suspensions\/#breadcrumb\",\"itemListElement\":[{\"@type\":\"ListItem\",\"position\":1,\"name\":\"Instruments\",\"item\":\"https:\/\/occhio-instruments.com\/fr\/instruments\/\"},{\"@type\":\"ListItem\",\"position\":2,\"name\":\"Applications FR\",\"item\":\"https:\/\/occhio-instruments.com\/fr\/instruments\/applications\/\"},{\"@type\":\"ListItem\",\"position\":3,\"name\":\"Analyse de forme pour suspensions\"}]},{\"@type\":\"WebSite\",\"@id\":\"https:\/\/occhio-instruments.com\/#website\",\"url\":\"https:\/\/occhio-instruments.com\/\",\"name\":\"Occhio\",\"description\":\"Un site utilisant WordPress\",\"potentialAction\":[{\"@type\":\"SearchAction\",\"target\":{\"@type\":\"EntryPoint\",\"urlTemplate\":\"https:\/\/occhio-instruments.com\/?s={search_term_string}\"},\"query-input\":\"required name=search_term_string\"}],\"inLanguage\":\"fr-FR\"}]}<\/script>\n<!-- \/ Yoast SEO plugin. -->","yoast_head_json":{"title":"Analyse de forme pour suspensions - Occhio","description":"Analyse de la forme des particules, suspensions : caract\u00e9risation morphologique pour des \u00e9chantillons dispers\u00e9s dans un liquide avec Occhio.","robots":{"index":"index","follow":"follow","max-snippet":"max-snippet:-1","max-image-preview":"max-image-preview:large","max-video-preview":"max-video-preview:-1"},"canonical":"https:\/\/occhio-instruments.com\/fr\/instruments\/applications\/analyse-forme-suspensions\/","og_locale":"fr_FR","og_type":"article","og_title":"Analyse de forme pour suspensions - Occhio","og_description":"Analyse de la forme des particules, suspensions : caract\u00e9risation morphologique pour des \u00e9chantillons dispers\u00e9s dans un liquide avec Occhio.","og_url":"https:\/\/occhio-instruments.com\/fr\/instruments\/applications\/analyse-forme-suspensions\/","og_site_name":"Occhio","article_modified_time":"2023-09-12T13:20:25+00:00","og_image":[{"width":1200,"height":630,"url":"https:\/\/occhio-instruments.com\/wp-content\/uploads\/2021\/12\/occhio-instruments.jpg","type":"image\/jpeg"}],"twitter_card":"summary_large_image","twitter_misc":{"Dur\u00e9e de lecture estim\u00e9e":"3 minutes"},"schema":{"@context":"https:\/\/schema.org","@graph":[{"@type":"WebPage","@id":"https:\/\/occhio-instruments.com\/fr\/instruments\/applications\/analyse-forme-suspensions\/","url":"https:\/\/occhio-instruments.com\/fr\/instruments\/applications\/analyse-forme-suspensions\/","name":"Analyse de forme pour suspensions - Occhio","isPartOf":{"@id":"https:\/\/occhio-instruments.com\/#website"},"datePublished":"2020-06-16T09:36:43+00:00","dateModified":"2023-09-12T13:20:25+00:00","description":"Analyse de la forme des particules, suspensions : caract\u00e9risation morphologique pour des \u00e9chantillons dispers\u00e9s dans un liquide avec Occhio.","breadcrumb":{"@id":"https:\/\/occhio-instruments.com\/fr\/instruments\/applications\/analyse-forme-suspensions\/#breadcrumb"},"inLanguage":"fr-FR","potentialAction":[{"@type":"ReadAction","target":["https:\/\/occhio-instruments.com\/fr\/instruments\/applications\/analyse-forme-suspensions\/"]}]},{"@type":"BreadcrumbList","@id":"https:\/\/occhio-instruments.com\/fr\/instruments\/applications\/analyse-forme-suspensions\/#breadcrumb","itemListElement":[{"@type":"ListItem","position":1,"name":"Instruments","item":"https:\/\/occhio-instruments.com\/fr\/instruments\/"},{"@type":"ListItem","position":2,"name":"Applications FR","item":"https:\/\/occhio-instruments.com\/fr\/instruments\/applications\/"},{"@type":"ListItem","position":3,"name":"Analyse de forme pour suspensions"}]},{"@type":"WebSite","@id":"https:\/\/occhio-instruments.com\/#website","url":"https:\/\/occhio-instruments.com\/","name":"Occhio","description":"Un site utilisant WordPress","potentialAction":[{"@type":"SearchAction","target":{"@type":"EntryPoint","urlTemplate":"https:\/\/occhio-instruments.com\/?s={search_term_string}"},"query-input":"required name=search_term_string"}],"inLanguage":"fr-FR"}]}},"_links":{"self":[{"href":"https:\/\/occhio-instruments.com\/fr\/wp-json\/wp\/v2\/pages\/2508"}],"collection":[{"href":"https:\/\/occhio-instruments.com\/fr\/wp-json\/wp\/v2\/pages"}],"about":[{"href":"https:\/\/occhio-instruments.com\/fr\/wp-json\/wp\/v2\/types\/page"}],"author":[{"embeddable":true,"href":"https:\/\/occhio-instruments.com\/fr\/wp-json\/wp\/v2\/users\/1"}],"replies":[{"embeddable":true,"href":"https:\/\/occhio-instruments.com\/fr\/wp-json\/wp\/v2\/comments?post=2508"}],"version-history":[{"count":13,"href":"https:\/\/occhio-instruments.com\/fr\/wp-json\/wp\/v2\/pages\/2508\/revisions"}],"predecessor-version":[{"id":9254,"href":"https:\/\/occhio-instruments.com\/fr\/wp-json\/wp\/v2\/pages\/2508\/revisions\/9254"}],"up":[{"embeddable":true,"href":"https:\/\/occhio-instruments.com\/fr\/wp-json\/wp\/v2\/pages\/2471"}],"wp:attachment":[{"href":"https:\/\/occhio-instruments.com\/fr\/wp-json\/wp\/v2\/media?parent=2508"}],"curies":[{"name":"wp","href":"https:\/\/api.w.org\/{rel}","templated":true}]}}