{"id":2355,"date":"2020-06-16T11:19:23","date_gmt":"2020-06-16T09:19:23","guid":{"rendered":"https:\/\/occhio-instruments.com\/vdd270-dispersion-poudres\/"},"modified":"2023-02-02T11:35:51","modified_gmt":"2023-02-02T10:35:51","slug":"vdd270-dispersion-particules","status":"publish","type":"page","link":"https:\/\/occhio-instruments.com\/fr\/instruments\/nos-produits\/instruments-speciaux\/vdd270-dispersion-particules\/","title":{"rendered":"VDD270"},"content":{"rendered":"<p>[et_pb_section fb_built=\u00a0\u00bb1&Prime; module_id=\u00a0\u00bbbanner\u00a0\u00bb _builder_version=\u00a0\u00bb4.15&Prime; background_image=\u00a0\u00bbhttps:\/\/occhio-instruments.com\/wp-content\/uploads\/2020\/04\/banner-bg.png\u00a0\u00bb global_colors_info=\u00a0\u00bb{}\u00a0\u00bb][et_pb_row _builder_version=\u00a0\u00bb4.15&Prime; background_size=\u00a0\u00bbinitial\u00a0\u00bb background_position=\u00a0\u00bbtop_left\u00a0\u00bb background_repeat=\u00a0\u00bbrepeat\u00a0\u00bb global_colors_info=\u00a0\u00bb{}\u00a0\u00bb][et_pb_column type=\u00a0\u00bb4_4&Prime; _builder_version=\u00a0\u00bb4.15&Prime; custom_padding=\u00a0\u00bb|||\u00a0\u00bb global_colors_info=\u00a0\u00bb{}\u00a0\u00bb custom_padding__hover=\u00a0\u00bb|||\u00a0\u00bb][et_pb_text _builder_version=\u00a0\u00bb4.15&Prime; global_colors_info=\u00a0\u00bb{}\u00a0\u00bb]<\/p>\n<p style=\"text-align: center;\">VDD270<\/p>\n<p>[\/et_pb_text][\/et_pb_column][\/et_pb_row][\/et_pb_section][et_pb_section fb_built=\u00a0\u00bb1&Prime; _builder_version=\u00a0\u00bb4.15&Prime; global_colors_info=\u00a0\u00bb{}\u00a0\u00bb][et_pb_row column_structure=\u00a0\u00bb2_5,3_5&Prime; _builder_version=\u00a0\u00bb4.15&Prime; global_colors_info=\u00a0\u00bb{}\u00a0\u00bb][et_pb_column type=\u00a0\u00bb2_5&Prime; _builder_version=\u00a0\u00bb4.15&Prime; global_colors_info=\u00a0\u00bb{}\u00a0\u00bb][et_pb_gallery gallery_ids=\u00a0\u00bb6003&Prime; show_title_and_caption=\u00a0\u00bboff\u00a0\u00bb _builder_version=\u00a0\u00bb4.15.1&Prime; hover_enabled=\u00a0\u00bb0&Prime; global_colors_info=\u00a0\u00bb{}\u00a0\u00bb sticky_enabled=\u00a0\u00bb0&Prime;][\/et_pb_gallery][\/et_pb_column][et_pb_column type=\u00a0\u00bb3_5&Prime; _builder_version=\u00a0\u00bb4.15&Prime; global_colors_info=\u00a0\u00bb{}\u00a0\u00bb][et_pb_text _builder_version=\u00a0\u00bb4.15.1&Prime; global_colors_info=\u00a0\u00bb{}\u00a0\u00bb]<\/p>\n<h1 style=\"text-align: justify;\"><b>VDD270, analyse de poudres<\/b><\/h1>\n<p style=\"text-align: justify;\"><span style=\"font-weight: 400;\"><strong>L&rsquo;instrument de laboratoire VDD270 est un dispositif de dispersion de poudres<\/strong> pour l&rsquo;<a href=\"https:\/\/occhio-instruments.com\/fr\/analyse-granulometrique\/granulometrie-de-poudres\/\">analyse de poudres<\/a>, pour la mesure de la <strong>forme<\/strong> et de la <strong>taille<\/strong> des poudres.<\/span><\/p>\n<h3 style=\"text-align: justify;\">G\u00e9n\u00e9ralit\u00e9s de l&rsquo;instrument pour analyse de poudres<\/h3>\n<p style=\"text-align: justify;\"><span style=\"font-weight: 400;\">Le VDD270 est un syst\u00e8me autonome qui permet de <strong>disperser des poudres<\/strong> sur une<strong> surface plane<\/strong> ou <strong>autres supports<\/strong>, par exemple des <strong>lames de microscope<\/strong>. <\/span><\/p>\n<p style=\"text-align: justify;\"><span style=\"font-weight: 400;\">Cet outil fourni une <strong>dispersion<\/strong> <strong>homog\u00e8ne<\/strong> et fonctionne aussi bien sur des <strong>\u00e9chantillons<\/strong> <strong>secs<\/strong> et <strong>humides<\/strong>. La poudre est introduite par le biais d&rsquo;un <strong>support \u00e0<\/strong> <strong>membrane<\/strong> sur le dessus de la chambre \u00e0 vide. <\/span><\/p>\n<p style=\"text-align: justify;\"><span style=\"font-weight: 400;\">La pompe int\u00e9gr\u00e9e cr\u00e9e un vide permettant l&rsquo;ouverture de la membrane. Les particules sont directement dispers\u00e9es et <strong>recueillies sur la lame de verre<\/strong> reposant sur la base de la chambre de dispersion.<\/span><\/p>\n<h2 style=\"text-align: justify;\"><b>Caract\u00e9ristiques principales pour l&rsquo;analyse de poudres<\/b><\/h2>\n<table>\n<tbody>\n<tr>\n<td><b>Dimensions<\/b><\/td>\n<td><span style=\"font-weight: 400;\">36 x 44 x 50 cm<\/span><\/td>\n<\/tr>\n<tr>\n<td><b>Poids<\/b><\/td>\n<td><span style=\"font-weight: 400;\">12.2Kg<\/span><\/td>\n<\/tr>\n<tr>\n<td><b>Diam\u00e8tre de dispersion\u00a0<\/b><\/td>\n<td><span style=\"font-weight: 400;\">140mm<\/span><\/td>\n<\/tr>\n<tr>\n<td><b>Alimentation<\/b><\/td>\n<td><span style=\"font-weight: 400;\">100-230 VAC 50-60Hz<\/span><\/td>\n<\/tr>\n<\/tbody>\n<\/table>\n<p style=\"text-align: justify;\">[\/et_pb_text][\/et_pb_column][\/et_pb_row][\/et_pb_section][et_pb_section fb_built=\u00a0\u00bb1&Prime; module_id=\u00a0\u00bbcta-bottom\u00a0\u00bb _builder_version=\u00a0\u00bb4.4.3&Prime; background_color=\u00a0\u00bb#51595D\u00a0\u00bb custom_padding=\u00a0\u00bb30px||30px||false|false\u00a0\u00bb global_module=\u00a0\u00bb89&Prime; saved_tabs=\u00a0\u00bball\u00a0\u00bb global_colors_info=\u00a0\u00bb{}\u00a0\u00bb][et_pb_row column_structure=\u00a0\u00bb2_3,1_3&Prime; _builder_version=\u00a0\u00bb4.15&Prime; global_colors_info=\u00a0\u00bb{}\u00a0\u00bb][et_pb_column type=\u00a0\u00bb2_3&Prime; _builder_version=\u00a0\u00bb4.15&Prime; global_colors_info=\u00a0\u00bb{}\u00a0\u00bb][et_pb_text _builder_version=\u00a0\u00bb4.15&Prime; text_text_color=\u00a0\u00bb#ffffff\u00a0\u00bb header_text_color=\u00a0\u00bb#ffffff\u00a0\u00bb global_colors_info=\u00a0\u00bb{}\u00a0\u00bb]<\/p>\n<h2>Vous souhaitez recevoir plus d&rsquo;infos ?<br \/><strong>Contactez-nous !<\/strong><\/h2>\n<p>[\/et_pb_text][\/et_pb_column][et_pb_column type=\u00a0\u00bb1_3&Prime; _builder_version=\u00a0\u00bb4.15&Prime; global_colors_info=\u00a0\u00bb{}\u00a0\u00bb][et_pb_button button_url=\u00a0\u00bb\/fr\/contact\/\u00a0\u00bb button_text=\u00a0\u00bbContactez-nous !\u00a0\u00bb _builder_version=\u00a0\u00bb4.4.3&Prime; global_colors_info=\u00a0\u00bb{}\u00a0\u00bb][\/et_pb_button][\/et_pb_column][\/et_pb_row][\/et_pb_section]<\/p>\n","protected":false},"excerpt":{"rendered":"<p>VDD270VDD270, analyse de poudres L&rsquo;instrument de laboratoire VDD270 est un dispositif de dispersion de poudres pour l&rsquo;analyse de poudres, pour la mesure de la forme et de la taille des poudres. G\u00e9n\u00e9ralit\u00e9s de l&rsquo;instrument pour analyse de poudres Le VDD270 est un syst\u00e8me autonome qui permet de disperser des poudres sur une surface plane ou [&hellip;]<\/p>\n","protected":false},"author":1,"featured_media":0,"parent":2276,"menu_order":0,"comment_status":"closed","ping_status":"closed","template":"","meta":{"_et_pb_use_builder":"on","_et_pb_old_content":"","_et_gb_content_width":"","footnotes":""},"yoast_head":"<!-- This site is optimized with the Yoast SEO plugin v22.9 - https:\/\/yoast.com\/wordpress\/plugins\/seo\/ -->\n<title>Analyse de poudres - Dispositif de dispersion de poudres VDD270<\/title>\n<meta name=\"description\" content=\"Analyse de poudres : VDD270 permet la dispersion homog\u00e8ne d&#039;\u00e9chantillons de poudre s\u00e8che sur une surface plane. Analyse de poudres par Occhio\" \/>\n<meta name=\"robots\" content=\"index, follow, max-snippet:-1, max-image-preview:large, max-video-preview:-1\" \/>\n<link rel=\"canonical\" href=\"https:\/\/occhio-instruments.com\/fr\/instruments\/nos-produits\/instruments-speciaux\/vdd270-dispersion-particules\/\" \/>\n<meta property=\"og:locale\" content=\"fr_FR\" \/>\n<meta property=\"og:type\" content=\"article\" \/>\n<meta property=\"og:title\" content=\"Analyse de poudres - Dispositif de dispersion de poudres VDD270\" \/>\n<meta property=\"og:description\" content=\"Analyse de poudres : VDD270 permet la dispersion homog\u00e8ne d&#039;\u00e9chantillons de poudre s\u00e8che sur une surface plane. Analyse de poudres par Occhio\" \/>\n<meta property=\"og:url\" content=\"https:\/\/occhio-instruments.com\/fr\/instruments\/nos-produits\/instruments-speciaux\/vdd270-dispersion-particules\/\" \/>\n<meta property=\"og:site_name\" content=\"Occhio\" \/>\n<meta property=\"article:modified_time\" content=\"2023-02-02T10:35:51+00:00\" \/>\n<meta property=\"og:image\" content=\"https:\/\/occhio-instruments.com\/wp-content\/uploads\/2021\/12\/occhio-instruments.jpg\" \/>\n\t<meta property=\"og:image:width\" content=\"1200\" \/>\n\t<meta property=\"og:image:height\" content=\"630\" \/>\n\t<meta property=\"og:image:type\" content=\"image\/jpeg\" \/>\n<meta name=\"twitter:card\" content=\"summary_large_image\" \/>\n<meta name=\"twitter:label1\" content=\"Dur\u00e9e de lecture estim\u00e9e\" \/>\n\t<meta name=\"twitter:data1\" content=\"1 minute\" \/>\n<script type=\"application\/ld+json\" class=\"yoast-schema-graph\">{\"@context\":\"https:\/\/schema.org\",\"@graph\":[{\"@type\":\"WebPage\",\"@id\":\"https:\/\/occhio-instruments.com\/fr\/instruments\/nos-produits\/instruments-speciaux\/vdd270-dispersion-particules\/\",\"url\":\"https:\/\/occhio-instruments.com\/fr\/instruments\/nos-produits\/instruments-speciaux\/vdd270-dispersion-particules\/\",\"name\":\"Analyse de poudres - Dispositif de dispersion de poudres VDD270\",\"isPartOf\":{\"@id\":\"https:\/\/occhio-instruments.com\/#website\"},\"datePublished\":\"2020-06-16T09:19:23+00:00\",\"dateModified\":\"2023-02-02T10:35:51+00:00\",\"description\":\"Analyse de poudres : VDD270 permet la dispersion homog\u00e8ne d'\u00e9chantillons de poudre s\u00e8che sur une surface plane. Analyse de poudres par Occhio\",\"breadcrumb\":{\"@id\":\"https:\/\/occhio-instruments.com\/fr\/instruments\/nos-produits\/instruments-speciaux\/vdd270-dispersion-particules\/#breadcrumb\"},\"inLanguage\":\"fr-FR\",\"potentialAction\":[{\"@type\":\"ReadAction\",\"target\":[\"https:\/\/occhio-instruments.com\/fr\/instruments\/nos-produits\/instruments-speciaux\/vdd270-dispersion-particules\/\"]}]},{\"@type\":\"BreadcrumbList\",\"@id\":\"https:\/\/occhio-instruments.com\/fr\/instruments\/nos-produits\/instruments-speciaux\/vdd270-dispersion-particules\/#breadcrumb\",\"itemListElement\":[{\"@type\":\"ListItem\",\"position\":1,\"name\":\"Instruments\",\"item\":\"https:\/\/occhio-instruments.com\/fr\/instruments\/\"},{\"@type\":\"ListItem\",\"position\":2,\"name\":\"Nos produits\",\"item\":\"https:\/\/occhio-instruments.com\/fr\/instruments\/nos-produits\/\"},{\"@type\":\"ListItem\",\"position\":3,\"name\":\"Instruments sp\u00e9ciaux\",\"item\":\"https:\/\/occhio-instruments.com\/fr\/instruments\/nos-produits\/instruments-speciaux\/\"},{\"@type\":\"ListItem\",\"position\":4,\"name\":\"VDD270\"}]},{\"@type\":\"WebSite\",\"@id\":\"https:\/\/occhio-instruments.com\/#website\",\"url\":\"https:\/\/occhio-instruments.com\/\",\"name\":\"Occhio\",\"description\":\"Un site utilisant WordPress\",\"potentialAction\":[{\"@type\":\"SearchAction\",\"target\":{\"@type\":\"EntryPoint\",\"urlTemplate\":\"https:\/\/occhio-instruments.com\/?s={search_term_string}\"},\"query-input\":\"required name=search_term_string\"}],\"inLanguage\":\"fr-FR\"}]}<\/script>\n<!-- \/ Yoast SEO plugin. -->","yoast_head_json":{"title":"Analyse de poudres - Dispositif de dispersion de poudres VDD270","description":"Analyse de poudres : VDD270 permet la dispersion homog\u00e8ne d'\u00e9chantillons de poudre s\u00e8che sur une surface plane. Analyse de poudres par Occhio","robots":{"index":"index","follow":"follow","max-snippet":"max-snippet:-1","max-image-preview":"max-image-preview:large","max-video-preview":"max-video-preview:-1"},"canonical":"https:\/\/occhio-instruments.com\/fr\/instruments\/nos-produits\/instruments-speciaux\/vdd270-dispersion-particules\/","og_locale":"fr_FR","og_type":"article","og_title":"Analyse de poudres - Dispositif de dispersion de poudres VDD270","og_description":"Analyse de poudres : VDD270 permet la dispersion homog\u00e8ne d'\u00e9chantillons de poudre s\u00e8che sur une surface plane. Analyse de poudres par Occhio","og_url":"https:\/\/occhio-instruments.com\/fr\/instruments\/nos-produits\/instruments-speciaux\/vdd270-dispersion-particules\/","og_site_name":"Occhio","article_modified_time":"2023-02-02T10:35:51+00:00","og_image":[{"width":1200,"height":630,"url":"https:\/\/occhio-instruments.com\/wp-content\/uploads\/2021\/12\/occhio-instruments.jpg","type":"image\/jpeg"}],"twitter_card":"summary_large_image","twitter_misc":{"Dur\u00e9e de lecture estim\u00e9e":"1 minute"},"schema":{"@context":"https:\/\/schema.org","@graph":[{"@type":"WebPage","@id":"https:\/\/occhio-instruments.com\/fr\/instruments\/nos-produits\/instruments-speciaux\/vdd270-dispersion-particules\/","url":"https:\/\/occhio-instruments.com\/fr\/instruments\/nos-produits\/instruments-speciaux\/vdd270-dispersion-particules\/","name":"Analyse de poudres - Dispositif de dispersion de poudres VDD270","isPartOf":{"@id":"https:\/\/occhio-instruments.com\/#website"},"datePublished":"2020-06-16T09:19:23+00:00","dateModified":"2023-02-02T10:35:51+00:00","description":"Analyse de poudres : VDD270 permet la dispersion homog\u00e8ne d'\u00e9chantillons de poudre s\u00e8che sur une surface plane. Analyse de poudres par Occhio","breadcrumb":{"@id":"https:\/\/occhio-instruments.com\/fr\/instruments\/nos-produits\/instruments-speciaux\/vdd270-dispersion-particules\/#breadcrumb"},"inLanguage":"fr-FR","potentialAction":[{"@type":"ReadAction","target":["https:\/\/occhio-instruments.com\/fr\/instruments\/nos-produits\/instruments-speciaux\/vdd270-dispersion-particules\/"]}]},{"@type":"BreadcrumbList","@id":"https:\/\/occhio-instruments.com\/fr\/instruments\/nos-produits\/instruments-speciaux\/vdd270-dispersion-particules\/#breadcrumb","itemListElement":[{"@type":"ListItem","position":1,"name":"Instruments","item":"https:\/\/occhio-instruments.com\/fr\/instruments\/"},{"@type":"ListItem","position":2,"name":"Nos produits","item":"https:\/\/occhio-instruments.com\/fr\/instruments\/nos-produits\/"},{"@type":"ListItem","position":3,"name":"Instruments sp\u00e9ciaux","item":"https:\/\/occhio-instruments.com\/fr\/instruments\/nos-produits\/instruments-speciaux\/"},{"@type":"ListItem","position":4,"name":"VDD270"}]},{"@type":"WebSite","@id":"https:\/\/occhio-instruments.com\/#website","url":"https:\/\/occhio-instruments.com\/","name":"Occhio","description":"Un site utilisant WordPress","potentialAction":[{"@type":"SearchAction","target":{"@type":"EntryPoint","urlTemplate":"https:\/\/occhio-instruments.com\/?s={search_term_string}"},"query-input":"required name=search_term_string"}],"inLanguage":"fr-FR"}]}},"_links":{"self":[{"href":"https:\/\/occhio-instruments.com\/fr\/wp-json\/wp\/v2\/pages\/2355"}],"collection":[{"href":"https:\/\/occhio-instruments.com\/fr\/wp-json\/wp\/v2\/pages"}],"about":[{"href":"https:\/\/occhio-instruments.com\/fr\/wp-json\/wp\/v2\/types\/page"}],"author":[{"embeddable":true,"href":"https:\/\/occhio-instruments.com\/fr\/wp-json\/wp\/v2\/users\/1"}],"replies":[{"embeddable":true,"href":"https:\/\/occhio-instruments.com\/fr\/wp-json\/wp\/v2\/comments?post=2355"}],"version-history":[{"count":8,"href":"https:\/\/occhio-instruments.com\/fr\/wp-json\/wp\/v2\/pages\/2355\/revisions"}],"predecessor-version":[{"id":9453,"href":"https:\/\/occhio-instruments.com\/fr\/wp-json\/wp\/v2\/pages\/2355\/revisions\/9453"}],"up":[{"embeddable":true,"href":"https:\/\/occhio-instruments.com\/fr\/wp-json\/wp\/v2\/pages\/2276"}],"wp:attachment":[{"href":"https:\/\/occhio-instruments.com\/fr\/wp-json\/wp\/v2\/media?parent=2355"}],"curies":[{"name":"wp","href":"https:\/\/api.w.org\/{rel}","templated":true}]}}