{"id":2343,"date":"2020-06-16T11:17:32","date_gmt":"2020-06-16T09:17:32","guid":{"rendered":"https:\/\/occhio-instruments.com\/granusize\/"},"modified":"2023-09-12T16:08:59","modified_gmt":"2023-09-12T14:08:59","slug":"granusize","status":"publish","type":"page","link":"https:\/\/occhio-instruments.com\/fr\/instruments\/nos-produits\/logiciels\/granusize\/","title":{"rendered":"Granusize FR"},"content":{"rendered":"<p>[et_pb_section fb_built=\u00a0\u00bb1&Prime; module_id=\u00a0\u00bbbanner\u00a0\u00bb _builder_version=\u00a0\u00bb4.15&Prime; background_image=\u00a0\u00bbhttps:\/\/occhio-instruments.com\/wp-content\/uploads\/2020\/04\/banner-bg.png\u00a0\u00bb global_colors_info=\u00a0\u00bb{}\u00a0\u00bb][et_pb_row _builder_version=\u00a0\u00bb4.15&Prime; background_size=\u00a0\u00bbinitial\u00a0\u00bb background_position=\u00a0\u00bbtop_left\u00a0\u00bb background_repeat=\u00a0\u00bbrepeat\u00a0\u00bb global_colors_info=\u00a0\u00bb{}\u00a0\u00bb][et_pb_column type=\u00a0\u00bb4_4&Prime; _builder_version=\u00a0\u00bb4.15&Prime; custom_padding=\u00a0\u00bb|||\u00a0\u00bb global_colors_info=\u00a0\u00bb{}\u00a0\u00bb custom_padding__hover=\u00a0\u00bb|||\u00a0\u00bb][et_pb_text _builder_version=\u00a0\u00bb4.15&Prime; global_colors_info=\u00a0\u00bb{}\u00a0\u00bb]<\/p>\n<p style=\"text-align: center;\">Granusize<\/p>\n<p>[\/et_pb_text][\/et_pb_column][\/et_pb_row][\/et_pb_section][et_pb_section fb_built=\u00a0\u00bb1&Prime; _builder_version=\u00a0\u00bb4.15&Prime; global_colors_info=\u00a0\u00bb{}\u00a0\u00bb][et_pb_row column_structure=\u00a0\u00bb2_5,3_5&Prime; _builder_version=\u00a0\u00bb4.15&Prime; global_colors_info=\u00a0\u00bb{}\u00a0\u00bb][et_pb_column type=\u00a0\u00bb2_5&Prime; _builder_version=\u00a0\u00bb4.15&Prime; global_colors_info=\u00a0\u00bb{}\u00a0\u00bb][et_pb_gallery gallery_ids=\u00a0\u00bb2344&Prime; show_title_and_caption=\u00a0\u00bboff\u00a0\u00bb _builder_version=\u00a0\u00bb4.15.1&Prime; global_colors_info=\u00a0\u00bb{}\u00a0\u00bb][\/et_pb_gallery][\/et_pb_column][et_pb_column type=\u00a0\u00bb3_5&Prime; _builder_version=\u00a0\u00bb4.15&Prime; global_colors_info=\u00a0\u00bb{}\u00a0\u00bb][et_pb_text _builder_version=\u00a0\u00bb4.15.1&Prime; hover_enabled=\u00a0\u00bb0&Prime; global_colors_info=\u00a0\u00bb{}\u00a0\u00bb sticky_enabled=\u00a0\u00bb0&Prime;]<\/p>\n<h1>Callisto Granusize, caract\u00e9risation de poudres, suspensions et \u00e9mulsions<\/h1>\n<p style=\"text-align: justify;\">Logiciel pilote pour l&rsquo;<a href=\"https:\/\/occhio-instruments.com\/fr\/analyse-granulometrique\/\"><strong>analyse granulom\u00e9trique<\/strong><\/a> et <strong>morphologique\u00a0de poudres, suspensions et \u00e9mulsions<\/strong>.<\/p>\n<p style=\"text-align: justify;\">Interface multi-instruments capable d&rsquo;adapter\u00a0la m\u00e9thode (S.O.P. Standard Operating Procedure)\u00a0selon l&rsquo;instrument utilis\u00e9.<\/p>\n<h2>Ce que permet Callisto Granusize pour la caract\u00e9risation de particules par analyse d&rsquo;image<\/h2>\n<ul>\n<li style=\"text-align: justify;\">Distribution <strong>granulom\u00e9trique<\/strong><\/li>\n<li style=\"text-align: justify;\">Distribution <strong>morphologique<\/strong><\/li>\n<li style=\"text-align: justify;\"><strong>Visualisation des donn\u00e9es<\/strong> selon plusieurs repr\u00e9sentations pour am\u00e9liorer la\u00a0compr\u00e9hension des r\u00e9sultats<\/li>\n<li style=\"text-align: justify;\"><strong>Adapt\u00e9<\/strong> \u00e0 la mesure des poudres s\u00e8ches, granulats,\u00a0suspensions et \u00e9mulsions<\/li>\n<li style=\"text-align: justify;\"><strong>Outil<\/strong>\u00a0<strong>statistique<\/strong> pour l&rsquo;\u00e9laboration des r\u00e9sultats<\/li>\n<li style=\"text-align: justify;\"><strong>Comparaison<\/strong> entre plusieurs \u00e9chantillons<\/li>\n<li style=\"text-align: justify;\">Visualisation de chaque particules selon la <strong>taille<\/strong> et la <strong>forme<\/strong><\/li>\n<li style=\"text-align: justify;\"><strong>Impression<\/strong> du rapport d&rsquo;analyse<\/li>\n<\/ul>\n<p>[\/et_pb_text][\/et_pb_column][\/et_pb_row][\/et_pb_section][et_pb_section fb_built=\u00a0\u00bb1&Prime; module_id=\u00a0\u00bbcta-bottom\u00a0\u00bb _builder_version=\u00a0\u00bb4.4.3&Prime; background_color=\u00a0\u00bb#51595D\u00a0\u00bb custom_padding=\u00a0\u00bb30px||30px||false|false\u00a0\u00bb global_module=\u00a0\u00bb89&Prime; saved_tabs=\u00a0\u00bball\u00a0\u00bb global_colors_info=\u00a0\u00bb{}\u00a0\u00bb][et_pb_row column_structure=\u00a0\u00bb2_3,1_3&Prime; _builder_version=\u00a0\u00bb4.15&Prime; global_colors_info=\u00a0\u00bb{}\u00a0\u00bb][et_pb_column type=\u00a0\u00bb2_3&Prime; _builder_version=\u00a0\u00bb4.15&Prime; global_colors_info=\u00a0\u00bb{}\u00a0\u00bb][et_pb_text _builder_version=\u00a0\u00bb4.15&Prime; text_text_color=\u00a0\u00bb#ffffff\u00a0\u00bb header_text_color=\u00a0\u00bb#ffffff\u00a0\u00bb global_colors_info=\u00a0\u00bb{}\u00a0\u00bb]<\/p>\n<h2>Vous souhaitez recevoir plus d&rsquo;infos ?<br \/><strong>Contactez-nous !<\/strong><\/h2>\n<p>[\/et_pb_text][\/et_pb_column][et_pb_column type=\u00a0\u00bb1_3&Prime; _builder_version=\u00a0\u00bb4.15&Prime; global_colors_info=\u00a0\u00bb{}\u00a0\u00bb][et_pb_button button_url=\u00a0\u00bb\/fr\/contact\/\u00a0\u00bb button_text=\u00a0\u00bbContactez-nous !\u00a0\u00bb _builder_version=\u00a0\u00bb4.4.3&Prime; global_colors_info=\u00a0\u00bb{}\u00a0\u00bb][\/et_pb_button][\/et_pb_column][\/et_pb_row][\/et_pb_section]<\/p>\n","protected":false},"excerpt":{"rendered":"<p>GranusizeCallisto Granusize, caract\u00e9risation de poudres, suspensions et \u00e9mulsions Logiciel pilote pour l&rsquo;analyse granulom\u00e9trique et morphologique\u00a0de poudres, suspensions et \u00e9mulsions. Interface multi-instruments capable d&rsquo;adapter\u00a0la m\u00e9thode (S.O.P. Standard Operating Procedure)\u00a0selon l&rsquo;instrument utilis\u00e9. Ce que permet Callisto Granusize pour la caract\u00e9risation de particules par analyse d&rsquo;image Distribution granulom\u00e9trique Distribution morphologique Visualisation des donn\u00e9es selon plusieurs repr\u00e9sentations pour am\u00e9liorer [&hellip;]<\/p>\n","protected":false},"author":1,"featured_media":0,"parent":2269,"menu_order":0,"comment_status":"closed","ping_status":"closed","template":"","meta":{"_et_pb_use_builder":"on","_et_pb_old_content":"","_et_gb_content_width":"","footnotes":""},"yoast_head":"<!-- This site is optimized with the Yoast SEO plugin v22.9 - https:\/\/yoast.com\/wordpress\/plugins\/seo\/ -->\n<title>Logiciel d&#039;analyse granulom\u00e9trique et morphologique - Granusize<\/title>\n<meta name=\"description\" content=\"Analyse granulom\u00e9trique et morphologique de poudres, suspensions et \u00e9mulsions. Logiciel Granusize pour l&#039;analyse granulom\u00e9trique.\" \/>\n<meta name=\"robots\" content=\"index, follow, max-snippet:-1, max-image-preview:large, max-video-preview:-1\" \/>\n<link rel=\"canonical\" href=\"https:\/\/occhio-instruments.com\/fr\/instruments\/nos-produits\/logiciels\/granusize\/\" \/>\n<meta property=\"og:locale\" content=\"fr_FR\" \/>\n<meta property=\"og:type\" content=\"article\" \/>\n<meta property=\"og:title\" content=\"Logiciel d&#039;analyse granulom\u00e9trique et morphologique - Granusize\" \/>\n<meta property=\"og:description\" content=\"Analyse granulom\u00e9trique et morphologique de poudres, suspensions et \u00e9mulsions. Logiciel Granusize pour l&#039;analyse granulom\u00e9trique.\" \/>\n<meta property=\"og:url\" content=\"https:\/\/occhio-instruments.com\/fr\/instruments\/nos-produits\/logiciels\/granusize\/\" \/>\n<meta property=\"og:site_name\" content=\"Occhio\" \/>\n<meta property=\"article:modified_time\" content=\"2023-09-12T14:08:59+00:00\" \/>\n<meta property=\"og:image\" content=\"https:\/\/occhio-instruments.com\/wp-content\/uploads\/2021\/12\/occhio-instruments.jpg\" \/>\n\t<meta property=\"og:image:width\" content=\"1200\" \/>\n\t<meta property=\"og:image:height\" content=\"630\" \/>\n\t<meta property=\"og:image:type\" content=\"image\/jpeg\" \/>\n<meta name=\"twitter:card\" content=\"summary_large_image\" \/>\n<meta name=\"twitter:label1\" content=\"Dur\u00e9e de lecture estim\u00e9e\" \/>\n\t<meta name=\"twitter:data1\" content=\"1 minute\" \/>\n<script type=\"application\/ld+json\" class=\"yoast-schema-graph\">{\"@context\":\"https:\/\/schema.org\",\"@graph\":[{\"@type\":\"WebPage\",\"@id\":\"https:\/\/occhio-instruments.com\/fr\/instruments\/nos-produits\/logiciels\/granusize\/\",\"url\":\"https:\/\/occhio-instruments.com\/fr\/instruments\/nos-produits\/logiciels\/granusize\/\",\"name\":\"Logiciel d'analyse granulom\u00e9trique et morphologique - Granusize\",\"isPartOf\":{\"@id\":\"https:\/\/occhio-instruments.com\/#website\"},\"datePublished\":\"2020-06-16T09:17:32+00:00\",\"dateModified\":\"2023-09-12T14:08:59+00:00\",\"description\":\"Analyse granulom\u00e9trique et morphologique de poudres, suspensions et \u00e9mulsions. Logiciel Granusize pour l'analyse granulom\u00e9trique.\",\"breadcrumb\":{\"@id\":\"https:\/\/occhio-instruments.com\/fr\/instruments\/nos-produits\/logiciels\/granusize\/#breadcrumb\"},\"inLanguage\":\"fr-FR\",\"potentialAction\":[{\"@type\":\"ReadAction\",\"target\":[\"https:\/\/occhio-instruments.com\/fr\/instruments\/nos-produits\/logiciels\/granusize\/\"]}]},{\"@type\":\"BreadcrumbList\",\"@id\":\"https:\/\/occhio-instruments.com\/fr\/instruments\/nos-produits\/logiciels\/granusize\/#breadcrumb\",\"itemListElement\":[{\"@type\":\"ListItem\",\"position\":1,\"name\":\"Instruments\",\"item\":\"https:\/\/occhio-instruments.com\/fr\/instruments\/\"},{\"@type\":\"ListItem\",\"position\":2,\"name\":\"Nos produits\",\"item\":\"https:\/\/occhio-instruments.com\/fr\/instruments\/nos-produits\/\"},{\"@type\":\"ListItem\",\"position\":3,\"name\":\"Logiciels\",\"item\":\"https:\/\/occhio-instruments.com\/fr\/instruments\/nos-produits\/logiciels\/\"},{\"@type\":\"ListItem\",\"position\":4,\"name\":\"Granusize FR\"}]},{\"@type\":\"WebSite\",\"@id\":\"https:\/\/occhio-instruments.com\/#website\",\"url\":\"https:\/\/occhio-instruments.com\/\",\"name\":\"Occhio\",\"description\":\"Un site utilisant WordPress\",\"potentialAction\":[{\"@type\":\"SearchAction\",\"target\":{\"@type\":\"EntryPoint\",\"urlTemplate\":\"https:\/\/occhio-instruments.com\/?s={search_term_string}\"},\"query-input\":\"required name=search_term_string\"}],\"inLanguage\":\"fr-FR\"}]}<\/script>\n<!-- \/ Yoast SEO plugin. -->","yoast_head_json":{"title":"Logiciel d'analyse granulom\u00e9trique et morphologique - Granusize","description":"Analyse granulom\u00e9trique et morphologique de poudres, suspensions et \u00e9mulsions. Logiciel Granusize pour l'analyse granulom\u00e9trique.","robots":{"index":"index","follow":"follow","max-snippet":"max-snippet:-1","max-image-preview":"max-image-preview:large","max-video-preview":"max-video-preview:-1"},"canonical":"https:\/\/occhio-instruments.com\/fr\/instruments\/nos-produits\/logiciels\/granusize\/","og_locale":"fr_FR","og_type":"article","og_title":"Logiciel d'analyse granulom\u00e9trique et morphologique - Granusize","og_description":"Analyse granulom\u00e9trique et morphologique de poudres, suspensions et \u00e9mulsions. Logiciel Granusize pour l'analyse granulom\u00e9trique.","og_url":"https:\/\/occhio-instruments.com\/fr\/instruments\/nos-produits\/logiciels\/granusize\/","og_site_name":"Occhio","article_modified_time":"2023-09-12T14:08:59+00:00","og_image":[{"width":1200,"height":630,"url":"https:\/\/occhio-instruments.com\/wp-content\/uploads\/2021\/12\/occhio-instruments.jpg","type":"image\/jpeg"}],"twitter_card":"summary_large_image","twitter_misc":{"Dur\u00e9e de lecture estim\u00e9e":"1 minute"},"schema":{"@context":"https:\/\/schema.org","@graph":[{"@type":"WebPage","@id":"https:\/\/occhio-instruments.com\/fr\/instruments\/nos-produits\/logiciels\/granusize\/","url":"https:\/\/occhio-instruments.com\/fr\/instruments\/nos-produits\/logiciels\/granusize\/","name":"Logiciel d'analyse granulom\u00e9trique et morphologique - Granusize","isPartOf":{"@id":"https:\/\/occhio-instruments.com\/#website"},"datePublished":"2020-06-16T09:17:32+00:00","dateModified":"2023-09-12T14:08:59+00:00","description":"Analyse granulom\u00e9trique et morphologique de poudres, suspensions et \u00e9mulsions. Logiciel Granusize pour l'analyse granulom\u00e9trique.","breadcrumb":{"@id":"https:\/\/occhio-instruments.com\/fr\/instruments\/nos-produits\/logiciels\/granusize\/#breadcrumb"},"inLanguage":"fr-FR","potentialAction":[{"@type":"ReadAction","target":["https:\/\/occhio-instruments.com\/fr\/instruments\/nos-produits\/logiciels\/granusize\/"]}]},{"@type":"BreadcrumbList","@id":"https:\/\/occhio-instruments.com\/fr\/instruments\/nos-produits\/logiciels\/granusize\/#breadcrumb","itemListElement":[{"@type":"ListItem","position":1,"name":"Instruments","item":"https:\/\/occhio-instruments.com\/fr\/instruments\/"},{"@type":"ListItem","position":2,"name":"Nos produits","item":"https:\/\/occhio-instruments.com\/fr\/instruments\/nos-produits\/"},{"@type":"ListItem","position":3,"name":"Logiciels","item":"https:\/\/occhio-instruments.com\/fr\/instruments\/nos-produits\/logiciels\/"},{"@type":"ListItem","position":4,"name":"Granusize FR"}]},{"@type":"WebSite","@id":"https:\/\/occhio-instruments.com\/#website","url":"https:\/\/occhio-instruments.com\/","name":"Occhio","description":"Un site utilisant WordPress","potentialAction":[{"@type":"SearchAction","target":{"@type":"EntryPoint","urlTemplate":"https:\/\/occhio-instruments.com\/?s={search_term_string}"},"query-input":"required name=search_term_string"}],"inLanguage":"fr-FR"}]}},"_links":{"self":[{"href":"https:\/\/occhio-instruments.com\/fr\/wp-json\/wp\/v2\/pages\/2343"}],"collection":[{"href":"https:\/\/occhio-instruments.com\/fr\/wp-json\/wp\/v2\/pages"}],"about":[{"href":"https:\/\/occhio-instruments.com\/fr\/wp-json\/wp\/v2\/types\/page"}],"author":[{"embeddable":true,"href":"https:\/\/occhio-instruments.com\/fr\/wp-json\/wp\/v2\/users\/1"}],"replies":[{"embeddable":true,"href":"https:\/\/occhio-instruments.com\/fr\/wp-json\/wp\/v2\/comments?post=2343"}],"version-history":[{"count":9,"href":"https:\/\/occhio-instruments.com\/fr\/wp-json\/wp\/v2\/pages\/2343\/revisions"}],"predecessor-version":[{"id":10543,"href":"https:\/\/occhio-instruments.com\/fr\/wp-json\/wp\/v2\/pages\/2343\/revisions\/10543"}],"up":[{"embeddable":true,"href":"https:\/\/occhio-instruments.com\/fr\/wp-json\/wp\/v2\/pages\/2269"}],"wp:attachment":[{"href":"https:\/\/occhio-instruments.com\/fr\/wp-json\/wp\/v2\/media?parent=2343"}],"curies":[{"name":"wp","href":"https:\/\/api.w.org\/{rel}","templated":true}]}}