{"id":2332,"date":"2020-06-16T11:16:02","date_gmt":"2020-06-16T09:16:02","guid":{"rendered":"https:\/\/occhio-instruments.com\/callisto-3d\/"},"modified":"2023-02-02T11:44:43","modified_gmt":"2023-02-02T10:44:43","slug":"callisto-3d","status":"publish","type":"page","link":"https:\/\/occhio-instruments.com\/fr\/instruments\/nos-produits\/logiciels\/callisto-3d\/","title":{"rendered":"Callisto 3D"},"content":{"rendered":"<p>[et_pb_section fb_built=\u00a0\u00bb1&Prime; module_id=\u00a0\u00bbbanner\u00a0\u00bb _builder_version=\u00a0\u00bb4.15&Prime; background_image=\u00a0\u00bbhttps:\/\/occhio-instruments.com\/wp-content\/uploads\/2020\/04\/banner-bg.png\u00a0\u00bb global_colors_info=\u00a0\u00bb{}\u00a0\u00bb][et_pb_row _builder_version=\u00a0\u00bb4.15&Prime; background_size=\u00a0\u00bbinitial\u00a0\u00bb background_position=\u00a0\u00bbtop_left\u00a0\u00bb background_repeat=\u00a0\u00bbrepeat\u00a0\u00bb global_colors_info=\u00a0\u00bb{}\u00a0\u00bb][et_pb_column type=\u00a0\u00bb4_4&Prime; _builder_version=\u00a0\u00bb4.15&Prime; custom_padding=\u00a0\u00bb|||\u00a0\u00bb global_colors_info=\u00a0\u00bb{}\u00a0\u00bb custom_padding__hover=\u00a0\u00bb|||\u00a0\u00bb][et_pb_text _builder_version=\u00a0\u00bb4.15&Prime; global_colors_info=\u00a0\u00bb{}\u00a0\u00bb]<\/p>\n<p style=\"text-align: center;\">Callisto 3D<\/p>\n<p>[\/et_pb_text][\/et_pb_column][\/et_pb_row][\/et_pb_section][et_pb_section fb_built=\u00a0\u00bb1&Prime; _builder_version=\u00a0\u00bb4.15&Prime; global_colors_info=\u00a0\u00bb{}\u00a0\u00bb][et_pb_row column_structure=\u00a0\u00bb2_5,3_5&Prime; _builder_version=\u00a0\u00bb4.15&Prime; global_colors_info=\u00a0\u00bb{}\u00a0\u00bb][et_pb_column type=\u00a0\u00bb2_5&Prime; _builder_version=\u00a0\u00bb4.15&Prime; global_colors_info=\u00a0\u00bb{}\u00a0\u00bb][et_pb_gallery gallery_ids=\u00a0\u00bb2338&Prime; orientation=\u00a0\u00bbportrait\u00a0\u00bb show_title_and_caption=\u00a0\u00bboff\u00a0\u00bb _builder_version=\u00a0\u00bb4.15&Prime; global_colors_info=\u00a0\u00bb{}\u00a0\u00bb][\/et_pb_gallery][\/et_pb_column][et_pb_column type=\u00a0\u00bb3_5&Prime; _builder_version=\u00a0\u00bb4.15&Prime; global_colors_info=\u00a0\u00bb{}\u00a0\u00bb][et_pb_text _builder_version=\u00a0\u00bb4.15.1&Prime; hover_enabled=\u00a0\u00bb0&Prime; global_colors_info=\u00a0\u00bb{}\u00a0\u00bb sticky_enabled=\u00a0\u00bb0&Prime;]<\/p>\n<h1 style=\"text-align: justify;\">Callisto 3D, caract\u00e9risation de particules par analyse d&rsquo;image<\/h1>\n<p style=\"text-align: justify;\">Callisto 3D est la nouvelle interface\u00a0pour la <strong>caract\u00e9risation de poudres, granulats, \u00e9mulsions et suspensions par l&rsquo;analyse d&rsquo;image<\/strong> selon\u00a0les m\u00e9thodes statiques et dynamiques.<\/p>\n<p style=\"text-align: justify;\">Technologie\u00a0<strong>multi-instruments<\/strong> capable d&rsquo;adapter\u00a0la m\u00e9thode (S.O.P. Standard Operating Procedure)\u00a0selon l&rsquo;instrument utilis\u00e9.<\/p>\n<h2>Ce que permet Callisto 3D pour la caract\u00e9risation de particules par analyse d&rsquo;image<\/h2>\n<ul style=\"text-align: justify;\">\n<li>Mesure pr\u00e9cise de la <strong>taille<\/strong> (<a href=\"https:\/\/occhio-instruments.com\/fr\/analyse-granulometrique\/\">granulom\u00e9trie<\/a> selon plusieurs param\u00e8tres, largeur, longeur, diam\u00e8tre inscrit, diam\u00e8tre \u00e9quivalent&#8230;.)<\/li>\n<li>Mesure <strong>morphologique<\/strong> de particules<\/li>\n<li>Caract\u00e9risation de la <strong>couleur<\/strong> de particules<\/li>\n<li>Estimation des particules en <strong>trois dimensions,<\/strong> mesure r\u00e9elle de la troisi\u00e8me dimension (instrument Morpho 3D)<\/li>\n<li><strong>Visualisation<\/strong> <strong>des donn\u00e9es<\/strong> selon plusieurs repr\u00e9sentations pour am\u00e9liorer la\u00a0compr\u00e9hension des r\u00e9sultats<\/li>\n<li><strong>Adapt\u00e9<\/strong> \u00e0 la mesure de\u00a0poudres s\u00e8ches, granulats,\u00a0suspensions et\u00a0\u00e9mulsions.<\/li>\n<li><strong>Outils statistiques<\/strong> pour l&rsquo;\u00e9laboration des r\u00e9sultats<\/li>\n<li><strong>Comparaison<\/strong> entre plusieurs \u00e9chantillons<\/li>\n<li>Visualisation de chaque particule\u00a0selon la taille et la forme<\/li>\n<li>R\u00e9daction du rapport d&rsquo;analyse standard ou personnalis\u00e9<\/li>\n<li><strong>Exportation<\/strong> directe et simple de toutes\u00a0les donn\u00e9es\u00a0et tableau en format excel<\/li>\n<li>Proc\u00e9dure de <strong>calibrage<\/strong> int\u00e9gr\u00e9e<\/li>\n<li>M\u00e9thode de <strong>corr\u00e9lation<\/strong> avec la granulom\u00e9trie par <a href=\"https:\/\/occhio-instruments.com\/fr\/tamisage-humide\/\">tamisage<\/a> et par <a href=\"https:\/\/occhio-instruments.com\/fr\/granulometrie-laser\/\">laser<\/a>.<\/li>\n<li>CFR21 compliant<\/li>\n<\/ul>\n<p>[\/et_pb_text][\/et_pb_column][\/et_pb_row][\/et_pb_section][et_pb_section fb_built=\u00a0\u00bb1&Prime; module_id=\u00a0\u00bbcta-bottom\u00a0\u00bb _builder_version=\u00a0\u00bb4.4.3&Prime; background_color=\u00a0\u00bb#51595D\u00a0\u00bb custom_padding=\u00a0\u00bb30px||30px||false|false\u00a0\u00bb global_module=\u00a0\u00bb89&Prime; saved_tabs=\u00a0\u00bball\u00a0\u00bb global_colors_info=\u00a0\u00bb{}\u00a0\u00bb][et_pb_row column_structure=\u00a0\u00bb2_3,1_3&Prime; _builder_version=\u00a0\u00bb4.15&Prime; global_colors_info=\u00a0\u00bb{}\u00a0\u00bb][et_pb_column type=\u00a0\u00bb2_3&Prime; _builder_version=\u00a0\u00bb4.15&Prime; global_colors_info=\u00a0\u00bb{}\u00a0\u00bb][et_pb_text _builder_version=\u00a0\u00bb4.15&Prime; text_text_color=\u00a0\u00bb#ffffff\u00a0\u00bb header_text_color=\u00a0\u00bb#ffffff\u00a0\u00bb global_colors_info=\u00a0\u00bb{}\u00a0\u00bb]<\/p>\n<h2>Vous souhaitez recevoir plus d&rsquo;infos ?<br \/><strong>Contactez-nous !<\/strong><\/h2>\n<p>[\/et_pb_text][\/et_pb_column][et_pb_column type=\u00a0\u00bb1_3&Prime; _builder_version=\u00a0\u00bb4.15&Prime; global_colors_info=\u00a0\u00bb{}\u00a0\u00bb][et_pb_button button_url=\u00a0\u00bb\/fr\/contact\/\u00a0\u00bb button_text=\u00a0\u00bbContactez-nous !\u00a0\u00bb _builder_version=\u00a0\u00bb4.4.3&Prime; global_colors_info=\u00a0\u00bb{}\u00a0\u00bb][\/et_pb_button][\/et_pb_column][\/et_pb_row][\/et_pb_section]<\/p>\n","protected":false},"excerpt":{"rendered":"<p>Callisto 3DCallisto 3D, caract\u00e9risation de particules par analyse d&rsquo;image Callisto 3D est la nouvelle interface\u00a0pour la caract\u00e9risation de poudres, granulats, \u00e9mulsions et suspensions par l&rsquo;analyse d&rsquo;image selon\u00a0les m\u00e9thodes statiques et dynamiques. Technologie\u00a0multi-instruments capable d&rsquo;adapter\u00a0la m\u00e9thode (S.O.P. Standard Operating Procedure)\u00a0selon l&rsquo;instrument utilis\u00e9. Ce que permet Callisto 3D pour la caract\u00e9risation de particules par analyse d&rsquo;image Mesure [&hellip;]<\/p>\n","protected":false},"author":1,"featured_media":0,"parent":2269,"menu_order":0,"comment_status":"closed","ping_status":"closed","template":"","meta":{"_et_pb_use_builder":"on","_et_pb_old_content":"","_et_gb_content_width":"","footnotes":""},"yoast_head":"<!-- This site is optimized with the Yoast SEO plugin v22.9 - https:\/\/yoast.com\/wordpress\/plugins\/seo\/ -->\n<title>Analyse de taille et de forme de particules en vraie 3D - Callisto 3D<\/title>\n<meta name=\"description\" content=\"Analyse de la taille, le comptage et la forme des particules en 3D r\u00e9elle avec le Callisto 3D - Occhio, instruments de laboratoire.\" \/>\n<meta name=\"robots\" content=\"index, follow, max-snippet:-1, max-image-preview:large, max-video-preview:-1\" \/>\n<link rel=\"canonical\" href=\"https:\/\/occhio-instruments.com\/fr\/instruments\/nos-produits\/logiciels\/callisto-3d\/\" \/>\n<meta property=\"og:locale\" content=\"fr_FR\" \/>\n<meta property=\"og:type\" content=\"article\" \/>\n<meta property=\"og:title\" content=\"Analyse de taille et de forme de particules en vraie 3D - Callisto 3D\" \/>\n<meta property=\"og:description\" content=\"Analyse de la taille, le comptage et la forme des particules en 3D r\u00e9elle avec le Callisto 3D - Occhio, instruments de laboratoire.\" \/>\n<meta property=\"og:url\" content=\"https:\/\/occhio-instruments.com\/fr\/instruments\/nos-produits\/logiciels\/callisto-3d\/\" \/>\n<meta property=\"og:site_name\" content=\"Occhio\" \/>\n<meta property=\"article:modified_time\" content=\"2023-02-02T10:44:43+00:00\" \/>\n<meta property=\"og:image\" content=\"https:\/\/occhio-instruments.com\/wp-content\/uploads\/2021\/12\/occhio-instruments.jpg\" \/>\n\t<meta property=\"og:image:width\" content=\"1200\" \/>\n\t<meta property=\"og:image:height\" content=\"630\" \/>\n\t<meta property=\"og:image:type\" content=\"image\/jpeg\" \/>\n<meta name=\"twitter:card\" content=\"summary_large_image\" \/>\n<meta name=\"twitter:label1\" content=\"Dur\u00e9e de lecture estim\u00e9e\" \/>\n\t<meta name=\"twitter:data1\" content=\"2 minutes\" \/>\n<script type=\"application\/ld+json\" class=\"yoast-schema-graph\">{\"@context\":\"https:\/\/schema.org\",\"@graph\":[{\"@type\":\"WebPage\",\"@id\":\"https:\/\/occhio-instruments.com\/fr\/instruments\/nos-produits\/logiciels\/callisto-3d\/\",\"url\":\"https:\/\/occhio-instruments.com\/fr\/instruments\/nos-produits\/logiciels\/callisto-3d\/\",\"name\":\"Analyse de taille et de forme de particules en vraie 3D - Callisto 3D\",\"isPartOf\":{\"@id\":\"https:\/\/occhio-instruments.com\/#website\"},\"datePublished\":\"2020-06-16T09:16:02+00:00\",\"dateModified\":\"2023-02-02T10:44:43+00:00\",\"description\":\"Analyse de la taille, le comptage et la forme des particules en 3D r\u00e9elle avec le Callisto 3D - Occhio, instruments de laboratoire.\",\"breadcrumb\":{\"@id\":\"https:\/\/occhio-instruments.com\/fr\/instruments\/nos-produits\/logiciels\/callisto-3d\/#breadcrumb\"},\"inLanguage\":\"fr-FR\",\"potentialAction\":[{\"@type\":\"ReadAction\",\"target\":[\"https:\/\/occhio-instruments.com\/fr\/instruments\/nos-produits\/logiciels\/callisto-3d\/\"]}]},{\"@type\":\"BreadcrumbList\",\"@id\":\"https:\/\/occhio-instruments.com\/fr\/instruments\/nos-produits\/logiciels\/callisto-3d\/#breadcrumb\",\"itemListElement\":[{\"@type\":\"ListItem\",\"position\":1,\"name\":\"Instruments\",\"item\":\"https:\/\/occhio-instruments.com\/fr\/instruments\/\"},{\"@type\":\"ListItem\",\"position\":2,\"name\":\"Nos produits\",\"item\":\"https:\/\/occhio-instruments.com\/fr\/instruments\/nos-produits\/\"},{\"@type\":\"ListItem\",\"position\":3,\"name\":\"Logiciels\",\"item\":\"https:\/\/occhio-instruments.com\/fr\/instruments\/nos-produits\/logiciels\/\"},{\"@type\":\"ListItem\",\"position\":4,\"name\":\"Callisto 3D\"}]},{\"@type\":\"WebSite\",\"@id\":\"https:\/\/occhio-instruments.com\/#website\",\"url\":\"https:\/\/occhio-instruments.com\/\",\"name\":\"Occhio\",\"description\":\"Un site utilisant WordPress\",\"potentialAction\":[{\"@type\":\"SearchAction\",\"target\":{\"@type\":\"EntryPoint\",\"urlTemplate\":\"https:\/\/occhio-instruments.com\/?s={search_term_string}\"},\"query-input\":\"required name=search_term_string\"}],\"inLanguage\":\"fr-FR\"}]}<\/script>\n<!-- \/ Yoast SEO plugin. -->","yoast_head_json":{"title":"Analyse de taille et de forme de particules en vraie 3D - Callisto 3D","description":"Analyse de la taille, le comptage et la forme des particules en 3D r\u00e9elle avec le Callisto 3D - Occhio, instruments de laboratoire.","robots":{"index":"index","follow":"follow","max-snippet":"max-snippet:-1","max-image-preview":"max-image-preview:large","max-video-preview":"max-video-preview:-1"},"canonical":"https:\/\/occhio-instruments.com\/fr\/instruments\/nos-produits\/logiciels\/callisto-3d\/","og_locale":"fr_FR","og_type":"article","og_title":"Analyse de taille et de forme de particules en vraie 3D - Callisto 3D","og_description":"Analyse de la taille, le comptage et la forme des particules en 3D r\u00e9elle avec le Callisto 3D - Occhio, instruments de laboratoire.","og_url":"https:\/\/occhio-instruments.com\/fr\/instruments\/nos-produits\/logiciels\/callisto-3d\/","og_site_name":"Occhio","article_modified_time":"2023-02-02T10:44:43+00:00","og_image":[{"width":1200,"height":630,"url":"https:\/\/occhio-instruments.com\/wp-content\/uploads\/2021\/12\/occhio-instruments.jpg","type":"image\/jpeg"}],"twitter_card":"summary_large_image","twitter_misc":{"Dur\u00e9e de lecture estim\u00e9e":"2 minutes"},"schema":{"@context":"https:\/\/schema.org","@graph":[{"@type":"WebPage","@id":"https:\/\/occhio-instruments.com\/fr\/instruments\/nos-produits\/logiciels\/callisto-3d\/","url":"https:\/\/occhio-instruments.com\/fr\/instruments\/nos-produits\/logiciels\/callisto-3d\/","name":"Analyse de taille et de forme de particules en vraie 3D - Callisto 3D","isPartOf":{"@id":"https:\/\/occhio-instruments.com\/#website"},"datePublished":"2020-06-16T09:16:02+00:00","dateModified":"2023-02-02T10:44:43+00:00","description":"Analyse de la taille, le comptage et la forme des particules en 3D r\u00e9elle avec le Callisto 3D - Occhio, instruments de laboratoire.","breadcrumb":{"@id":"https:\/\/occhio-instruments.com\/fr\/instruments\/nos-produits\/logiciels\/callisto-3d\/#breadcrumb"},"inLanguage":"fr-FR","potentialAction":[{"@type":"ReadAction","target":["https:\/\/occhio-instruments.com\/fr\/instruments\/nos-produits\/logiciels\/callisto-3d\/"]}]},{"@type":"BreadcrumbList","@id":"https:\/\/occhio-instruments.com\/fr\/instruments\/nos-produits\/logiciels\/callisto-3d\/#breadcrumb","itemListElement":[{"@type":"ListItem","position":1,"name":"Instruments","item":"https:\/\/occhio-instruments.com\/fr\/instruments\/"},{"@type":"ListItem","position":2,"name":"Nos produits","item":"https:\/\/occhio-instruments.com\/fr\/instruments\/nos-produits\/"},{"@type":"ListItem","position":3,"name":"Logiciels","item":"https:\/\/occhio-instruments.com\/fr\/instruments\/nos-produits\/logiciels\/"},{"@type":"ListItem","position":4,"name":"Callisto 3D"}]},{"@type":"WebSite","@id":"https:\/\/occhio-instruments.com\/#website","url":"https:\/\/occhio-instruments.com\/","name":"Occhio","description":"Un site utilisant WordPress","potentialAction":[{"@type":"SearchAction","target":{"@type":"EntryPoint","urlTemplate":"https:\/\/occhio-instruments.com\/?s={search_term_string}"},"query-input":"required name=search_term_string"}],"inLanguage":"fr-FR"}]}},"_links":{"self":[{"href":"https:\/\/occhio-instruments.com\/fr\/wp-json\/wp\/v2\/pages\/2332"}],"collection":[{"href":"https:\/\/occhio-instruments.com\/fr\/wp-json\/wp\/v2\/pages"}],"about":[{"href":"https:\/\/occhio-instruments.com\/fr\/wp-json\/wp\/v2\/types\/page"}],"author":[{"embeddable":true,"href":"https:\/\/occhio-instruments.com\/fr\/wp-json\/wp\/v2\/users\/1"}],"replies":[{"embeddable":true,"href":"https:\/\/occhio-instruments.com\/fr\/wp-json\/wp\/v2\/comments?post=2332"}],"version-history":[{"count":8,"href":"https:\/\/occhio-instruments.com\/fr\/wp-json\/wp\/v2\/pages\/2332\/revisions"}],"predecessor-version":[{"id":9461,"href":"https:\/\/occhio-instruments.com\/fr\/wp-json\/wp\/v2\/pages\/2332\/revisions\/9461"}],"up":[{"embeddable":true,"href":"https:\/\/occhio-instruments.com\/fr\/wp-json\/wp\/v2\/pages\/2269"}],"wp:attachment":[{"href":"https:\/\/occhio-instruments.com\/fr\/wp-json\/wp\/v2\/media?parent=2332"}],"curies":[{"name":"wp","href":"https:\/\/api.w.org\/{rel}","templated":true}]}}