{"id":2327,"date":"2020-06-16T11:13:57","date_gmt":"2020-06-16T09:13:57","guid":{"rendered":"https:\/\/occhio-instruments.com\/fc200p-hr\/"},"modified":"2023-09-12T16:03:00","modified_gmt":"2023-09-12T14:03:00","slug":"fc200ph-r","status":"publish","type":"page","link":"https:\/\/occhio-instruments.com\/fr\/instruments\/nos-produits\/dispersion-voie-liquide\/fc200ph-r\/","title":{"rendered":"FC200PH-R"},"content":{"rendered":"<p>[et_pb_section fb_built=\u00a0\u00bb1&Prime; module_id=\u00a0\u00bbbanner\u00a0\u00bb _builder_version=\u00a0\u00bb4.15&Prime; background_image=\u00a0\u00bbhttps:\/\/occhio-instruments.com\/wp-content\/uploads\/2020\/04\/banner-bg.png\u00a0\u00bb global_colors_info=\u00a0\u00bb{}\u00a0\u00bb][et_pb_row _builder_version=\u00a0\u00bb4.15&Prime; background_size=\u00a0\u00bbinitial\u00a0\u00bb background_position=\u00a0\u00bbtop_left\u00a0\u00bb background_repeat=\u00a0\u00bbrepeat\u00a0\u00bb global_colors_info=\u00a0\u00bb{}\u00a0\u00bb][et_pb_column type=\u00a0\u00bb4_4&Prime; _builder_version=\u00a0\u00bb4.15&Prime; custom_padding=\u00a0\u00bb|||\u00a0\u00bb global_colors_info=\u00a0\u00bb{}\u00a0\u00bb custom_padding__hover=\u00a0\u00bb|||\u00a0\u00bb][et_pb_text _builder_version=\u00a0\u00bb4.15&Prime; global_colors_info=\u00a0\u00bb{}\u00a0\u00bb]<\/p>\n<p style=\"text-align: center;\">FC200PH-R<\/p>\n<p>[\/et_pb_text][\/et_pb_column][\/et_pb_row][\/et_pb_section][et_pb_section fb_built=\u00a0\u00bb1&Prime; _builder_version=\u00a0\u00bb4.15&Prime; global_colors_info=\u00a0\u00bb{}\u00a0\u00bb][et_pb_row column_structure=\u00a0\u00bb2_5,3_5&Prime; _builder_version=\u00a0\u00bb4.15&Prime; global_colors_info=\u00a0\u00bb{}\u00a0\u00bb][et_pb_column type=\u00a0\u00bb2_5&Prime; _builder_version=\u00a0\u00bb4.15&Prime; global_colors_info=\u00a0\u00bb{}\u00a0\u00bb][et_pb_gallery gallery_ids=\u00a0\u00bb2051&Prime; show_title_and_caption=\u00a0\u00bboff\u00a0\u00bb _builder_version=\u00a0\u00bb4.15.1&Prime; global_colors_info=\u00a0\u00bb{}\u00a0\u00bb][\/et_pb_gallery][et_pb_image src=\u00a0\u00bbhttps:\/\/occhio-instruments.com\/wp-content\/uploads\/2021\/01\/occhio-fc200-phr-instrument-dispersion-liquide.jpg\u00a0\u00bb alt=\u00a0\u00bbFC200P-HR &#8211; Analyse de taille et de forme de particules par analyse d&rsquo;image\u00a0\u00bb title_text=\u00a0\u00bbFC200P-HR &#8211; Analyse de taille et de forme de particules par analyse d&rsquo;image\u00a0\u00bb _builder_version=\u00a0\u00bb4.15.1&Prime; global_colors_info=\u00a0\u00bb{}\u00a0\u00bb][\/et_pb_image][\/et_pb_column][et_pb_column type=\u00a0\u00bb3_5&Prime; _builder_version=\u00a0\u00bb4.15&Prime; global_colors_info=\u00a0\u00bb{}\u00a0\u00bb][et_pb_text _builder_version=\u00a0\u00bb4.15.1&Prime; hover_enabled=\u00a0\u00bb0&Prime; global_colors_info=\u00a0\u00bb{}\u00a0\u00bb sticky_enabled=\u00a0\u00bb0&Prime;]<\/p>\n<div class=\"col-md-5 col-sm-12 contenutexte\">\n<h1 style=\"text-align: justify;\"><strong>FC200P-HR, analyse de taille, forme et comptage de particules<\/strong><\/h1>\n<p style=\"text-align: justify;\">L&rsquo;instrument de laboratoire FC200P-HR permet de mesurer la <strong>taille, la forme de particules<\/strong> et de r\u00e9aliser le <strong>comptage de particules par l&rsquo;analyse d&rsquo;image<\/strong>. Dispersion en voie liquide, <strong>caract\u00e9risation de\u00a0suspensions et \u00e9mulsions<\/strong>.<\/p>\n<p style=\"text-align: justify;\">C&rsquo;est le tout dernier instrument de la <strong>s\u00e9rie Flowcell<\/strong> propos\u00e9 par Occhio, cet instrument versatile int\u00e8gre les meilleures caract\u00e9ristiques de ses pr\u00e9d\u00e9cesseurs avec une innovante pompe p\u00e9ristaltique permettant une large gamme de particules qui peuvent s&rsquo;adapter \u00e0 une <strong><a href=\"https:\/\/occhio-instruments.com\/fr\/instruments\/applications\/\">multitude<\/a> <a href=\"https:\/\/occhio-instruments.com\/fr\/instruments\/applications\/\">d&rsquo;applications<\/a><\/strong>.<\/p>\n<h2 style=\"text-align: justify;\">Principe de fonctionnement du FC200P-HR, instrument de mesure par analyse d&rsquo;image<\/h2>\n<p style=\"text-align: justify;\">Sp\u00e9cialement d\u00e9velopp\u00e9 pour des <strong>applications liquides pour des volumes sup\u00e9rieur ou \u00e9gal \u00e0 50ml<\/strong>. L&rsquo;\u00e9chantillon est dispers\u00e9 dans un b\u00e9cher en inox directement connect\u00e9 \u00e0 la cellule d&rsquo;analyse.<\/p>\n<p style=\"text-align: justify;\">La mise en circulation est faite par une <strong>pompe p\u00e9ristaltique<\/strong>, qui contrairement \u00e0 un circulateur rotatif, <strong>n&rsquo;endommage pas les particules<\/strong> les plus fragiles.<\/p>\n<p style=\"text-align: justify;\">La proc\u00e9dure d&rsquo;analyse permet de <strong>contr\u00f4ler la quantit\u00e9<\/strong> de l\u2019\u00e9chantillon \u00e0 analyser, le <strong>volume<\/strong> d\u2019\u00e9chantillonnage et le <strong>nombre de particules<\/strong> analys\u00e9es. La cellule d&rsquo;analyse est fournie avec des entretoises d\u2019\u00e9paisseurs diff\u00e9rentes. Le choix d\u2019une entretoise appropri\u00e9e apporte une meilleure nettet\u00e9 d\u2019image et r\u00e9duit la dilution de l\u2019\u00e9chantillon pour des mesures plus repr\u00e9sentatives.<\/p>\n<h3 style=\"text-align: justify;\"><strong>Appareil photo ultra haute r\u00e9solution 18 Megapixel en option<\/strong><\/h3>\n<p style=\"text-align: justify;\">Pour les clients qui exigent le meilleur en termes de pr\u00e9cision et de qualit\u00e9 d&rsquo;image, cette cam\u00e9ra am\u00e9lior\u00e9e est capable d&rsquo;une gamme de taille incroyable entre 0,2 \u00b5m et 1000\u00b5m permettant aux utilisateurs d&rsquo;<strong>analyser les \u00e9chantillons les plus fins<\/strong> tout en augmentant simultan\u00e9ment la <strong>qualit\u00e9 de l&rsquo;image<\/strong> pour les particules plus grosses.<\/p>\n<p style=\"text-align: justify;\">Les \u00e9chantillons peuvent \u00eatre <strong>dispers\u00e9s dans divers milieux<\/strong>, notamment, mais pas exclusivement : eau, alcools, p\u00e9trole, PEG et acides \u00e0 faible concentration.<\/p>\n<p style=\"text-align: justify;\">L&rsquo;\u00e9paisseur de l&rsquo;espaceur cellulaire peut \u00eatre facilement modifi\u00e9e entre 0,5, 1, 2 et 3 mm pour accepter une <strong>large gamme de tailles de particules<\/strong> et de <strong>viscosit\u00e9s<\/strong> de liquides.<\/p>\n<h2 style=\"text-align: justify;\"><strong>Avec Occhio FC200P-HR, vous pouvez mesurer :<\/strong><\/h2>\n<ul style=\"text-align: justify;\">\n<li>La taille des particules<\/li>\n<li>La forme des particules<\/li>\n<li>La concentration des particules (<strong>comptage de particules<\/strong>)<\/li>\n<li>La transparence des particules<\/li>\n<\/ul>\n<h2 style=\"text-align: justify;\"><strong>Logiciel associ\u00e9 \u00e0 l&rsquo;instruments de laboratoire FC200P-HR<\/strong><\/h2>\n<p style=\"text-align: justify;\">Cet instrument de laboratoire utilise <a href=\"https:\/\/occhio-instruments.com\/fr\/instruments\/nos-produits\/logiciels\/callisto-3d\/\"><strong>Callisto 3D\u2122<\/strong><\/a>, le logiciel rapide et robuste cr\u00e9\u00e9 par l&rsquo;\u00e9quipe multidisciplinaire d&rsquo;ing\u00e9nieurs d&rsquo;Occhio. Ce <a href=\"https:\/\/occhio-instruments.com\/fr\/instruments\/nos-produits\/logiciels\/\"><strong>logiciel<\/strong> <\/a>utilise de puissants algorithmes pour <strong>interpr\u00e9ter les images fournies<\/strong> et <strong>calculer<\/strong> rapidement les param\u00e8tres sp\u00e9cifiques tout en cr\u00e9ant un <strong>mod\u00e8le 3D<\/strong> pour chaque particule.<\/p>\n<p style=\"text-align: justify;\">En plus du mod\u00e8le 3D, Les donn\u00e9es et les images de chaque particule sont stock\u00e9es dans une <strong>base de donn\u00e9es binaire propre \u00e0 Occhio<\/strong>. L\u2019instrument est pilot\u00e9 par le logiciel Callisto 3D, qui contr\u00f4le l&rsquo;enti\u00e8ret\u00e9 de l\u2019analyse: m\u00e9thodes, statistiques, reporting et sauvegarde de donn\u00e9es.<\/p>\n<h2 style=\"text-align: justify;\"><strong>Caract\u00e9ristiques principales<\/strong><\/h2>\n<ul>\n<li style=\"text-align: justify;\">Taille de particules : de 1\u00b5m \u00e0 3000\u00b5m<\/li>\n<li style=\"text-align: justify;\">Volume : \u00c0 partir de 50ml<\/li>\n<li style=\"text-align: justify;\">Circulation : pompe p\u00e9ristaltique<\/li>\n<li style=\"text-align: justify;\">\u00c9paisseur de la cellule : Epaisseurs variables<\/li>\n<\/ul>\n<\/div>\n<p>[\/et_pb_text][\/et_pb_column][\/et_pb_row][\/et_pb_section][et_pb_section fb_built=\u00a0\u00bb1&Prime; module_id=\u00a0\u00bbcta-bottom\u00a0\u00bb _builder_version=\u00a0\u00bb4.4.3&Prime; background_color=\u00a0\u00bb#51595D\u00a0\u00bb custom_padding=\u00a0\u00bb30px||30px||false|false\u00a0\u00bb global_module=\u00a0\u00bb89&Prime; saved_tabs=\u00a0\u00bball\u00a0\u00bb global_colors_info=\u00a0\u00bb{}\u00a0\u00bb][et_pb_row column_structure=\u00a0\u00bb2_3,1_3&Prime; _builder_version=\u00a0\u00bb4.15&Prime; global_colors_info=\u00a0\u00bb{}\u00a0\u00bb][et_pb_column type=\u00a0\u00bb2_3&Prime; _builder_version=\u00a0\u00bb4.15&Prime; global_colors_info=\u00a0\u00bb{}\u00a0\u00bb][et_pb_text _builder_version=\u00a0\u00bb4.15&Prime; text_text_color=\u00a0\u00bb#ffffff\u00a0\u00bb header_text_color=\u00a0\u00bb#ffffff\u00a0\u00bb global_colors_info=\u00a0\u00bb{}\u00a0\u00bb]<\/p>\n<h2>Vous souhaitez recevoir plus d&rsquo;infos ?<br \/><strong>Contactez-nous !<\/strong><\/h2>\n<p>[\/et_pb_text][\/et_pb_column][et_pb_column type=\u00a0\u00bb1_3&Prime; _builder_version=\u00a0\u00bb4.15&Prime; global_colors_info=\u00a0\u00bb{}\u00a0\u00bb][et_pb_button button_url=\u00a0\u00bb\/fr\/contact\/\u00a0\u00bb button_text=\u00a0\u00bbContactez-nous !\u00a0\u00bb _builder_version=\u00a0\u00bb4.4.3&Prime; global_colors_info=\u00a0\u00bb{}\u00a0\u00bb][\/et_pb_button][\/et_pb_column][\/et_pb_row][\/et_pb_section]<\/p>\n","protected":false},"excerpt":{"rendered":"<p>FC200PH-R FC200P-HR, analyse de taille, forme et comptage de particules L&rsquo;instrument de laboratoire FC200P-HR permet de mesurer la taille, la forme de particules et de r\u00e9aliser le comptage de particules par l&rsquo;analyse d&rsquo;image. Dispersion en voie liquide, caract\u00e9risation de\u00a0suspensions et \u00e9mulsions. C&rsquo;est le tout dernier instrument de la s\u00e9rie Flowcell propos\u00e9 par Occhio, cet instrument [&hellip;]<\/p>\n","protected":false},"author":1,"featured_media":0,"parent":2241,"menu_order":0,"comment_status":"closed","ping_status":"closed","template":"","meta":{"_et_pb_use_builder":"on","_et_pb_old_content":"","_et_gb_content_width":"","footnotes":""},"yoast_head":"<!-- This site is optimized with the Yoast SEO plugin v22.9 - https:\/\/yoast.com\/wordpress\/plugins\/seo\/ -->\n<title>Comptage de particules par analyse d&#039;image - FC200MHR Occhio<\/title>\n<meta name=\"description\" content=\"Instrument de mesure de la taille, forme et comptage de particules par l&#039;analyse d&#039;image propos\u00e9 avec l&#039;instrument de laboratoire FCPH-R .\" \/>\n<meta name=\"robots\" content=\"index, follow, max-snippet:-1, max-image-preview:large, max-video-preview:-1\" \/>\n<link rel=\"canonical\" href=\"https:\/\/occhio-instruments.com\/fr\/instruments\/nos-produits\/dispersion-voie-liquide\/fc200ph-r\/\" \/>\n<meta property=\"og:locale\" content=\"fr_FR\" \/>\n<meta property=\"og:type\" content=\"article\" \/>\n<meta property=\"og:title\" content=\"Comptage de particules par analyse d&#039;image - FC200MHR Occhio\" \/>\n<meta property=\"og:description\" content=\"Instrument de mesure de la taille, forme et comptage de particules par l&#039;analyse d&#039;image propos\u00e9 avec l&#039;instrument de laboratoire FCPH-R .\" \/>\n<meta property=\"og:url\" content=\"https:\/\/occhio-instruments.com\/fr\/instruments\/nos-produits\/dispersion-voie-liquide\/fc200ph-r\/\" \/>\n<meta property=\"og:site_name\" content=\"Occhio\" \/>\n<meta property=\"article:modified_time\" content=\"2023-09-12T14:03:00+00:00\" \/>\n<meta property=\"og:image\" content=\"https:\/\/occhio-instruments.com\/wp-content\/uploads\/2021\/12\/occhio-instruments.jpg\" \/>\n\t<meta property=\"og:image:width\" content=\"1200\" \/>\n\t<meta property=\"og:image:height\" content=\"630\" \/>\n\t<meta property=\"og:image:type\" content=\"image\/jpeg\" \/>\n<meta name=\"twitter:card\" content=\"summary_large_image\" \/>\n<meta name=\"twitter:label1\" content=\"Dur\u00e9e de lecture estim\u00e9e\" \/>\n\t<meta name=\"twitter:data1\" content=\"3 minutes\" \/>\n<script type=\"application\/ld+json\" class=\"yoast-schema-graph\">{\"@context\":\"https:\/\/schema.org\",\"@graph\":[{\"@type\":\"WebPage\",\"@id\":\"https:\/\/occhio-instruments.com\/fr\/instruments\/nos-produits\/dispersion-voie-liquide\/fc200ph-r\/\",\"url\":\"https:\/\/occhio-instruments.com\/fr\/instruments\/nos-produits\/dispersion-voie-liquide\/fc200ph-r\/\",\"name\":\"Comptage de particules par analyse d'image - FC200MHR Occhio\",\"isPartOf\":{\"@id\":\"https:\/\/occhio-instruments.com\/#website\"},\"datePublished\":\"2020-06-16T09:13:57+00:00\",\"dateModified\":\"2023-09-12T14:03:00+00:00\",\"description\":\"Instrument de mesure de la taille, forme et comptage de particules par l'analyse d'image propos\u00e9 avec l'instrument de laboratoire FCPH-R .\",\"breadcrumb\":{\"@id\":\"https:\/\/occhio-instruments.com\/fr\/instruments\/nos-produits\/dispersion-voie-liquide\/fc200ph-r\/#breadcrumb\"},\"inLanguage\":\"fr-FR\",\"potentialAction\":[{\"@type\":\"ReadAction\",\"target\":[\"https:\/\/occhio-instruments.com\/fr\/instruments\/nos-produits\/dispersion-voie-liquide\/fc200ph-r\/\"]}]},{\"@type\":\"BreadcrumbList\",\"@id\":\"https:\/\/occhio-instruments.com\/fr\/instruments\/nos-produits\/dispersion-voie-liquide\/fc200ph-r\/#breadcrumb\",\"itemListElement\":[{\"@type\":\"ListItem\",\"position\":1,\"name\":\"Instruments\",\"item\":\"https:\/\/occhio-instruments.com\/fr\/instruments\/\"},{\"@type\":\"ListItem\",\"position\":2,\"name\":\"Nos produits\",\"item\":\"https:\/\/occhio-instruments.com\/fr\/instruments\/nos-produits\/\"},{\"@type\":\"ListItem\",\"position\":3,\"name\":\"Instruments de dispersion en voie liquide\",\"item\":\"https:\/\/occhio-instruments.com\/fr\/instruments\/nos-produits\/dispersion-voie-liquide\/\"},{\"@type\":\"ListItem\",\"position\":4,\"name\":\"FC200PH-R\"}]},{\"@type\":\"WebSite\",\"@id\":\"https:\/\/occhio-instruments.com\/#website\",\"url\":\"https:\/\/occhio-instruments.com\/\",\"name\":\"Occhio\",\"description\":\"Un site utilisant WordPress\",\"potentialAction\":[{\"@type\":\"SearchAction\",\"target\":{\"@type\":\"EntryPoint\",\"urlTemplate\":\"https:\/\/occhio-instruments.com\/?s={search_term_string}\"},\"query-input\":\"required name=search_term_string\"}],\"inLanguage\":\"fr-FR\"}]}<\/script>\n<!-- \/ Yoast SEO plugin. -->","yoast_head_json":{"title":"Comptage de particules par analyse d'image - FC200MHR Occhio","description":"Instrument de mesure de la taille, forme et comptage de particules par l'analyse d'image propos\u00e9 avec l'instrument de laboratoire FCPH-R .","robots":{"index":"index","follow":"follow","max-snippet":"max-snippet:-1","max-image-preview":"max-image-preview:large","max-video-preview":"max-video-preview:-1"},"canonical":"https:\/\/occhio-instruments.com\/fr\/instruments\/nos-produits\/dispersion-voie-liquide\/fc200ph-r\/","og_locale":"fr_FR","og_type":"article","og_title":"Comptage de particules par analyse d'image - FC200MHR Occhio","og_description":"Instrument de mesure de la taille, forme et comptage de particules par l'analyse d'image propos\u00e9 avec l'instrument de laboratoire FCPH-R .","og_url":"https:\/\/occhio-instruments.com\/fr\/instruments\/nos-produits\/dispersion-voie-liquide\/fc200ph-r\/","og_site_name":"Occhio","article_modified_time":"2023-09-12T14:03:00+00:00","og_image":[{"width":1200,"height":630,"url":"https:\/\/occhio-instruments.com\/wp-content\/uploads\/2021\/12\/occhio-instruments.jpg","type":"image\/jpeg"}],"twitter_card":"summary_large_image","twitter_misc":{"Dur\u00e9e de lecture estim\u00e9e":"3 minutes"},"schema":{"@context":"https:\/\/schema.org","@graph":[{"@type":"WebPage","@id":"https:\/\/occhio-instruments.com\/fr\/instruments\/nos-produits\/dispersion-voie-liquide\/fc200ph-r\/","url":"https:\/\/occhio-instruments.com\/fr\/instruments\/nos-produits\/dispersion-voie-liquide\/fc200ph-r\/","name":"Comptage de particules par analyse d'image - FC200MHR Occhio","isPartOf":{"@id":"https:\/\/occhio-instruments.com\/#website"},"datePublished":"2020-06-16T09:13:57+00:00","dateModified":"2023-09-12T14:03:00+00:00","description":"Instrument de mesure de la taille, forme et comptage de particules par l'analyse d'image propos\u00e9 avec l'instrument de laboratoire FCPH-R .","breadcrumb":{"@id":"https:\/\/occhio-instruments.com\/fr\/instruments\/nos-produits\/dispersion-voie-liquide\/fc200ph-r\/#breadcrumb"},"inLanguage":"fr-FR","potentialAction":[{"@type":"ReadAction","target":["https:\/\/occhio-instruments.com\/fr\/instruments\/nos-produits\/dispersion-voie-liquide\/fc200ph-r\/"]}]},{"@type":"BreadcrumbList","@id":"https:\/\/occhio-instruments.com\/fr\/instruments\/nos-produits\/dispersion-voie-liquide\/fc200ph-r\/#breadcrumb","itemListElement":[{"@type":"ListItem","position":1,"name":"Instruments","item":"https:\/\/occhio-instruments.com\/fr\/instruments\/"},{"@type":"ListItem","position":2,"name":"Nos produits","item":"https:\/\/occhio-instruments.com\/fr\/instruments\/nos-produits\/"},{"@type":"ListItem","position":3,"name":"Instruments de dispersion en voie liquide","item":"https:\/\/occhio-instruments.com\/fr\/instruments\/nos-produits\/dispersion-voie-liquide\/"},{"@type":"ListItem","position":4,"name":"FC200PH-R"}]},{"@type":"WebSite","@id":"https:\/\/occhio-instruments.com\/#website","url":"https:\/\/occhio-instruments.com\/","name":"Occhio","description":"Un site utilisant WordPress","potentialAction":[{"@type":"SearchAction","target":{"@type":"EntryPoint","urlTemplate":"https:\/\/occhio-instruments.com\/?s={search_term_string}"},"query-input":"required name=search_term_string"}],"inLanguage":"fr-FR"}]}},"_links":{"self":[{"href":"https:\/\/occhio-instruments.com\/fr\/wp-json\/wp\/v2\/pages\/2327"}],"collection":[{"href":"https:\/\/occhio-instruments.com\/fr\/wp-json\/wp\/v2\/pages"}],"about":[{"href":"https:\/\/occhio-instruments.com\/fr\/wp-json\/wp\/v2\/types\/page"}],"author":[{"embeddable":true,"href":"https:\/\/occhio-instruments.com\/fr\/wp-json\/wp\/v2\/users\/1"}],"replies":[{"embeddable":true,"href":"https:\/\/occhio-instruments.com\/fr\/wp-json\/wp\/v2\/comments?post=2327"}],"version-history":[{"count":8,"href":"https:\/\/occhio-instruments.com\/fr\/wp-json\/wp\/v2\/pages\/2327\/revisions"}],"predecessor-version":[{"id":9421,"href":"https:\/\/occhio-instruments.com\/fr\/wp-json\/wp\/v2\/pages\/2327\/revisions\/9421"}],"up":[{"embeddable":true,"href":"https:\/\/occhio-instruments.com\/fr\/wp-json\/wp\/v2\/pages\/2241"}],"wp:attachment":[{"href":"https:\/\/occhio-instruments.com\/fr\/wp-json\/wp\/v2\/media?parent=2327"}],"curies":[{"name":"wp","href":"https:\/\/api.w.org\/{rel}","templated":true}]}}