{"id":2317,"date":"2020-06-16T10:59:24","date_gmt":"2020-06-16T08:59:24","guid":{"rendered":"https:\/\/occhio-instruments.com\/scan-700-texture-analyzer-image-analysis\/"},"modified":"2023-02-02T10:23:53","modified_gmt":"2023-02-02T09:23:53","slug":"scan-700","status":"publish","type":"page","link":"https:\/\/occhio-instruments.com\/fr\/instruments\/nos-produits\/dispersion-voie-seche\/scan-700\/","title":{"rendered":"Scan 700 FR"},"content":{"rendered":"<p>[et_pb_section fb_built=\u00a0\u00bb1&Prime; module_id=\u00a0\u00bbbanner\u00a0\u00bb _builder_version=\u00a0\u00bb4.15&Prime; background_image=\u00a0\u00bbhttps:\/\/occhio-instruments.com\/wp-content\/uploads\/2020\/04\/banner-bg.png\u00a0\u00bb global_colors_info=\u00a0\u00bb{}\u00a0\u00bb][et_pb_row _builder_version=\u00a0\u00bb4.15&Prime; background_size=\u00a0\u00bbinitial\u00a0\u00bb background_position=\u00a0\u00bbtop_left\u00a0\u00bb background_repeat=\u00a0\u00bbrepeat\u00a0\u00bb global_colors_info=\u00a0\u00bb{}\u00a0\u00bb][et_pb_column type=\u00a0\u00bb4_4&Prime; _builder_version=\u00a0\u00bb4.15&Prime; custom_padding=\u00a0\u00bb|||\u00a0\u00bb global_colors_info=\u00a0\u00bb{}\u00a0\u00bb custom_padding__hover=\u00a0\u00bb|||\u00a0\u00bb][et_pb_text _builder_version=\u00a0\u00bb4.15&Prime; global_colors_info=\u00a0\u00bb{}\u00a0\u00bb]<\/p>\n<p style=\"text-align: center;\">Scan 700<\/p>\n<p>[\/et_pb_text][\/et_pb_column][\/et_pb_row][\/et_pb_section][et_pb_section fb_built=\u00a0\u00bb1&Prime; _builder_version=\u00a0\u00bb4.15&Prime; global_colors_info=\u00a0\u00bb{}\u00a0\u00bb][et_pb_row column_structure=\u00a0\u00bb2_5,3_5&Prime; _builder_version=\u00a0\u00bb4.15&Prime; global_colors_info=\u00a0\u00bb{}\u00a0\u00bb][et_pb_column type=\u00a0\u00bb2_5&Prime; _builder_version=\u00a0\u00bb4.15&Prime; global_colors_info=\u00a0\u00bb{}\u00a0\u00bb][et_pb_gallery gallery_ids=\u00a0\u00bb335&Prime; show_title_and_caption=\u00a0\u00bboff\u00a0\u00bb _builder_version=\u00a0\u00bb4.15&Prime; global_colors_info=\u00a0\u00bb{}\u00a0\u00bb][\/et_pb_gallery][et_pb_image src=\u00a0\u00bbhttps:\/\/occhio-instruments.com\/wp-content\/uploads\/2021\/01\/occhio-scan-700-analyse-image.jpg\u00a0\u00bb alt=\u00a0\u00bbScan 700 &#8211; Analyse de taille, morphologique et de couleur de particules par analyse d&rsquo;image\u00a0\u00bb title_text=\u00a0\u00bbScan 700 &#8211; Analyse de taille, morphologique et de couleur de particules par analyse d&rsquo;image\u00a0\u00bb _builder_version=\u00a0\u00bb4.15.1&Prime; global_colors_info=\u00a0\u00bb{}\u00a0\u00bb][\/et_pb_image][\/et_pb_column][et_pb_column type=\u00a0\u00bb3_5&Prime; _builder_version=\u00a0\u00bb4.15&Prime; global_colors_info=\u00a0\u00bb{}\u00a0\u00bb][et_pb_text _builder_version=\u00a0\u00bb4.15.1&Prime; hover_enabled=\u00a0\u00bb0&Prime; global_colors_info=\u00a0\u00bb{}\u00a0\u00bb sticky_enabled=\u00a0\u00bb0&Prime;]<\/p>\n<h1 style=\"text-align: justify;\">Scan 700, analyse de la taille, forme et couleur de particules<\/h1>\n<p style=\"text-align: justify;\">L<a href=\"https:\/\/occhio-instruments.com\/fr\/instruments\/\"><strong>&lsquo;instrument de laboratoire<\/strong> <\/a>mesure la <strong>taille<\/strong>, la <strong>forme<\/strong> et la <strong>couleur<\/strong> de particules par l&rsquo;<strong>analyse d&rsquo;image<\/strong>. Dispersion manuelle ou en utilisant <a href=\"https:\/\/occhio-instruments.com\/fr\/instruments\/nos-produits\/instruments-speciaux\/vdd270-dispersion-particules\/\"><strong>VDD270<\/strong><\/a> (optionnel).<\/p>\n<h3 style=\"text-align: justify;\">Principe de fonctionnement du Scan 700 pour la caract\u00e9risation de particules par analyse d&rsquo;image<\/h3>\n<p style=\"text-align: justify;\">D\u00e9velopp\u00e9 pour des\u00a0<strong>\u00e9chantillons h\u00e9t\u00e9rog\u00e8nes<\/strong>, le Scan 700 utilise un <strong>scanner CCD<\/strong> pour acqu\u00e9rir l\u2019image.<\/p>\n<p style=\"text-align: justify;\">L\u2019avantage principal\u00a0est la<strong> capacit\u00e9 d&rsquo;analyse<\/strong>\u00a0d&rsquo;une grande surface en une seule image\u00a0ce qui permet la caract\u00e9risation des \u00e9chantillons qui contiennent une <strong>population variable<\/strong>, par exemple: un m\u00e9lange de\u00a0particules rondes, <strong>taille inf\u00e9rieure \u00e0\u00a01 mm<\/strong> avec des <strong>particules allong\u00e9es de plus de 1 cm<\/strong>.<\/p>\n<p style=\"text-align: justify;\">Dans les <a href=\"https:\/\/occhio-instruments.com\/fr\/instruments\/applications\/\"><strong>applications<\/strong> <\/a>les plus courantes on retrouve l&rsquo;analyse de semences, pellets, granules\u00a0alimentaires, fibres de bois et bien d&rsquo;autres.<\/p>\n<p style=\"text-align: justify;\">Le Scan700 est \u00e9galement capable de caract\u00e9riser la couleur des particules.<\/p>\n<h2 style=\"text-align: justify;\"><strong>Occhio Scan 700 permet de mesurer :<\/strong><\/h2>\n<ul style=\"text-align: justify;\">\n<li>La taille des particules<\/li>\n<li>La forme des particules<\/li>\n<li>La couleur des particules<\/li>\n<\/ul>\n<h2 style=\"text-align: justify;\"><strong>Logiciel<\/strong><strong>\u00a0pour l&rsquo;analyse d&rsquo;image<\/strong><\/h2>\n<p style=\"text-align: justify;\">Les donn\u00e9es et les images de chaque particule sont stock\u00e9es dans une <strong>base de donn\u00e9es binaire propre \u00e0 Occhio<\/strong>. L\u2019instrument est pilot\u00e9\u00a0par le logiciel <strong><a href=\"https:\/\/occhio-instruments.com\/fr\/instruments\/nos-produits\/logiciels\/callisto-3d\/\">Callisto 3D<\/a><\/strong>, qui contr\u00f4le l&rsquo;enti\u00e8ret\u00e9\u00a0de\u00a0l\u2019analyse: m\u00e9thodes, statistiques, reporting et sauvegarde de donn\u00e9es.<\/p>\n<h2 style=\"text-align: justify;\"><strong>Caract\u00e9ristiques principales<\/strong><\/h2>\n<table class=\"mainfeatures\" border=\"0\" cellspacing=\"0\" cellpadding=\"0\">\n<tbody>\n<tr>\n<td><strong>Taille de particules<\/strong><\/td>\n<td>De 10 \u00b5m \u00e0 50mm<\/td>\n<\/tr>\n<tr>\n<td><strong>Taille du capteur<\/strong><\/td>\n<td>20000 x 20000 pixels<\/td>\n<\/tr>\n<tr>\n<td><strong>Surface de dispersion\u00a0<\/strong><\/td>\n<td>200 x 300 mm<\/td>\n<\/tr>\n<\/tbody>\n<\/table>\n<p style=\"text-align: justify;\">[\/et_pb_text][\/et_pb_column][\/et_pb_row][\/et_pb_section][et_pb_section fb_built=\u00a0\u00bb1&Prime; module_id=\u00a0\u00bbcta-bottom\u00a0\u00bb _builder_version=\u00a0\u00bb4.4.3&Prime; background_color=\u00a0\u00bb#51595D\u00a0\u00bb custom_padding=\u00a0\u00bb30px||30px||false|false\u00a0\u00bb global_module=\u00a0\u00bb89&Prime; saved_tabs=\u00a0\u00bball\u00a0\u00bb global_colors_info=\u00a0\u00bb{}\u00a0\u00bb][et_pb_row column_structure=\u00a0\u00bb2_3,1_3&Prime; _builder_version=\u00a0\u00bb4.15&Prime; global_colors_info=\u00a0\u00bb{}\u00a0\u00bb][et_pb_column type=\u00a0\u00bb2_3&Prime; _builder_version=\u00a0\u00bb4.15&Prime; global_colors_info=\u00a0\u00bb{}\u00a0\u00bb][et_pb_text _builder_version=\u00a0\u00bb4.15&Prime; text_text_color=\u00a0\u00bb#ffffff\u00a0\u00bb header_text_color=\u00a0\u00bb#ffffff\u00a0\u00bb global_colors_info=\u00a0\u00bb{}\u00a0\u00bb]<\/p>\n<h2>Vous souhaitez recevoir plus d&rsquo;infos ?<br \/><strong>Contactez-nous !<\/strong><\/h2>\n<p>[\/et_pb_text][\/et_pb_column][et_pb_column type=\u00a0\u00bb1_3&Prime; _builder_version=\u00a0\u00bb4.15&Prime; global_colors_info=\u00a0\u00bb{}\u00a0\u00bb][et_pb_button button_url=\u00a0\u00bb\/fr\/contact\/\u00a0\u00bb button_text=\u00a0\u00bbContactez-nous !\u00a0\u00bb _builder_version=\u00a0\u00bb4.4.3&Prime; global_colors_info=\u00a0\u00bb{}\u00a0\u00bb][\/et_pb_button][\/et_pb_column][\/et_pb_row][\/et_pb_section]<\/p>\n","protected":false},"excerpt":{"rendered":"<p>Scan 700Scan 700, analyse de la taille, forme et couleur de particules L&rsquo;instrument de laboratoire mesure la taille, la forme et la couleur de particules par l&rsquo;analyse d&rsquo;image. Dispersion manuelle ou en utilisant VDD270 (optionnel). Principe de fonctionnement du Scan 700 pour la caract\u00e9risation de particules par analyse d&rsquo;image D\u00e9velopp\u00e9 pour des\u00a0\u00e9chantillons h\u00e9t\u00e9rog\u00e8nes, le Scan [&hellip;]<\/p>\n","protected":false},"author":1,"featured_media":0,"parent":2161,"menu_order":0,"comment_status":"closed","ping_status":"closed","template":"","meta":{"_et_pb_use_builder":"on","_et_pb_old_content":"","_et_gb_content_width":"","footnotes":""},"yoast_head":"<!-- This site is optimized with the Yoast SEO plugin v22.9 - https:\/\/yoast.com\/wordpress\/plugins\/seo\/ -->\n<title>Mesure de forme et taille et couleur par analyse d&#039;image - Scan 700<\/title>\n<meta name=\"description\" content=\"Caract\u00e9risation de particules par analyse d&#039;image - Scan 700, l&#039;analyse de taille, de forme et de couleur de particules par analyse d&#039;image.\" \/>\n<meta name=\"robots\" content=\"index, follow, max-snippet:-1, max-image-preview:large, max-video-preview:-1\" \/>\n<link rel=\"canonical\" href=\"https:\/\/occhio-instruments.com\/fr\/instruments\/nos-produits\/dispersion-voie-seche\/scan-700\/\" \/>\n<meta property=\"og:locale\" content=\"fr_FR\" \/>\n<meta property=\"og:type\" content=\"article\" \/>\n<meta property=\"og:title\" content=\"Mesure de forme et taille et couleur par analyse d&#039;image - Scan 700\" \/>\n<meta property=\"og:description\" content=\"Caract\u00e9risation de particules par analyse d&#039;image - Scan 700, l&#039;analyse de taille, de forme et de couleur de particules par analyse d&#039;image.\" \/>\n<meta property=\"og:url\" content=\"https:\/\/occhio-instruments.com\/fr\/instruments\/nos-produits\/dispersion-voie-seche\/scan-700\/\" \/>\n<meta property=\"og:site_name\" content=\"Occhio\" \/>\n<meta property=\"article:modified_time\" content=\"2023-02-02T09:23:53+00:00\" \/>\n<meta property=\"og:image\" content=\"https:\/\/occhio-instruments.com\/wp-content\/uploads\/2021\/12\/occhio-instruments.jpg\" \/>\n\t<meta property=\"og:image:width\" content=\"1200\" \/>\n\t<meta property=\"og:image:height\" content=\"630\" \/>\n\t<meta property=\"og:image:type\" content=\"image\/jpeg\" \/>\n<meta name=\"twitter:card\" content=\"summary_large_image\" \/>\n<meta name=\"twitter:label1\" content=\"Dur\u00e9e de lecture estim\u00e9e\" \/>\n\t<meta name=\"twitter:data1\" content=\"2 minutes\" \/>\n<script type=\"application\/ld+json\" class=\"yoast-schema-graph\">{\"@context\":\"https:\/\/schema.org\",\"@graph\":[{\"@type\":\"WebPage\",\"@id\":\"https:\/\/occhio-instruments.com\/fr\/instruments\/nos-produits\/dispersion-voie-seche\/scan-700\/\",\"url\":\"https:\/\/occhio-instruments.com\/fr\/instruments\/nos-produits\/dispersion-voie-seche\/scan-700\/\",\"name\":\"Mesure de forme et taille et couleur par analyse d'image - Scan 700\",\"isPartOf\":{\"@id\":\"https:\/\/occhio-instruments.com\/#website\"},\"datePublished\":\"2020-06-16T08:59:24+00:00\",\"dateModified\":\"2023-02-02T09:23:53+00:00\",\"description\":\"Caract\u00e9risation de particules par analyse d'image - Scan 700, l'analyse de taille, de forme et de couleur de particules par analyse d'image.\",\"breadcrumb\":{\"@id\":\"https:\/\/occhio-instruments.com\/fr\/instruments\/nos-produits\/dispersion-voie-seche\/scan-700\/#breadcrumb\"},\"inLanguage\":\"fr-FR\",\"potentialAction\":[{\"@type\":\"ReadAction\",\"target\":[\"https:\/\/occhio-instruments.com\/fr\/instruments\/nos-produits\/dispersion-voie-seche\/scan-700\/\"]}]},{\"@type\":\"BreadcrumbList\",\"@id\":\"https:\/\/occhio-instruments.com\/fr\/instruments\/nos-produits\/dispersion-voie-seche\/scan-700\/#breadcrumb\",\"itemListElement\":[{\"@type\":\"ListItem\",\"position\":1,\"name\":\"Instruments\",\"item\":\"https:\/\/occhio-instruments.com\/fr\/instruments\/\"},{\"@type\":\"ListItem\",\"position\":2,\"name\":\"Nos produits\",\"item\":\"https:\/\/occhio-instruments.com\/fr\/instruments\/nos-produits\/\"},{\"@type\":\"ListItem\",\"position\":3,\"name\":\"Instruments dispersion en voie s\u00e8che\",\"item\":\"https:\/\/occhio-instruments.com\/fr\/instruments\/nos-produits\/dispersion-voie-seche\/\"},{\"@type\":\"ListItem\",\"position\":4,\"name\":\"Scan 700 FR\"}]},{\"@type\":\"WebSite\",\"@id\":\"https:\/\/occhio-instruments.com\/#website\",\"url\":\"https:\/\/occhio-instruments.com\/\",\"name\":\"Occhio\",\"description\":\"Un site utilisant WordPress\",\"potentialAction\":[{\"@type\":\"SearchAction\",\"target\":{\"@type\":\"EntryPoint\",\"urlTemplate\":\"https:\/\/occhio-instruments.com\/?s={search_term_string}\"},\"query-input\":\"required name=search_term_string\"}],\"inLanguage\":\"fr-FR\"}]}<\/script>\n<!-- \/ Yoast SEO plugin. -->","yoast_head_json":{"title":"Mesure de forme et taille et couleur par analyse d'image - Scan 700","description":"Caract\u00e9risation de particules par analyse d'image - Scan 700, l'analyse de taille, de forme et de couleur de particules par analyse d'image.","robots":{"index":"index","follow":"follow","max-snippet":"max-snippet:-1","max-image-preview":"max-image-preview:large","max-video-preview":"max-video-preview:-1"},"canonical":"https:\/\/occhio-instruments.com\/fr\/instruments\/nos-produits\/dispersion-voie-seche\/scan-700\/","og_locale":"fr_FR","og_type":"article","og_title":"Mesure de forme et taille et couleur par analyse d'image - Scan 700","og_description":"Caract\u00e9risation de particules par analyse d'image - Scan 700, l'analyse de taille, de forme et de couleur de particules par analyse d'image.","og_url":"https:\/\/occhio-instruments.com\/fr\/instruments\/nos-produits\/dispersion-voie-seche\/scan-700\/","og_site_name":"Occhio","article_modified_time":"2023-02-02T09:23:53+00:00","og_image":[{"width":1200,"height":630,"url":"https:\/\/occhio-instruments.com\/wp-content\/uploads\/2021\/12\/occhio-instruments.jpg","type":"image\/jpeg"}],"twitter_card":"summary_large_image","twitter_misc":{"Dur\u00e9e de lecture estim\u00e9e":"2 minutes"},"schema":{"@context":"https:\/\/schema.org","@graph":[{"@type":"WebPage","@id":"https:\/\/occhio-instruments.com\/fr\/instruments\/nos-produits\/dispersion-voie-seche\/scan-700\/","url":"https:\/\/occhio-instruments.com\/fr\/instruments\/nos-produits\/dispersion-voie-seche\/scan-700\/","name":"Mesure de forme et taille et couleur par analyse d'image - Scan 700","isPartOf":{"@id":"https:\/\/occhio-instruments.com\/#website"},"datePublished":"2020-06-16T08:59:24+00:00","dateModified":"2023-02-02T09:23:53+00:00","description":"Caract\u00e9risation de particules par analyse d'image - Scan 700, l'analyse de taille, de forme et de couleur de particules par analyse d'image.","breadcrumb":{"@id":"https:\/\/occhio-instruments.com\/fr\/instruments\/nos-produits\/dispersion-voie-seche\/scan-700\/#breadcrumb"},"inLanguage":"fr-FR","potentialAction":[{"@type":"ReadAction","target":["https:\/\/occhio-instruments.com\/fr\/instruments\/nos-produits\/dispersion-voie-seche\/scan-700\/"]}]},{"@type":"BreadcrumbList","@id":"https:\/\/occhio-instruments.com\/fr\/instruments\/nos-produits\/dispersion-voie-seche\/scan-700\/#breadcrumb","itemListElement":[{"@type":"ListItem","position":1,"name":"Instruments","item":"https:\/\/occhio-instruments.com\/fr\/instruments\/"},{"@type":"ListItem","position":2,"name":"Nos produits","item":"https:\/\/occhio-instruments.com\/fr\/instruments\/nos-produits\/"},{"@type":"ListItem","position":3,"name":"Instruments dispersion en voie s\u00e8che","item":"https:\/\/occhio-instruments.com\/fr\/instruments\/nos-produits\/dispersion-voie-seche\/"},{"@type":"ListItem","position":4,"name":"Scan 700 FR"}]},{"@type":"WebSite","@id":"https:\/\/occhio-instruments.com\/#website","url":"https:\/\/occhio-instruments.com\/","name":"Occhio","description":"Un site utilisant WordPress","potentialAction":[{"@type":"SearchAction","target":{"@type":"EntryPoint","urlTemplate":"https:\/\/occhio-instruments.com\/?s={search_term_string}"},"query-input":"required name=search_term_string"}],"inLanguage":"fr-FR"}]}},"_links":{"self":[{"href":"https:\/\/occhio-instruments.com\/fr\/wp-json\/wp\/v2\/pages\/2317"}],"collection":[{"href":"https:\/\/occhio-instruments.com\/fr\/wp-json\/wp\/v2\/pages"}],"about":[{"href":"https:\/\/occhio-instruments.com\/fr\/wp-json\/wp\/v2\/types\/page"}],"author":[{"embeddable":true,"href":"https:\/\/occhio-instruments.com\/fr\/wp-json\/wp\/v2\/users\/1"}],"replies":[{"embeddable":true,"href":"https:\/\/occhio-instruments.com\/fr\/wp-json\/wp\/v2\/comments?post=2317"}],"version-history":[{"count":14,"href":"https:\/\/occhio-instruments.com\/fr\/wp-json\/wp\/v2\/pages\/2317\/revisions"}],"predecessor-version":[{"id":9435,"href":"https:\/\/occhio-instruments.com\/fr\/wp-json\/wp\/v2\/pages\/2317\/revisions\/9435"}],"up":[{"embeddable":true,"href":"https:\/\/occhio-instruments.com\/fr\/wp-json\/wp\/v2\/pages\/2161"}],"wp:attachment":[{"href":"https:\/\/occhio-instruments.com\/fr\/wp-json\/wp\/v2\/media?parent=2317"}],"curies":[{"name":"wp","href":"https:\/\/api.w.org\/{rel}","templated":true}]}}