{"id":2294,"date":"2020-04-17T10:02:14","date_gmt":"2020-04-17T08:02:14","guid":{"rendered":"https:\/\/occhio-instruments.com\/support\/"},"modified":"2023-09-12T13:51:19","modified_gmt":"2023-09-12T11:51:19","slug":"support","status":"publish","type":"page","link":"https:\/\/occhio-instruments.com\/fr\/support\/","title":{"rendered":"Support FR"},"content":{"rendered":"<p>[et_pb_section fb_built=\u00a0\u00bb1&Prime; module_id=\u00a0\u00bbbanner\u00a0\u00bb _builder_version=\u00a0\u00bb4.15&Prime; background_image=\u00a0\u00bbhttps:\/\/occhio-instruments.com\/wp-content\/uploads\/2020\/04\/banner-bg.png\u00a0\u00bb global_colors_info=\u00a0\u00bb{}\u00a0\u00bb][et_pb_row _builder_version=\u00a0\u00bb4.15&Prime; background_size=\u00a0\u00bbinitial\u00a0\u00bb background_position=\u00a0\u00bbtop_left\u00a0\u00bb background_repeat=\u00a0\u00bbrepeat\u00a0\u00bb global_colors_info=\u00a0\u00bb{}\u00a0\u00bb][et_pb_column type=\u00a0\u00bb4_4&Prime; _builder_version=\u00a0\u00bb4.15&Prime; custom_padding=\u00a0\u00bb|||\u00a0\u00bb global_colors_info=\u00a0\u00bb{}\u00a0\u00bb custom_padding__hover=\u00a0\u00bb|||\u00a0\u00bb][et_pb_text _builder_version=\u00a0\u00bb4.15&Prime; global_colors_info=\u00a0\u00bb{}\u00a0\u00bb]<\/p>\n<p style=\"text-align: center;\">Support<br \/>Concernant nos produits et applications<\/p>\n<p>[\/et_pb_text][\/et_pb_column][\/et_pb_row][\/et_pb_section][et_pb_section fb_built=\u00a0\u00bb1&Prime; _builder_version=\u00a0\u00bb4.15&Prime; background_color=\u00a0\u00bb#f9f9f9&Prime; global_colors_info=\u00a0\u00bb{}\u00a0\u00bb][et_pb_row column_structure=\u00a0\u00bb1_2,1_2&Prime; _builder_version=\u00a0\u00bb4.15&Prime; global_colors_info=\u00a0\u00bb{}\u00a0\u00bb][et_pb_column type=\u00a0\u00bb1_2&Prime; _builder_version=\u00a0\u00bb4.15&Prime; global_colors_info=\u00a0\u00bb{}\u00a0\u00bb][et_pb_text _builder_version=\u00a0\u00bb4.15&Prime; global_colors_info=\u00a0\u00bb{}\u00a0\u00bb]<\/p>\n<div class=\"col-md-12 col-sm-12 contenutexte\" style=\"text-align: justify;\">\n<h1>Support<br \/><strong>Support<\/strong><\/h1>\n<\/div>\n<div class=\"col-md-5 col-sm-12 contenutexte\" style=\"text-align: justify;\">\n<p>Pour toutes questions techniques ou des informations concernant nos produits et applications, veuillez contacter notre help desk\u00a0:\u00a0<a href=\"mailto:info@occhio.be\">info@occhio.be<\/a><\/p>\n<p>Nous pouvons vous aider concernant:<\/p>\n<ul>\n<li>Contrat de maintenance<\/li>\n<li>Questions techniques<\/li>\n<li>Demande d\u2019application<\/li>\n<li>Guide d\u2019utilisation<\/li>\n<li>Datasheets<\/li>\n<li>Notes d\u2019application<\/li>\n<li>Analyse d\u2019\u00e9chantillon et rapport<\/li>\n<li>Planifier une d\u00e9mo<\/li>\n<li>Support \u00e0 distance<\/li>\n<\/ul>\n<p>Nous serons ravis r\u00e9pondre \u00e0 toutes vos questions !<\/p>\n<\/div>\n<p>[\/et_pb_text][\/et_pb_column][et_pb_column type=\u00a0\u00bb1_2&Prime; _builder_version=\u00a0\u00bb4.15&Prime; global_colors_info=\u00a0\u00bb{}\u00a0\u00bb][et_pb_text _builder_version=\u00a0\u00bb4.15&Prime; global_colors_info=\u00a0\u00bb{}\u00a0\u00bb]<\/p>\n<p style=\"text-align: justify;\"><strong>Service d&rsquo;analyse d&rsquo;\u00e9chantillon<\/strong><br \/>Souhaitez-vous tester votre \u00e9chantillon avec nos instruments\u00a0? N\u2019h\u00e9sitez pas \u00e0 nous l&rsquo;envoyer\u00a0! Il suffit de remplir le document Identification Echantillon, sur lequel vous pourrez d\u00e9crire votre \u00e9chantillon et son utilisation. Ainsi notre team sera apte \u00e0 comprendre vos besoins.<\/p>\n<p style=\"text-align: justify;\"><strong>Occhio s.a.<br \/>Parc Scientifique du Sart Tilman<br \/>Rue des Chasseurs ardennais 4<br \/>4031 Angleur<br \/>Belgium<\/strong><\/p>\n<p style=\"text-align: justify;\"><strong>Formations<\/strong><\/p>\n<p style=\"text-align: justify;\">Vous voulez en savoir plus concernant l\u2019utilisation de nos instruments ou il y a eu du changement dans votre team et vous voulez une nouvelle formation\u00a0? Nous vous proposons une formation basique ou avanc\u00e9e afin d\u2019am\u00e9liorer vos m\u00e9thodes de mesure ou \u00e0 d\u00e9velopper de nouvelles m\u00e9thodes pour de nouvelles applications. Selon la demande, nous pouvons nous d\u00e9placer dans vos locaux ou vous souhaitez vous d\u00e9placer et la formation se fera dans notre laboratoire.<\/p>\n<p style=\"text-align: justify;\">Envoyer votre demande ainsi qu\u2019un descriptif de vos besoins \u00e0\u00a0<a href=\"mailto:info@occhio.be\">info@occhio.be<\/a><\/p>\n<p style=\"text-align: justify;\"><strong>Maintenance\u00a0<\/strong><\/p>\n<p style=\"text-align: justify;\">Pour planifier une maintenance ou le service de calibrage, merci de contacter\u00a0<a href=\"mailto:info@occhio.be\">info@occhio.be<\/a>\u00a0pour obtenir les infos d\u00e9taill\u00e9es<\/p>\n<p style=\"text-align: justify;\"><strong>Support vente et commercial<\/strong><\/p>\n<p style=\"text-align: justify;\">Pour obtenir une offre concernant un instrument ou un consommable, merci de contacter <a href=\"mailto:sales@occhio.be\">sales@occhio.be<\/a><\/p>\n<p>[\/et_pb_text][\/et_pb_column][\/et_pb_row][\/et_pb_section][et_pb_section fb_built=\u00a0\u00bb1&Prime; module_id=\u00a0\u00bbcta-bottom\u00a0\u00bb _builder_version=\u00a0\u00bb4.4.3&Prime; background_color=\u00a0\u00bb#51595D\u00a0\u00bb custom_padding=\u00a0\u00bb30px||30px||false|false\u00a0\u00bb global_module=\u00a0\u00bb89&Prime; saved_tabs=\u00a0\u00bball\u00a0\u00bb global_colors_info=\u00a0\u00bb{}\u00a0\u00bb][et_pb_row column_structure=\u00a0\u00bb2_3,1_3&Prime; _builder_version=\u00a0\u00bb4.15&Prime; global_colors_info=\u00a0\u00bb{}\u00a0\u00bb][et_pb_column type=\u00a0\u00bb2_3&Prime; _builder_version=\u00a0\u00bb4.15&Prime; global_colors_info=\u00a0\u00bb{}\u00a0\u00bb][et_pb_text _builder_version=\u00a0\u00bb4.15&Prime; text_text_color=\u00a0\u00bb#ffffff\u00a0\u00bb header_text_color=\u00a0\u00bb#ffffff\u00a0\u00bb global_colors_info=\u00a0\u00bb{}\u00a0\u00bb]<\/p>\n<h2>Vous souhaitez recevoir plus d&rsquo;infos ?<br \/><strong>Contactez-nous !<\/strong><\/h2>\n<p>[\/et_pb_text][\/et_pb_column][et_pb_column type=\u00a0\u00bb1_3&Prime; _builder_version=\u00a0\u00bb4.15&Prime; global_colors_info=\u00a0\u00bb{}\u00a0\u00bb][et_pb_button button_url=\u00a0\u00bb\/fr\/contact\/\u00a0\u00bb button_text=\u00a0\u00bbContactez-nous !\u00a0\u00bb _builder_version=\u00a0\u00bb4.4.3&Prime; global_colors_info=\u00a0\u00bb{}\u00a0\u00bb][\/et_pb_button][\/et_pb_column][\/et_pb_row][\/et_pb_section]<\/p>\n","protected":false},"excerpt":{"rendered":"<p>SupportConcernant nos produits et applications SupportSupport Pour toutes questions techniques ou des informations concernant nos produits et applications, veuillez contacter notre help desk\u00a0:\u00a0info@occhio.be Nous pouvons vous aider concernant: Contrat de maintenance Questions techniques Demande d\u2019application Guide d\u2019utilisation Datasheets Notes d\u2019application Analyse d\u2019\u00e9chantillon et rapport Planifier une d\u00e9mo Support \u00e0 distance Nous serons ravis r\u00e9pondre \u00e0 [&hellip;]<\/p>\n","protected":false},"author":1,"featured_media":0,"parent":0,"menu_order":0,"comment_status":"closed","ping_status":"closed","template":"","meta":{"_et_pb_use_builder":"on","_et_pb_old_content":"","_et_gb_content_width":"","footnotes":""},"yoast_head":"<!-- This site is optimized with the Yoast SEO plugin v22.9 - https:\/\/yoast.com\/wordpress\/plugins\/seo\/ -->\n<title>Support - D\u00e9couvrez les services que nous proposons chez Occhio<\/title>\n<meta name=\"description\" content=\"Notre service support : contactez Occhio pour toutes questions relatives aux produits, applications et autres formations que nous proposons !\" \/>\n<meta name=\"robots\" content=\"index, follow, max-snippet:-1, max-image-preview:large, max-video-preview:-1\" \/>\n<link rel=\"canonical\" href=\"https:\/\/occhio-instruments.com\/fr\/support\/\" \/>\n<meta property=\"og:locale\" content=\"fr_FR\" \/>\n<meta property=\"og:type\" content=\"article\" \/>\n<meta property=\"og:title\" content=\"Support - D\u00e9couvrez les services que nous proposons chez Occhio\" \/>\n<meta property=\"og:description\" content=\"Notre service support : contactez Occhio pour toutes questions relatives aux produits, applications et autres formations que nous proposons !\" \/>\n<meta property=\"og:url\" content=\"https:\/\/occhio-instruments.com\/fr\/support\/\" \/>\n<meta property=\"og:site_name\" content=\"Occhio\" \/>\n<meta property=\"article:modified_time\" content=\"2023-09-12T11:51:19+00:00\" \/>\n<meta property=\"og:image\" content=\"https:\/\/occhio-instruments.com\/wp-content\/uploads\/2021\/12\/occhio-instruments.jpg\" \/>\n\t<meta property=\"og:image:width\" content=\"1200\" \/>\n\t<meta property=\"og:image:height\" content=\"630\" \/>\n\t<meta property=\"og:image:type\" content=\"image\/jpeg\" \/>\n<meta name=\"twitter:card\" content=\"summary_large_image\" \/>\n<meta name=\"twitter:label1\" content=\"Dur\u00e9e de lecture estim\u00e9e\" \/>\n\t<meta name=\"twitter:data1\" content=\"2 minutes\" \/>\n<script type=\"application\/ld+json\" class=\"yoast-schema-graph\">{\"@context\":\"https:\/\/schema.org\",\"@graph\":[{\"@type\":\"WebPage\",\"@id\":\"https:\/\/occhio-instruments.com\/fr\/support\/\",\"url\":\"https:\/\/occhio-instruments.com\/fr\/support\/\",\"name\":\"Support - D\u00e9couvrez les services que nous proposons chez Occhio\",\"isPartOf\":{\"@id\":\"https:\/\/occhio-instruments.com\/#website\"},\"datePublished\":\"2020-04-17T08:02:14+00:00\",\"dateModified\":\"2023-09-12T11:51:19+00:00\",\"description\":\"Notre service support : contactez Occhio pour toutes questions relatives aux produits, applications et autres formations que nous proposons !\",\"inLanguage\":\"fr-FR\",\"potentialAction\":[{\"@type\":\"ReadAction\",\"target\":[\"https:\/\/occhio-instruments.com\/fr\/support\/\"]}]},{\"@type\":\"WebSite\",\"@id\":\"https:\/\/occhio-instruments.com\/#website\",\"url\":\"https:\/\/occhio-instruments.com\/\",\"name\":\"Occhio\",\"description\":\"Un site utilisant WordPress\",\"potentialAction\":[{\"@type\":\"SearchAction\",\"target\":{\"@type\":\"EntryPoint\",\"urlTemplate\":\"https:\/\/occhio-instruments.com\/?s={search_term_string}\"},\"query-input\":\"required name=search_term_string\"}],\"inLanguage\":\"fr-FR\"}]}<\/script>\n<!-- \/ Yoast SEO plugin. -->","yoast_head_json":{"title":"Support - D\u00e9couvrez les services que nous proposons chez Occhio","description":"Notre service support : contactez Occhio pour toutes questions relatives aux produits, applications et autres formations que nous proposons !","robots":{"index":"index","follow":"follow","max-snippet":"max-snippet:-1","max-image-preview":"max-image-preview:large","max-video-preview":"max-video-preview:-1"},"canonical":"https:\/\/occhio-instruments.com\/fr\/support\/","og_locale":"fr_FR","og_type":"article","og_title":"Support - D\u00e9couvrez les services que nous proposons chez Occhio","og_description":"Notre service support : contactez Occhio pour toutes questions relatives aux produits, applications et autres formations que nous proposons !","og_url":"https:\/\/occhio-instruments.com\/fr\/support\/","og_site_name":"Occhio","article_modified_time":"2023-09-12T11:51:19+00:00","og_image":[{"width":1200,"height":630,"url":"https:\/\/occhio-instruments.com\/wp-content\/uploads\/2021\/12\/occhio-instruments.jpg","type":"image\/jpeg"}],"twitter_card":"summary_large_image","twitter_misc":{"Dur\u00e9e de lecture estim\u00e9e":"2 minutes"},"schema":{"@context":"https:\/\/schema.org","@graph":[{"@type":"WebPage","@id":"https:\/\/occhio-instruments.com\/fr\/support\/","url":"https:\/\/occhio-instruments.com\/fr\/support\/","name":"Support - D\u00e9couvrez les services que nous proposons chez Occhio","isPartOf":{"@id":"https:\/\/occhio-instruments.com\/#website"},"datePublished":"2020-04-17T08:02:14+00:00","dateModified":"2023-09-12T11:51:19+00:00","description":"Notre service support : contactez Occhio pour toutes questions relatives aux produits, applications et autres formations que nous proposons !","inLanguage":"fr-FR","potentialAction":[{"@type":"ReadAction","target":["https:\/\/occhio-instruments.com\/fr\/support\/"]}]},{"@type":"WebSite","@id":"https:\/\/occhio-instruments.com\/#website","url":"https:\/\/occhio-instruments.com\/","name":"Occhio","description":"Un site utilisant WordPress","potentialAction":[{"@type":"SearchAction","target":{"@type":"EntryPoint","urlTemplate":"https:\/\/occhio-instruments.com\/?s={search_term_string}"},"query-input":"required name=search_term_string"}],"inLanguage":"fr-FR"}]}},"_links":{"self":[{"href":"https:\/\/occhio-instruments.com\/fr\/wp-json\/wp\/v2\/pages\/2294"}],"collection":[{"href":"https:\/\/occhio-instruments.com\/fr\/wp-json\/wp\/v2\/pages"}],"about":[{"href":"https:\/\/occhio-instruments.com\/fr\/wp-json\/wp\/v2\/types\/page"}],"author":[{"embeddable":true,"href":"https:\/\/occhio-instruments.com\/fr\/wp-json\/wp\/v2\/users\/1"}],"replies":[{"embeddable":true,"href":"https:\/\/occhio-instruments.com\/fr\/wp-json\/wp\/v2\/comments?post=2294"}],"version-history":[{"count":7,"href":"https:\/\/occhio-instruments.com\/fr\/wp-json\/wp\/v2\/pages\/2294\/revisions"}],"predecessor-version":[{"id":10461,"href":"https:\/\/occhio-instruments.com\/fr\/wp-json\/wp\/v2\/pages\/2294\/revisions\/10461"}],"wp:attachment":[{"href":"https:\/\/occhio-instruments.com\/fr\/wp-json\/wp\/v2\/media?parent=2294"}],"curies":[{"name":"wp","href":"https:\/\/api.w.org\/{rel}","templated":true}]}}