{"id":2263,"date":"2020-06-16T11:09:50","date_gmt":"2020-06-16T09:09:50","guid":{"rendered":"https:\/\/occhio-instruments.com\/fc200tc-particle-counting-temperature-control\/"},"modified":"2023-02-02T10:22:37","modified_gmt":"2023-02-02T09:22:37","slug":"fc200tc","status":"publish","type":"page","link":"https:\/\/occhio-instruments.com\/fr\/instruments\/nos-produits\/dispersion-voie-liquide\/fc200tc\/","title":{"rendered":"FC200TC"},"content":{"rendered":"<p>[et_pb_section fb_built=\u00a0\u00bb1&Prime; module_id=\u00a0\u00bbbanner\u00a0\u00bb _builder_version=\u00a0\u00bb4.15&Prime; background_image=\u00a0\u00bbhttps:\/\/occhio-instruments.com\/wp-content\/uploads\/2020\/04\/banner-bg.png\u00a0\u00bb global_colors_info=\u00a0\u00bb{}\u00a0\u00bb][et_pb_row _builder_version=\u00a0\u00bb4.15&Prime; background_size=\u00a0\u00bbinitial\u00a0\u00bb background_position=\u00a0\u00bbtop_left\u00a0\u00bb background_repeat=\u00a0\u00bbrepeat\u00a0\u00bb global_colors_info=\u00a0\u00bb{}\u00a0\u00bb][et_pb_column type=\u00a0\u00bb4_4&Prime; _builder_version=\u00a0\u00bb4.15&Prime; custom_padding=\u00a0\u00bb|||\u00a0\u00bb global_colors_info=\u00a0\u00bb{}\u00a0\u00bb custom_padding__hover=\u00a0\u00bb|||\u00a0\u00bb][et_pb_text _builder_version=\u00a0\u00bb4.15&Prime; global_colors_info=\u00a0\u00bb{}\u00a0\u00bb]<\/p>\n<p style=\"text-align: center;\">FC200TC<\/p>\n<p>[\/et_pb_text][\/et_pb_column][\/et_pb_row][\/et_pb_section][et_pb_section fb_built=\u00a0\u00bb1&Prime; _builder_version=\u00a0\u00bb4.15&Prime; global_colors_info=\u00a0\u00bb{}\u00a0\u00bb][et_pb_row column_structure=\u00a0\u00bb2_5,3_5&Prime; _builder_version=\u00a0\u00bb4.15&Prime; global_colors_info=\u00a0\u00bb{}\u00a0\u00bb][et_pb_column type=\u00a0\u00bb2_5&Prime; _builder_version=\u00a0\u00bb4.15&Prime; global_colors_info=\u00a0\u00bb{}\u00a0\u00bb][et_pb_gallery gallery_ids=\u00a0\u00bb2050&Prime; show_title_and_caption=\u00a0\u00bboff\u00a0\u00bb _builder_version=\u00a0\u00bb4.15.1&Prime; global_colors_info=\u00a0\u00bb{}\u00a0\u00bb][\/et_pb_gallery][et_pb_image src=\u00a0\u00bbhttps:\/\/occhio-instruments.com\/wp-content\/uploads\/2021\/01\/occhio-fc200-tc-comptage-particule-controle-temperature.jpg\u00a0\u00bb alt=\u00a0\u00bbFC200TC &#8211; Comptage de particules avec contr\u00f4le de temp\u00e9rature\u00a0\u00bb title_text=\u00a0\u00bbFC200TC &#8211; Comptage de particules avec contr\u00f4le de temp\u00e9rature\u00a0\u00bb _builder_version=\u00a0\u00bb4.15.1&Prime; global_colors_info=\u00a0\u00bb{}\u00a0\u00bb][\/et_pb_image][\/et_pb_column][et_pb_column type=\u00a0\u00bb3_5&Prime; _builder_version=\u00a0\u00bb4.15&Prime; global_colors_info=\u00a0\u00bb{}\u00a0\u00bb][et_pb_text admin_label=\u00a0\u00bbTexte\u00a0\u00bb _builder_version=\u00a0\u00bb4.15.1&Prime; hover_enabled=\u00a0\u00bb0&Prime; global_colors_info=\u00a0\u00bb{}\u00a0\u00bb sticky_enabled=\u00a0\u00bb0&Prime;]<\/p>\n<h1 style=\"text-align: justify;\">FC200TC, comptage de particules avec contr\u00f4le de temp\u00e9rature<\/h1>\n<p style=\"text-align: justify;\">L&rsquo;instrument de laboratoire FC200TC permet de mesurer la taille et la forme de particules <strong>par l&rsquo;analyse d&rsquo;image<\/strong>. Dispersion en voie liquide, <strong>caract\u00e9risation des suspensions et \u00e9mulsions<\/strong>. B\u00e9cher et cellule chauffants avec dispersion de l&rsquo;\u00e9chantillon \u00e0 temp\u00e9rature contr\u00f4l\u00e9e (ambiante jusqu&rsquo;\u00e0 +150C\u00b0).<\/p>\n<h2 style=\"text-align: justify;\">Principe de fonctionnement du FC200TC pour la caract\u00e9risation de particules par analyse d&rsquo;image<\/h2>\n<p style=\"text-align: justify;\">Sp\u00e9cialement d\u00e9velopp\u00e9 pour des <a href=\"https:\/\/occhio-instruments.com\/fr\/instruments\/applications\/\"><strong>applications liquides<\/strong><\/a>, il permet aussi de <strong>r\u00e9gler la temp\u00e9rature<\/strong> de l&rsquo;\u00e9chantillon lors de l&rsquo;analyse, entre une plage de 20\u00b0C (T\u00b0 ambiante)\u00a0\u00a0\u00e0 150\u00b0C, par le biais d&rsquo;un contr\u00f4leur de temp\u00e9rature int\u00e9gr\u00e9. Occhio FC200TC permet le <strong>comptage<\/strong> et la <strong>mesure de taille et forme<\/strong> de particules avec une pr\u00e9cision in\u00e9gal\u00e9e.<\/p>\n<p style=\"text-align: justify;\">L&rsquo;\u00e9chantillon est mis en circulation par une seringue, le volume et la vitesse d&rsquo;\u00e9coulement sont contr\u00f4l\u00e9s avec pr\u00e9cision. La proc\u00e9dure d&rsquo;analyse permet de contr\u00f4ler la <strong>quantit\u00e9 de l&rsquo;\u00e9chantillon<\/strong> \u00e0 analyser, le <strong>volume<\/strong> d&rsquo;\u00e9chantillonnage et le <strong>nombre de particules<\/strong> analys\u00e9es. La cellule d&rsquo;analyse est fournie avec des entretoises d&rsquo;\u00e9paisseurs diff\u00e9rentes. Le choix d&rsquo;une entretoise appropri\u00e9e apporte une meilleure nettet\u00e9 d&rsquo;image et r\u00e9duit la dilution de l&rsquo;\u00e9chantillon pour des mesures plus repr\u00e9sentatives.<\/p>\n<p style=\"text-align: justify;\">Occhio FC200TC\u00a0poss\u00e8de un capteur \u00e0 tr\u00e8s haute r\u00e9solution, ce qui consent\u00a0d&rsquo;obtenir\u00a0une\u00a0mesure directe de\u00a0pr\u00e9cision, il permet de remplacer un\u00a0granulom\u00e8tre\u00a0laser dans de nombreuses applications, en particulier, o\u00f9\u00a0une meilleure\u00a0compr\u00e9hension de l&rsquo;\u00e9chantillon\u00a0est requise.<\/p>\n<h3 style=\"text-align: justify;\"><strong>Option &lsquo;HR&rsquo; haute r\u00e9solution<\/strong><\/h3>\n<p style=\"text-align: justify;\">La r\u00e9solution des images est l&rsquo;un des aspects cl\u00e9s des instruments bas\u00e9s sur l&rsquo;analyse d&rsquo;images. Notre option RH est fournie avec un<strong> capteur \u00e0 ultra haute r\u00e9solution<\/strong>. Ce capteur vous offre une <strong>imagerie plus nette<\/strong> avec seulement un<strong> calibrage optique mineur<\/strong>.<\/p>\n<h2 style=\"text-align: justify;\"><strong>Avec Occhio FC200TC, vous pouvez mesurer:<\/strong><\/h2>\n<ul style=\"text-align: justify;\">\n<li>Echantillons \u00e0 diff\u00e9rentes temp\u00e9ratures contr\u00f4l\u00e9es ( de temp\u00e9rature ambiante \u00e0 150\u00b0C)<\/li>\n<li>La taille des particules<\/li>\n<li>La forme des particules<\/li>\n<li>La concentration des particules (comptage des particules)<\/li>\n<li>La transparence des particules<\/li>\n<\/ul>\n<h2 style=\"text-align: justify;\"><strong>Logiciel associ\u00e9<\/strong><\/h2>\n<p style=\"text-align: justify;\">Les donn\u00e9es et les images de chaque particule sont stock\u00e9es dans une <strong>base de donn\u00e9es binaire propre \u00e0 Occhio<\/strong>. L\u2019<a href=\"https:\/\/occhio-instruments.com\/fr\/instruments\/\">instrument de laboratoire<\/a> est pilot\u00e9 par le logiciel <strong><a href=\"https:\/\/occhio-instruments.com\/fr\/instruments\/nos-produits\/logiciels\/callisto-3d\/\">Callisto 3D<\/a><\/strong>, qui contr\u00f4le l&rsquo;enti\u00e8ret\u00e9\u00a0de\u00a0l\u2019analyse: m\u00e9thodes, statistiques, reporting et sauvegarde de donn\u00e9es.<\/p>\n<h2 style=\"text-align: justify;\"><strong>Caract\u00e9ristiques principales de l&rsquo;instrument de laboratoire FC200TC<\/strong><\/h2>\n<table class=\"mainfeatures\" border=\"0\" cellspacing=\"0\" cellpadding=\"0\">\n<tbody>\n<tr>\n<td><strong>Taille de particules<\/strong><\/td>\n<td>De 0.2\u00b5m \u00e0 1000\u00b5m<\/td>\n<\/tr>\n<tr>\n<td><strong>Ecoulement<\/strong><\/td>\n<td>Seringue de pr\u00e9cision<\/td>\n<\/tr>\n<tr>\n<td><strong>Epaisseur de la cellule<\/strong><\/td>\n<td>Epaisseurs variables<\/td>\n<\/tr>\n<tr>\n<td><strong>Temp\u00e9rature de chauffage\u00a0<\/strong><\/td>\n<td>De temp\u00e9rature ambiante \u00e0 150\u00b0C<\/td>\n<\/tr>\n<tr>\n<td><strong>Option<\/strong><\/td>\n<td>Module de pompe \u00e0 membrane externe<\/td>\n<\/tr>\n<\/tbody>\n<\/table>\n<p style=\"text-align: justify;\">[\/et_pb_text][\/et_pb_column][\/et_pb_row][\/et_pb_section][et_pb_section fb_built=\u00a0\u00bb1&Prime; module_id=\u00a0\u00bbcta-bottom\u00a0\u00bb _builder_version=\u00a0\u00bb4.4.3&Prime; background_color=\u00a0\u00bb#51595D\u00a0\u00bb custom_padding=\u00a0\u00bb30px||30px||false|false\u00a0\u00bb global_module=\u00a0\u00bb89&Prime; saved_tabs=\u00a0\u00bball\u00a0\u00bb global_colors_info=\u00a0\u00bb{}\u00a0\u00bb][et_pb_row column_structure=\u00a0\u00bb2_3,1_3&Prime; _builder_version=\u00a0\u00bb4.15&Prime; global_colors_info=\u00a0\u00bb{}\u00a0\u00bb][et_pb_column type=\u00a0\u00bb2_3&Prime; _builder_version=\u00a0\u00bb4.15&Prime; global_colors_info=\u00a0\u00bb{}\u00a0\u00bb][et_pb_text _builder_version=\u00a0\u00bb4.15&Prime; text_text_color=\u00a0\u00bb#ffffff\u00a0\u00bb header_text_color=\u00a0\u00bb#ffffff\u00a0\u00bb global_colors_info=\u00a0\u00bb{}\u00a0\u00bb]<\/p>\n<h2>Vous souhaitez recevoir plus d&rsquo;infos ?<br \/><strong>Contactez-nous !<\/strong><\/h2>\n<p>[\/et_pb_text][\/et_pb_column][et_pb_column type=\u00a0\u00bb1_3&Prime; _builder_version=\u00a0\u00bb4.15&Prime; global_colors_info=\u00a0\u00bb{}\u00a0\u00bb][et_pb_button button_url=\u00a0\u00bb\/fr\/contact\/\u00a0\u00bb button_text=\u00a0\u00bbContactez-nous !\u00a0\u00bb _builder_version=\u00a0\u00bb4.4.3&Prime; global_colors_info=\u00a0\u00bb{}\u00a0\u00bb][\/et_pb_button][\/et_pb_column][\/et_pb_row][\/et_pb_section]<\/p>\n","protected":false},"excerpt":{"rendered":"<p>FC200TCFC200TC, comptage de particules avec contr\u00f4le de temp\u00e9rature L&rsquo;instrument de laboratoire FC200TC permet de mesurer la taille et la forme de particules par l&rsquo;analyse d&rsquo;image. Dispersion en voie liquide, caract\u00e9risation des suspensions et \u00e9mulsions. B\u00e9cher et cellule chauffants avec dispersion de l&rsquo;\u00e9chantillon \u00e0 temp\u00e9rature contr\u00f4l\u00e9e (ambiante jusqu&rsquo;\u00e0 +150C\u00b0). Principe de fonctionnement du FC200TC pour la [&hellip;]<\/p>\n","protected":false},"author":1,"featured_media":0,"parent":2241,"menu_order":0,"comment_status":"closed","ping_status":"closed","template":"","meta":{"_et_pb_use_builder":"on","_et_pb_old_content":"","_et_gb_content_width":"","footnotes":""},"yoast_head":"<!-- This site is optimized with the Yoast SEO plugin v22.9 - https:\/\/yoast.com\/wordpress\/plugins\/seo\/ -->\n<title>Comptage de particules avec contr\u00f4le de temp\u00e9rature - FC200TC<\/title>\n<meta name=\"description\" content=\"Comptage de particules avec contr\u00f4le de la temp\u00e9rature. Analyse de la taille et de la forme et comptage de particules par analyse d&#039;images.\" \/>\n<meta name=\"robots\" content=\"index, follow, max-snippet:-1, max-image-preview:large, max-video-preview:-1\" \/>\n<link rel=\"canonical\" href=\"https:\/\/occhio-instruments.com\/fr\/instruments\/nos-produits\/dispersion-voie-liquide\/fc200tc\/\" \/>\n<meta property=\"og:locale\" content=\"fr_FR\" \/>\n<meta property=\"og:type\" content=\"article\" \/>\n<meta property=\"og:title\" content=\"Comptage de particules avec contr\u00f4le de temp\u00e9rature - FC200TC\" \/>\n<meta property=\"og:description\" content=\"Comptage de particules avec contr\u00f4le de la temp\u00e9rature. Analyse de la taille et de la forme et comptage de particules par analyse d&#039;images.\" \/>\n<meta property=\"og:url\" content=\"https:\/\/occhio-instruments.com\/fr\/instruments\/nos-produits\/dispersion-voie-liquide\/fc200tc\/\" \/>\n<meta property=\"og:site_name\" content=\"Occhio\" \/>\n<meta property=\"article:modified_time\" content=\"2023-02-02T09:22:37+00:00\" \/>\n<meta property=\"og:image\" content=\"https:\/\/occhio-instruments.com\/wp-content\/uploads\/2021\/12\/occhio-instruments.jpg\" \/>\n\t<meta property=\"og:image:width\" content=\"1200\" \/>\n\t<meta property=\"og:image:height\" content=\"630\" \/>\n\t<meta property=\"og:image:type\" content=\"image\/jpeg\" \/>\n<meta name=\"twitter:card\" content=\"summary_large_image\" \/>\n<meta name=\"twitter:label1\" content=\"Dur\u00e9e de lecture estim\u00e9e\" \/>\n\t<meta name=\"twitter:data1\" content=\"3 minutes\" \/>\n<script type=\"application\/ld+json\" class=\"yoast-schema-graph\">{\"@context\":\"https:\/\/schema.org\",\"@graph\":[{\"@type\":\"WebPage\",\"@id\":\"https:\/\/occhio-instruments.com\/fr\/instruments\/nos-produits\/dispersion-voie-liquide\/fc200tc\/\",\"url\":\"https:\/\/occhio-instruments.com\/fr\/instruments\/nos-produits\/dispersion-voie-liquide\/fc200tc\/\",\"name\":\"Comptage de particules avec contr\u00f4le de temp\u00e9rature - FC200TC\",\"isPartOf\":{\"@id\":\"https:\/\/occhio-instruments.com\/#website\"},\"datePublished\":\"2020-06-16T09:09:50+00:00\",\"dateModified\":\"2023-02-02T09:22:37+00:00\",\"description\":\"Comptage de particules avec contr\u00f4le de la temp\u00e9rature. Analyse de la taille et de la forme et comptage de particules par analyse d'images.\",\"breadcrumb\":{\"@id\":\"https:\/\/occhio-instruments.com\/fr\/instruments\/nos-produits\/dispersion-voie-liquide\/fc200tc\/#breadcrumb\"},\"inLanguage\":\"fr-FR\",\"potentialAction\":[{\"@type\":\"ReadAction\",\"target\":[\"https:\/\/occhio-instruments.com\/fr\/instruments\/nos-produits\/dispersion-voie-liquide\/fc200tc\/\"]}]},{\"@type\":\"BreadcrumbList\",\"@id\":\"https:\/\/occhio-instruments.com\/fr\/instruments\/nos-produits\/dispersion-voie-liquide\/fc200tc\/#breadcrumb\",\"itemListElement\":[{\"@type\":\"ListItem\",\"position\":1,\"name\":\"Instruments\",\"item\":\"https:\/\/occhio-instruments.com\/fr\/instruments\/\"},{\"@type\":\"ListItem\",\"position\":2,\"name\":\"Nos produits\",\"item\":\"https:\/\/occhio-instruments.com\/fr\/instruments\/nos-produits\/\"},{\"@type\":\"ListItem\",\"position\":3,\"name\":\"Instruments de dispersion en voie liquide\",\"item\":\"https:\/\/occhio-instruments.com\/fr\/instruments\/nos-produits\/dispersion-voie-liquide\/\"},{\"@type\":\"ListItem\",\"position\":4,\"name\":\"FC200TC\"}]},{\"@type\":\"WebSite\",\"@id\":\"https:\/\/occhio-instruments.com\/#website\",\"url\":\"https:\/\/occhio-instruments.com\/\",\"name\":\"Occhio\",\"description\":\"Un site utilisant WordPress\",\"potentialAction\":[{\"@type\":\"SearchAction\",\"target\":{\"@type\":\"EntryPoint\",\"urlTemplate\":\"https:\/\/occhio-instruments.com\/?s={search_term_string}\"},\"query-input\":\"required name=search_term_string\"}],\"inLanguage\":\"fr-FR\"}]}<\/script>\n<!-- \/ Yoast SEO plugin. -->","yoast_head_json":{"title":"Comptage de particules avec contr\u00f4le de temp\u00e9rature - FC200TC","description":"Comptage de particules avec contr\u00f4le de la temp\u00e9rature. Analyse de la taille et de la forme et comptage de particules par analyse d'images.","robots":{"index":"index","follow":"follow","max-snippet":"max-snippet:-1","max-image-preview":"max-image-preview:large","max-video-preview":"max-video-preview:-1"},"canonical":"https:\/\/occhio-instruments.com\/fr\/instruments\/nos-produits\/dispersion-voie-liquide\/fc200tc\/","og_locale":"fr_FR","og_type":"article","og_title":"Comptage de particules avec contr\u00f4le de temp\u00e9rature - FC200TC","og_description":"Comptage de particules avec contr\u00f4le de la temp\u00e9rature. Analyse de la taille et de la forme et comptage de particules par analyse d'images.","og_url":"https:\/\/occhio-instruments.com\/fr\/instruments\/nos-produits\/dispersion-voie-liquide\/fc200tc\/","og_site_name":"Occhio","article_modified_time":"2023-02-02T09:22:37+00:00","og_image":[{"width":1200,"height":630,"url":"https:\/\/occhio-instruments.com\/wp-content\/uploads\/2021\/12\/occhio-instruments.jpg","type":"image\/jpeg"}],"twitter_card":"summary_large_image","twitter_misc":{"Dur\u00e9e de lecture estim\u00e9e":"3 minutes"},"schema":{"@context":"https:\/\/schema.org","@graph":[{"@type":"WebPage","@id":"https:\/\/occhio-instruments.com\/fr\/instruments\/nos-produits\/dispersion-voie-liquide\/fc200tc\/","url":"https:\/\/occhio-instruments.com\/fr\/instruments\/nos-produits\/dispersion-voie-liquide\/fc200tc\/","name":"Comptage de particules avec contr\u00f4le de temp\u00e9rature - FC200TC","isPartOf":{"@id":"https:\/\/occhio-instruments.com\/#website"},"datePublished":"2020-06-16T09:09:50+00:00","dateModified":"2023-02-02T09:22:37+00:00","description":"Comptage de particules avec contr\u00f4le de la temp\u00e9rature. Analyse de la taille et de la forme et comptage de particules par analyse d'images.","breadcrumb":{"@id":"https:\/\/occhio-instruments.com\/fr\/instruments\/nos-produits\/dispersion-voie-liquide\/fc200tc\/#breadcrumb"},"inLanguage":"fr-FR","potentialAction":[{"@type":"ReadAction","target":["https:\/\/occhio-instruments.com\/fr\/instruments\/nos-produits\/dispersion-voie-liquide\/fc200tc\/"]}]},{"@type":"BreadcrumbList","@id":"https:\/\/occhio-instruments.com\/fr\/instruments\/nos-produits\/dispersion-voie-liquide\/fc200tc\/#breadcrumb","itemListElement":[{"@type":"ListItem","position":1,"name":"Instruments","item":"https:\/\/occhio-instruments.com\/fr\/instruments\/"},{"@type":"ListItem","position":2,"name":"Nos produits","item":"https:\/\/occhio-instruments.com\/fr\/instruments\/nos-produits\/"},{"@type":"ListItem","position":3,"name":"Instruments de dispersion en voie liquide","item":"https:\/\/occhio-instruments.com\/fr\/instruments\/nos-produits\/dispersion-voie-liquide\/"},{"@type":"ListItem","position":4,"name":"FC200TC"}]},{"@type":"WebSite","@id":"https:\/\/occhio-instruments.com\/#website","url":"https:\/\/occhio-instruments.com\/","name":"Occhio","description":"Un site utilisant WordPress","potentialAction":[{"@type":"SearchAction","target":{"@type":"EntryPoint","urlTemplate":"https:\/\/occhio-instruments.com\/?s={search_term_string}"},"query-input":"required name=search_term_string"}],"inLanguage":"fr-FR"}]}},"_links":{"self":[{"href":"https:\/\/occhio-instruments.com\/fr\/wp-json\/wp\/v2\/pages\/2263"}],"collection":[{"href":"https:\/\/occhio-instruments.com\/fr\/wp-json\/wp\/v2\/pages"}],"about":[{"href":"https:\/\/occhio-instruments.com\/fr\/wp-json\/wp\/v2\/types\/page"}],"author":[{"embeddable":true,"href":"https:\/\/occhio-instruments.com\/fr\/wp-json\/wp\/v2\/users\/1"}],"replies":[{"embeddable":true,"href":"https:\/\/occhio-instruments.com\/fr\/wp-json\/wp\/v2\/comments?post=2263"}],"version-history":[{"count":14,"href":"https:\/\/occhio-instruments.com\/fr\/wp-json\/wp\/v2\/pages\/2263\/revisions"}],"predecessor-version":[{"id":9425,"href":"https:\/\/occhio-instruments.com\/fr\/wp-json\/wp\/v2\/pages\/2263\/revisions\/9425"}],"up":[{"embeddable":true,"href":"https:\/\/occhio-instruments.com\/fr\/wp-json\/wp\/v2\/pages\/2241"}],"wp:attachment":[{"href":"https:\/\/occhio-instruments.com\/fr\/wp-json\/wp\/v2\/media?parent=2263"}],"curies":[{"name":"wp","href":"https:\/\/api.w.org\/{rel}","templated":true}]}}