{"id":2261,"date":"2020-06-16T11:11:54","date_gmt":"2020-06-16T09:11:54","guid":{"rendered":"https:\/\/occhio-instruments.com\/fc200mhr-emulsion-particle-counting\/"},"modified":"2023-09-12T16:00:26","modified_gmt":"2023-09-12T14:00:26","slug":"fc200mhr-comptage-particules","status":"publish","type":"page","link":"https:\/\/occhio-instruments.com\/fr\/instruments\/nos-produits\/dispersion-voie-liquide\/fc200mhr-comptage-particules\/","title":{"rendered":"FC200MHR comptage \u00e9mulsions particules"},"content":{"rendered":"<p>[et_pb_section fb_built=\u00a0\u00bb1&Prime; module_id=\u00a0\u00bbbanner\u00a0\u00bb _builder_version=\u00a0\u00bb4.15&Prime; background_image=\u00a0\u00bbhttps:\/\/occhio-instruments.com\/wp-content\/uploads\/2020\/04\/banner-bg.png\u00a0\u00bb global_colors_info=\u00a0\u00bb{}\u00a0\u00bb][et_pb_row _builder_version=\u00a0\u00bb4.15&Prime; background_size=\u00a0\u00bbinitial\u00a0\u00bb background_position=\u00a0\u00bbtop_left\u00a0\u00bb background_repeat=\u00a0\u00bbrepeat\u00a0\u00bb global_colors_info=\u00a0\u00bb{}\u00a0\u00bb][et_pb_column type=\u00a0\u00bb4_4&Prime; _builder_version=\u00a0\u00bb4.15&Prime; custom_padding=\u00a0\u00bb|||\u00a0\u00bb global_colors_info=\u00a0\u00bb{}\u00a0\u00bb custom_padding__hover=\u00a0\u00bb|||\u00a0\u00bb][et_pb_text _builder_version=\u00a0\u00bb4.15&Prime; global_colors_info=\u00a0\u00bb{}\u00a0\u00bb]<\/p>\n<p style=\"text-align: center;\">FC200MHR<\/p>\n<p>[\/et_pb_text][\/et_pb_column][\/et_pb_row][\/et_pb_section][et_pb_section fb_built=\u00a0\u00bb1&Prime; _builder_version=\u00a0\u00bb4.15&Prime; global_colors_info=\u00a0\u00bb{}\u00a0\u00bb][et_pb_row column_structure=\u00a0\u00bb2_5,3_5&Prime; _builder_version=\u00a0\u00bb4.15&Prime; global_colors_info=\u00a0\u00bb{}\u00a0\u00bb][et_pb_column type=\u00a0\u00bb2_5&Prime; _builder_version=\u00a0\u00bb4.15&Prime; global_colors_info=\u00a0\u00bb{}\u00a0\u00bb][et_pb_gallery gallery_ids=\u00a0\u00bb300&Prime; show_title_and_caption=\u00a0\u00bboff\u00a0\u00bb _builder_version=\u00a0\u00bb4.15.1&Prime; global_colors_info=\u00a0\u00bb{}\u00a0\u00bb][\/et_pb_gallery][et_pb_image src=\u00a0\u00bbhttps:\/\/occhio-instruments.com\/wp-content\/uploads\/2021\/01\/occhio-fc200-mhr-emulsion-comptage-particule.jpg\u00a0\u00bb alt=\u00a0\u00bbFC200MHR &#8211; Caract\u00e9risation de particules par analyse d&rsquo;image\u00a0\u00bb title_text=\u00a0\u00bbFC200MHR &#8211; Caract\u00e9risation de particules par analyse d&rsquo;image\u00a0\u00bb _builder_version=\u00a0\u00bb4.15.1&Prime; global_colors_info=\u00a0\u00bb{}\u00a0\u00bb][\/et_pb_image][\/et_pb_column][et_pb_column type=\u00a0\u00bb3_5&Prime; _builder_version=\u00a0\u00bb4.15&Prime; global_colors_info=\u00a0\u00bb{}\u00a0\u00bb][et_pb_text _builder_version=\u00a0\u00bb4.15.1&Prime; global_colors_info=\u00a0\u00bb{}\u00a0\u00bb]<\/p>\n<h1 style=\"text-align: justify;\">FC200MHR &#8211; Analyse d&rsquo;\u00e9mulsions et de suspensions par analyse d&rsquo;image<\/h1>\n<p style=\"text-align: justify;\">L&rsquo;instrument de laboratoire FC200MHR mesure la taille et la forme de particules par l&rsquo;<strong><a href=\"https:\/\/occhio-instruments.com\/fr\/analyse-granulometrique\/analyse-image\/\">analyse d&rsquo;image<\/a><\/strong>. Dispersion en voie liquide, caract\u00e9risation de suspensions et \u00e9mulsions.<\/p>\n<h2 style=\"text-align: justify;\">Principe de fonctionnement du FC200MHR, caract\u00e9risation de suspensions et \u00e9mulsions<\/h2>\n<p style=\"text-align: justify;\"><strong>Occhio FC200MHR<\/strong> a \u00e9t\u00e9 d\u00e9velopp\u00e9 pour des <a href=\"https:\/\/occhio-instruments.com\/fr\/instruments\/applications\/\">applications<\/a> o\u00f9\u00a0l\u2019\u00e9chantillon est dispers\u00e9 dans un <strong>liquide<\/strong>, il travaille\u00a0dans\u00a0des <strong>volumes sup\u00e9rieurs ou \u00e9gal\u00a0\u00e0 30ml<\/strong>. C\u2019est un instrument extr\u00eamement <strong>flexible<\/strong>, il est fourni avec un b\u00e9cher en forme conique incluant un m\u00e9langeur\u00a0(configuration standard).<\/p>\n<p style=\"text-align: justify;\">Pour des applications particuli\u00e8res il peut \u00eatre \u00e9galement connect\u00e9 \u00e0 une ligne\u00a0externe, comme\u00a0par exemple\u00a0un r\u00e9acteur de cristallisation.<\/p>\n<p style=\"text-align: justify;\">L&rsquo;\u00e9chantillon est mis en circulation par une pompe \u00e0 membrane, les particules d\u00e9filent devant la cam\u00e9ra qui\u00a0acquiert\u00a0les images.<\/p>\n<p style=\"text-align: justify;\">Le <a href=\"https:\/\/occhio-instruments.com\/fr\/instruments\/nos-produits\/logiciels\/\"><strong>logiciel<\/strong><\/a>, Callisto 3D, pilote l\u2019instrument et calcule en temps r\u00e9el\u00a0les <strong>distributions de taille et de forme<\/strong>. La proc\u00e9dure d&rsquo;analyse permet de contr\u00f4ler la <strong>quantit\u00e9<\/strong> de l\u2019\u00e9chantillon \u00e0 analyser, le <strong>volume<\/strong> d\u2019\u00e9chantillonnage et le <strong>nombre de particules<\/strong>. La cellule d&rsquo;analyse\u00a0utilise des entretoises de diff\u00e9rentes \u00e9paisseurs et interchangeables selon les caract\u00e9ristiques de l\u2019\u00e9chantillon.<\/p>\n<p style=\"text-align: justify;\">Occhio FC200MHR poss\u00e8de un <strong>capteur \u00e0 tr\u00e8s haute r\u00e9solution<\/strong>, avec lequel\u00a0vous obtenez\u00a0une\u00a0<strong>mesure directe<\/strong> <strong>de\u00a0pr\u00e9cision<\/strong>, il permet de remplacer un\u00a0<strong>granulom\u00e8tre\u00a0laser<\/strong> dans de nombreuses applications, en particulier, o\u00f9\u00a0une meilleure\u00a0compr\u00e9hension de l&rsquo;\u00e9chantillon\u00a0est requise.<\/p>\n<h3 style=\"text-align: justify;\">Option haute r\u00e9solution \u2018HR\u2019<\/h3>\n<p style=\"text-align: justify;\">La r\u00e9solution de l&rsquo;image est un des aspects cl\u00e9s des instruments bas\u00e9s sur l&rsquo;analyse d&rsquo;images. Notre option HR est fournie avec un<strong> capteur ultra haute r\u00e9solution<\/strong>. Ce capteur offre une <strong>image plus nette<\/strong> avec une <strong>calibration optique mineure<\/strong>.<\/p>\n<h2 style=\"text-align: justify;\"><strong>Avec Occhio FC200MHR, vous pouvez mesurer:<\/strong><\/h2>\n<ul style=\"text-align: justify;\">\n<li>La taille des particules<\/li>\n<li>La forme des particules<\/li>\n<li>La concentration des particules (<a href=\"https:\/\/occhio-instruments.com\/fr\/comptage-particules\/\">comptage de particules<\/a>)<\/li>\n<li>La transparence de particules<\/li>\n<\/ul>\n<h2 style=\"text-align: justify;\"><strong>Callisto 3D<\/strong><\/h2>\n<p style=\"text-align: justify;\">Les donn\u00e9es et les images de chaque particule sont stock\u00e9es dans une <strong>base de donn\u00e9es binaire<\/strong> propre \u00e0 Occhio. L\u2019instrument est pilot\u00e9\u00a0par le logiciel <a href=\"https:\/\/occhio-instruments.com\/fr\/instruments\/nos-produits\/logiciels\/callisto-3d\/\">Callisto 3D<\/a>, qui contr\u00f4le l&rsquo;enti\u00e8ret\u00e9 de l\u2019analyse : m\u00e9thodes, statistiques, reporting et sauvegarde de donn\u00e9es.<\/p>\n<h2 style=\"text-align: justify;\"><strong>Caract\u00e9ristiques principales de l&rsquo;instrument de laboratoire FC200MHR<\/strong><\/h2>\n<table class=\"mainfeatures\" border=\"0\" cellspacing=\"0\" cellpadding=\"0\">\n<tbody>\n<tr>\n<td><strong>Taille de particules\u00a0<\/strong><\/td>\n<td>De 0.8\u00b5m \u00e0 800\u00b5m<\/td>\n<\/tr>\n<tr>\n<td><strong>Circulation<\/strong><\/td>\n<td>Pompe \u00e0 membrane<\/td>\n<\/tr>\n<tr>\n<td><strong>Epaisseur de cellule\u00a0<\/strong><\/td>\n<td>Epaisseur variable<\/td>\n<\/tr>\n<\/tbody>\n<\/table>\n<p>[\/et_pb_text][\/et_pb_column][\/et_pb_row][\/et_pb_section][et_pb_section fb_built=\u00a0\u00bb1&Prime; module_id=\u00a0\u00bbcta-bottom\u00a0\u00bb _builder_version=\u00a0\u00bb4.4.3&Prime; background_color=\u00a0\u00bb#51595D\u00a0\u00bb custom_padding=\u00a0\u00bb30px||30px||false|false\u00a0\u00bb hover_enabled=\u00a0\u00bb0&Prime; global_module=\u00a0\u00bb89&Prime; saved_tabs=\u00a0\u00bball\u00a0\u00bb global_colors_info=\u00a0\u00bb{}\u00a0\u00bb sticky_enabled=\u00a0\u00bb0&Prime;][et_pb_row column_structure=\u00a0\u00bb2_3,1_3&Prime; _builder_version=\u00a0\u00bb4.15&Prime; global_colors_info=\u00a0\u00bb{}\u00a0\u00bb][et_pb_column type=\u00a0\u00bb2_3&Prime; _builder_version=\u00a0\u00bb4.15&Prime; global_colors_info=\u00a0\u00bb{}\u00a0\u00bb][et_pb_text _builder_version=\u00a0\u00bb4.15&Prime; text_text_color=\u00a0\u00bb#ffffff\u00a0\u00bb header_text_color=\u00a0\u00bb#ffffff\u00a0\u00bb global_colors_info=\u00a0\u00bb{}\u00a0\u00bb]<\/p>\n<h2>Vous souhaitez recevoir plus d&rsquo;infos ?<br \/><strong>Contactez-nous !<\/strong><\/h2>\n<p>[\/et_pb_text][\/et_pb_column][et_pb_column type=\u00a0\u00bb1_3&Prime; _builder_version=\u00a0\u00bb4.15&Prime; global_colors_info=\u00a0\u00bb{}\u00a0\u00bb][et_pb_button button_url=\u00a0\u00bb\/fr\/contact\/\u00a0\u00bb button_text=\u00a0\u00bbContactez-nous !\u00a0\u00bb _builder_version=\u00a0\u00bb4.4.3&Prime; global_colors_info=\u00a0\u00bb{}\u00a0\u00bb][\/et_pb_button][\/et_pb_column][\/et_pb_row][\/et_pb_section]<\/p>\n","protected":false},"excerpt":{"rendered":"<p>FC200MHRFC200MHR &#8211; Analyse d&rsquo;\u00e9mulsions et de suspensions par analyse d&rsquo;image L&rsquo;instrument de laboratoire FC200MHR mesure la taille et la forme de particules par l&rsquo;analyse d&rsquo;image. Dispersion en voie liquide, caract\u00e9risation de suspensions et \u00e9mulsions. Principe de fonctionnement du FC200MHR, caract\u00e9risation de suspensions et \u00e9mulsions Occhio FC200MHR a \u00e9t\u00e9 d\u00e9velopp\u00e9 pour des applications o\u00f9\u00a0l\u2019\u00e9chantillon est dispers\u00e9 [&hellip;]<\/p>\n","protected":false},"author":1,"featured_media":0,"parent":2241,"menu_order":0,"comment_status":"closed","ping_status":"closed","template":"","meta":{"_et_pb_use_builder":"on","_et_pb_old_content":"","_et_gb_content_width":"","footnotes":""},"yoast_head":"<!-- This site is optimized with the Yoast SEO plugin v22.9 - https:\/\/yoast.com\/wordpress\/plugins\/seo\/ -->\n<title>Comptage de particules par analyse d&#039;image - FC200MHR Occhio<\/title>\n<meta name=\"description\" content=\"Comptage, taille et forme de particules par l&#039;analyse d&#039;image - Instrument de dispersion en voie liquide. Comptage de particules avec Occhio.\" \/>\n<meta name=\"robots\" content=\"index, follow, max-snippet:-1, max-image-preview:large, max-video-preview:-1\" \/>\n<link rel=\"canonical\" href=\"https:\/\/occhio-instruments.com\/fr\/instruments\/nos-produits\/dispersion-voie-liquide\/fc200mhr-comptage-particules\/\" \/>\n<meta property=\"og:locale\" content=\"fr_FR\" \/>\n<meta property=\"og:type\" content=\"article\" \/>\n<meta property=\"og:title\" content=\"Comptage de particules par analyse d&#039;image - FC200MHR Occhio\" \/>\n<meta property=\"og:description\" content=\"Comptage, taille et forme de particules par l&#039;analyse d&#039;image - Instrument de dispersion en voie liquide. Comptage de particules avec Occhio.\" \/>\n<meta property=\"og:url\" content=\"https:\/\/occhio-instruments.com\/fr\/instruments\/nos-produits\/dispersion-voie-liquide\/fc200mhr-comptage-particules\/\" \/>\n<meta property=\"og:site_name\" content=\"Occhio\" \/>\n<meta property=\"article:modified_time\" content=\"2023-09-12T14:00:26+00:00\" \/>\n<meta property=\"og:image\" content=\"https:\/\/occhio-instruments.com\/wp-content\/uploads\/2021\/12\/occhio-instruments.jpg\" \/>\n\t<meta property=\"og:image:width\" content=\"1200\" \/>\n\t<meta property=\"og:image:height\" content=\"630\" \/>\n\t<meta property=\"og:image:type\" content=\"image\/jpeg\" \/>\n<meta name=\"twitter:card\" content=\"summary_large_image\" \/>\n<meta name=\"twitter:label1\" content=\"Dur\u00e9e de lecture estim\u00e9e\" \/>\n\t<meta name=\"twitter:data1\" content=\"2 minutes\" \/>\n<script type=\"application\/ld+json\" class=\"yoast-schema-graph\">{\"@context\":\"https:\/\/schema.org\",\"@graph\":[{\"@type\":\"WebPage\",\"@id\":\"https:\/\/occhio-instruments.com\/fr\/instruments\/nos-produits\/dispersion-voie-liquide\/fc200mhr-comptage-particules\/\",\"url\":\"https:\/\/occhio-instruments.com\/fr\/instruments\/nos-produits\/dispersion-voie-liquide\/fc200mhr-comptage-particules\/\",\"name\":\"Comptage de particules par analyse d'image - FC200MHR Occhio\",\"isPartOf\":{\"@id\":\"https:\/\/occhio-instruments.com\/#website\"},\"datePublished\":\"2020-06-16T09:11:54+00:00\",\"dateModified\":\"2023-09-12T14:00:26+00:00\",\"description\":\"Comptage, taille et forme de particules par l'analyse d'image - Instrument de dispersion en voie liquide. Comptage de particules avec Occhio.\",\"breadcrumb\":{\"@id\":\"https:\/\/occhio-instruments.com\/fr\/instruments\/nos-produits\/dispersion-voie-liquide\/fc200mhr-comptage-particules\/#breadcrumb\"},\"inLanguage\":\"fr-FR\",\"potentialAction\":[{\"@type\":\"ReadAction\",\"target\":[\"https:\/\/occhio-instruments.com\/fr\/instruments\/nos-produits\/dispersion-voie-liquide\/fc200mhr-comptage-particules\/\"]}]},{\"@type\":\"BreadcrumbList\",\"@id\":\"https:\/\/occhio-instruments.com\/fr\/instruments\/nos-produits\/dispersion-voie-liquide\/fc200mhr-comptage-particules\/#breadcrumb\",\"itemListElement\":[{\"@type\":\"ListItem\",\"position\":1,\"name\":\"Instruments\",\"item\":\"https:\/\/occhio-instruments.com\/fr\/instruments\/\"},{\"@type\":\"ListItem\",\"position\":2,\"name\":\"Nos produits\",\"item\":\"https:\/\/occhio-instruments.com\/fr\/instruments\/nos-produits\/\"},{\"@type\":\"ListItem\",\"position\":3,\"name\":\"Instruments de dispersion en voie liquide\",\"item\":\"https:\/\/occhio-instruments.com\/fr\/instruments\/nos-produits\/dispersion-voie-liquide\/\"},{\"@type\":\"ListItem\",\"position\":4,\"name\":\"FC200MHR comptage \u00e9mulsions particules\"}]},{\"@type\":\"WebSite\",\"@id\":\"https:\/\/occhio-instruments.com\/#website\",\"url\":\"https:\/\/occhio-instruments.com\/\",\"name\":\"Occhio\",\"description\":\"Un site utilisant WordPress\",\"potentialAction\":[{\"@type\":\"SearchAction\",\"target\":{\"@type\":\"EntryPoint\",\"urlTemplate\":\"https:\/\/occhio-instruments.com\/?s={search_term_string}\"},\"query-input\":\"required name=search_term_string\"}],\"inLanguage\":\"fr-FR\"}]}<\/script>\n<!-- \/ Yoast SEO plugin. -->","yoast_head_json":{"title":"Comptage de particules par analyse d'image - FC200MHR Occhio","description":"Comptage, taille et forme de particules par l'analyse d'image - Instrument de dispersion en voie liquide. Comptage de particules avec Occhio.","robots":{"index":"index","follow":"follow","max-snippet":"max-snippet:-1","max-image-preview":"max-image-preview:large","max-video-preview":"max-video-preview:-1"},"canonical":"https:\/\/occhio-instruments.com\/fr\/instruments\/nos-produits\/dispersion-voie-liquide\/fc200mhr-comptage-particules\/","og_locale":"fr_FR","og_type":"article","og_title":"Comptage de particules par analyse d'image - FC200MHR Occhio","og_description":"Comptage, taille et forme de particules par l'analyse d'image - Instrument de dispersion en voie liquide. Comptage de particules avec Occhio.","og_url":"https:\/\/occhio-instruments.com\/fr\/instruments\/nos-produits\/dispersion-voie-liquide\/fc200mhr-comptage-particules\/","og_site_name":"Occhio","article_modified_time":"2023-09-12T14:00:26+00:00","og_image":[{"width":1200,"height":630,"url":"https:\/\/occhio-instruments.com\/wp-content\/uploads\/2021\/12\/occhio-instruments.jpg","type":"image\/jpeg"}],"twitter_card":"summary_large_image","twitter_misc":{"Dur\u00e9e de lecture estim\u00e9e":"2 minutes"},"schema":{"@context":"https:\/\/schema.org","@graph":[{"@type":"WebPage","@id":"https:\/\/occhio-instruments.com\/fr\/instruments\/nos-produits\/dispersion-voie-liquide\/fc200mhr-comptage-particules\/","url":"https:\/\/occhio-instruments.com\/fr\/instruments\/nos-produits\/dispersion-voie-liquide\/fc200mhr-comptage-particules\/","name":"Comptage de particules par analyse d'image - FC200MHR Occhio","isPartOf":{"@id":"https:\/\/occhio-instruments.com\/#website"},"datePublished":"2020-06-16T09:11:54+00:00","dateModified":"2023-09-12T14:00:26+00:00","description":"Comptage, taille et forme de particules par l'analyse d'image - Instrument de dispersion en voie liquide. Comptage de particules avec Occhio.","breadcrumb":{"@id":"https:\/\/occhio-instruments.com\/fr\/instruments\/nos-produits\/dispersion-voie-liquide\/fc200mhr-comptage-particules\/#breadcrumb"},"inLanguage":"fr-FR","potentialAction":[{"@type":"ReadAction","target":["https:\/\/occhio-instruments.com\/fr\/instruments\/nos-produits\/dispersion-voie-liquide\/fc200mhr-comptage-particules\/"]}]},{"@type":"BreadcrumbList","@id":"https:\/\/occhio-instruments.com\/fr\/instruments\/nos-produits\/dispersion-voie-liquide\/fc200mhr-comptage-particules\/#breadcrumb","itemListElement":[{"@type":"ListItem","position":1,"name":"Instruments","item":"https:\/\/occhio-instruments.com\/fr\/instruments\/"},{"@type":"ListItem","position":2,"name":"Nos produits","item":"https:\/\/occhio-instruments.com\/fr\/instruments\/nos-produits\/"},{"@type":"ListItem","position":3,"name":"Instruments de dispersion en voie liquide","item":"https:\/\/occhio-instruments.com\/fr\/instruments\/nos-produits\/dispersion-voie-liquide\/"},{"@type":"ListItem","position":4,"name":"FC200MHR comptage \u00e9mulsions particules"}]},{"@type":"WebSite","@id":"https:\/\/occhio-instruments.com\/#website","url":"https:\/\/occhio-instruments.com\/","name":"Occhio","description":"Un site utilisant WordPress","potentialAction":[{"@type":"SearchAction","target":{"@type":"EntryPoint","urlTemplate":"https:\/\/occhio-instruments.com\/?s={search_term_string}"},"query-input":"required name=search_term_string"}],"inLanguage":"fr-FR"}]}},"_links":{"self":[{"href":"https:\/\/occhio-instruments.com\/fr\/wp-json\/wp\/v2\/pages\/2261"}],"collection":[{"href":"https:\/\/occhio-instruments.com\/fr\/wp-json\/wp\/v2\/pages"}],"about":[{"href":"https:\/\/occhio-instruments.com\/fr\/wp-json\/wp\/v2\/types\/page"}],"author":[{"embeddable":true,"href":"https:\/\/occhio-instruments.com\/fr\/wp-json\/wp\/v2\/users\/1"}],"replies":[{"embeddable":true,"href":"https:\/\/occhio-instruments.com\/fr\/wp-json\/wp\/v2\/comments?post=2261"}],"version-history":[{"count":11,"href":"https:\/\/occhio-instruments.com\/fr\/wp-json\/wp\/v2\/pages\/2261\/revisions"}],"predecessor-version":[{"id":10528,"href":"https:\/\/occhio-instruments.com\/fr\/wp-json\/wp\/v2\/pages\/2261\/revisions\/10528"}],"up":[{"embeddable":true,"href":"https:\/\/occhio-instruments.com\/fr\/wp-json\/wp\/v2\/pages\/2241"}],"wp:attachment":[{"href":"https:\/\/occhio-instruments.com\/fr\/wp-json\/wp\/v2\/media?parent=2261"}],"curies":[{"name":"wp","href":"https:\/\/api.w.org\/{rel}","templated":true}]}}