{"id":2254,"date":"2020-06-16T11:06:44","date_gmt":"2020-06-16T09:06:44","guid":{"rendered":"https:\/\/occhio-instruments.com\/ipac-2-particle-analyzer\/"},"modified":"2023-02-02T10:22:49","modified_gmt":"2023-02-02T09:22:49","slug":"ipac-2-analyseur-de-particules","status":"publish","type":"page","link":"https:\/\/occhio-instruments.com\/fr\/instruments\/nos-produits\/dispersion-voie-liquide\/ipac-2-analyseur-de-particules\/","title":{"rendered":"Ipac 2 analyseur de particules"},"content":{"rendered":"<p>[et_pb_section fb_built=\u00a0\u00bb1&Prime; module_id=\u00a0\u00bbbanner\u00a0\u00bb _builder_version=\u00a0\u00bb4.15&Prime; background_image=\u00a0\u00bbhttps:\/\/occhio-instruments.com\/wp-content\/uploads\/2020\/04\/banner-bg.png\u00a0\u00bb global_colors_info=\u00a0\u00bb{}\u00a0\u00bb][et_pb_row _builder_version=\u00a0\u00bb4.15&Prime; background_size=\u00a0\u00bbinitial\u00a0\u00bb background_position=\u00a0\u00bbtop_left\u00a0\u00bb background_repeat=\u00a0\u00bbrepeat\u00a0\u00bb global_colors_info=\u00a0\u00bb{}\u00a0\u00bb][et_pb_column type=\u00a0\u00bb4_4&Prime; _builder_version=\u00a0\u00bb4.15&Prime; custom_padding=\u00a0\u00bb|||\u00a0\u00bb global_colors_info=\u00a0\u00bb{}\u00a0\u00bb custom_padding__hover=\u00a0\u00bb|||\u00a0\u00bb][et_pb_text _builder_version=\u00a0\u00bb4.15&Prime; global_colors_info=\u00a0\u00bb{}\u00a0\u00bb]<\/p>\n<p style=\"text-align: center;\">Ipac 2<\/p>\n<p>[\/et_pb_text][\/et_pb_column][\/et_pb_row][\/et_pb_section][et_pb_section fb_built=\u00a0\u00bb1&Prime; _builder_version=\u00a0\u00bb4.15&Prime; global_colors_info=\u00a0\u00bb{}\u00a0\u00bb][et_pb_row column_structure=\u00a0\u00bb2_5,3_5&Prime; _builder_version=\u00a0\u00bb4.15&Prime; global_colors_info=\u00a0\u00bb{}\u00a0\u00bb][et_pb_column type=\u00a0\u00bb2_5&Prime; _builder_version=\u00a0\u00bb4.15&Prime; global_colors_info=\u00a0\u00bb{}\u00a0\u00bb][et_pb_gallery gallery_ids=\u00a0\u00bb2066&Prime; show_title_and_caption=\u00a0\u00bboff\u00a0\u00bb _builder_version=\u00a0\u00bb4.15&Prime; global_colors_info=\u00a0\u00bb{}\u00a0\u00bb][\/et_pb_gallery][et_pb_image src=\u00a0\u00bbhttps:\/\/occhio-instruments.com\/wp-content\/uploads\/2021\/01\/occhio-ipac-2-particule-analyzeur.jpg\u00a0\u00bb alt=\u00a0\u00bbIpac 2&Prime; title_text=\u00a0\u00bbIpac 2&Prime; _builder_version=\u00a0\u00bb4.15&Prime; global_colors_info=\u00a0\u00bb{}\u00a0\u00bb][\/et_pb_image][\/et_pb_column][et_pb_column type=\u00a0\u00bb3_5&Prime; _builder_version=\u00a0\u00bb4.15&Prime; global_colors_info=\u00a0\u00bb{}\u00a0\u00bb][et_pb_text _builder_version=\u00a0\u00bb4.15.1&Prime; hover_enabled=\u00a0\u00bb0&Prime; global_colors_info=\u00a0\u00bb{}\u00a0\u00bb sticky_enabled=\u00a0\u00bb0&Prime;]<\/p>\n<h1 style=\"text-align: justify;\"><strong>Ipac 2 CMP, mesure de la taille et comptage de particules<\/strong><\/h1>\n<p style=\"text-align: justify;\">L&rsquo;instrument de laboratoire Ipac 2 mesure la <strong>taille<\/strong> et effectue le <a href=\"https:\/\/occhio-instruments.com\/fr\/comptage-particules\/\"><strong>comptage<\/strong> <strong>de particules<\/strong><\/a> <strong>par l&rsquo;analyse d&rsquo;image<\/strong>. Dispersion en<strong> voie liquide<\/strong>, caract\u00e9risation de suspensions de planarisation m\u00e9cano-chimique.<\/p>\n<p style=\"text-align: justify;\">L&rsquo;Ipac 2 est l&rsquo;instrument<strong> le plus complet<\/strong> et <strong>robuste<\/strong> de sa classe, il est capable de s&rsquo;adapter \u00e0 l&rsquo;<strong>analyse de suspensions et\/ou d&rsquo;\u00e9mulsions<\/strong> contenant des particules de tailles comprises entre 0.2\u00b5m to 1mm.<\/p>\n<h2 style=\"text-align: justify;\"><strong>Avec l&rsquo;Occhio Ipac 2, vous pouvez mesurer :<\/strong><\/h2>\n<ul style=\"text-align: justify;\">\n<li>La taille de particules<\/li>\n<li>La forme de particules<\/li>\n<li>La concentration de particules ( comptage de particules)<\/li>\n<li>La transparence de particules<\/li>\n<\/ul>\n<h3 style=\"text-align: justify;\"><strong>Certifications:<\/strong><\/h3>\n<p style=\"text-align: justify;\">ISO 9276-1 Repr\u00e9sentation des r\u00e9sultats de l&rsquo;analyse de la taille de particules<\/p>\n<p style=\"text-align: justify;\">ISO 13322-2 Analyse dynamique de l&rsquo;image<\/p>\n<p style=\"text-align: justify;\">FDA (Food and Drug Administration, USA) 21 CRF Part 11*<\/p>\n<h2 style=\"text-align: justify;\">G\u00e9n\u00e9ralit\u00e9s de l&rsquo;instrument Ipac 2 pour le comptage de particules<\/h2>\n<p style=\"text-align: justify;\">Un des points important dans le contr\u00f4le de qualit\u00e9 d&rsquo;une <strong>CMP slurry<\/strong>, est la d\u00e9tection de <strong>grosses<\/strong>\u00a0<strong>particules<\/strong> et <strong>agr\u00e9gats<\/strong> qui d\u00e9passent la taille critique autoris\u00e9e dans le proc\u00e9d\u00e9 de planaristion.<\/p>\n<p style=\"text-align: justify;\">L\u2019Ipac 2 CMP est <strong>sp\u00e9cialement con\u00e7u pour d\u00e9tecter et compter ces particules<\/strong>. L&rsquo;instrument permet de r\u00e9duire la dilution de l&rsquo;\u00e9chantillon lors de l&rsquo;analyse et de garantir une meilleure repr\u00e9sentativit\u00e9 des mesures. L&rsquo;\u00e9chantillon est mis en circulation par une seringue, le volume et la vitesse d&rsquo;\u00e9coulement sont contr\u00f4l\u00e9s avec pr\u00e9cision. La proc\u00e9dure d&rsquo;analyse permet de contr\u00f4ler la<strong> quantit\u00e9<\/strong> d&rsquo;\u00e9chantillon, le <strong>volume<\/strong> d&rsquo;\u00e9chantillonnage et le <strong>nombre de particules<\/strong> analys\u00e9es.<\/p>\n<p style=\"text-align: justify;\">Le comptage est exprim\u00e9 en\u00a0\u00ab\u00a0<strong>particule\/ml<\/strong>\u00a0\u00bb\u00a0avec\u00a0la m\u00eame repr\u00e9sentation statistique des compteurs laser par obscuration.<\/p>\n<h2 style=\"text-align: justify;\"><strong>(ADR) Option robotique de distribution automatique :<\/strong><\/h2>\n<p style=\"text-align: justify;\">Construit sp\u00e9cialement pour l&rsquo;Ipac 2, ce robot de distribution automatique a \u00e9t\u00e9 con\u00e7u pour vous faire <strong>gagner du temps<\/strong> et <strong>augmenter l&rsquo;efficacit\u00e9<\/strong> des mesures.<\/p>\n<p style=\"text-align: justify;\">Il suffit de s\u00e9lectionner la plateforme contenant l&rsquo;\u00e9chantillon dans le <strong><a href=\"https:\/\/occhio-instruments.com\/fr\/instruments\/nos-produits\/logiciels\/\">logiciel<\/a> <\/strong>et les cellules de la plateforme qui seront test\u00e9es et de commencer la s\u00e9rie d&rsquo;analyses. Le robot travaille en coordination avec l&rsquo;Ipac 2 pour <strong>m\u00e9langer<\/strong>, <strong>disperser<\/strong> et <strong>mesurer<\/strong> l&rsquo;\u00e9chantillon.<\/p>\n<p style=\"text-align: justify;\">L&rsquo;analyse est enregistr\u00e9e et la cellule est rinc\u00e9e avant de commencer la mesure suivante. Vous pouvez tester jusqu&rsquo;\u00e0<strong> 96 \u00e9chantillons<\/strong> sans intervention humaine, ce qui vous permet d&rsquo;\u00e9conomiser du temps et de l&rsquo;\u00e9nergie pour d&rsquo;autres projets et t\u00e2ches.<\/p>\n<h2 style=\"text-align: justify;\"><strong>Le logiciel Callisto 3D<\/strong><\/h2>\n<p style=\"text-align: justify;\">Les donn\u00e9es et les images de chaque particule sont stock\u00e9es dans une<strong> base de donn\u00e9es binaire propre \u00e0 Occhio<\/strong>. L\u2019instrument est pilot\u00e9\u00a0par le logiciel <strong><a href=\"https:\/\/occhio-instruments.com\/fr\/instruments\/nos-produits\/logiciels\/callisto-3d\/\">Callisto 3D<\/a><\/strong>, qui contr\u00f4le l&rsquo;enti\u00e8ret\u00e9\u00a0de\u00a0l\u2019analyse: m\u00e9thodes, statistiques, reporting et sauvegarde de donn\u00e9es.<\/p>\n<h2 style=\"text-align: justify;\"><strong>Caract\u00e9ristiques principales de l&rsquo;instrument de laboratoire :<\/strong><\/h2>\n<table style=\"height: 92px;\" border=\"1\" cellspacing=\"1\" cellpadding=\"1\">\n<tbody>\n<tr style=\"height: 23px;\">\n<td style=\"height: 23px; width: 125.297px;\">Taille de particules<\/td>\n<td style=\"height: 23px; width: 135.422px;\">De 0.2\u00b5m \u00e0 1000\u00b5m<\/td>\n<\/tr>\n<tr style=\"height: 23px;\">\n<td style=\"height: 23px; width: 125.297px;\">Volume<\/td>\n<td style=\"height: 23px; width: 135.422px;\">A partir 0.02ml<\/td>\n<\/tr>\n<tr style=\"height: 23px;\">\n<td style=\"height: 23px; width: 125.297px;\">Ecoulement<\/td>\n<td style=\"height: 23px; width: 135.422px;\">Seringue de pr\u00e9cision<\/td>\n<\/tr>\n<tr style=\"height: 23px;\">\n<td style=\"height: 23px; width: 125.297px;\">Epaisseur de cellule<\/td>\n<td style=\"height: 23px; width: 135.422px;\">Epaisseur variable<\/td>\n<\/tr>\n<\/tbody>\n<\/table>\n<p style=\"text-align: justify;\">Pr\u00e9c\u00e9demment certifi\u00e9 et pouvant \u00eatre certifi\u00e9 \u00e0 la demande du client ; des frais suppl\u00e9mentaires peuvent \u00eatre encourus.<\/p>\n<p>[\/et_pb_text][\/et_pb_column][\/et_pb_row][\/et_pb_section][et_pb_section fb_built=\u00a0\u00bb1&Prime; module_id=\u00a0\u00bbcta-bottom\u00a0\u00bb _builder_version=\u00a0\u00bb4.4.3&Prime; background_color=\u00a0\u00bb#51595D\u00a0\u00bb custom_padding=\u00a0\u00bb30px||30px||false|false\u00a0\u00bb global_module=\u00a0\u00bb89&Prime; saved_tabs=\u00a0\u00bball\u00a0\u00bb global_colors_info=\u00a0\u00bb{}\u00a0\u00bb][et_pb_row column_structure=\u00a0\u00bb2_3,1_3&Prime; _builder_version=\u00a0\u00bb4.15&Prime; global_colors_info=\u00a0\u00bb{}\u00a0\u00bb][et_pb_column type=\u00a0\u00bb2_3&Prime; _builder_version=\u00a0\u00bb4.15&Prime; global_colors_info=\u00a0\u00bb{}\u00a0\u00bb][et_pb_text _builder_version=\u00a0\u00bb4.15&Prime; text_text_color=\u00a0\u00bb#ffffff\u00a0\u00bb header_text_color=\u00a0\u00bb#ffffff\u00a0\u00bb global_colors_info=\u00a0\u00bb{}\u00a0\u00bb]<\/p>\n<h2>Vous souhaitez recevoir plus d&rsquo;infos ?<br \/><strong>Contactez-nous !<\/strong><\/h2>\n<p>[\/et_pb_text][\/et_pb_column][et_pb_column type=\u00a0\u00bb1_3&Prime; _builder_version=\u00a0\u00bb4.15&Prime; global_colors_info=\u00a0\u00bb{}\u00a0\u00bb][et_pb_button button_url=\u00a0\u00bb\/fr\/contact\/\u00a0\u00bb button_text=\u00a0\u00bbContactez-nous !\u00a0\u00bb _builder_version=\u00a0\u00bb4.4.3&Prime; global_colors_info=\u00a0\u00bb{}\u00a0\u00bb][\/et_pb_button][\/et_pb_column][\/et_pb_row][\/et_pb_section]<\/p>\n","protected":false},"excerpt":{"rendered":"<p>Ipac 2Ipac 2 CMP, mesure de la taille et comptage de particules L&rsquo;instrument de laboratoire Ipac 2 mesure la taille et effectue le comptage de particules par l&rsquo;analyse d&rsquo;image. Dispersion en voie liquide, caract\u00e9risation de suspensions de planarisation m\u00e9cano-chimique. L&rsquo;Ipac 2 est l&rsquo;instrument le plus complet et robuste de sa classe, il est capable de [&hellip;]<\/p>\n","protected":false},"author":1,"featured_media":0,"parent":2241,"menu_order":0,"comment_status":"closed","ping_status":"closed","template":"","meta":{"_et_pb_use_builder":"on","_et_pb_old_content":"","_et_gb_content_width":"","footnotes":""},"yoast_head":"<!-- This site is optimized with the Yoast SEO plugin v22.9 - https:\/\/yoast.com\/wordpress\/plugins\/seo\/ -->\n<title>Mesure de taille et comptage de particule analyse d&#039;image - Ipac 2<\/title>\n<meta name=\"description\" content=\"Instrument permettant d&#039;analyser la taille des particules et comptage de particules en suspension et en \u00e9mulsion - Ipac 2.\" \/>\n<meta name=\"robots\" content=\"index, follow, max-snippet:-1, max-image-preview:large, max-video-preview:-1\" \/>\n<link rel=\"canonical\" href=\"https:\/\/occhio-instruments.com\/fr\/instruments\/nos-produits\/dispersion-voie-liquide\/ipac-2-analyseur-de-particules\/\" \/>\n<meta property=\"og:locale\" content=\"fr_FR\" \/>\n<meta property=\"og:type\" content=\"article\" \/>\n<meta property=\"og:title\" content=\"Mesure de taille et comptage de particule analyse d&#039;image - Ipac 2\" \/>\n<meta property=\"og:description\" content=\"Instrument permettant d&#039;analyser la taille des particules et comptage de particules en suspension et en \u00e9mulsion - Ipac 2.\" \/>\n<meta property=\"og:url\" content=\"https:\/\/occhio-instruments.com\/fr\/instruments\/nos-produits\/dispersion-voie-liquide\/ipac-2-analyseur-de-particules\/\" \/>\n<meta property=\"og:site_name\" content=\"Occhio\" \/>\n<meta property=\"article:modified_time\" content=\"2023-02-02T09:22:49+00:00\" \/>\n<meta property=\"og:image\" content=\"https:\/\/occhio-instruments.com\/wp-content\/uploads\/2021\/12\/occhio-instruments.jpg\" \/>\n\t<meta property=\"og:image:width\" content=\"1200\" \/>\n\t<meta property=\"og:image:height\" content=\"630\" \/>\n\t<meta property=\"og:image:type\" content=\"image\/jpeg\" \/>\n<meta name=\"twitter:card\" content=\"summary_large_image\" \/>\n<meta name=\"twitter:label1\" content=\"Dur\u00e9e de lecture estim\u00e9e\" \/>\n\t<meta name=\"twitter:data1\" content=\"3 minutes\" \/>\n<script type=\"application\/ld+json\" class=\"yoast-schema-graph\">{\"@context\":\"https:\/\/schema.org\",\"@graph\":[{\"@type\":\"WebPage\",\"@id\":\"https:\/\/occhio-instruments.com\/fr\/instruments\/nos-produits\/dispersion-voie-liquide\/ipac-2-analyseur-de-particules\/\",\"url\":\"https:\/\/occhio-instruments.com\/fr\/instruments\/nos-produits\/dispersion-voie-liquide\/ipac-2-analyseur-de-particules\/\",\"name\":\"Mesure de taille et comptage de particule analyse d'image - Ipac 2\",\"isPartOf\":{\"@id\":\"https:\/\/occhio-instruments.com\/#website\"},\"datePublished\":\"2020-06-16T09:06:44+00:00\",\"dateModified\":\"2023-02-02T09:22:49+00:00\",\"description\":\"Instrument permettant d'analyser la taille des particules et comptage de particules en suspension et en \u00e9mulsion - Ipac 2.\",\"breadcrumb\":{\"@id\":\"https:\/\/occhio-instruments.com\/fr\/instruments\/nos-produits\/dispersion-voie-liquide\/ipac-2-analyseur-de-particules\/#breadcrumb\"},\"inLanguage\":\"fr-FR\",\"potentialAction\":[{\"@type\":\"ReadAction\",\"target\":[\"https:\/\/occhio-instruments.com\/fr\/instruments\/nos-produits\/dispersion-voie-liquide\/ipac-2-analyseur-de-particules\/\"]}]},{\"@type\":\"BreadcrumbList\",\"@id\":\"https:\/\/occhio-instruments.com\/fr\/instruments\/nos-produits\/dispersion-voie-liquide\/ipac-2-analyseur-de-particules\/#breadcrumb\",\"itemListElement\":[{\"@type\":\"ListItem\",\"position\":1,\"name\":\"Instruments\",\"item\":\"https:\/\/occhio-instruments.com\/fr\/instruments\/\"},{\"@type\":\"ListItem\",\"position\":2,\"name\":\"Nos produits\",\"item\":\"https:\/\/occhio-instruments.com\/fr\/instruments\/nos-produits\/\"},{\"@type\":\"ListItem\",\"position\":3,\"name\":\"Instruments de dispersion en voie liquide\",\"item\":\"https:\/\/occhio-instruments.com\/fr\/instruments\/nos-produits\/dispersion-voie-liquide\/\"},{\"@type\":\"ListItem\",\"position\":4,\"name\":\"Ipac 2 analyseur de particules\"}]},{\"@type\":\"WebSite\",\"@id\":\"https:\/\/occhio-instruments.com\/#website\",\"url\":\"https:\/\/occhio-instruments.com\/\",\"name\":\"Occhio\",\"description\":\"Un site utilisant WordPress\",\"potentialAction\":[{\"@type\":\"SearchAction\",\"target\":{\"@type\":\"EntryPoint\",\"urlTemplate\":\"https:\/\/occhio-instruments.com\/?s={search_term_string}\"},\"query-input\":\"required name=search_term_string\"}],\"inLanguage\":\"fr-FR\"}]}<\/script>\n<!-- \/ Yoast SEO plugin. -->","yoast_head_json":{"title":"Mesure de taille et comptage de particule analyse d'image - Ipac 2","description":"Instrument permettant d'analyser la taille des particules et comptage de particules en suspension et en \u00e9mulsion - Ipac 2.","robots":{"index":"index","follow":"follow","max-snippet":"max-snippet:-1","max-image-preview":"max-image-preview:large","max-video-preview":"max-video-preview:-1"},"canonical":"https:\/\/occhio-instruments.com\/fr\/instruments\/nos-produits\/dispersion-voie-liquide\/ipac-2-analyseur-de-particules\/","og_locale":"fr_FR","og_type":"article","og_title":"Mesure de taille et comptage de particule analyse d'image - Ipac 2","og_description":"Instrument permettant d'analyser la taille des particules et comptage de particules en suspension et en \u00e9mulsion - Ipac 2.","og_url":"https:\/\/occhio-instruments.com\/fr\/instruments\/nos-produits\/dispersion-voie-liquide\/ipac-2-analyseur-de-particules\/","og_site_name":"Occhio","article_modified_time":"2023-02-02T09:22:49+00:00","og_image":[{"width":1200,"height":630,"url":"https:\/\/occhio-instruments.com\/wp-content\/uploads\/2021\/12\/occhio-instruments.jpg","type":"image\/jpeg"}],"twitter_card":"summary_large_image","twitter_misc":{"Dur\u00e9e de lecture estim\u00e9e":"3 minutes"},"schema":{"@context":"https:\/\/schema.org","@graph":[{"@type":"WebPage","@id":"https:\/\/occhio-instruments.com\/fr\/instruments\/nos-produits\/dispersion-voie-liquide\/ipac-2-analyseur-de-particules\/","url":"https:\/\/occhio-instruments.com\/fr\/instruments\/nos-produits\/dispersion-voie-liquide\/ipac-2-analyseur-de-particules\/","name":"Mesure de taille et comptage de particule analyse d'image - Ipac 2","isPartOf":{"@id":"https:\/\/occhio-instruments.com\/#website"},"datePublished":"2020-06-16T09:06:44+00:00","dateModified":"2023-02-02T09:22:49+00:00","description":"Instrument permettant d'analyser la taille des particules et comptage de particules en suspension et en \u00e9mulsion - Ipac 2.","breadcrumb":{"@id":"https:\/\/occhio-instruments.com\/fr\/instruments\/nos-produits\/dispersion-voie-liquide\/ipac-2-analyseur-de-particules\/#breadcrumb"},"inLanguage":"fr-FR","potentialAction":[{"@type":"ReadAction","target":["https:\/\/occhio-instruments.com\/fr\/instruments\/nos-produits\/dispersion-voie-liquide\/ipac-2-analyseur-de-particules\/"]}]},{"@type":"BreadcrumbList","@id":"https:\/\/occhio-instruments.com\/fr\/instruments\/nos-produits\/dispersion-voie-liquide\/ipac-2-analyseur-de-particules\/#breadcrumb","itemListElement":[{"@type":"ListItem","position":1,"name":"Instruments","item":"https:\/\/occhio-instruments.com\/fr\/instruments\/"},{"@type":"ListItem","position":2,"name":"Nos produits","item":"https:\/\/occhio-instruments.com\/fr\/instruments\/nos-produits\/"},{"@type":"ListItem","position":3,"name":"Instruments de dispersion en voie liquide","item":"https:\/\/occhio-instruments.com\/fr\/instruments\/nos-produits\/dispersion-voie-liquide\/"},{"@type":"ListItem","position":4,"name":"Ipac 2 analyseur de particules"}]},{"@type":"WebSite","@id":"https:\/\/occhio-instruments.com\/#website","url":"https:\/\/occhio-instruments.com\/","name":"Occhio","description":"Un site utilisant WordPress","potentialAction":[{"@type":"SearchAction","target":{"@type":"EntryPoint","urlTemplate":"https:\/\/occhio-instruments.com\/?s={search_term_string}"},"query-input":"required name=search_term_string"}],"inLanguage":"fr-FR"}]}},"_links":{"self":[{"href":"https:\/\/occhio-instruments.com\/fr\/wp-json\/wp\/v2\/pages\/2254"}],"collection":[{"href":"https:\/\/occhio-instruments.com\/fr\/wp-json\/wp\/v2\/pages"}],"about":[{"href":"https:\/\/occhio-instruments.com\/fr\/wp-json\/wp\/v2\/types\/page"}],"author":[{"embeddable":true,"href":"https:\/\/occhio-instruments.com\/fr\/wp-json\/wp\/v2\/users\/1"}],"replies":[{"embeddable":true,"href":"https:\/\/occhio-instruments.com\/fr\/wp-json\/wp\/v2\/comments?post=2254"}],"version-history":[{"count":15,"href":"https:\/\/occhio-instruments.com\/fr\/wp-json\/wp\/v2\/pages\/2254\/revisions"}],"predecessor-version":[{"id":9426,"href":"https:\/\/occhio-instruments.com\/fr\/wp-json\/wp\/v2\/pages\/2254\/revisions\/9426"}],"up":[{"embeddable":true,"href":"https:\/\/occhio-instruments.com\/fr\/wp-json\/wp\/v2\/pages\/2241"}],"wp:attachment":[{"href":"https:\/\/occhio-instruments.com\/fr\/wp-json\/wp\/v2\/media?parent=2254"}],"curies":[{"name":"wp","href":"https:\/\/api.w.org\/{rel}","templated":true}]}}