{"id":2249,"date":"2020-06-16T11:03:50","date_gmt":"2020-06-16T09:03:50","guid":{"rendered":"https:\/\/occhio-instruments.com\/fc200shr-protein-aggregate-counter\/"},"modified":"2023-09-12T16:05:23","modified_gmt":"2023-09-12T14:05:23","slug":"fc200shr","status":"publish","type":"page","link":"https:\/\/occhio-instruments.com\/fr\/instruments\/nos-produits\/dispersion-voie-liquide\/fc200shr\/","title":{"rendered":"FC200S+HR"},"content":{"rendered":"<p>[et_pb_section fb_built=\u00a0\u00bb1&Prime; module_id=\u00a0\u00bbbanner\u00a0\u00bb _builder_version=\u00a0\u00bb4.15&Prime; background_image=\u00a0\u00bbhttps:\/\/occhio-instruments.com\/wp-content\/uploads\/2020\/04\/banner-bg.png\u00a0\u00bb global_colors_info=\u00a0\u00bb{}\u00a0\u00bb][et_pb_row _builder_version=\u00a0\u00bb4.15&Prime; background_size=\u00a0\u00bbinitial\u00a0\u00bb background_position=\u00a0\u00bbtop_left\u00a0\u00bb background_repeat=\u00a0\u00bbrepeat\u00a0\u00bb global_colors_info=\u00a0\u00bb{}\u00a0\u00bb][et_pb_column type=\u00a0\u00bb4_4&Prime; _builder_version=\u00a0\u00bb4.15&Prime; custom_padding=\u00a0\u00bb|||\u00a0\u00bb global_colors_info=\u00a0\u00bb{}\u00a0\u00bb custom_padding__hover=\u00a0\u00bb|||\u00a0\u00bb][et_pb_text _builder_version=\u00a0\u00bb4.15&Prime; global_colors_info=\u00a0\u00bb{}\u00a0\u00bb]<\/p>\n<p style=\"text-align: center;\">FC200S+HR<\/p>\n<p>[\/et_pb_text][\/et_pb_column][\/et_pb_row][\/et_pb_section][et_pb_section fb_built=\u00a0\u00bb1&Prime; _builder_version=\u00a0\u00bb4.15&Prime; global_colors_info=\u00a0\u00bb{}\u00a0\u00bb][et_pb_row column_structure=\u00a0\u00bb2_5,3_5&Prime; _builder_version=\u00a0\u00bb4.15&Prime; global_colors_info=\u00a0\u00bb{}\u00a0\u00bb][et_pb_column type=\u00a0\u00bb2_5&Prime; _builder_version=\u00a0\u00bb4.15&Prime; global_colors_info=\u00a0\u00bb{}\u00a0\u00bb][et_pb_gallery gallery_ids=\u00a0\u00bb301&Prime; show_title_and_caption=\u00a0\u00bboff\u00a0\u00bb _builder_version=\u00a0\u00bb4.15.1&Prime; global_colors_info=\u00a0\u00bb{}\u00a0\u00bb][\/et_pb_gallery][et_pb_image src=\u00a0\u00bbhttps:\/\/occhio-instruments.com\/wp-content\/uploads\/2021\/01\/occhio-fc200-shr.jpg\u00a0\u00bb alt=\u00a0\u00bbFC200S+HR &#8211; Caract\u00e9risation de particules en voie liquide\u00a0\u00bb title_text=\u00a0\u00bbFC200S+HR &#8211; Caract\u00e9risation de particules en voie liquide\u00a0\u00bb _builder_version=\u00a0\u00bb4.15.1&Prime; global_colors_info=\u00a0\u00bb{}\u00a0\u00bb][\/et_pb_image][\/et_pb_column][et_pb_column type=\u00a0\u00bb3_5&Prime; _builder_version=\u00a0\u00bb4.15&Prime; global_colors_info=\u00a0\u00bb{}\u00a0\u00bb][et_pb_text _builder_version=\u00a0\u00bb4.15.1&Prime; global_colors_info=\u00a0\u00bb{}\u00a0\u00bb]<\/p>\n<h1 style=\"text-align: justify;\">FC200S+HR, analyse de taille et de forme de particules<\/h1>\n<p style=\"text-align: justify;\">L&rsquo;<a href=\"https:\/\/occhio-instruments.com\/fr\/instruments\/\">instrument de laboratoire<\/a> FC200S+HR mesure la <strong>taille et la forme de particules par analyse d&rsquo;image<\/strong>. Dispersion en <a href=\"https:\/\/occhio-instruments.com\/fr\/instruments\/nos-produits\/dispersion-voie-liquide\/\"><strong>voie liquide<\/strong><\/a>, caract\u00e9risation de <strong>suspensions et \u00e9mulsions<\/strong>.<\/p>\n<h2 style=\"text-align: justify;\">Principe de fonctionnement du FC200S+HR pour la caract\u00e9risation de particules en voie liquide<\/h2>\n<p style=\"text-align: justify;\">Sp\u00e9cialement d\u00e9velopp\u00e9 pour les<a href=\"https:\/\/occhio-instruments.com\/fr\/instruments\/applications\/\"><strong> applications liquides<\/strong> <\/a>requ\u00e9rant un \u00e9chantillon de petite quantit\u00e9,\u00a0<strong> \u00e0 partir de 50\u00b5l,<\/strong> l\u2019instrument Occhio FC200S+HR permet le<strong> comptage<\/strong> et la mesure de la <strong>taille et forme<\/strong> de particules avec une pr\u00e9cision in\u00e9gal\u00e9e.<\/p>\n<p style=\"text-align: justify;\">L&rsquo;\u00e9chantillon est mis en circulation par une seringue, le volume et la vitesse d&rsquo;\u00e9coulement sont contr\u00f4l\u00e9s pendant la dur\u00e9e de l&rsquo;analyse. La m\u00e9thode int\u00e8gre la <strong>quantit\u00e9<\/strong> d&rsquo;\u00e9chantillon \u00e0 analyser, le <strong>volume<\/strong> d&rsquo;\u00e9chantillonnage et le <strong>nombre de particules<\/strong> analys\u00e9es. La cellule d&rsquo;analyse est fournie avec des entretoises d&rsquo;\u00e9paisseurs diff\u00e9rentes, ce qui apporte une meilleure <strong>nettet\u00e9 d&rsquo;image<\/strong> et aussi de<strong> r\u00e9duire la dilution<\/strong> pour des mesures plus repr\u00e9sentatives.<\/p>\n<p style=\"text-align: justify;\">Occhio FC200S+HR\u00a0poss\u00e8de un <strong>capteur \u00e0 tr\u00e8s haute r\u00e9solution<\/strong>, avec lequel\u00a0vous obtenez\u00a0une\u00a0mesure directe de\u00a0pr\u00e9cision,\u00a0il permet de remplacer un\u00a0<a href=\"https:\/\/occhio-instruments.com\/fr\/granulometrie-laser\/\"><strong>granulom\u00e8tre\u00a0laser<\/strong><\/a> dans de nombreuses applications, en particulier, o\u00f9\u00a0une meilleure\u00a0compr\u00e9hension de l&rsquo;\u00e9chantillon\u00a0est requise.<\/p>\n<h3 style=\"text-align: justify;\">Option haute r\u00e9solution \u00ab\u00a0HR\u00a0\u00bb<\/h3>\n<p style=\"text-align: justify;\">La r\u00e9solution de l&rsquo;image est l&rsquo;un des aspects cl\u00e9s des instruments bas\u00e9s sur l&rsquo;<a href=\"https:\/\/occhio-instruments.com\/fr\/analyse-granulometrique\/analyse-image\/\"><strong>analyse d&rsquo;image<\/strong><\/a>. Notre option HR est fournie avec un capteur ultra haute r\u00e9solution. Ce nouveau capteur permet d&rsquo;obtenir de <strong>meilleures images<\/strong> et plus de <strong>pr\u00e9cision<\/strong> pour les particules non-visibles.<\/p>\n<h2 style=\"text-align: justify;\"><strong>Occhio FC200S+HR, vous permet de mesurer :<\/strong><\/h2>\n<ul style=\"text-align: justify;\">\n<li>La taille de la particule<\/li>\n<li>La forme de la particule<\/li>\n<li>La concentration de la particule (comptage de particules)<\/li>\n<li>La transparence de la particule<\/li>\n<\/ul>\n<h2 style=\"text-align: justify;\"><strong>Callisto 3D<\/strong><\/h2>\n<p style=\"text-align: justify;\">Les donn\u00e9es et les images de chaque particule sont stock\u00e9es dans une <strong>base de donn\u00e9es binaire propre \u00e0 Occhio<\/strong>. L\u2019instrument est pilot\u00e9\u00a0par le logiciel <strong><a href=\"https:\/\/occhio-instruments.com\/fr\/instruments\/nos-produits\/logiciels\/callisto-3d\/\">Callisto 3D<\/a><\/strong>, qui contr\u00f4le l&rsquo;enti\u00e8ret\u00e9\u00a0de\u00a0l\u2019analyse: m\u00e9thodes, statistiques, reporting et sauvegarde de donn\u00e9es.<\/p>\n<h2 style=\"text-align: justify;\"><strong>Caract\u00e9ristiques principales<\/strong><\/h2>\n<table class=\"mainfeatures\" border=\"0\" cellspacing=\"0\" cellpadding=\"0\">\n<tbody>\n<tr>\n<td><strong>Taille de particules<\/strong><\/td>\n<td>De 0.2\u00b5m \u00e0 1000\u00b5m<\/td>\n<\/tr>\n<tr>\n<td><strong>Volume<\/strong><\/td>\n<td>A partir de 0.05ml<\/td>\n<\/tr>\n<tr>\n<td><strong>Ecoulement<\/strong><\/td>\n<td>Seringue de pr\u00e9cision<\/td>\n<\/tr>\n<tr>\n<td><strong>Epaisseur de la cellule<\/strong><\/td>\n<td>Epaisseur variable<\/td>\n<\/tr>\n<tr>\n<td><strong>Option<\/strong><\/td>\n<td>Module pompe \u00e0 membrane externe<\/td>\n<\/tr>\n<\/tbody>\n<\/table>\n<p>[\/et_pb_text][\/et_pb_column][\/et_pb_row][\/et_pb_section][et_pb_section fb_built=\u00a0\u00bb1&Prime; module_id=\u00a0\u00bbcta-bottom\u00a0\u00bb _builder_version=\u00a0\u00bb4.4.3&Prime; background_color=\u00a0\u00bb#51595D\u00a0\u00bb custom_padding=\u00a0\u00bb30px||30px||false|false\u00a0\u00bb global_module=\u00a0\u00bb89&Prime; saved_tabs=\u00a0\u00bball\u00a0\u00bb global_colors_info=\u00a0\u00bb{}\u00a0\u00bb][et_pb_row column_structure=\u00a0\u00bb2_3,1_3&Prime; _builder_version=\u00a0\u00bb4.15&Prime; global_colors_info=\u00a0\u00bb{}\u00a0\u00bb][et_pb_column type=\u00a0\u00bb2_3&Prime; _builder_version=\u00a0\u00bb4.15&Prime; global_colors_info=\u00a0\u00bb{}\u00a0\u00bb][et_pb_text _builder_version=\u00a0\u00bb4.15&Prime; text_text_color=\u00a0\u00bb#ffffff\u00a0\u00bb header_text_color=\u00a0\u00bb#ffffff\u00a0\u00bb global_colors_info=\u00a0\u00bb{}\u00a0\u00bb]<\/p>\n<h2>Vous souhaitez recevoir plus d&rsquo;infos ?<br \/><strong>Contactez-nous !<\/strong><\/h2>\n<p>[\/et_pb_text][\/et_pb_column][et_pb_column type=\u00a0\u00bb1_3&Prime; _builder_version=\u00a0\u00bb4.15&Prime; global_colors_info=\u00a0\u00bb{}\u00a0\u00bb][et_pb_button button_url=\u00a0\u00bb\/fr\/contact\/\u00a0\u00bb button_text=\u00a0\u00bbContactez-nous !\u00a0\u00bb _builder_version=\u00a0\u00bb4.4.3&Prime; global_colors_info=\u00a0\u00bb{}\u00a0\u00bb][\/et_pb_button][\/et_pb_column][\/et_pb_row][\/et_pb_section]<\/p>\n","protected":false},"excerpt":{"rendered":"<p>FC200S+HRFC200S+HR, analyse de taille et de forme de particules L&rsquo;instrument de laboratoire FC200S+HR mesure la taille et la forme de particules par analyse d&rsquo;image. Dispersion en voie liquide, caract\u00e9risation de suspensions et \u00e9mulsions. Principe de fonctionnement du FC200S+HR pour la caract\u00e9risation de particules en voie liquide Sp\u00e9cialement d\u00e9velopp\u00e9 pour les applications liquides requ\u00e9rant un \u00e9chantillon [&hellip;]<\/p>\n","protected":false},"author":1,"featured_media":0,"parent":2241,"menu_order":0,"comment_status":"closed","ping_status":"closed","template":"","meta":{"_et_pb_use_builder":"on","_et_pb_old_content":"","_et_gb_content_width":"","footnotes":""},"yoast_head":"<!-- This site is optimized with the Yoast SEO plugin v22.9 - https:\/\/yoast.com\/wordpress\/plugins\/seo\/ -->\n<title>Comptage et mesure de particules - FC200S+HR par Occhio<\/title>\n<meta name=\"description\" content=\"Comptage et la mesure de la taille et la forme de particules avec une pr\u00e9cision in\u00e9gal\u00e9e gr\u00e2ce \u00e0 l&#039;instrument FC200S+HR par Occhio.\" \/>\n<meta name=\"robots\" content=\"index, follow, max-snippet:-1, max-image-preview:large, max-video-preview:-1\" \/>\n<link rel=\"canonical\" href=\"https:\/\/occhio-instruments.com\/fr\/instruments\/nos-produits\/dispersion-voie-liquide\/fc200shr\/\" \/>\n<meta property=\"og:locale\" content=\"fr_FR\" \/>\n<meta property=\"og:type\" content=\"article\" \/>\n<meta property=\"og:title\" content=\"Comptage et mesure de particules - FC200S+HR par Occhio\" \/>\n<meta property=\"og:description\" content=\"Comptage et la mesure de la taille et la forme de particules avec une pr\u00e9cision in\u00e9gal\u00e9e gr\u00e2ce \u00e0 l&#039;instrument FC200S+HR par Occhio.\" \/>\n<meta property=\"og:url\" content=\"https:\/\/occhio-instruments.com\/fr\/instruments\/nos-produits\/dispersion-voie-liquide\/fc200shr\/\" \/>\n<meta property=\"og:site_name\" content=\"Occhio\" \/>\n<meta property=\"article:modified_time\" content=\"2023-09-12T14:05:23+00:00\" \/>\n<meta property=\"og:image\" content=\"https:\/\/occhio-instruments.com\/wp-content\/uploads\/2021\/12\/occhio-instruments.jpg\" \/>\n\t<meta property=\"og:image:width\" content=\"1200\" \/>\n\t<meta property=\"og:image:height\" content=\"630\" \/>\n\t<meta property=\"og:image:type\" content=\"image\/jpeg\" \/>\n<meta name=\"twitter:card\" content=\"summary_large_image\" \/>\n<meta name=\"twitter:label1\" content=\"Dur\u00e9e de lecture estim\u00e9e\" \/>\n\t<meta name=\"twitter:data1\" content=\"2 minutes\" \/>\n<script type=\"application\/ld+json\" class=\"yoast-schema-graph\">{\"@context\":\"https:\/\/schema.org\",\"@graph\":[{\"@type\":\"WebPage\",\"@id\":\"https:\/\/occhio-instruments.com\/fr\/instruments\/nos-produits\/dispersion-voie-liquide\/fc200shr\/\",\"url\":\"https:\/\/occhio-instruments.com\/fr\/instruments\/nos-produits\/dispersion-voie-liquide\/fc200shr\/\",\"name\":\"Comptage et mesure de particules - FC200S+HR par Occhio\",\"isPartOf\":{\"@id\":\"https:\/\/occhio-instruments.com\/#website\"},\"datePublished\":\"2020-06-16T09:03:50+00:00\",\"dateModified\":\"2023-09-12T14:05:23+00:00\",\"description\":\"Comptage et la mesure de la taille et la forme de particules avec une pr\u00e9cision in\u00e9gal\u00e9e gr\u00e2ce \u00e0 l'instrument FC200S+HR par Occhio.\",\"breadcrumb\":{\"@id\":\"https:\/\/occhio-instruments.com\/fr\/instruments\/nos-produits\/dispersion-voie-liquide\/fc200shr\/#breadcrumb\"},\"inLanguage\":\"fr-FR\",\"potentialAction\":[{\"@type\":\"ReadAction\",\"target\":[\"https:\/\/occhio-instruments.com\/fr\/instruments\/nos-produits\/dispersion-voie-liquide\/fc200shr\/\"]}]},{\"@type\":\"BreadcrumbList\",\"@id\":\"https:\/\/occhio-instruments.com\/fr\/instruments\/nos-produits\/dispersion-voie-liquide\/fc200shr\/#breadcrumb\",\"itemListElement\":[{\"@type\":\"ListItem\",\"position\":1,\"name\":\"Instruments\",\"item\":\"https:\/\/occhio-instruments.com\/fr\/instruments\/\"},{\"@type\":\"ListItem\",\"position\":2,\"name\":\"Nos produits\",\"item\":\"https:\/\/occhio-instruments.com\/fr\/instruments\/nos-produits\/\"},{\"@type\":\"ListItem\",\"position\":3,\"name\":\"Instruments de dispersion en voie liquide\",\"item\":\"https:\/\/occhio-instruments.com\/fr\/instruments\/nos-produits\/dispersion-voie-liquide\/\"},{\"@type\":\"ListItem\",\"position\":4,\"name\":\"FC200S+HR\"}]},{\"@type\":\"WebSite\",\"@id\":\"https:\/\/occhio-instruments.com\/#website\",\"url\":\"https:\/\/occhio-instruments.com\/\",\"name\":\"Occhio\",\"description\":\"Un site utilisant WordPress\",\"potentialAction\":[{\"@type\":\"SearchAction\",\"target\":{\"@type\":\"EntryPoint\",\"urlTemplate\":\"https:\/\/occhio-instruments.com\/?s={search_term_string}\"},\"query-input\":\"required name=search_term_string\"}],\"inLanguage\":\"fr-FR\"}]}<\/script>\n<!-- \/ Yoast SEO plugin. -->","yoast_head_json":{"title":"Comptage et mesure de particules - FC200S+HR par Occhio","description":"Comptage et la mesure de la taille et la forme de particules avec une pr\u00e9cision in\u00e9gal\u00e9e gr\u00e2ce \u00e0 l'instrument FC200S+HR par Occhio.","robots":{"index":"index","follow":"follow","max-snippet":"max-snippet:-1","max-image-preview":"max-image-preview:large","max-video-preview":"max-video-preview:-1"},"canonical":"https:\/\/occhio-instruments.com\/fr\/instruments\/nos-produits\/dispersion-voie-liquide\/fc200shr\/","og_locale":"fr_FR","og_type":"article","og_title":"Comptage et mesure de particules - FC200S+HR par Occhio","og_description":"Comptage et la mesure de la taille et la forme de particules avec une pr\u00e9cision in\u00e9gal\u00e9e gr\u00e2ce \u00e0 l'instrument FC200S+HR par Occhio.","og_url":"https:\/\/occhio-instruments.com\/fr\/instruments\/nos-produits\/dispersion-voie-liquide\/fc200shr\/","og_site_name":"Occhio","article_modified_time":"2023-09-12T14:05:23+00:00","og_image":[{"width":1200,"height":630,"url":"https:\/\/occhio-instruments.com\/wp-content\/uploads\/2021\/12\/occhio-instruments.jpg","type":"image\/jpeg"}],"twitter_card":"summary_large_image","twitter_misc":{"Dur\u00e9e de lecture estim\u00e9e":"2 minutes"},"schema":{"@context":"https:\/\/schema.org","@graph":[{"@type":"WebPage","@id":"https:\/\/occhio-instruments.com\/fr\/instruments\/nos-produits\/dispersion-voie-liquide\/fc200shr\/","url":"https:\/\/occhio-instruments.com\/fr\/instruments\/nos-produits\/dispersion-voie-liquide\/fc200shr\/","name":"Comptage et mesure de particules - FC200S+HR par Occhio","isPartOf":{"@id":"https:\/\/occhio-instruments.com\/#website"},"datePublished":"2020-06-16T09:03:50+00:00","dateModified":"2023-09-12T14:05:23+00:00","description":"Comptage et la mesure de la taille et la forme de particules avec une pr\u00e9cision in\u00e9gal\u00e9e gr\u00e2ce \u00e0 l'instrument FC200S+HR par Occhio.","breadcrumb":{"@id":"https:\/\/occhio-instruments.com\/fr\/instruments\/nos-produits\/dispersion-voie-liquide\/fc200shr\/#breadcrumb"},"inLanguage":"fr-FR","potentialAction":[{"@type":"ReadAction","target":["https:\/\/occhio-instruments.com\/fr\/instruments\/nos-produits\/dispersion-voie-liquide\/fc200shr\/"]}]},{"@type":"BreadcrumbList","@id":"https:\/\/occhio-instruments.com\/fr\/instruments\/nos-produits\/dispersion-voie-liquide\/fc200shr\/#breadcrumb","itemListElement":[{"@type":"ListItem","position":1,"name":"Instruments","item":"https:\/\/occhio-instruments.com\/fr\/instruments\/"},{"@type":"ListItem","position":2,"name":"Nos produits","item":"https:\/\/occhio-instruments.com\/fr\/instruments\/nos-produits\/"},{"@type":"ListItem","position":3,"name":"Instruments de dispersion en voie liquide","item":"https:\/\/occhio-instruments.com\/fr\/instruments\/nos-produits\/dispersion-voie-liquide\/"},{"@type":"ListItem","position":4,"name":"FC200S+HR"}]},{"@type":"WebSite","@id":"https:\/\/occhio-instruments.com\/#website","url":"https:\/\/occhio-instruments.com\/","name":"Occhio","description":"Un site utilisant WordPress","potentialAction":[{"@type":"SearchAction","target":{"@type":"EntryPoint","urlTemplate":"https:\/\/occhio-instruments.com\/?s={search_term_string}"},"query-input":"required name=search_term_string"}],"inLanguage":"fr-FR"}]}},"_links":{"self":[{"href":"https:\/\/occhio-instruments.com\/fr\/wp-json\/wp\/v2\/pages\/2249"}],"collection":[{"href":"https:\/\/occhio-instruments.com\/fr\/wp-json\/wp\/v2\/pages"}],"about":[{"href":"https:\/\/occhio-instruments.com\/fr\/wp-json\/wp\/v2\/types\/page"}],"author":[{"embeddable":true,"href":"https:\/\/occhio-instruments.com\/fr\/wp-json\/wp\/v2\/users\/1"}],"replies":[{"embeddable":true,"href":"https:\/\/occhio-instruments.com\/fr\/wp-json\/wp\/v2\/comments?post=2249"}],"version-history":[{"count":10,"href":"https:\/\/occhio-instruments.com\/fr\/wp-json\/wp\/v2\/pages\/2249\/revisions"}],"predecessor-version":[{"id":9444,"href":"https:\/\/occhio-instruments.com\/fr\/wp-json\/wp\/v2\/pages\/2249\/revisions\/9444"}],"up":[{"embeddable":true,"href":"https:\/\/occhio-instruments.com\/fr\/wp-json\/wp\/v2\/pages\/2241"}],"wp:attachment":[{"href":"https:\/\/occhio-instruments.com\/fr\/wp-json\/wp\/v2\/media?parent=2249"}],"curies":[{"name":"wp","href":"https:\/\/api.w.org\/{rel}","templated":true}]}}