{"id":2226,"date":"2020-06-16T10:57:41","date_gmt":"2020-06-16T08:57:41","guid":{"rendered":"https:\/\/occhio-instruments.com\/zephyr-esr-2-particle-sieves-analysis-analyzer\/"},"modified":"2023-02-02T10:24:09","modified_gmt":"2023-02-02T09:24:09","slug":"zephyr-esr-2","status":"publish","type":"page","link":"https:\/\/occhio-instruments.com\/fr\/instruments\/nos-produits\/dispersion-voie-seche\/zephyr-esr-2\/","title":{"rendered":"Zephyr ESR 2"},"content":{"rendered":"<p>[et_pb_section fb_built=\u00a0\u00bb1&Prime; module_id=\u00a0\u00bbbanner\u00a0\u00bb _builder_version=\u00a0\u00bb4.15&Prime; background_image=\u00a0\u00bbhttps:\/\/occhio-instruments.com\/wp-content\/uploads\/2020\/04\/banner-bg.png\u00a0\u00bb global_colors_info=\u00a0\u00bb{}\u00a0\u00bb][et_pb_row _builder_version=\u00a0\u00bb4.15&Prime; background_size=\u00a0\u00bbinitial\u00a0\u00bb background_position=\u00a0\u00bbtop_left\u00a0\u00bb background_repeat=\u00a0\u00bbrepeat\u00a0\u00bb global_colors_info=\u00a0\u00bb{}\u00a0\u00bb][et_pb_column type=\u00a0\u00bb4_4&Prime; _builder_version=\u00a0\u00bb4.15&Prime; custom_padding=\u00a0\u00bb|||\u00a0\u00bb global_colors_info=\u00a0\u00bb{}\u00a0\u00bb custom_padding__hover=\u00a0\u00bb|||\u00a0\u00bb][et_pb_text _builder_version=\u00a0\u00bb4.15&Prime; global_colors_info=\u00a0\u00bb{}\u00a0\u00bb]<\/p>\n<p style=\"text-align: center;\">Zephyr ESR 2<\/p>\n<p>[\/et_pb_text][\/et_pb_column][\/et_pb_row][\/et_pb_section][et_pb_section fb_built=\u00a0\u00bb1&Prime; _builder_version=\u00a0\u00bb4.15&Prime; global_colors_info=\u00a0\u00bb{}\u00a0\u00bb][et_pb_row column_structure=\u00a0\u00bb2_5,3_5&Prime; _builder_version=\u00a0\u00bb4.15&Prime; global_colors_info=\u00a0\u00bb{}\u00a0\u00bb][et_pb_column type=\u00a0\u00bb2_5&Prime; _builder_version=\u00a0\u00bb4.15&Prime; global_colors_info=\u00a0\u00bb{}\u00a0\u00bb][et_pb_gallery gallery_ids=\u00a0\u00bb304&Prime; show_title_and_caption=\u00a0\u00bboff\u00a0\u00bb _builder_version=\u00a0\u00bb4.15&Prime; global_colors_info=\u00a0\u00bb{}\u00a0\u00bb][\/et_pb_gallery][et_pb_image src=\u00a0\u00bbhttps:\/\/occhio-instruments.com\/wp-content\/uploads\/2021\/01\/occhio-zephyr-esr-2-tamisage-particules.jpg\u00a0\u00bb alt=\u00a0\u00bbZephyr ESR 2 &#8211; Analyse granulom\u00e9trique par analyse d&rsquo;image\u00a0\u00bb title_text=\u00a0\u00bbZephyr ESR 2 &#8211; Analyse granulom\u00e9trique par analyse d&rsquo;image\u00a0\u00bb _builder_version=\u00a0\u00bb4.15.1&Prime; global_colors_info=\u00a0\u00bb{}\u00a0\u00bb][\/et_pb_image][\/et_pb_column][et_pb_column type=\u00a0\u00bb3_5&Prime; _builder_version=\u00a0\u00bb4.15&Prime; global_colors_info=\u00a0\u00bb{}\u00a0\u00bb][et_pb_text _builder_version=\u00a0\u00bb4.15.1&Prime; hover_enabled=\u00a0\u00bb0&Prime; global_colors_info=\u00a0\u00bb{}\u00a0\u00bb sticky_enabled=\u00a0\u00bb0&Prime;]<\/p>\n<h1 style=\"text-align: justify;\"><strong>Zephyr ESR 2, analyse de taille et de forme de particules<\/strong><\/h1>\n<p style=\"text-align: justify;\">L&rsquo;instrument de laboratoire Zephy ESR 2 permet de <strong>mesurer la taille et la forme de particules par l&rsquo;analyse d&rsquo;image<\/strong>. Pour des \u00e9chantillons <strong>secs<\/strong>, en utilisant un dispositif de dispersion<strong> par vibration<\/strong> et gravit\u00e9.<\/p>\n<h2 style=\"text-align: justify;\">Principe de fonctionnement du Zephyr ESR 2 pour la caract\u00e9risation de particules s\u00e8ches<\/h2>\n<p style=\"text-align: justify;\">Le <strong>Zephyr ESR2<\/strong> est l&rsquo;instrument id\u00e9al pour l&rsquo;<a href=\"https:\/\/occhio-instruments.com\/fr\/analyse-granulometrique\/\"><strong>analyse granulom\u00e9trique<\/strong> <\/a>des <strong>\u00e9chantillons\u00a0tamisables<\/strong>.<\/p>\n<p style=\"text-align: justify;\">Capable d&rsquo;analyses\u00a0granulom\u00e9triques\u00a0comprises\u00a0<strong>entre 30\u00b5m et 3cm<\/strong>, l&rsquo;instrument\u00a0a \u00e9t\u00e9 sp\u00e9cialement d\u00e9velopp\u00e9\u00a0pour l&rsquo;utilisation dans les laboratoires de <strong>production<\/strong> et<strong> contr\u00f4le de la qualit\u00e9<\/strong>. Il est\u00a0<strong>rapide\u00a0<\/strong>et\u00a0garanti une bonne corr\u00e9lation avec la <a href=\"https:\/\/occhio-instruments.com\/fr\/instruments\/applications\/tamisage-controle-qualite-production\/\"><strong>granulom\u00e9trie par\u00a0tamisage<\/strong><\/a>.<\/p>\n<p style=\"text-align: justify;\">Zephyr ESR 2 permet aussi une compr\u00e9hension plus avanc\u00e9e des \u00e9chantillons, notamment par la mesure des <strong>param\u00e8tres de forme<\/strong> qui permettent une mise en \u00e9vidence de certaines propri\u00e9t\u00e9s physiques propre \u00e0 l&rsquo;\u00e9chantillon : abrasivit\u00e9, coulabilit\u00e9, compacit\u00e9 et autres.<\/p>\n<p style=\"text-align: justify;\">Voici des exemples d&rsquo;\u00e9chantillons:\u00a0\u00a0pellets, granulats, sable, cailloux, sucre, plastique, semences et autres.<\/p>\n<h2 style=\"text-align: justify;\"><strong>Occhio Zephyr ESR 2 permet de mesurer :<\/strong><\/h2>\n<ul>\n<li style=\"text-align: justify;\">La taille de la particule<\/li>\n<li style=\"text-align: justify;\">La forme de la particule<\/li>\n<li style=\"text-align: justify;\">La transparence de la particule<\/li>\n<li style=\"text-align: justify;\">La granulom\u00e9trie par tamisage (corr\u00e9lation)<\/li>\n<\/ul>\n<h2 style=\"text-align: justify;\"><strong>Les logiciels Callisto 3D et Granusize<\/strong><\/h2>\n<p style=\"text-align: justify;\">Les donn\u00e9es et les images de chaque particule sont stock\u00e9es dans une <strong>base de donn\u00e9es binaire propre \u00e0 Occhio.<\/strong> L\u2019instrument est pilot\u00e9\u00a0par le logiciel <a href=\"https:\/\/occhio-instruments.com\/fr\/instruments\/nos-produits\/logiciels\/callisto-3d\/\"><strong>Callisto 3D<\/strong><\/a> ou <strong><a href=\"https:\/\/occhio-instruments.com\/fr\/instruments\/nos-produits\/logiciels\/granusize\/\">Granusize<\/a><\/strong> (version simplifi\u00e9e) qui <strong>contr\u00f4le l&rsquo;enti\u00e8ret\u00e9\u00a0de\u00a0l\u2019analyse<\/strong>: m\u00e9thodes, statistiques, reporting et sauvegarde de donn\u00e9es.<\/p>\n<h3 style=\"text-align: justify;\">Taille de particules<\/h3>\n<hr \/>\n<p style=\"text-align: justify;\">Taille de particules comprise entre 30\u00b5m et 30mm<\/p>\n<p>[\/et_pb_text][\/et_pb_column][\/et_pb_row][\/et_pb_section][et_pb_section fb_built=\u00a0\u00bb1&Prime; module_id=\u00a0\u00bbcta-bottom\u00a0\u00bb _builder_version=\u00a0\u00bb4.4.3&Prime; background_color=\u00a0\u00bb#51595D\u00a0\u00bb custom_padding=\u00a0\u00bb30px||30px||false|false\u00a0\u00bb global_module=\u00a0\u00bb89&Prime; saved_tabs=\u00a0\u00bball\u00a0\u00bb global_colors_info=\u00a0\u00bb{}\u00a0\u00bb][et_pb_row column_structure=\u00a0\u00bb2_3,1_3&Prime; _builder_version=\u00a0\u00bb4.15&Prime; global_colors_info=\u00a0\u00bb{}\u00a0\u00bb][et_pb_column type=\u00a0\u00bb2_3&Prime; _builder_version=\u00a0\u00bb4.15&Prime; global_colors_info=\u00a0\u00bb{}\u00a0\u00bb][et_pb_text _builder_version=\u00a0\u00bb4.15&Prime; text_text_color=\u00a0\u00bb#ffffff\u00a0\u00bb header_text_color=\u00a0\u00bb#ffffff\u00a0\u00bb global_colors_info=\u00a0\u00bb{}\u00a0\u00bb]<\/p>\n<h2>Vous souhaitez recevoir plus d&rsquo;infos ?<br \/><strong>Contactez-nous !<\/strong><\/h2>\n<p>[\/et_pb_text][\/et_pb_column][et_pb_column type=\u00a0\u00bb1_3&Prime; _builder_version=\u00a0\u00bb4.15&Prime; global_colors_info=\u00a0\u00bb{}\u00a0\u00bb][et_pb_button button_url=\u00a0\u00bb\/fr\/contact\/\u00a0\u00bb button_text=\u00a0\u00bbContactez-nous !\u00a0\u00bb _builder_version=\u00a0\u00bb4.4.3&Prime; global_colors_info=\u00a0\u00bb{}\u00a0\u00bb][\/et_pb_button][\/et_pb_column][\/et_pb_row][\/et_pb_section]<\/p>\n","protected":false},"excerpt":{"rendered":"<p>Zephyr ESR 2Zephyr ESR 2, analyse de taille et de forme de particules L&rsquo;instrument de laboratoire Zephy ESR 2 permet de mesurer la taille et la forme de particules par l&rsquo;analyse d&rsquo;image. Pour des \u00e9chantillons secs, en utilisant un dispositif de dispersion par vibration et gravit\u00e9. Principe de fonctionnement du Zephyr ESR 2 pour la [&hellip;]<\/p>\n","protected":false},"author":1,"featured_media":0,"parent":2161,"menu_order":0,"comment_status":"closed","ping_status":"closed","template":"","meta":{"_et_pb_use_builder":"on","_et_pb_old_content":"","_et_gb_content_width":"","footnotes":""},"yoast_head":"<!-- This site is optimized with the Yoast SEO plugin v22.9 - https:\/\/yoast.com\/wordpress\/plugins\/seo\/ -->\n<title>Analyse granulom\u00e9trique d&#039;\u00e9chantillons tamisables - Zephyr ESR 2<\/title>\n<meta name=\"description\" content=\"Analyse granulom\u00e9trique des \u00e9chantillons tamisables pour \u00e9chantillons secs, dispositif de dispersion par vibration - Tamisage granulom\u00e9trie.\" \/>\n<meta name=\"robots\" content=\"index, follow, max-snippet:-1, max-image-preview:large, max-video-preview:-1\" \/>\n<link rel=\"canonical\" href=\"https:\/\/occhio-instruments.com\/fr\/instruments\/nos-produits\/dispersion-voie-seche\/zephyr-esr-2\/\" \/>\n<meta property=\"og:locale\" content=\"fr_FR\" \/>\n<meta property=\"og:type\" content=\"article\" \/>\n<meta property=\"og:title\" content=\"Analyse granulom\u00e9trique d&#039;\u00e9chantillons tamisables - Zephyr ESR 2\" \/>\n<meta property=\"og:description\" content=\"Analyse granulom\u00e9trique des \u00e9chantillons tamisables pour \u00e9chantillons secs, dispositif de dispersion par vibration - Tamisage granulom\u00e9trie.\" \/>\n<meta property=\"og:url\" content=\"https:\/\/occhio-instruments.com\/fr\/instruments\/nos-produits\/dispersion-voie-seche\/zephyr-esr-2\/\" \/>\n<meta property=\"og:site_name\" content=\"Occhio\" \/>\n<meta property=\"article:modified_time\" content=\"2023-02-02T09:24:09+00:00\" \/>\n<meta property=\"og:image\" content=\"https:\/\/occhio-instruments.com\/wp-content\/uploads\/2021\/12\/occhio-instruments.jpg\" \/>\n\t<meta property=\"og:image:width\" content=\"1200\" \/>\n\t<meta property=\"og:image:height\" content=\"630\" \/>\n\t<meta property=\"og:image:type\" content=\"image\/jpeg\" \/>\n<meta name=\"twitter:card\" content=\"summary_large_image\" \/>\n<meta name=\"twitter:label1\" content=\"Dur\u00e9e de lecture estim\u00e9e\" \/>\n\t<meta name=\"twitter:data1\" content=\"2 minutes\" \/>\n<script type=\"application\/ld+json\" class=\"yoast-schema-graph\">{\"@context\":\"https:\/\/schema.org\",\"@graph\":[{\"@type\":\"WebPage\",\"@id\":\"https:\/\/occhio-instruments.com\/fr\/instruments\/nos-produits\/dispersion-voie-seche\/zephyr-esr-2\/\",\"url\":\"https:\/\/occhio-instruments.com\/fr\/instruments\/nos-produits\/dispersion-voie-seche\/zephyr-esr-2\/\",\"name\":\"Analyse granulom\u00e9trique d'\u00e9chantillons tamisables - Zephyr ESR 2\",\"isPartOf\":{\"@id\":\"https:\/\/occhio-instruments.com\/#website\"},\"datePublished\":\"2020-06-16T08:57:41+00:00\",\"dateModified\":\"2023-02-02T09:24:09+00:00\",\"description\":\"Analyse granulom\u00e9trique des \u00e9chantillons tamisables pour \u00e9chantillons secs, dispositif de dispersion par vibration - Tamisage granulom\u00e9trie.\",\"breadcrumb\":{\"@id\":\"https:\/\/occhio-instruments.com\/fr\/instruments\/nos-produits\/dispersion-voie-seche\/zephyr-esr-2\/#breadcrumb\"},\"inLanguage\":\"fr-FR\",\"potentialAction\":[{\"@type\":\"ReadAction\",\"target\":[\"https:\/\/occhio-instruments.com\/fr\/instruments\/nos-produits\/dispersion-voie-seche\/zephyr-esr-2\/\"]}]},{\"@type\":\"BreadcrumbList\",\"@id\":\"https:\/\/occhio-instruments.com\/fr\/instruments\/nos-produits\/dispersion-voie-seche\/zephyr-esr-2\/#breadcrumb\",\"itemListElement\":[{\"@type\":\"ListItem\",\"position\":1,\"name\":\"Instruments\",\"item\":\"https:\/\/occhio-instruments.com\/fr\/instruments\/\"},{\"@type\":\"ListItem\",\"position\":2,\"name\":\"Nos produits\",\"item\":\"https:\/\/occhio-instruments.com\/fr\/instruments\/nos-produits\/\"},{\"@type\":\"ListItem\",\"position\":3,\"name\":\"Instruments dispersion en voie s\u00e8che\",\"item\":\"https:\/\/occhio-instruments.com\/fr\/instruments\/nos-produits\/dispersion-voie-seche\/\"},{\"@type\":\"ListItem\",\"position\":4,\"name\":\"Zephyr ESR 2\"}]},{\"@type\":\"WebSite\",\"@id\":\"https:\/\/occhio-instruments.com\/#website\",\"url\":\"https:\/\/occhio-instruments.com\/\",\"name\":\"Occhio\",\"description\":\"Un site utilisant WordPress\",\"potentialAction\":[{\"@type\":\"SearchAction\",\"target\":{\"@type\":\"EntryPoint\",\"urlTemplate\":\"https:\/\/occhio-instruments.com\/?s={search_term_string}\"},\"query-input\":\"required name=search_term_string\"}],\"inLanguage\":\"fr-FR\"}]}<\/script>\n<!-- \/ Yoast SEO plugin. -->","yoast_head_json":{"title":"Analyse granulom\u00e9trique d'\u00e9chantillons tamisables - Zephyr ESR 2","description":"Analyse granulom\u00e9trique des \u00e9chantillons tamisables pour \u00e9chantillons secs, dispositif de dispersion par vibration - Tamisage granulom\u00e9trie.","robots":{"index":"index","follow":"follow","max-snippet":"max-snippet:-1","max-image-preview":"max-image-preview:large","max-video-preview":"max-video-preview:-1"},"canonical":"https:\/\/occhio-instruments.com\/fr\/instruments\/nos-produits\/dispersion-voie-seche\/zephyr-esr-2\/","og_locale":"fr_FR","og_type":"article","og_title":"Analyse granulom\u00e9trique d'\u00e9chantillons tamisables - Zephyr ESR 2","og_description":"Analyse granulom\u00e9trique des \u00e9chantillons tamisables pour \u00e9chantillons secs, dispositif de dispersion par vibration - Tamisage granulom\u00e9trie.","og_url":"https:\/\/occhio-instruments.com\/fr\/instruments\/nos-produits\/dispersion-voie-seche\/zephyr-esr-2\/","og_site_name":"Occhio","article_modified_time":"2023-02-02T09:24:09+00:00","og_image":[{"width":1200,"height":630,"url":"https:\/\/occhio-instruments.com\/wp-content\/uploads\/2021\/12\/occhio-instruments.jpg","type":"image\/jpeg"}],"twitter_card":"summary_large_image","twitter_misc":{"Dur\u00e9e de lecture estim\u00e9e":"2 minutes"},"schema":{"@context":"https:\/\/schema.org","@graph":[{"@type":"WebPage","@id":"https:\/\/occhio-instruments.com\/fr\/instruments\/nos-produits\/dispersion-voie-seche\/zephyr-esr-2\/","url":"https:\/\/occhio-instruments.com\/fr\/instruments\/nos-produits\/dispersion-voie-seche\/zephyr-esr-2\/","name":"Analyse granulom\u00e9trique d'\u00e9chantillons tamisables - Zephyr ESR 2","isPartOf":{"@id":"https:\/\/occhio-instruments.com\/#website"},"datePublished":"2020-06-16T08:57:41+00:00","dateModified":"2023-02-02T09:24:09+00:00","description":"Analyse granulom\u00e9trique des \u00e9chantillons tamisables pour \u00e9chantillons secs, dispositif de dispersion par vibration - Tamisage granulom\u00e9trie.","breadcrumb":{"@id":"https:\/\/occhio-instruments.com\/fr\/instruments\/nos-produits\/dispersion-voie-seche\/zephyr-esr-2\/#breadcrumb"},"inLanguage":"fr-FR","potentialAction":[{"@type":"ReadAction","target":["https:\/\/occhio-instruments.com\/fr\/instruments\/nos-produits\/dispersion-voie-seche\/zephyr-esr-2\/"]}]},{"@type":"BreadcrumbList","@id":"https:\/\/occhio-instruments.com\/fr\/instruments\/nos-produits\/dispersion-voie-seche\/zephyr-esr-2\/#breadcrumb","itemListElement":[{"@type":"ListItem","position":1,"name":"Instruments","item":"https:\/\/occhio-instruments.com\/fr\/instruments\/"},{"@type":"ListItem","position":2,"name":"Nos produits","item":"https:\/\/occhio-instruments.com\/fr\/instruments\/nos-produits\/"},{"@type":"ListItem","position":3,"name":"Instruments dispersion en voie s\u00e8che","item":"https:\/\/occhio-instruments.com\/fr\/instruments\/nos-produits\/dispersion-voie-seche\/"},{"@type":"ListItem","position":4,"name":"Zephyr ESR 2"}]},{"@type":"WebSite","@id":"https:\/\/occhio-instruments.com\/#website","url":"https:\/\/occhio-instruments.com\/","name":"Occhio","description":"Un site utilisant WordPress","potentialAction":[{"@type":"SearchAction","target":{"@type":"EntryPoint","urlTemplate":"https:\/\/occhio-instruments.com\/?s={search_term_string}"},"query-input":"required name=search_term_string"}],"inLanguage":"fr-FR"}]}},"_links":{"self":[{"href":"https:\/\/occhio-instruments.com\/fr\/wp-json\/wp\/v2\/pages\/2226"}],"collection":[{"href":"https:\/\/occhio-instruments.com\/fr\/wp-json\/wp\/v2\/pages"}],"about":[{"href":"https:\/\/occhio-instruments.com\/fr\/wp-json\/wp\/v2\/types\/page"}],"author":[{"embeddable":true,"href":"https:\/\/occhio-instruments.com\/fr\/wp-json\/wp\/v2\/users\/1"}],"replies":[{"embeddable":true,"href":"https:\/\/occhio-instruments.com\/fr\/wp-json\/wp\/v2\/comments?post=2226"}],"version-history":[{"count":11,"href":"https:\/\/occhio-instruments.com\/fr\/wp-json\/wp\/v2\/pages\/2226\/revisions"}],"predecessor-version":[{"id":9437,"href":"https:\/\/occhio-instruments.com\/fr\/wp-json\/wp\/v2\/pages\/2226\/revisions\/9437"}],"up":[{"embeddable":true,"href":"https:\/\/occhio-instruments.com\/fr\/wp-json\/wp\/v2\/pages\/2161"}],"wp:attachment":[{"href":"https:\/\/occhio-instruments.com\/fr\/wp-json\/wp\/v2\/media?parent=2226"}],"curies":[{"name":"wp","href":"https:\/\/api.w.org\/{rel}","templated":true}]}}