{"id":2225,"date":"2020-06-16T11:02:03","date_gmt":"2020-06-16T09:02:03","guid":{"rendered":"https:\/\/occhio-instruments.com\/particle-size-shape-morpho-3d\/"},"modified":"2023-09-12T16:18:17","modified_gmt":"2023-09-12T14:18:17","slug":"morpho-3d","status":"publish","type":"page","link":"https:\/\/occhio-instruments.com\/fr\/instruments\/nos-produits\/dispersion-voie-seche\/morpho-3d\/","title":{"rendered":"Morpho 3D"},"content":{"rendered":"<p>[et_pb_section fb_built=\u00a0\u00bb1&Prime; module_id=\u00a0\u00bbbanner\u00a0\u00bb _builder_version=\u00a0\u00bb4.15&Prime; background_image=\u00a0\u00bbhttps:\/\/occhio-instruments.com\/wp-content\/uploads\/2020\/04\/banner-bg.png\u00a0\u00bb global_colors_info=\u00a0\u00bb{}\u00a0\u00bb][et_pb_row _builder_version=\u00a0\u00bb4.15&Prime; background_size=\u00a0\u00bbinitial\u00a0\u00bb background_position=\u00a0\u00bbtop_left\u00a0\u00bb background_repeat=\u00a0\u00bbrepeat\u00a0\u00bb global_colors_info=\u00a0\u00bb{}\u00a0\u00bb][et_pb_column type=\u00a0\u00bb4_4&Prime; _builder_version=\u00a0\u00bb4.15&Prime; custom_padding=\u00a0\u00bb|||\u00a0\u00bb global_colors_info=\u00a0\u00bb{}\u00a0\u00bb custom_padding__hover=\u00a0\u00bb|||\u00a0\u00bb][et_pb_text _builder_version=\u00a0\u00bb4.15&Prime; global_colors_info=\u00a0\u00bb{}\u00a0\u00bb]<\/p>\n<p style=\"text-align: center;\">Morpho 3D<\/p>\n<p>[\/et_pb_text][\/et_pb_column][\/et_pb_row][\/et_pb_section][et_pb_section fb_built=\u00a0\u00bb1&Prime; _builder_version=\u00a0\u00bb4.15&Prime; global_colors_info=\u00a0\u00bb{}\u00a0\u00bb][et_pb_row column_structure=\u00a0\u00bb2_5,3_5&Prime; _builder_version=\u00a0\u00bb4.15&Prime; global_colors_info=\u00a0\u00bb{}\u00a0\u00bb][et_pb_column type=\u00a0\u00bb2_5&Prime; _builder_version=\u00a0\u00bb4.15&Prime; global_colors_info=\u00a0\u00bb{}\u00a0\u00bb][et_pb_gallery gallery_ids=\u00a0\u00bb340&Prime; show_title_and_caption=\u00a0\u00bboff\u00a0\u00bb _builder_version=\u00a0\u00bb4.15.1&Prime; global_colors_info=\u00a0\u00bb{}\u00a0\u00bb][\/et_pb_gallery][et_pb_image src=\u00a0\u00bbhttps:\/\/occhio-instruments.com\/wp-content\/uploads\/2021\/01\/occhio-morpho-3d-taille-forme-particule.jpg\u00a0\u00bb alt=\u00a0\u00bbMorpho 3D &#8211; Analyse de taille, forme et couleur de particules\u00a0\u00bb title_text=\u00a0\u00bbMorpho 3D &#8211; Analyse de taille, forme et couleur de particules\u00a0\u00bb _builder_version=\u00a0\u00bb4.15.1&Prime; global_colors_info=\u00a0\u00bb{}\u00a0\u00bb][\/et_pb_image][\/et_pb_column][et_pb_column type=\u00a0\u00bb3_5&Prime; _builder_version=\u00a0\u00bb4.15&Prime; global_colors_info=\u00a0\u00bb{}\u00a0\u00bb][et_pb_text _builder_version=\u00a0\u00bb4.15.1&Prime; global_colors_info=\u00a0\u00bb{}\u00a0\u00bb]<\/p>\n<h1 style=\"text-align: justify;\">Morpho 3D, analyse de la taille, forme et couleur de particules<\/h1>\n<p style=\"text-align: justify;\">L&rsquo;<a href=\"https:\/\/occhio-instruments.com\/fr\/instruments\/\">instrument de laboratoire<\/a> Morpho 3D mesure la <strong>taille<\/strong>, la <strong>forme<\/strong> et de la <strong>couleur<\/strong> de particules<a href=\"https:\/\/occhio-instruments.com\/fr\/analyse-granulometrique\/analyse-image\/\"><strong> par l&rsquo;analyse d&rsquo;image<\/strong><\/a> avec la <strong>mesure pr\u00e9cise de la troisi\u00e8me dimension<\/strong>. Pour des \u00e9chantillons <a href=\"https:\/\/occhio-instruments.com\/fr\/instruments\/nos-produits\/dispersion-voie-seche\/\"><strong>secs<\/strong><\/a>. Syst\u00e8me de dispersion par <strong>vibration<\/strong> et bande transporteuse.<\/p>\n<h3 style=\"text-align: justify;\">Principe de fonctionnement du Morpho 3D pour la caract\u00e9risation de particules<\/h3>\n<p style=\"text-align: justify;\">Morpho 3D permet de mesurer avec pr\u00e9cision la\u00a0<strong>vraie \u00e9paisseur des particules<\/strong> en utilisant<strong> deux cam\u00e9ras synchronis\u00e9es<\/strong>, avec la m\u00eame magnification.<\/p>\n<p style=\"text-align: justify;\">La cam\u00e9ra du haut \u00e9value la <strong>taille,<\/strong> la <strong>forme<\/strong> et la <strong>couleur<\/strong> de chaque particule. Simultan\u00e9ment, la cam\u00e9ra lat\u00e9rale\u00a0\u00e9value le <strong>profil<\/strong> des particules. Un puissant algorithme, qui utilise les 2 images, g\u00e9n\u00e8re la particule en trois dimensions, ce qui permet de donner des <strong>distributions de taille<\/strong> selon\u00a0les trois axes: largeur, longueur\u00a0et hauteur.<\/p>\n<h2 style=\"text-align: justify;\"><strong>Avec Occhio Morpho 3D, vous pouvez mesurer :<\/strong><\/h2>\n<ul style=\"text-align: justify;\">\n<li>La taille des particules<\/li>\n<li>De vraies particules 3D (largeur, longueur et \u00e9paisseur de particules)<\/li>\n<li>La forme des particules<\/li>\n<li>La couleur des particules<\/li>\n<\/ul>\n<h2 style=\"text-align: justify;\"><strong>Logiciel associ\u00e9 pour l&rsquo;analyse d&rsquo;image<\/strong><\/h2>\n<p style=\"text-align: justify;\">Les donn\u00e9es et les images de chaque particule sont stock\u00e9es dans une<strong> base de donn\u00e9es binaire propre \u00e0 Occhio<\/strong>. L\u2019instrument est pilot\u00e9\u00a0par le logiciel <strong><a href=\"https:\/\/occhio-instruments.com\/fr\/instruments\/nos-produits\/logiciels\/callisto-3d\/\">Callisto 3D<\/a>,<\/strong> qui contr\u00f4le l&rsquo;enti\u00e8ret\u00e9\u00a0de\u00a0l\u2019analyse: m\u00e9thodes, statistiques, reporting et sauvegarde de donn\u00e9es.<\/p>\n<h2 style=\"text-align: justify;\"><strong>Caract\u00e9ristiques principales<\/strong><\/h2>\n<table class=\"mainfeatures\" border=\"0\" cellspacing=\"0\" cellpadding=\"0\">\n<tbody>\n<tr>\n<td><strong>Taille de particules\u00a0<\/strong><\/td>\n<td>\u00a0De 500\u00b5m \u00e0 10mm<\/td>\n<\/tr>\n<tr>\n<td><strong>Dispersion<\/strong><\/td>\n<td>\u00a0Vibration et bande transporteuse<\/td>\n<\/tr>\n<\/tbody>\n<\/table>\n<p>[\/et_pb_text][\/et_pb_column][\/et_pb_row][\/et_pb_section][et_pb_section fb_built=\u00a0\u00bb1&Prime; module_id=\u00a0\u00bbcta-bottom\u00a0\u00bb _builder_version=\u00a0\u00bb4.4.3&Prime; background_color=\u00a0\u00bb#51595D\u00a0\u00bb custom_padding=\u00a0\u00bb30px||30px||false|false\u00a0\u00bb global_module=\u00a0\u00bb89&Prime; saved_tabs=\u00a0\u00bball\u00a0\u00bb global_colors_info=\u00a0\u00bb{}\u00a0\u00bb][et_pb_row column_structure=\u00a0\u00bb2_3,1_3&Prime; _builder_version=\u00a0\u00bb4.15&Prime; global_colors_info=\u00a0\u00bb{}\u00a0\u00bb][et_pb_column type=\u00a0\u00bb2_3&Prime; _builder_version=\u00a0\u00bb4.15&Prime; global_colors_info=\u00a0\u00bb{}\u00a0\u00bb][et_pb_text _builder_version=\u00a0\u00bb4.15&Prime; text_text_color=\u00a0\u00bb#ffffff\u00a0\u00bb header_text_color=\u00a0\u00bb#ffffff\u00a0\u00bb global_colors_info=\u00a0\u00bb{}\u00a0\u00bb]<\/p>\n<h2>Vous souhaitez recevoir plus d&rsquo;infos ?<br \/><strong>Contactez-nous !<\/strong><\/h2>\n<p>[\/et_pb_text][\/et_pb_column][et_pb_column type=\u00a0\u00bb1_3&Prime; _builder_version=\u00a0\u00bb4.15&Prime; global_colors_info=\u00a0\u00bb{}\u00a0\u00bb][et_pb_button button_url=\u00a0\u00bb\/fr\/contact\/\u00a0\u00bb button_text=\u00a0\u00bbContactez-nous !\u00a0\u00bb _builder_version=\u00a0\u00bb4.4.3&Prime; global_colors_info=\u00a0\u00bb{}\u00a0\u00bb][\/et_pb_button][\/et_pb_column][\/et_pb_row][\/et_pb_section]<\/p>\n","protected":false},"excerpt":{"rendered":"<p>Morpho 3DMorpho 3D, analyse de la taille, forme et couleur de particules L&rsquo;instrument de laboratoire Morpho 3D mesure la taille, la forme et de la couleur de particules par l&rsquo;analyse d&rsquo;image avec la mesure pr\u00e9cise de la troisi\u00e8me dimension. Pour des \u00e9chantillons secs. Syst\u00e8me de dispersion par vibration et bande transporteuse. Principe de fonctionnement du [&hellip;]<\/p>\n","protected":false},"author":1,"featured_media":0,"parent":2161,"menu_order":0,"comment_status":"closed","ping_status":"closed","template":"","meta":{"_et_pb_use_builder":"on","_et_pb_old_content":"","_et_gb_content_width":"","footnotes":""},"yoast_head":"<!-- This site is optimized with the Yoast SEO plugin v22.9 - https:\/\/yoast.com\/wordpress\/plugins\/seo\/ -->\n<title>Mesure de particules par analyse d&#039;image 3D - Morpho 3D Occhio<\/title>\n<meta name=\"description\" content=\"Analyse de la taille, forme et couleur de particules par l&#039;analyse d&#039;image en trois dimensions avec le Morpho 3D. Analyse d&#039;image par Occhio.\" \/>\n<meta name=\"robots\" content=\"index, follow, max-snippet:-1, max-image-preview:large, max-video-preview:-1\" \/>\n<link rel=\"canonical\" href=\"https:\/\/occhio-instruments.com\/fr\/instruments\/nos-produits\/dispersion-voie-seche\/morpho-3d\/\" \/>\n<meta property=\"og:locale\" content=\"fr_FR\" \/>\n<meta property=\"og:type\" content=\"article\" \/>\n<meta property=\"og:title\" content=\"Mesure de particules par analyse d&#039;image 3D - Morpho 3D Occhio\" \/>\n<meta property=\"og:description\" content=\"Analyse de la taille, forme et couleur de particules par l&#039;analyse d&#039;image en trois dimensions avec le Morpho 3D. Analyse d&#039;image par Occhio.\" \/>\n<meta property=\"og:url\" content=\"https:\/\/occhio-instruments.com\/fr\/instruments\/nos-produits\/dispersion-voie-seche\/morpho-3d\/\" \/>\n<meta property=\"og:site_name\" content=\"Occhio\" \/>\n<meta property=\"article:modified_time\" content=\"2023-09-12T14:18:17+00:00\" \/>\n<meta property=\"og:image\" content=\"https:\/\/occhio-instruments.com\/wp-content\/uploads\/2021\/12\/occhio-instruments.jpg\" \/>\n\t<meta property=\"og:image:width\" content=\"1200\" \/>\n\t<meta property=\"og:image:height\" content=\"630\" \/>\n\t<meta property=\"og:image:type\" content=\"image\/jpeg\" \/>\n<meta name=\"twitter:card\" content=\"summary_large_image\" \/>\n<meta name=\"twitter:label1\" content=\"Dur\u00e9e de lecture estim\u00e9e\" \/>\n\t<meta name=\"twitter:data1\" content=\"2 minutes\" \/>\n<script type=\"application\/ld+json\" class=\"yoast-schema-graph\">{\"@context\":\"https:\/\/schema.org\",\"@graph\":[{\"@type\":\"WebPage\",\"@id\":\"https:\/\/occhio-instruments.com\/fr\/instruments\/nos-produits\/dispersion-voie-seche\/morpho-3d\/\",\"url\":\"https:\/\/occhio-instruments.com\/fr\/instruments\/nos-produits\/dispersion-voie-seche\/morpho-3d\/\",\"name\":\"Mesure de particules par analyse d'image 3D - Morpho 3D Occhio\",\"isPartOf\":{\"@id\":\"https:\/\/occhio-instruments.com\/#website\"},\"datePublished\":\"2020-06-16T09:02:03+00:00\",\"dateModified\":\"2023-09-12T14:18:17+00:00\",\"description\":\"Analyse de la taille, forme et couleur de particules par l'analyse d'image en trois dimensions avec le Morpho 3D. Analyse d'image par Occhio.\",\"breadcrumb\":{\"@id\":\"https:\/\/occhio-instruments.com\/fr\/instruments\/nos-produits\/dispersion-voie-seche\/morpho-3d\/#breadcrumb\"},\"inLanguage\":\"fr-FR\",\"potentialAction\":[{\"@type\":\"ReadAction\",\"target\":[\"https:\/\/occhio-instruments.com\/fr\/instruments\/nos-produits\/dispersion-voie-seche\/morpho-3d\/\"]}]},{\"@type\":\"BreadcrumbList\",\"@id\":\"https:\/\/occhio-instruments.com\/fr\/instruments\/nos-produits\/dispersion-voie-seche\/morpho-3d\/#breadcrumb\",\"itemListElement\":[{\"@type\":\"ListItem\",\"position\":1,\"name\":\"Instruments\",\"item\":\"https:\/\/occhio-instruments.com\/fr\/instruments\/\"},{\"@type\":\"ListItem\",\"position\":2,\"name\":\"Nos produits\",\"item\":\"https:\/\/occhio-instruments.com\/fr\/instruments\/nos-produits\/\"},{\"@type\":\"ListItem\",\"position\":3,\"name\":\"Instruments dispersion en voie s\u00e8che\",\"item\":\"https:\/\/occhio-instruments.com\/fr\/instruments\/nos-produits\/dispersion-voie-seche\/\"},{\"@type\":\"ListItem\",\"position\":4,\"name\":\"Morpho 3D\"}]},{\"@type\":\"WebSite\",\"@id\":\"https:\/\/occhio-instruments.com\/#website\",\"url\":\"https:\/\/occhio-instruments.com\/\",\"name\":\"Occhio\",\"description\":\"Un site utilisant WordPress\",\"potentialAction\":[{\"@type\":\"SearchAction\",\"target\":{\"@type\":\"EntryPoint\",\"urlTemplate\":\"https:\/\/occhio-instruments.com\/?s={search_term_string}\"},\"query-input\":\"required name=search_term_string\"}],\"inLanguage\":\"fr-FR\"}]}<\/script>\n<!-- \/ Yoast SEO plugin. -->","yoast_head_json":{"title":"Mesure de particules par analyse d'image 3D - Morpho 3D Occhio","description":"Analyse de la taille, forme et couleur de particules par l'analyse d'image en trois dimensions avec le Morpho 3D. Analyse d'image par Occhio.","robots":{"index":"index","follow":"follow","max-snippet":"max-snippet:-1","max-image-preview":"max-image-preview:large","max-video-preview":"max-video-preview:-1"},"canonical":"https:\/\/occhio-instruments.com\/fr\/instruments\/nos-produits\/dispersion-voie-seche\/morpho-3d\/","og_locale":"fr_FR","og_type":"article","og_title":"Mesure de particules par analyse d'image 3D - Morpho 3D Occhio","og_description":"Analyse de la taille, forme et couleur de particules par l'analyse d'image en trois dimensions avec le Morpho 3D. Analyse d'image par Occhio.","og_url":"https:\/\/occhio-instruments.com\/fr\/instruments\/nos-produits\/dispersion-voie-seche\/morpho-3d\/","og_site_name":"Occhio","article_modified_time":"2023-09-12T14:18:17+00:00","og_image":[{"width":1200,"height":630,"url":"https:\/\/occhio-instruments.com\/wp-content\/uploads\/2021\/12\/occhio-instruments.jpg","type":"image\/jpeg"}],"twitter_card":"summary_large_image","twitter_misc":{"Dur\u00e9e de lecture estim\u00e9e":"2 minutes"},"schema":{"@context":"https:\/\/schema.org","@graph":[{"@type":"WebPage","@id":"https:\/\/occhio-instruments.com\/fr\/instruments\/nos-produits\/dispersion-voie-seche\/morpho-3d\/","url":"https:\/\/occhio-instruments.com\/fr\/instruments\/nos-produits\/dispersion-voie-seche\/morpho-3d\/","name":"Mesure de particules par analyse d'image 3D - Morpho 3D Occhio","isPartOf":{"@id":"https:\/\/occhio-instruments.com\/#website"},"datePublished":"2020-06-16T09:02:03+00:00","dateModified":"2023-09-12T14:18:17+00:00","description":"Analyse de la taille, forme et couleur de particules par l'analyse d'image en trois dimensions avec le Morpho 3D. Analyse d'image par Occhio.","breadcrumb":{"@id":"https:\/\/occhio-instruments.com\/fr\/instruments\/nos-produits\/dispersion-voie-seche\/morpho-3d\/#breadcrumb"},"inLanguage":"fr-FR","potentialAction":[{"@type":"ReadAction","target":["https:\/\/occhio-instruments.com\/fr\/instruments\/nos-produits\/dispersion-voie-seche\/morpho-3d\/"]}]},{"@type":"BreadcrumbList","@id":"https:\/\/occhio-instruments.com\/fr\/instruments\/nos-produits\/dispersion-voie-seche\/morpho-3d\/#breadcrumb","itemListElement":[{"@type":"ListItem","position":1,"name":"Instruments","item":"https:\/\/occhio-instruments.com\/fr\/instruments\/"},{"@type":"ListItem","position":2,"name":"Nos produits","item":"https:\/\/occhio-instruments.com\/fr\/instruments\/nos-produits\/"},{"@type":"ListItem","position":3,"name":"Instruments dispersion en voie s\u00e8che","item":"https:\/\/occhio-instruments.com\/fr\/instruments\/nos-produits\/dispersion-voie-seche\/"},{"@type":"ListItem","position":4,"name":"Morpho 3D"}]},{"@type":"WebSite","@id":"https:\/\/occhio-instruments.com\/#website","url":"https:\/\/occhio-instruments.com\/","name":"Occhio","description":"Un site utilisant WordPress","potentialAction":[{"@type":"SearchAction","target":{"@type":"EntryPoint","urlTemplate":"https:\/\/occhio-instruments.com\/?s={search_term_string}"},"query-input":"required name=search_term_string"}],"inLanguage":"fr-FR"}]}},"_links":{"self":[{"href":"https:\/\/occhio-instruments.com\/fr\/wp-json\/wp\/v2\/pages\/2225"}],"collection":[{"href":"https:\/\/occhio-instruments.com\/fr\/wp-json\/wp\/v2\/pages"}],"about":[{"href":"https:\/\/occhio-instruments.com\/fr\/wp-json\/wp\/v2\/types\/page"}],"author":[{"embeddable":true,"href":"https:\/\/occhio-instruments.com\/fr\/wp-json\/wp\/v2\/users\/1"}],"replies":[{"embeddable":true,"href":"https:\/\/occhio-instruments.com\/fr\/wp-json\/wp\/v2\/comments?post=2225"}],"version-history":[{"count":12,"href":"https:\/\/occhio-instruments.com\/fr\/wp-json\/wp\/v2\/pages\/2225\/revisions"}],"predecessor-version":[{"id":10556,"href":"https:\/\/occhio-instruments.com\/fr\/wp-json\/wp\/v2\/pages\/2225\/revisions\/10556"}],"up":[{"embeddable":true,"href":"https:\/\/occhio-instruments.com\/fr\/wp-json\/wp\/v2\/pages\/2161"}],"wp:attachment":[{"href":"https:\/\/occhio-instruments.com\/fr\/wp-json\/wp\/v2\/media?parent=2225"}],"curies":[{"name":"wp","href":"https:\/\/api.w.org\/{rel}","templated":true}]}}