{"id":2209,"date":"2020-06-16T10:52:41","date_gmt":"2020-06-16T08:52:41","guid":{"rendered":"https:\/\/occhio-instruments.com\/particle-size-shape-500-nano-xy\/"},"modified":"2023-02-02T10:23:22","modified_gmt":"2023-02-02T09:23:22","slug":"500-nano-xy","status":"publish","type":"page","link":"https:\/\/occhio-instruments.com\/fr\/instruments\/nos-produits\/dispersion-voie-seche\/500-nano-xy\/","title":{"rendered":"500 Nano XY"},"content":{"rendered":"<p>[et_pb_section fb_built=\u00a0\u00bb1&Prime; module_id=\u00a0\u00bbbanner\u00a0\u00bb _builder_version=\u00a0\u00bb4.15&Prime; background_image=\u00a0\u00bbhttps:\/\/occhio-instruments.com\/wp-content\/uploads\/2020\/04\/banner-bg.png\u00a0\u00bb global_colors_info=\u00a0\u00bb{}\u00a0\u00bb][et_pb_row _builder_version=\u00a0\u00bb4.15&Prime; background_size=\u00a0\u00bbinitial\u00a0\u00bb background_position=\u00a0\u00bbtop_left\u00a0\u00bb background_repeat=\u00a0\u00bbrepeat\u00a0\u00bb global_colors_info=\u00a0\u00bb{}\u00a0\u00bb][et_pb_column type=\u00a0\u00bb4_4&Prime; _builder_version=\u00a0\u00bb4.15&Prime; custom_padding=\u00a0\u00bb|||\u00a0\u00bb global_colors_info=\u00a0\u00bb{}\u00a0\u00bb custom_padding__hover=\u00a0\u00bb|||\u00a0\u00bb][et_pb_text _builder_version=\u00a0\u00bb4.15&Prime; global_colors_info=\u00a0\u00bb{}\u00a0\u00bb]<\/p>\n<p style=\"text-align: center;\">500 Nano XY<\/p>\n<p>[\/et_pb_text][\/et_pb_column][\/et_pb_row][\/et_pb_section][et_pb_section fb_built=\u00a0\u00bb1&Prime; _builder_version=\u00a0\u00bb4.15&Prime; global_colors_info=\u00a0\u00bb{}\u00a0\u00bb][et_pb_row column_structure=\u00a0\u00bb2_5,3_5&Prime; _builder_version=\u00a0\u00bb4.15&Prime; global_colors_info=\u00a0\u00bb{}\u00a0\u00bb][et_pb_column type=\u00a0\u00bb2_5&Prime; _builder_version=\u00a0\u00bb4.15&Prime; global_colors_info=\u00a0\u00bb{}\u00a0\u00bb][et_pb_gallery gallery_ids=\u00a0\u00bb298&Prime; show_title_and_caption=\u00a0\u00bboff\u00a0\u00bb _builder_version=\u00a0\u00bb4.15&Prime; global_colors_info=\u00a0\u00bb{}\u00a0\u00bb][\/et_pb_gallery][et_pb_image src=\u00a0\u00bbhttps:\/\/occhio-instruments.com\/wp-content\/uploads\/2021\/01\/occhio-500nanoxy-analyse-particule-taille-forme.jpg\u00a0\u00bb alt=\u00a0\u00bb500 NanoXY &#8211; Mesure de la taille, couleur et morphologie de particules par analyse d&rsquo;image\u00a0\u00bb title_text=\u00a0\u00bb500 NanoXY &#8211; Mesure de la taille, couleur et morphologie de particules par analyse d&rsquo;image\u00a0\u00bb _builder_version=\u00a0\u00bb4.15.1&Prime; global_colors_info=\u00a0\u00bb{}\u00a0\u00bb][\/et_pb_image][\/et_pb_column][et_pb_column type=\u00a0\u00bb3_5&Prime; _builder_version=\u00a0\u00bb4.15&Prime; global_colors_info=\u00a0\u00bb{}\u00a0\u00bb][et_pb_text _builder_version=\u00a0\u00bb4.15.1&Prime; hover_enabled=\u00a0\u00bb0&Prime; global_colors_info=\u00a0\u00bb{}\u00a0\u00bb sticky_enabled=\u00a0\u00bb0&Prime;]<\/p>\n<h1 style=\"text-align: justify;\">500 NanoXY, mesure de la taille, forme et couleur de particules<\/h1>\n<p style=\"text-align: justify;\">Mesure de la <strong>taille<\/strong>, de la <strong>forme<\/strong> et de la <strong>couleur<\/strong> de particules par l&rsquo;<a href=\"https:\/\/occhio-instruments.com\/fr\/analyse-granulometrique\/analyse-image\/\"><strong>analyse d&rsquo;image<\/strong><\/a>. Pour des \u00e9chantillons <strong>secs<\/strong> ou l\u00e9g\u00e8rement <strong>humides<\/strong>, en utilisant un dispositif de dispersion par vide.<\/p>\n<p style=\"text-align: justify;\">Pour des \u00e9chantillons dispers\u00e9s dans un liquide, <strong>suspension et \u00e9mulsion<\/strong>, en utilisant une &lsquo;flowcell&rsquo; et un syst\u00e8me de circulation avec seringue.<\/p>\n<p style=\"text-align: justify;\"><a href=\"https:\/\/www.youtube.com\/watch?v=Egs5IhvoPjo\">D\u00e9couvrez une vid\u00e9o de pr\u00e9sentation de notre instrument de laboratoire 500 NanoXY pour l&rsquo;analyse d&rsquo;\u00e9chantillons secs par analyse d&rsquo;image<\/a><\/p>\n<h3 style=\"text-align: justify;\">Standards ISO et assurance qualit\u00e9:<\/h3>\n<p style=\"text-align: justify;\">Occhio est une entreprise certifi\u00e9e <strong>ISO 9001:2015<\/strong>. Cet instrument ainsi que son <a href=\"https:\/\/occhio-instruments.com\/fr\/instruments\/nos-produits\/logiciels\/\"><strong>logiciel<\/strong> <\/a>sont conformes aux normes ISO 13322-1 et ISO 9276-6.<\/p>\n<h2 style=\"text-align: justify;\">Principe de fonctionnement du 500 NanoXY pour la caract\u00e9risation de particules :<\/h2>\n<p style=\"text-align: justify;\">La solution compl\u00e8te pour l&rsquo;analyse des \u00e9chantillons en voie\u00a0s\u00e8che et en suspension.<\/p>\n<p style=\"text-align: justify;\">Occhio 500nano permet de r\u00e9aliser des<strong> mesures compl\u00e8tes en quelques minutes<\/strong>, c&rsquo;est <strong>le plus<\/strong> <strong>rapide<\/strong> du march\u00e9 gr\u00e2ce \u00e0 sa technologie de prise d&rsquo;image. L&rsquo;\u00e9chantillon est dispers\u00e9 sur une surface bien plus grande par rapport \u00e0 la moyenne des instruments pr\u00e9sent sur le march\u00e9. Il est possible d&rsquo;utiliser un <strong>petit disperseur<\/strong>, si la quantit\u00e9 d&rsquo;\u00e9chantillons disponible est r\u00e9duite, ou un plus <strong>grand<\/strong> <strong>disperseur<\/strong> pour un plus grand volume de produit.<\/p>\n<p style=\"text-align: justify;\">Occhio 500nano est \u00e9quip\u00e9 d&rsquo;un syst\u00e8me &lsquo;<strong>Flowcell<\/strong>&lsquo; avec pompe \u00e0 seringue int\u00e9gr\u00e9, comme un deuxi\u00e8me instrument \u00e0 part enti\u00e8re. Cette option permet<strong> l&rsquo;analyse de suspensions et \u00e9mulsions<\/strong> avec une grande pr\u00e9cision, et surtout la possibilit\u00e9 de cr\u00e9er des m\u00e9thodes d&rsquo;analyse compl\u00e8tement automatis\u00e9es, en voie <strong>s\u00e8che<\/strong> et en voie <strong>liquide.<\/strong><\/p>\n<p style=\"text-align: justify;\">La <strong>cam\u00e9ra haute performance<\/strong>, permet aussi l&rsquo;acquisition d&rsquo;image <strong>couleurs<\/strong>, les \u00e9clairages int\u00e9gr\u00e9s\u00a0dans l&rsquo;instrument permettent\u00a0des analyses en lumi\u00e8re transmise ou\u00a0en lumi\u00e8re r\u00e9fl\u00e9chie. L&rsquo;enti\u00e8ret\u00e9 des param\u00e8tres de contr\u00f4le de l&rsquo;instrument sont inclus dans la m\u00e9thode, ce qui permet un\u00a0r\u00e9glage fin\u00a0pour des analyses avanc\u00e9es en\u00a0toute simplicit\u00e9.<\/p>\n<p style=\"text-align: justify;\"><strong>Cet instrument poss\u00e8de la certification ISO 13322-1.<\/strong><\/p>\n<h2 style=\"text-align: justify;\"><strong>Avec Occhio 500NanoXY, vous pouvez mesurer :<\/strong><\/h2>\n<ul style=\"text-align: justify;\">\n<li>Taille de particules<\/li>\n<li>La forme des particules<\/li>\n<li>La transparence de particules<\/li>\n<li>La couleur de particules (pour le mode en voie s\u00e8che uniquement)<\/li>\n<li>Particules s\u00e8ches<\/li>\n<li>Suspensions liquides et \u00e9mulsions<\/li>\n<\/ul>\n<h2 style=\"text-align: justify;\"><strong>Logiciel associ\u00e9 pour l&rsquo;analyse d&rsquo;image<\/strong><\/h2>\n<p style=\"text-align: justify;\">Les donn\u00e9es et les images de chaque particule sont stock\u00e9es dans une <strong>base de donn\u00e9es binaire propre \u00e0 Occhio<\/strong>. L\u2019instrument est pilot\u00e9\u00a0par le logiciel <strong><a href=\"https:\/\/occhio-instruments.com\/fr\/instruments\/nos-produits\/logiciels\/callisto-3d\/\">Callisto 3D<\/a><\/strong>, qui contr\u00f4le l&rsquo;enti\u00e8ret\u00e9\u00a0de\u00a0l\u2019analyse: m\u00e9thodes, statistiques, reporting et sauvegarde de donn\u00e9es.<\/p>\n<p style=\"text-align: justify;\"><strong>Ce logiciel est approuv\u00e9 et certifi\u00e9 ISO 9276-6<\/strong><\/p>\n<h2 style=\"text-align: justify;\"><strong>Caract\u00e9ristiques principales<\/strong><\/h2>\n<table class=\"mainfeatures\" border=\"0\" cellspacing=\"0\" cellpadding=\"0\">\n<tbody>\n<tr>\n<td><strong>Taille de particules (Poudres s\u00e8ches)<\/strong><\/td>\n<td>De 0.2 \u00b5m \u00e0 300\u00b5m<\/td>\n<\/tr>\n<tr>\n<td><strong>Taille de particules (Suspensions, \u00e9mulsions)\u00a0<\/strong><\/td>\n<td>De 0.8 \u00b5m \u00e0 300\u00b5m<\/td>\n<\/tr>\n<tr>\n<td><strong>R\u00e9tro-\u00e9clairage<\/strong><\/td>\n<td>Int\u00e9gr\u00e9 avec la base<\/td>\n<\/tr>\n<tr>\n<td><strong>Lumi\u00e8re r\u00e9fl\u00e9chie<\/strong><\/td>\n<td>Int\u00e9gr\u00e9 sur l&rsquo;objectif<\/td>\n<\/tr>\n<tr>\n<td><strong>Dispersion \u00e0 sec<\/strong><\/td>\n<td>Cloche de dispersion \u00e0 vide int\u00e9gr\u00e9e<\/td>\n<\/tr>\n<tr>\n<td><strong>Dispersion en liquide<\/strong><\/td>\n<td>Flowcell et seringe<\/td>\n<\/tr>\n<tr>\n<td><strong>Dimension plaque de verre<\/strong><\/td>\n<td>200 x 200 mm<\/td>\n<\/tr>\n<\/tbody>\n<\/table>\n<p style=\"text-align: justify;\"><a class=\"documents\" href=\"\/wp-content\/uploads\/2020\/12\/Occhio-500-Nano-XY-A4.pdf\" target=\"_blank\" rel=\"noopener noreferrer\">Brochure et donn\u00e9es techniques 500nanoXY-DTS-20<\/a><\/p>\n<p>[\/et_pb_text][\/et_pb_column][\/et_pb_row][\/et_pb_section][et_pb_section fb_built=\u00a0\u00bb1&Prime; module_id=\u00a0\u00bbcta-bottom\u00a0\u00bb _builder_version=\u00a0\u00bb4.4.3&Prime; background_color=\u00a0\u00bb#51595D\u00a0\u00bb custom_padding=\u00a0\u00bb30px||30px||false|false\u00a0\u00bb global_module=\u00a0\u00bb89&Prime; saved_tabs=\u00a0\u00bball\u00a0\u00bb global_colors_info=\u00a0\u00bb{}\u00a0\u00bb][et_pb_row column_structure=\u00a0\u00bb2_3,1_3&Prime; _builder_version=\u00a0\u00bb4.15&Prime; global_colors_info=\u00a0\u00bb{}\u00a0\u00bb][et_pb_column type=\u00a0\u00bb2_3&Prime; _builder_version=\u00a0\u00bb4.15&Prime; global_colors_info=\u00a0\u00bb{}\u00a0\u00bb][et_pb_text _builder_version=\u00a0\u00bb4.15&Prime; text_text_color=\u00a0\u00bb#ffffff\u00a0\u00bb header_text_color=\u00a0\u00bb#ffffff\u00a0\u00bb global_colors_info=\u00a0\u00bb{}\u00a0\u00bb]<\/p>\n<h2>Vous souhaitez recevoir plus d&rsquo;infos ?<br \/><strong>Contactez-nous !<\/strong><\/h2>\n<p>[\/et_pb_text][\/et_pb_column][et_pb_column type=\u00a0\u00bb1_3&Prime; _builder_version=\u00a0\u00bb4.15&Prime; global_colors_info=\u00a0\u00bb{}\u00a0\u00bb][et_pb_button button_url=\u00a0\u00bb\/fr\/contact\/\u00a0\u00bb button_text=\u00a0\u00bbContactez-nous !\u00a0\u00bb _builder_version=\u00a0\u00bb4.4.3&Prime; global_colors_info=\u00a0\u00bb{}\u00a0\u00bb][\/et_pb_button][\/et_pb_column][\/et_pb_row][\/et_pb_section]<\/p>\n","protected":false},"excerpt":{"rendered":"<p>500 Nano XY500 NanoXY, mesure de la taille, forme et couleur de particules Mesure de la taille, de la forme et de la couleur de particules par l&rsquo;analyse d&rsquo;image. Pour des \u00e9chantillons secs ou l\u00e9g\u00e8rement humides, en utilisant un dispositif de dispersion par vide. Pour des \u00e9chantillons dispers\u00e9s dans un liquide, suspension et \u00e9mulsion, en [&hellip;]<\/p>\n","protected":false},"author":1,"featured_media":0,"parent":2161,"menu_order":0,"comment_status":"closed","ping_status":"closed","template":"","meta":{"_et_pb_use_builder":"on","_et_pb_old_content":"","_et_gb_content_width":"","footnotes":""},"yoast_head":"<!-- This site is optimized with the Yoast SEO plugin v22.9 - https:\/\/yoast.com\/wordpress\/plugins\/seo\/ -->\n<title>Analyse granulom\u00e9trique - Voie s\u00e8che et humide - 500 nanoXY<\/title>\n<meta name=\"description\" content=\"Analyse de taille, morphologique et de couleur de particules - 500nanoXY par Occhio. Analyse granulom\u00e9trique par analyse d&#039;image avec Occhio.\" \/>\n<meta name=\"robots\" content=\"index, follow, max-snippet:-1, max-image-preview:large, max-video-preview:-1\" \/>\n<link rel=\"canonical\" href=\"https:\/\/occhio-instruments.com\/fr\/instruments\/nos-produits\/dispersion-voie-seche\/500-nano-xy\/\" \/>\n<meta property=\"og:locale\" content=\"fr_FR\" \/>\n<meta property=\"og:type\" content=\"article\" \/>\n<meta property=\"og:title\" content=\"Analyse granulom\u00e9trique - Voie s\u00e8che et humide - 500 nanoXY\" \/>\n<meta property=\"og:description\" content=\"Analyse de taille, morphologique et de couleur de particules - 500nanoXY par Occhio. Analyse granulom\u00e9trique par analyse d&#039;image avec Occhio.\" \/>\n<meta property=\"og:url\" content=\"https:\/\/occhio-instruments.com\/fr\/instruments\/nos-produits\/dispersion-voie-seche\/500-nano-xy\/\" \/>\n<meta property=\"og:site_name\" content=\"Occhio\" \/>\n<meta property=\"article:modified_time\" content=\"2023-02-02T09:23:22+00:00\" \/>\n<meta property=\"og:image\" content=\"https:\/\/occhio-instruments.com\/wp-content\/uploads\/2021\/12\/occhio-instruments.jpg\" \/>\n\t<meta property=\"og:image:width\" content=\"1200\" \/>\n\t<meta property=\"og:image:height\" content=\"630\" \/>\n\t<meta property=\"og:image:type\" content=\"image\/jpeg\" \/>\n<meta name=\"twitter:card\" content=\"summary_large_image\" \/>\n<meta name=\"twitter:label1\" content=\"Dur\u00e9e de lecture estim\u00e9e\" \/>\n\t<meta name=\"twitter:data1\" content=\"3 minutes\" \/>\n<script type=\"application\/ld+json\" class=\"yoast-schema-graph\">{\"@context\":\"https:\/\/schema.org\",\"@graph\":[{\"@type\":\"WebPage\",\"@id\":\"https:\/\/occhio-instruments.com\/fr\/instruments\/nos-produits\/dispersion-voie-seche\/500-nano-xy\/\",\"url\":\"https:\/\/occhio-instruments.com\/fr\/instruments\/nos-produits\/dispersion-voie-seche\/500-nano-xy\/\",\"name\":\"Analyse granulom\u00e9trique - Voie s\u00e8che et humide - 500 nanoXY\",\"isPartOf\":{\"@id\":\"https:\/\/occhio-instruments.com\/#website\"},\"datePublished\":\"2020-06-16T08:52:41+00:00\",\"dateModified\":\"2023-02-02T09:23:22+00:00\",\"description\":\"Analyse de taille, morphologique et de couleur de particules - 500nanoXY par Occhio. Analyse granulom\u00e9trique par analyse d'image avec Occhio.\",\"breadcrumb\":{\"@id\":\"https:\/\/occhio-instruments.com\/fr\/instruments\/nos-produits\/dispersion-voie-seche\/500-nano-xy\/#breadcrumb\"},\"inLanguage\":\"fr-FR\",\"potentialAction\":[{\"@type\":\"ReadAction\",\"target\":[\"https:\/\/occhio-instruments.com\/fr\/instruments\/nos-produits\/dispersion-voie-seche\/500-nano-xy\/\"]}]},{\"@type\":\"BreadcrumbList\",\"@id\":\"https:\/\/occhio-instruments.com\/fr\/instruments\/nos-produits\/dispersion-voie-seche\/500-nano-xy\/#breadcrumb\",\"itemListElement\":[{\"@type\":\"ListItem\",\"position\":1,\"name\":\"Instruments\",\"item\":\"https:\/\/occhio-instruments.com\/fr\/instruments\/\"},{\"@type\":\"ListItem\",\"position\":2,\"name\":\"Nos produits\",\"item\":\"https:\/\/occhio-instruments.com\/fr\/instruments\/nos-produits\/\"},{\"@type\":\"ListItem\",\"position\":3,\"name\":\"Instruments dispersion en voie s\u00e8che\",\"item\":\"https:\/\/occhio-instruments.com\/fr\/instruments\/nos-produits\/dispersion-voie-seche\/\"},{\"@type\":\"ListItem\",\"position\":4,\"name\":\"500 Nano XY\"}]},{\"@type\":\"WebSite\",\"@id\":\"https:\/\/occhio-instruments.com\/#website\",\"url\":\"https:\/\/occhio-instruments.com\/\",\"name\":\"Occhio\",\"description\":\"Un site utilisant WordPress\",\"potentialAction\":[{\"@type\":\"SearchAction\",\"target\":{\"@type\":\"EntryPoint\",\"urlTemplate\":\"https:\/\/occhio-instruments.com\/?s={search_term_string}\"},\"query-input\":\"required name=search_term_string\"}],\"inLanguage\":\"fr-FR\"}]}<\/script>\n<!-- \/ Yoast SEO plugin. -->","yoast_head_json":{"title":"Analyse granulom\u00e9trique - Voie s\u00e8che et humide - 500 nanoXY","description":"Analyse de taille, morphologique et de couleur de particules - 500nanoXY par Occhio. Analyse granulom\u00e9trique par analyse d'image avec Occhio.","robots":{"index":"index","follow":"follow","max-snippet":"max-snippet:-1","max-image-preview":"max-image-preview:large","max-video-preview":"max-video-preview:-1"},"canonical":"https:\/\/occhio-instruments.com\/fr\/instruments\/nos-produits\/dispersion-voie-seche\/500-nano-xy\/","og_locale":"fr_FR","og_type":"article","og_title":"Analyse granulom\u00e9trique - Voie s\u00e8che et humide - 500 nanoXY","og_description":"Analyse de taille, morphologique et de couleur de particules - 500nanoXY par Occhio. Analyse granulom\u00e9trique par analyse d'image avec Occhio.","og_url":"https:\/\/occhio-instruments.com\/fr\/instruments\/nos-produits\/dispersion-voie-seche\/500-nano-xy\/","og_site_name":"Occhio","article_modified_time":"2023-02-02T09:23:22+00:00","og_image":[{"width":1200,"height":630,"url":"https:\/\/occhio-instruments.com\/wp-content\/uploads\/2021\/12\/occhio-instruments.jpg","type":"image\/jpeg"}],"twitter_card":"summary_large_image","twitter_misc":{"Dur\u00e9e de lecture estim\u00e9e":"3 minutes"},"schema":{"@context":"https:\/\/schema.org","@graph":[{"@type":"WebPage","@id":"https:\/\/occhio-instruments.com\/fr\/instruments\/nos-produits\/dispersion-voie-seche\/500-nano-xy\/","url":"https:\/\/occhio-instruments.com\/fr\/instruments\/nos-produits\/dispersion-voie-seche\/500-nano-xy\/","name":"Analyse granulom\u00e9trique - Voie s\u00e8che et humide - 500 nanoXY","isPartOf":{"@id":"https:\/\/occhio-instruments.com\/#website"},"datePublished":"2020-06-16T08:52:41+00:00","dateModified":"2023-02-02T09:23:22+00:00","description":"Analyse de taille, morphologique et de couleur de particules - 500nanoXY par Occhio. Analyse granulom\u00e9trique par analyse d'image avec Occhio.","breadcrumb":{"@id":"https:\/\/occhio-instruments.com\/fr\/instruments\/nos-produits\/dispersion-voie-seche\/500-nano-xy\/#breadcrumb"},"inLanguage":"fr-FR","potentialAction":[{"@type":"ReadAction","target":["https:\/\/occhio-instruments.com\/fr\/instruments\/nos-produits\/dispersion-voie-seche\/500-nano-xy\/"]}]},{"@type":"BreadcrumbList","@id":"https:\/\/occhio-instruments.com\/fr\/instruments\/nos-produits\/dispersion-voie-seche\/500-nano-xy\/#breadcrumb","itemListElement":[{"@type":"ListItem","position":1,"name":"Instruments","item":"https:\/\/occhio-instruments.com\/fr\/instruments\/"},{"@type":"ListItem","position":2,"name":"Nos produits","item":"https:\/\/occhio-instruments.com\/fr\/instruments\/nos-produits\/"},{"@type":"ListItem","position":3,"name":"Instruments dispersion en voie s\u00e8che","item":"https:\/\/occhio-instruments.com\/fr\/instruments\/nos-produits\/dispersion-voie-seche\/"},{"@type":"ListItem","position":4,"name":"500 Nano XY"}]},{"@type":"WebSite","@id":"https:\/\/occhio-instruments.com\/#website","url":"https:\/\/occhio-instruments.com\/","name":"Occhio","description":"Un site utilisant WordPress","potentialAction":[{"@type":"SearchAction","target":{"@type":"EntryPoint","urlTemplate":"https:\/\/occhio-instruments.com\/?s={search_term_string}"},"query-input":"required name=search_term_string"}],"inLanguage":"fr-FR"}]}},"_links":{"self":[{"href":"https:\/\/occhio-instruments.com\/fr\/wp-json\/wp\/v2\/pages\/2209"}],"collection":[{"href":"https:\/\/occhio-instruments.com\/fr\/wp-json\/wp\/v2\/pages"}],"about":[{"href":"https:\/\/occhio-instruments.com\/fr\/wp-json\/wp\/v2\/types\/page"}],"author":[{"embeddable":true,"href":"https:\/\/occhio-instruments.com\/fr\/wp-json\/wp\/v2\/users\/1"}],"replies":[{"embeddable":true,"href":"https:\/\/occhio-instruments.com\/fr\/wp-json\/wp\/v2\/comments?post=2209"}],"version-history":[{"count":15,"href":"https:\/\/occhio-instruments.com\/fr\/wp-json\/wp\/v2\/pages\/2209\/revisions"}],"predecessor-version":[{"id":9431,"href":"https:\/\/occhio-instruments.com\/fr\/wp-json\/wp\/v2\/pages\/2209\/revisions\/9431"}],"up":[{"embeddable":true,"href":"https:\/\/occhio-instruments.com\/fr\/wp-json\/wp\/v2\/pages\/2161"}],"wp:attachment":[{"href":"https:\/\/occhio-instruments.com\/fr\/wp-json\/wp\/v2\/media?parent=2209"}],"curies":[{"name":"wp","href":"https:\/\/api.w.org\/{rel}","templated":true}]}}